{"id":1108,"date":"2019-05-22T14:29:09","date_gmt":"2019-05-23T00:29:09","guid":{"rendered":"http:\/\/ehooululahui.maui.hawaii.edu\/?page_id=1108"},"modified":"2019-09-05T14:17:00","modified_gmt":"2019-09-06T00:17:00","slug":"pepeke-he-ka-ko","status":"publish","type":"page","link":"https:\/\/ehooululahui.maui.hawaii.edu\/?page_id=1108","title":{"rendered":"Pepeke He &#8230; k\u0101\/ko"},"content":{"rendered":"<style type=\"text\/css\"> \n#cmsmasters_row_69fb761ce5604 .cmsmasters_row_outer_parent { \n\tpadding-top: 30px; \n} \n\n#cmsmasters_row_69fb761ce5604 .cmsmasters_row_outer_parent { \n\tpadding-bottom: 0px; \n} \n\n \n#cmsmasters_row_69fb761ce7e90 .cmsmasters_row_outer_parent { \n\tpadding-top: 0px; \n} \n\n#cmsmasters_row_69fb761ce7e90 .cmsmasters_row_outer_parent { \n\tpadding-bottom: 0px; \n} \n\n \n#cmsmasters_heading_69fb761ce805b { \n\ttext-align:left; \n\tmargin-top:15px; \n\tmargin-bottom:10px; \n} \n\n#cmsmasters_heading_69fb761ce805b .cmsmasters_heading { \n\ttext-align:left; \n\tmargin-right:1em; \n} \n\n#cmsmasters_heading_69fb761ce805b .cmsmasters_heading, #cmsmasters_heading_69fb761ce805b .cmsmasters_heading a { \n\tfont-weight:bold; \n\tfont-style:normal; \n} \n\n#cmsmasters_heading_69fb761ce805b .cmsmasters_heading_divider { \n\tborder-bottom-width:11px; \n\tborder-bottom-style:solid; \n\tborder-bottom-color:#e05228;\n\tmargin-top:-6px; \n} \n\n \n#cmsmasters_row_69fb761ce8147 .cmsmasters_row_outer_parent { \n\tpadding-top: 0px; \n} \n\n#cmsmasters_row_69fb761ce8147 .cmsmasters_row_outer_parent { \n\tpadding-bottom: 30px; \n} \n\n \n#cmsmasters_row_69fb761ce8744 .cmsmasters_row_outer_parent { \n\tpadding-top: 0px; \n} \n\n#cmsmasters_row_69fb761ce8744 .cmsmasters_row_outer_parent { \n\tpadding-bottom: 50px; \n} \n\n \n#cmsmasters_heading_69fb761ce8939 { \n\ttext-align:left; \n\tmargin-top:15px; \n\tmargin-bottom:10px; \n} \n\n#cmsmasters_heading_69fb761ce8939 .cmsmasters_heading { \n\ttext-align:left; \n\tmargin-right:1em; \n} \n\n#cmsmasters_heading_69fb761ce8939 .cmsmasters_heading, #cmsmasters_heading_69fb761ce8939 .cmsmasters_heading a { \n\tfont-weight:bold; \n\tfont-style:normal; \n} \n\n#cmsmasters_heading_69fb761ce8939 .cmsmasters_heading_divider { \n\tborder-bottom-width:11px; \n\tborder-bottom-style:solid; \n\tborder-bottom-color:#e05228;\n\tmargin-top:-6px; \n} \n\n \n#cmsmasters_heading_69fb761ce89ab { \n\ttext-align:center; \n\tmargin-top:0px; \n\tmargin-bottom:20px; \n} \n\n#cmsmasters_heading_69fb761ce89ab .cmsmasters_heading { \n\ttext-align:center; \n} \n\n#cmsmasters_heading_69fb761ce89ab .cmsmasters_heading, #cmsmasters_heading_69fb761ce89ab .cmsmasters_heading a { \n\tfont-weight:normal; \n\tfont-style:normal; \n} \n\n#cmsmasters_heading_69fb761ce89ab .cmsmasters_heading_divider { \n} \n\n \n#cmsmasters_row_69fb761ce8b35 .cmsmasters_row_outer_parent { \n\tpadding-top: 0px; \n} \n\n#cmsmasters_row_69fb761ce8b35 .cmsmasters_row_outer_parent { \n\tpadding-bottom: 50px; \n} \n\n \n#cmsmasters_heading_69fb761ce8c58 { \n\ttext-align:left; \n\tmargin-top:15px; \n\tmargin-bottom:10px; \n} \n\n#cmsmasters_heading_69fb761ce8c58 .cmsmasters_heading { \n\ttext-align:left; \n\tmargin-right:1em; \n} \n\n#cmsmasters_heading_69fb761ce8c58 .cmsmasters_heading, #cmsmasters_heading_69fb761ce8c58 .cmsmasters_heading a { \n\tfont-weight:bold; \n\tfont-style:normal; \n} \n\n#cmsmasters_heading_69fb761ce8c58 .cmsmasters_heading_divider { \n\tborder-bottom-width:11px; \n\tborder-bottom-style:solid; \n\tborder-bottom-color:#e05228;\n\tmargin-top:-6px; \n} \n\n \n#cmsmasters_row_69fb761ce8d15 .cmsmasters_row_outer_parent { \n\tpadding-top: 0px; \n} \n\n#cmsmasters_row_69fb761ce8d15 .cmsmasters_row_outer_parent { \n\tpadding-bottom: 50px; \n} \n\n \n#cmsmasters_heading_69fb761ce8e05 { \n\ttext-align:left; \n\tmargin-top:15px; \n\tmargin-bottom:10px; \n} \n\n#cmsmasters_heading_69fb761ce8e05 .cmsmasters_heading { \n\ttext-align:left; \n\tmargin-right:1em; \n} \n\n#cmsmasters_heading_69fb761ce8e05 .cmsmasters_heading, #cmsmasters_heading_69fb761ce8e05 .cmsmasters_heading a { \n\tfont-weight:bold; \n\tfont-style:normal; \n} \n\n#cmsmasters_heading_69fb761ce8e05 .cmsmasters_heading_divider { \n\tborder-bottom-width:11px; \n\tborder-bottom-style:solid; \n\tborder-bottom-color:#e05228;\n\tmargin-top:-6px; \n} \n\n \n#cmsmasters_row_69fb761ce8eb5 .cmsmasters_row_outer_parent { \n\tpadding-top: 0px; \n} \n\n#cmsmasters_row_69fb761ce8eb5 .cmsmasters_row_outer_parent { \n\tpadding-bottom: 50px; \n} \n\n<\/style><div id=\"cmsmasters_row_69fb761ce5604\" class=\"cmsmasters_row cmsmasters_color_scheme_default cmsmasters_row_top_default cmsmasters_row_bot_default cmsmasters_row_boxed\">\n<div class=\"cmsmasters_row_outer_parent\">\n<div class=\"cmsmasters_row_outer\">\n<div class=\"cmsmasters_row_inner\">\n<div class=\"cmsmasters_row_margin\">\n<div class=\"cmsmasters_column one_fourth\">\n<\/div>\n<div class=\"cmsmasters_column one_half\">\n<div class=\"cmsmasters_embed_wrap\">\n<iframe title=\"\u02bb\u014clelo Hawai\u02bbi Guidlines: \u02bbAike He (Possessive)\" width=\"500\" height=\"281\" src=\"https:\/\/www.youtube.com\/embed\/HgY4mS1SX6Y?feature=oembed\" frameborder=\"0\" allow=\"accelerometer; autoplay; encrypted-media; gyroscope; picture-in-picture\" allowfullscreen><\/iframe><\/div>\n<\/div>\n<div class=\"cmsmasters_column one_fourth\">\n<\/div>\n<\/div>\n<\/div>\n<\/div>\n<\/div>\n<\/div>\n<div id=\"cmsmasters_row_69fb761ce7e90\" class=\"cmsmasters_row cmsmasters_color_scheme_default cmsmasters_row_top_default cmsmasters_row_bot_default cmsmasters_row_boxed\">\n<div class=\"cmsmasters_row_outer_parent\">\n<div class=\"cmsmasters_row_outer\">\n<div class=\"cmsmasters_row_inner\">\n<div class=\"cmsmasters_row_margin\">\n<div class=\"cmsmasters_column one_first\">\n\n<div id=\"cmsmasters_heading_69fb761ce805b\" class=\"cmsmasters_heading_wrap cmsmasters_heading_align_left cmsmasters_heading_divider_long\">\n\t<h3 class=\"cmsmasters_heading\">No\u02bbeau Warner Guidelines<\/h3>\n<span class=\"cmsmasters_heading_divider_right_wrap\"><span class=\"cmsmasters_heading_divider cmsmasters_heading_divider_right\"><\/span><\/span>\n<\/div>\n<\/div>\n<\/div>\n<\/div>\n<\/div>\n<\/div>\n<\/div>\n<div id=\"cmsmasters_row_69fb761ce8147\" class=\"cmsmasters_row cmsmasters_color_scheme_default cmsmasters_row_top_default cmsmasters_row_bot_default cmsmasters_row_boxed\">\n<div class=\"cmsmasters_row_outer_parent\">\n<div class=\"cmsmasters_row_outer\">\n<div class=\"cmsmasters_row_inner\">\n<div class=\"cmsmasters_row_margin\">\n<div class=\"cmsmasters_column one_half\">\n<div class=\"cmsmasters_text\">\n<p style=\"text-align: right;\"><span style=\"color: #ff0000;\">\u02bbIke loa:<\/span><\/p>\n<p style=\"text-align: right;\"><span style=\"color: #ff0000;\">N\u012bnau:<\/span><\/p>\n<\/div>\n<\/div>\n<div class=\"cmsmasters_column one_half\">\n<div class=\"cmsmasters_text\">\n<p><span style=\"color: #ff0000;\">He kalo ka\u02bbu.<\/span><\/p>\n<p><span style=\"color: #ff0000;\">He aha k\u0101u?<\/span><\/p>\n<\/div>\n<\/div>\n<\/div>\n<\/div>\n<\/div>\n<\/div>\n<\/div>\n<div id=\"cmsmasters_row_69fb761ce8744\" class=\"cmsmasters_row cmsmasters_color_scheme_default cmsmasters_row_top_default cmsmasters_row_bot_default cmsmasters_row_boxed\">\n<div class=\"cmsmasters_row_outer_parent\">\n<div class=\"cmsmasters_row_outer\">\n<div class=\"cmsmasters_row_inner\">\n<div class=\"cmsmasters_row_margin\">\n<div class=\"cmsmasters_column one_first\">\n\n<div id=\"cmsmasters_heading_69fb761ce8939\" class=\"cmsmasters_heading_wrap cmsmasters_heading_align_left cmsmasters_heading_divider_long\">\n\t<h3 class=\"cmsmasters_heading\">Kaleikoa Explanation<\/h3>\n<span class=\"cmsmasters_heading_divider_right_wrap\"><span class=\"cmsmasters_heading_divider cmsmasters_heading_divider_right\"><\/span><\/span>\n<\/div>\n<div id=\"cmsmasters_heading_69fb761ce89ab\" class=\"cmsmasters_heading_wrap cmsmasters_heading_align_center\">\n\t<h3 class=\"cmsmasters_heading\">*He kikino ko\/k\u0101 ABC<\/h3>\n<\/div><div class=\"cmsmasters_text\">\n<p style=\"text-align: center;\">ma kahi paha o ka &#8216; umi o&#8217;u makahiki i k\u0113l\u0101 manawa, he mu&#8217;umu&#8217; u ko K\u016bk\u016b M\u0101..<\/p>\n<\/div>\n<\/div>\n<\/div>\n<\/div>\n<\/div>\n<\/div>\n<\/div>\n<div id=\"cmsmasters_row_69fb761ce8b35\" class=\"cmsmasters_row cmsmasters_color_scheme_default cmsmasters_row_top_default cmsmasters_row_bot_default cmsmasters_row_boxed\">\n<div class=\"cmsmasters_row_outer_parent\">\n<div class=\"cmsmasters_row_outer\">\n<div class=\"cmsmasters_row_inner\">\n<div class=\"cmsmasters_row_margin\">\n<div class=\"cmsmasters_column one_first\">\n\n<div id=\"cmsmasters_heading_69fb761ce8c58\" class=\"cmsmasters_heading_wrap cmsmasters_heading_align_left cmsmasters_heading_divider_long\">\n\t<h3 class=\"cmsmasters_heading\">Examples<\/h3>\n<span class=\"cmsmasters_heading_divider_right_wrap\"><span class=\"cmsmasters_heading_divider cmsmasters_heading_divider_right\"><\/span><\/span>\n<\/div>\n<\/div>\n<\/div>\n<\/div>\n<\/div>\n<\/div>\n<\/div>\n<div id=\"cmsmasters_row_69fb761ce8d15\" class=\"cmsmasters_row cmsmasters_color_scheme_default cmsmasters_row_top_default cmsmasters_row_bot_default cmsmasters_row_boxed\">\n<div class=\"cmsmasters_row_outer_parent\">\n<div class=\"cmsmasters_row_outer\">\n<div class=\"cmsmasters_row_inner\">\n<div class=\"cmsmasters_row_margin\">\n<div class=\"cmsmasters_column one_first\">\n\n<div id=\"cmsmasters_heading_69fb761ce8e05\" class=\"cmsmasters_heading_wrap cmsmasters_heading_align_left cmsmasters_heading_divider_long\">\n\t<h3 class=\"cmsmasters_heading\">Palapala<\/h3>\n<span class=\"cmsmasters_heading_divider_right_wrap\"><span class=\"cmsmasters_heading_divider cmsmasters_heading_divider_right\"><\/span><\/span>\n<\/div>\n<\/div>\n<\/div>\n<\/div>\n<\/div>\n<\/div>\n<\/div>\n<div id=\"cmsmasters_row_69fb761ce8eb5\" class=\"cmsmasters_row cmsmasters_color_scheme_default cmsmasters_row_top_default cmsmasters_row_bot_default cmsmasters_row_boxed\">\n<div class=\"cmsmasters_row_outer_parent\">\n<div class=\"cmsmasters_row_outer\">\n<div class=\"cmsmasters_row_inner\">\n<div class=\"cmsmasters_row_margin\">\n<div class=\"cmsmasters_column one_first\">\n<\/div>\n<\/div>\n<\/div>\n<\/div>\n<\/div>\n<\/div>\n\n","protected":false},"excerpt":{"rendered":"","protected":false},"author":1,"featured_media":0,"parent":1071,"menu_order":0,"comment_status":"closed","ping_status":"closed","template":"","meta":[],"_links":{"self":[{"href":"https:\/\/ehooululahui.maui.hawaii.edu\/index.php?rest_route=\/wp\/v2\/pages\/1108"}],"collection":[{"href":"https:\/\/ehooululahui.maui.hawaii.edu\/index.php?rest_route=\/wp\/v2\/pages"}],"about":[{"href":"https:\/\/ehooululahui.maui.hawaii.edu\/index.php?rest_route=\/wp\/v2\/types\/page"}],"author":[{"embeddable":true,"href":"https:\/\/ehooululahui.maui.hawaii.edu\/index.php?rest_route=\/wp\/v2\/users\/1"}],"replies":[{"embeddable":true,"href":"https:\/\/ehooululahui.maui.hawaii.edu\/index.php?rest_route=%2Fwp%2Fv2%2Fcomments&post=1108"}],"version-history":[{"count":5,"href":"https:\/\/ehooululahui.maui.hawaii.edu\/index.php?rest_route=\/wp\/v2\/pages\/1108\/revisions"}],"predecessor-version":[{"id":1718,"href":"https:\/\/ehooululahui.maui.hawaii.edu\/index.php?rest_route=\/wp\/v2\/pages\/1108\/revisions\/1718"}],"up":[{"embeddable":true,"href":"https:\/\/ehooululahui.maui.hawaii.edu\/index.php?rest_route=\/wp\/v2\/pages\/1071"}],"wp:attachment":[{"href":"https:\/\/ehooululahui.maui.hawaii.edu\/index.php?rest_route=%2Fwp%2Fv2%2Fmedia&parent=1108"}],"curies":[{"name":"wp","href":"https:\/\/api.w.org\/{rel}","templated":true}]}}