{"id":1114,"date":"2019-05-22T14:41:52","date_gmt":"2019-05-23T00:41:52","guid":{"rendered":"http:\/\/ehooululahui.maui.hawaii.edu\/?page_id=1114"},"modified":"2019-09-05T15:01:47","modified_gmt":"2019-09-06T01:01:47","slug":"pepeke-%ca%bba%ca%bbohe-o%ca%bba-papani","status":"publish","type":"page","link":"https:\/\/ehooululahui.maui.hawaii.edu\/?page_id=1114","title":{"rendered":"Pepeke \u02bbA\u02bbohe O\u02bba (PAPANI)"},"content":{"rendered":"<style type=\"text\/css\"> \n#cmsmasters_row_69f8e5378a910 .cmsmasters_row_outer_parent { \n\tpadding-top: 30px; \n} \n\n#cmsmasters_row_69f8e5378a910 .cmsmasters_row_outer_parent { \n\tpadding-bottom: 0px; \n} \n\n \n#cmsmasters_row_69f8e5378e13c .cmsmasters_row_outer_parent { \n\tpadding-top: 0px; \n} \n\n#cmsmasters_row_69f8e5378e13c .cmsmasters_row_outer_parent { \n\tpadding-bottom: 0px; \n} \n\n \n#cmsmasters_heading_69f8e5378e2d4 { \n\ttext-align:left; \n\tmargin-top:15px; \n\tmargin-bottom:10px; \n} \n\n#cmsmasters_heading_69f8e5378e2d4 .cmsmasters_heading { \n\ttext-align:left; \n\tmargin-right:1em; \n} \n\n#cmsmasters_heading_69f8e5378e2d4 .cmsmasters_heading, #cmsmasters_heading_69f8e5378e2d4 .cmsmasters_heading a { \n\tfont-weight:bold; \n\tfont-style:normal; \n} \n\n#cmsmasters_heading_69f8e5378e2d4 .cmsmasters_heading_divider { \n\tborder-bottom-width:11px; \n\tborder-bottom-style:solid; \n\tborder-bottom-color:#e05228;\n\tmargin-top:-6px; \n} \n\n \n#cmsmasters_row_69f8e5378e3d7 .cmsmasters_row_outer_parent { \n\tpadding-top: 0px; \n} \n\n#cmsmasters_row_69f8e5378e3d7 .cmsmasters_row_outer_parent { \n\tpadding-bottom: 30px; \n} \n\n \n#cmsmasters_row_69f8e5378e9ea .cmsmasters_row_outer_parent { \n\tpadding-top: 0px; \n} \n\n#cmsmasters_row_69f8e5378e9ea .cmsmasters_row_outer_parent { \n\tpadding-bottom: 50px; \n} \n\n \n#cmsmasters_heading_69f8e5378eb5b { \n\ttext-align:left; \n\tmargin-top:15px; \n\tmargin-bottom:10px; \n} \n\n#cmsmasters_heading_69f8e5378eb5b .cmsmasters_heading { \n\ttext-align:left; \n\tmargin-right:1em; \n} \n\n#cmsmasters_heading_69f8e5378eb5b .cmsmasters_heading, #cmsmasters_heading_69f8e5378eb5b .cmsmasters_heading a { \n\tfont-weight:bold; \n\tfont-style:normal; \n} \n\n#cmsmasters_heading_69f8e5378eb5b .cmsmasters_heading_divider { \n\tborder-bottom-width:11px; \n\tborder-bottom-style:solid; \n\tborder-bottom-color:#e05228;\n\tmargin-top:-6px; \n} \n\n \n#cmsmasters_row_69f8e5378ec2c .cmsmasters_row_outer_parent { \n\tpadding-top: 0px; \n} \n\n#cmsmasters_row_69f8e5378ec2c .cmsmasters_row_outer_parent { \n\tpadding-bottom: 50px; \n} \n\n \n#cmsmasters_heading_69f8e5378ed48 { \n\ttext-align:left; \n\tmargin-top:15px; \n\tmargin-bottom:10px; \n} \n\n#cmsmasters_heading_69f8e5378ed48 .cmsmasters_heading { \n\ttext-align:left; \n\tmargin-right:1em; \n} \n\n#cmsmasters_heading_69f8e5378ed48 .cmsmasters_heading, #cmsmasters_heading_69f8e5378ed48 .cmsmasters_heading a { \n\tfont-weight:bold; \n\tfont-style:normal; \n} \n\n#cmsmasters_heading_69f8e5378ed48 .cmsmasters_heading_divider { \n\tborder-bottom-width:11px; \n\tborder-bottom-style:solid; \n\tborder-bottom-color:#e05228;\n\tmargin-top:-6px; \n} \n\n \n#cmsmasters_row_69f8e5378ee26 .cmsmasters_row_outer_parent { \n\tpadding-top: 0px; \n} \n\n#cmsmasters_row_69f8e5378ee26 .cmsmasters_row_outer_parent { \n\tpadding-bottom: 50px; \n} \n\n \n#cmsmasters_heading_69f8e5378ef66 { \n\ttext-align:left; \n\tmargin-top:15px; \n\tmargin-bottom:10px; \n} \n\n#cmsmasters_heading_69f8e5378ef66 .cmsmasters_heading { \n\ttext-align:left; \n\tmargin-right:1em; \n} \n\n#cmsmasters_heading_69f8e5378ef66 .cmsmasters_heading, #cmsmasters_heading_69f8e5378ef66 .cmsmasters_heading a { \n\tfont-weight:bold; \n\tfont-style:normal; \n} \n\n#cmsmasters_heading_69f8e5378ef66 .cmsmasters_heading_divider { \n\tborder-bottom-width:11px; \n\tborder-bottom-style:solid; \n\tborder-bottom-color:#e05228;\n\tmargin-top:-6px; \n} \n\n \n#cmsmasters_row_69f8e5378f021 .cmsmasters_row_outer_parent { \n\tpadding-top: 0px; \n} \n\n#cmsmasters_row_69f8e5378f021 .cmsmasters_row_outer_parent { \n\tpadding-bottom: 50px; \n} \n\n<\/style><div id=\"cmsmasters_row_69f8e5378a910\" class=\"cmsmasters_row cmsmasters_color_scheme_default cmsmasters_row_top_default cmsmasters_row_bot_default cmsmasters_row_boxed\">\n<div class=\"cmsmasters_row_outer_parent\">\n<div class=\"cmsmasters_row_outer\">\n<div class=\"cmsmasters_row_inner\">\n<div class=\"cmsmasters_row_margin\">\n<div class=\"cmsmasters_column one_half\">\n<div class=\"cmsmasters_embed_wrap\">\n<iframe title=\"\u02bb\u014clelo Hawai\u02bbi Guidelines: Pepeke Heluna\" width=\"500\" height=\"281\" src=\"https:\/\/www.youtube.com\/embed\/oj0cDGO_VIQ?feature=oembed\" frameborder=\"0\" allow=\"accelerometer; autoplay; encrypted-media; gyroscope; picture-in-picture\" allowfullscreen><\/iframe><\/div>\n<\/div>\n<div class=\"cmsmasters_column one_half\">\n<div class=\"cmsmasters_embed_wrap\">\n<iframe title=\"\u02bb\u014clelo Hawai\u02bbi Guidlines: Pepeke Heluna (cont.)\" width=\"500\" height=\"281\" src=\"https:\/\/www.youtube.com\/embed\/ogKAtRD5hIw?feature=oembed\" frameborder=\"0\" allow=\"accelerometer; autoplay; encrypted-media; gyroscope; picture-in-picture\" allowfullscreen><\/iframe><\/div>\n<\/div>\n<\/div>\n<\/div>\n<\/div>\n<\/div>\n<\/div>\n<div id=\"cmsmasters_row_69f8e5378e13c\" class=\"cmsmasters_row cmsmasters_color_scheme_default cmsmasters_row_top_default cmsmasters_row_bot_default cmsmasters_row_boxed\">\n<div class=\"cmsmasters_row_outer_parent\">\n<div class=\"cmsmasters_row_outer\">\n<div class=\"cmsmasters_row_inner\">\n<div class=\"cmsmasters_row_margin\">\n<div class=\"cmsmasters_column one_first\">\n\n<div id=\"cmsmasters_heading_69f8e5378e2d4\" class=\"cmsmasters_heading_wrap cmsmasters_heading_align_left cmsmasters_heading_divider_long\">\n\t<h3 class=\"cmsmasters_heading\">No\u02bbeau Warner Guidelines<\/h3>\n<span class=\"cmsmasters_heading_divider_right_wrap\"><span class=\"cmsmasters_heading_divider cmsmasters_heading_divider_right\"><\/span><\/span>\n<\/div>\n<\/div>\n<\/div>\n<\/div>\n<\/div>\n<\/div>\n<\/div>\n<div id=\"cmsmasters_row_69f8e5378e3d7\" class=\"cmsmasters_row cmsmasters_color_scheme_default cmsmasters_row_top_default cmsmasters_row_bot_default cmsmasters_row_boxed\">\n<div class=\"cmsmasters_row_outer_parent\">\n<div class=\"cmsmasters_row_outer\">\n<div class=\"cmsmasters_row_inner\">\n<div class=\"cmsmasters_row_margin\">\n<div class=\"cmsmasters_column one_half\">\n<div class=\"cmsmasters_text\">\n<p style=\"text-align: right;\"><span style=\"color: #ff0000;\">H\u014d\u02bbole:<\/span><\/p>\n<p style=\"text-align: right;\"><span style=\"color: #ff0000;\">N\u012bnau:<\/span><\/p>\n<\/div>\n<\/div>\n<div class=\"cmsmasters_column one_half\">\n<div class=\"cmsmasters_text\">\n<p><span style=\"color: #ff0000;\">\u02bbA\u02bbohe o\u02bbu kaikua\u02bbana.<\/span><\/p>\n<p><span style=\"color: #ff0000;\">\u02bbEhia p\u0101pale o k\u0113l\u0101 wahine?<\/span><\/p>\n<\/div>\n<\/div>\n<\/div>\n<\/div>\n<\/div>\n<\/div>\n<\/div>\n<div id=\"cmsmasters_row_69f8e5378e9ea\" class=\"cmsmasters_row cmsmasters_color_scheme_default cmsmasters_row_top_default cmsmasters_row_bot_default cmsmasters_row_boxed\">\n<div class=\"cmsmasters_row_outer_parent\">\n<div class=\"cmsmasters_row_outer\">\n<div class=\"cmsmasters_row_inner\">\n<div class=\"cmsmasters_row_margin\">\n<div class=\"cmsmasters_column one_first\">\n\n<div id=\"cmsmasters_heading_69f8e5378eb5b\" class=\"cmsmasters_heading_wrap cmsmasters_heading_align_left cmsmasters_heading_divider_long\">\n\t<h3 class=\"cmsmasters_heading\">Kaleikoa Explanation<\/h3>\n<span class=\"cmsmasters_heading_divider_right_wrap\"><span class=\"cmsmasters_heading_divider cmsmasters_heading_divider_right\"><\/span><\/span>\n<\/div>\n<\/div>\n<\/div>\n<\/div>\n<\/div>\n<\/div>\n<\/div>\n<div id=\"cmsmasters_row_69f8e5378ec2c\" class=\"cmsmasters_row cmsmasters_color_scheme_default cmsmasters_row_top_default cmsmasters_row_bot_default cmsmasters_row_boxed\">\n<div class=\"cmsmasters_row_outer_parent\">\n<div class=\"cmsmasters_row_outer\">\n<div class=\"cmsmasters_row_inner\">\n<div class=\"cmsmasters_row_margin\">\n<div class=\"cmsmasters_column one_first\">\n\n<div id=\"cmsmasters_heading_69f8e5378ed48\" class=\"cmsmasters_heading_wrap cmsmasters_heading_align_left cmsmasters_heading_divider_long\">\n\t<h3 class=\"cmsmasters_heading\">Examples<\/h3>\n<span class=\"cmsmasters_heading_divider_right_wrap\"><span class=\"cmsmasters_heading_divider cmsmasters_heading_divider_right\"><\/span><\/span>\n<\/div>\n<\/div>\n<\/div>\n<\/div>\n<\/div>\n<\/div>\n<\/div>\n<div id=\"cmsmasters_row_69f8e5378ee26\" class=\"cmsmasters_row cmsmasters_color_scheme_default cmsmasters_row_top_default cmsmasters_row_bot_default cmsmasters_row_boxed\">\n<div class=\"cmsmasters_row_outer_parent\">\n<div class=\"cmsmasters_row_outer\">\n<div class=\"cmsmasters_row_inner\">\n<div class=\"cmsmasters_row_margin\">\n<div class=\"cmsmasters_column one_first\">\n\n<div id=\"cmsmasters_heading_69f8e5378ef66\" class=\"cmsmasters_heading_wrap cmsmasters_heading_align_left cmsmasters_heading_divider_long\">\n\t<h3 class=\"cmsmasters_heading\">Palapala<\/h3>\n<span class=\"cmsmasters_heading_divider_right_wrap\"><span class=\"cmsmasters_heading_divider cmsmasters_heading_divider_right\"><\/span><\/span>\n<\/div>\n<\/div>\n<\/div>\n<\/div>\n<\/div>\n<\/div>\n<\/div>\n<div id=\"cmsmasters_row_69f8e5378f021\" class=\"cmsmasters_row cmsmasters_color_scheme_default cmsmasters_row_top_default cmsmasters_row_bot_default cmsmasters_row_boxed\">\n<div class=\"cmsmasters_row_outer_parent\">\n<div class=\"cmsmasters_row_outer\">\n<div class=\"cmsmasters_row_inner\">\n<div class=\"cmsmasters_row_margin\">\n<div class=\"cmsmasters_column one_first\">\n<\/div>\n<\/div>\n<\/div>\n<\/div>\n<\/div>\n<\/div>\n\n","protected":false},"excerpt":{"rendered":"","protected":false},"author":1,"featured_media":0,"parent":1071,"menu_order":0,"comment_status":"closed","ping_status":"closed","template":"","meta":[],"_links":{"self":[{"href":"https:\/\/ehooululahui.maui.hawaii.edu\/index.php?rest_route=\/wp\/v2\/pages\/1114"}],"collection":[{"href":"https:\/\/ehooululahui.maui.hawaii.edu\/index.php?rest_route=\/wp\/v2\/pages"}],"about":[{"href":"https:\/\/ehooululahui.maui.hawaii.edu\/index.php?rest_route=\/wp\/v2\/types\/page"}],"author":[{"embeddable":true,"href":"https:\/\/ehooululahui.maui.hawaii.edu\/index.php?rest_route=\/wp\/v2\/users\/1"}],"replies":[{"embeddable":true,"href":"https:\/\/ehooululahui.maui.hawaii.edu\/index.php?rest_route=%2Fwp%2Fv2%2Fcomments&post=1114"}],"version-history":[{"count":4,"href":"https:\/\/ehooululahui.maui.hawaii.edu\/index.php?rest_route=\/wp\/v2\/pages\/1114\/revisions"}],"predecessor-version":[{"id":1730,"href":"https:\/\/ehooululahui.maui.hawaii.edu\/index.php?rest_route=\/wp\/v2\/pages\/1114\/revisions\/1730"}],"up":[{"embeddable":true,"href":"https:\/\/ehooululahui.maui.hawaii.edu\/index.php?rest_route=\/wp\/v2\/pages\/1071"}],"wp:attachment":[{"href":"https:\/\/ehooululahui.maui.hawaii.edu\/index.php?rest_route=%2Fwp%2Fv2%2Fmedia&parent=1114"}],"curies":[{"name":"wp","href":"https:\/\/api.w.org\/{rel}","templated":true}]}}