{"id":1122,"date":"2019-05-23T13:37:38","date_gmt":"2019-05-23T23:37:38","guid":{"rendered":"http:\/\/ehooululahui.maui.hawaii.edu\/?page_id=1122"},"modified":"2019-08-19T16:10:24","modified_gmt":"2019-08-20T02:10:24","slug":"kalele-henua","status":"publish","type":"page","link":"https:\/\/ehooululahui.maui.hawaii.edu\/?page_id=1122","title":{"rendered":"K\u0101lele Henua"},"content":{"rendered":"<style type=\"text\/css\"> \n#cmsmasters_row_69fb89aeaa339 .cmsmasters_row_outer_parent { \n\tpadding-top: 0px; \n} \n\n#cmsmasters_row_69fb89aeaa339 .cmsmasters_row_outer_parent { \n\tpadding-bottom: 0px; \n} \n\n \n#cmsmasters_heading_69fb89aeaa515 { \n\ttext-align:left; \n\tmargin-top:15px; \n\tmargin-bottom:10px; \n} \n\n#cmsmasters_heading_69fb89aeaa515 .cmsmasters_heading { \n\ttext-align:left; \n\tmargin-right:1em; \n} \n\n#cmsmasters_heading_69fb89aeaa515 .cmsmasters_heading, #cmsmasters_heading_69fb89aeaa515 .cmsmasters_heading a { \n\tfont-weight:bold; \n\tfont-style:normal; \n} \n\n#cmsmasters_heading_69fb89aeaa515 .cmsmasters_heading_divider { \n\tborder-bottom-width:11px; \n\tborder-bottom-style:solid; \n\tborder-bottom-color:#e05228;\n\tmargin-top:-6px; \n} \n\n \n#cmsmasters_row_69fb89aeaa610 .cmsmasters_row_outer_parent { \n\tpadding-top: 0px; \n} \n\n#cmsmasters_row_69fb89aeaa610 .cmsmasters_row_outer_parent { \n\tpadding-bottom: 30px; \n} \n\n \n#cmsmasters_row_69fb89aeab1cf .cmsmasters_row_outer_parent { \n\tpadding-top: 0px; \n} \n\n#cmsmasters_row_69fb89aeab1cf .cmsmasters_row_outer_parent { \n\tpadding-bottom: 50px; \n} \n\n \n#cmsmasters_heading_69fb89aeab3e5 { \n\ttext-align:left; \n\tmargin-top:15px; \n\tmargin-bottom:10px; \n} \n\n#cmsmasters_heading_69fb89aeab3e5 .cmsmasters_heading { \n\ttext-align:left; \n\tmargin-right:1em; \n} \n\n#cmsmasters_heading_69fb89aeab3e5 .cmsmasters_heading, #cmsmasters_heading_69fb89aeab3e5 .cmsmasters_heading a { \n\tfont-weight:bold; \n\tfont-style:normal; \n} \n\n#cmsmasters_heading_69fb89aeab3e5 .cmsmasters_heading_divider { \n\tborder-bottom-width:11px; \n\tborder-bottom-style:solid; \n\tborder-bottom-color:#e05228;\n\tmargin-top:-6px; \n} \n\n \n#cmsmasters_row_69fb89aeab56e .cmsmasters_row_outer_parent { \n\tpadding-top: 0px; \n} \n\n#cmsmasters_row_69fb89aeab56e .cmsmasters_row_outer_parent { \n\tpadding-bottom: 50px; \n} \n\n \n#cmsmasters_heading_69fb89aeab67a { \n\ttext-align:left; \n\tmargin-top:15px; \n\tmargin-bottom:10px; \n} \n\n#cmsmasters_heading_69fb89aeab67a .cmsmasters_heading { \n\ttext-align:left; \n\tmargin-right:1em; \n} \n\n#cmsmasters_heading_69fb89aeab67a .cmsmasters_heading, #cmsmasters_heading_69fb89aeab67a .cmsmasters_heading a { \n\tfont-weight:bold; \n\tfont-style:normal; \n} \n\n#cmsmasters_heading_69fb89aeab67a .cmsmasters_heading_divider { \n\tborder-bottom-width:11px; \n\tborder-bottom-style:solid; \n\tborder-bottom-color:#e05228;\n\tmargin-top:-6px; \n} \n\n \n#cmsmasters_row_69fb89aeab72e .cmsmasters_row_outer_parent { \n\tpadding-top: 0px; \n} \n\n#cmsmasters_row_69fb89aeab72e .cmsmasters_row_outer_parent { \n\tpadding-bottom: 50px; \n} \n\n \n#cmsmasters_row_69fb89aeab838 .cmsmasters_row_outer_parent { \n\tpadding-top: 0px; \n} \n\n#cmsmasters_row_69fb89aeab838 .cmsmasters_row_outer_parent { \n\tpadding-bottom: 50px; \n} \n\n \n#cmsmasters_heading_69fb89aeab93c { \n\ttext-align:left; \n\tmargin-top:15px; \n\tmargin-bottom:10px; \n} \n\n#cmsmasters_heading_69fb89aeab93c .cmsmasters_heading { \n\ttext-align:left; \n\tmargin-right:1em; \n} \n\n#cmsmasters_heading_69fb89aeab93c .cmsmasters_heading, #cmsmasters_heading_69fb89aeab93c .cmsmasters_heading a { \n\tfont-weight:bold; \n\tfont-style:normal; \n} \n\n#cmsmasters_heading_69fb89aeab93c .cmsmasters_heading_divider { \n\tborder-bottom-width:11px; \n\tborder-bottom-style:solid; \n\tborder-bottom-color:#e05228;\n\tmargin-top:-6px; \n} \n\n \n#cmsmasters_row_69fb89aeab9e4 .cmsmasters_row_outer_parent { \n\tpadding-top: 0px; \n} \n\n#cmsmasters_row_69fb89aeab9e4 .cmsmasters_row_outer_parent { \n\tpadding-bottom: 50px; \n} \n\n \n#cmsmasters_heading_69fb89aeabac9 { \n\ttext-align:left; \n\tmargin-top:15px; \n\tmargin-bottom:10px; \n} \n\n#cmsmasters_heading_69fb89aeabac9 .cmsmasters_heading { \n\ttext-align:left; \n\tmargin-right:1em; \n} \n\n#cmsmasters_heading_69fb89aeabac9 .cmsmasters_heading, #cmsmasters_heading_69fb89aeabac9 .cmsmasters_heading a { \n\tfont-weight:bold; \n\tfont-style:normal; \n} \n\n#cmsmasters_heading_69fb89aeabac9 .cmsmasters_heading_divider { \n\tborder-bottom-width:11px; \n\tborder-bottom-style:solid; \n\tborder-bottom-color:#e05228;\n\tmargin-top:-6px; \n} \n\n \n#cmsmasters_row_69fb89aeabb66 .cmsmasters_row_outer_parent { \n\tpadding-top: 0px; \n} \n\n#cmsmasters_row_69fb89aeabb66 .cmsmasters_row_outer_parent { \n\tpadding-bottom: 50px; \n} \n\n<\/style><div id=\"cmsmasters_row_69fb89aeaa339\" class=\"cmsmasters_row cmsmasters_color_scheme_default cmsmasters_row_top_default cmsmasters_row_bot_default cmsmasters_row_boxed\">\n<div class=\"cmsmasters_row_outer_parent\">\n<div class=\"cmsmasters_row_outer\">\n<div class=\"cmsmasters_row_inner\">\n<div class=\"cmsmasters_row_margin\">\n<div class=\"cmsmasters_column one_first\">\n\n<div id=\"cmsmasters_heading_69fb89aeaa515\" class=\"cmsmasters_heading_wrap cmsmasters_heading_align_left cmsmasters_heading_divider_long\">\n\t<h3 class=\"cmsmasters_heading\">No\u02bbeau Warner Guidelines<\/h3>\n<span class=\"cmsmasters_heading_divider_right_wrap\"><span class=\"cmsmasters_heading_divider cmsmasters_heading_divider_right\"><\/span><\/span>\n<\/div>\n<\/div>\n<\/div>\n<\/div>\n<\/div>\n<\/div>\n<\/div>\n<div id=\"cmsmasters_row_69fb89aeaa610\" class=\"cmsmasters_row cmsmasters_color_scheme_default cmsmasters_row_top_default cmsmasters_row_bot_default cmsmasters_row_boxed\">\n<div class=\"cmsmasters_row_outer_parent\">\n<div class=\"cmsmasters_row_outer\">\n<div class=\"cmsmasters_row_inner\">\n<div class=\"cmsmasters_row_margin\">\n<div class=\"cmsmasters_column one_half\">\n<div class=\"cmsmasters_text\">\n<p style=\"text-align: right;\"><span style=\"color: #ff0000;\">\u02bbIke loa:<\/span><\/p>\n<p>&nbsp;<\/p>\n<p>&nbsp;<\/p>\n<p style=\"text-align: right;\"><span style=\"color: #ff0000;\">H\u014d\u02bbole:<\/span><\/p>\n<p>&nbsp;<\/p>\n<p>&nbsp;<\/p>\n<p style=\"text-align: right;\">N\u012bnau:<\/p>\n<\/div>\n<\/div>\n<div class=\"cmsmasters_column one_half\">\n<div class=\"cmsmasters_text\">\n<p><span style=\"color: #ff0000;\">Ma ke kula \u02bbo ia.<\/span><\/p>\n<p><span style=\"color: #ff0000;\">I ka l\u0101 \u02bb\u0101p\u014dp\u014d ka p\u0101\u02bbina.<\/span><\/p>\n<p><span style=\"color: #ff0000;\">Ia\u02bbu n\u0101 kikiki.<\/span><\/p>\n<p><span style=\"color: #ff0000;\">\u02bbA\u02bbole \u02bbo ia ma ke kula.<\/span><\/p>\n<p><span style=\"color: #ff0000;\">\u02bbA\u02bbole ka p\u0101\u02bbina i ka p\u014d nei.<\/span><\/p>\n<p><span style=\"color: #ff0000;\">\u02bbA\u02bbole ia\u02bbu n\u0101 kikiki.<\/span><\/p>\n<p>Ma hea \u02bbo ia?<\/p>\n<p>I hea?<\/p>\n<p>I ka manawa hea?<\/p>\n<p>Ma ka &#8220;\u02bbaina&#8221; hea?<\/p>\n<p>I ka P\u014d\u02bbahia?<\/p>\n<p>I ka hola \u02bbehia?<\/p>\n<p>I ka makahiki hea?<\/p>\n<p>I ka mahina hea?<\/p>\n<p><span style=\"color: #ff0000;\">I\u0101 wai?<\/span><\/p>\n<\/div>\n<\/div>\n<\/div>\n<\/div>\n<\/div>\n<\/div>\n<\/div>\n<div id=\"cmsmasters_row_69fb89aeab1cf\" class=\"cmsmasters_row cmsmasters_color_scheme_default cmsmasters_row_top_default cmsmasters_row_bot_default cmsmasters_row_boxed\">\n<div class=\"cmsmasters_row_outer_parent\">\n<div class=\"cmsmasters_row_outer\">\n<div class=\"cmsmasters_row_inner\">\n<div class=\"cmsmasters_row_margin\">\n<div class=\"cmsmasters_column one_first\">\n\n<div id=\"cmsmasters_heading_69fb89aeab3e5\" class=\"cmsmasters_heading_wrap cmsmasters_heading_align_left cmsmasters_heading_divider_long\">\n\t<h3 class=\"cmsmasters_heading\">Kaleikoa Explanation<\/h3>\n<span class=\"cmsmasters_heading_divider_right_wrap\"><span class=\"cmsmasters_heading_divider cmsmasters_heading_divider_right\"><\/span><\/span>\n<\/div><div class=\"cmsmasters_text\">\n<p style=\"text-align: center;\">ma laila ke kapuahi wahie,<\/p>\n<\/div>\n<\/div>\n<\/div>\n<\/div>\n<\/div>\n<\/div>\n<\/div>\n<div id=\"cmsmasters_row_69fb89aeab56e\" class=\"cmsmasters_row cmsmasters_color_scheme_default cmsmasters_row_top_default cmsmasters_row_bot_default cmsmasters_row_boxed\">\n<div class=\"cmsmasters_row_outer_parent\">\n<div class=\"cmsmasters_row_outer\">\n<div class=\"cmsmasters_row_inner\">\n<div class=\"cmsmasters_row_margin\">\n<div class=\"cmsmasters_column one_first\">\n\n<div id=\"cmsmasters_heading_69fb89aeab67a\" class=\"cmsmasters_heading_wrap cmsmasters_heading_align_left cmsmasters_heading_divider_long\">\n\t<h3 class=\"cmsmasters_heading\">Wiki\u014d<\/h3>\n<span class=\"cmsmasters_heading_divider_right_wrap\"><span class=\"cmsmasters_heading_divider cmsmasters_heading_divider_right\"><\/span><\/span>\n<\/div>\n<\/div>\n<\/div>\n<\/div>\n<\/div>\n<\/div>\n<\/div>\n<div id=\"cmsmasters_row_69fb89aeab72e\" class=\"cmsmasters_row cmsmasters_color_scheme_default cmsmasters_row_top_default cmsmasters_row_bot_default cmsmasters_row_boxed\">\n<div class=\"cmsmasters_row_outer_parent\">\n<div class=\"cmsmasters_row_outer\">\n<div class=\"cmsmasters_row_inner\">\n<div class=\"cmsmasters_row_margin\">\n<div class=\"cmsmasters_column one_half\">\n<\/div>\n<div class=\"cmsmasters_column one_half\">\n<\/div>\n<\/div>\n<\/div>\n<\/div>\n<\/div>\n<\/div>\n<div id=\"cmsmasters_row_69fb89aeab838\" class=\"cmsmasters_row cmsmasters_color_scheme_default cmsmasters_row_top_default cmsmasters_row_bot_default cmsmasters_row_boxed\">\n<div class=\"cmsmasters_row_outer_parent\">\n<div class=\"cmsmasters_row_outer\">\n<div class=\"cmsmasters_row_inner\">\n<div class=\"cmsmasters_row_margin\">\n<div class=\"cmsmasters_column one_first\">\n\n<div id=\"cmsmasters_heading_69fb89aeab93c\" class=\"cmsmasters_heading_wrap cmsmasters_heading_align_left cmsmasters_heading_divider_long\">\n\t<h3 class=\"cmsmasters_heading\">Examples<\/h3>\n<span class=\"cmsmasters_heading_divider_right_wrap\"><span class=\"cmsmasters_heading_divider cmsmasters_heading_divider_right\"><\/span><\/span>\n<\/div>\n<\/div>\n<\/div>\n<\/div>\n<\/div>\n<\/div>\n<\/div>\n<div id=\"cmsmasters_row_69fb89aeab9e4\" class=\"cmsmasters_row cmsmasters_color_scheme_default cmsmasters_row_top_default cmsmasters_row_bot_default cmsmasters_row_boxed\">\n<div class=\"cmsmasters_row_outer_parent\">\n<div class=\"cmsmasters_row_outer\">\n<div class=\"cmsmasters_row_inner\">\n<div class=\"cmsmasters_row_margin\">\n<div class=\"cmsmasters_column one_first\">\n\n<div id=\"cmsmasters_heading_69fb89aeabac9\" class=\"cmsmasters_heading_wrap cmsmasters_heading_align_left cmsmasters_heading_divider_long\">\n\t<h3 class=\"cmsmasters_heading\">Palapala<\/h3>\n<span class=\"cmsmasters_heading_divider_right_wrap\"><span class=\"cmsmasters_heading_divider cmsmasters_heading_divider_right\"><\/span><\/span>\n<\/div>\n<\/div>\n<\/div>\n<\/div>\n<\/div>\n<\/div>\n<\/div>\n<div id=\"cmsmasters_row_69fb89aeabb66\" class=\"cmsmasters_row cmsmasters_color_scheme_default cmsmasters_row_top_default cmsmasters_row_bot_default cmsmasters_row_boxed\">\n<div class=\"cmsmasters_row_outer_parent\">\n<div class=\"cmsmasters_row_outer\">\n<div class=\"cmsmasters_row_inner\">\n<div class=\"cmsmasters_row_margin\">\n<div class=\"cmsmasters_column one_first\">\n<\/div>\n<\/div>\n<\/div>\n<\/div>\n<\/div>\n<\/div>\n\n","protected":false},"excerpt":{"rendered":"","protected":false},"author":1,"featured_media":0,"parent":1071,"menu_order":0,"comment_status":"closed","ping_status":"closed","template":"","meta":[],"_links":{"self":[{"href":"https:\/\/ehooululahui.maui.hawaii.edu\/index.php?rest_route=\/wp\/v2\/pages\/1122"}],"collection":[{"href":"https:\/\/ehooululahui.maui.hawaii.edu\/index.php?rest_route=\/wp\/v2\/pages"}],"about":[{"href":"https:\/\/ehooululahui.maui.hawaii.edu\/index.php?rest_route=\/wp\/v2\/types\/page"}],"author":[{"embeddable":true,"href":"https:\/\/ehooululahui.maui.hawaii.edu\/index.php?rest_route=\/wp\/v2\/users\/1"}],"replies":[{"embeddable":true,"href":"https:\/\/ehooululahui.maui.hawaii.edu\/index.php?rest_route=%2Fwp%2Fv2%2Fcomments&post=1122"}],"version-history":[{"count":7,"href":"https:\/\/ehooululahui.maui.hawaii.edu\/index.php?rest_route=\/wp\/v2\/pages\/1122\/revisions"}],"predecessor-version":[{"id":1547,"href":"https:\/\/ehooululahui.maui.hawaii.edu\/index.php?rest_route=\/wp\/v2\/pages\/1122\/revisions\/1547"}],"up":[{"embeddable":true,"href":"https:\/\/ehooululahui.maui.hawaii.edu\/index.php?rest_route=\/wp\/v2\/pages\/1071"}],"wp:attachment":[{"href":"https:\/\/ehooululahui.maui.hawaii.edu\/index.php?rest_route=%2Fwp%2Fv2%2Fmedia&parent=1122"}],"curies":[{"name":"wp","href":"https:\/\/api.w.org\/{rel}","templated":true}]}}