{"id":1124,"date":"2019-05-23T13:44:24","date_gmt":"2019-05-23T23:44:24","guid":{"rendered":"http:\/\/ehooululahui.maui.hawaii.edu\/?page_id=1124"},"modified":"2019-08-20T15:30:55","modified_gmt":"2019-08-21T01:30:55","slug":"kalele-nono%ca%bba","status":"publish","type":"page","link":"https:\/\/ehooululahui.maui.hawaii.edu\/?page_id=1124","title":{"rendered":"K\u0101lele Nono\u02bba"},"content":{"rendered":"<style type=\"text\/css\"> \n#cmsmasters_row_69f6226f432f7 .cmsmasters_row_outer_parent { \n\tpadding-top: 0px; \n} \n\n#cmsmasters_row_69f6226f432f7 .cmsmasters_row_outer_parent { \n\tpadding-bottom: 0px; \n} \n\n \n#cmsmasters_heading_69f6226f433d8 { \n\ttext-align:left; \n\tmargin-top:15px; \n\tmargin-bottom:10px; \n} \n\n#cmsmasters_heading_69f6226f433d8 .cmsmasters_heading { \n\ttext-align:left; \n\tmargin-right:1em; \n} \n\n#cmsmasters_heading_69f6226f433d8 .cmsmasters_heading, #cmsmasters_heading_69f6226f433d8 .cmsmasters_heading a { \n\tfont-weight:bold; \n\tfont-style:normal; \n} \n\n#cmsmasters_heading_69f6226f433d8 .cmsmasters_heading_divider { \n\tborder-bottom-width:11px; \n\tborder-bottom-style:solid; \n\tborder-bottom-color:#e05228;\n\tmargin-top:-6px; \n} \n\n \n#cmsmasters_row_69f6226f4349c .cmsmasters_row_outer_parent { \n\tpadding-top: 0px; \n} \n\n#cmsmasters_row_69f6226f4349c .cmsmasters_row_outer_parent { \n\tpadding-bottom: 30px; \n} \n\n \n#cmsmasters_row_69f6226f43867 .cmsmasters_row_outer_parent { \n\tpadding-top: 0px; \n} \n\n#cmsmasters_row_69f6226f43867 .cmsmasters_row_outer_parent { \n\tpadding-bottom: 50px; \n} \n\n \n#cmsmasters_heading_69f6226f43986 { \n\ttext-align:left; \n\tmargin-top:15px; \n\tmargin-bottom:10px; \n} \n\n#cmsmasters_heading_69f6226f43986 .cmsmasters_heading { \n\ttext-align:left; \n\tmargin-right:1em; \n} \n\n#cmsmasters_heading_69f6226f43986 .cmsmasters_heading, #cmsmasters_heading_69f6226f43986 .cmsmasters_heading a { \n\tfont-weight:bold; \n\tfont-style:normal; \n} \n\n#cmsmasters_heading_69f6226f43986 .cmsmasters_heading_divider { \n\tborder-bottom-width:11px; \n\tborder-bottom-style:solid; \n\tborder-bottom-color:#e05228;\n\tmargin-top:-6px; \n} \n\n \n#cmsmasters_heading_69f6226f439b3 { \n\ttext-align:center; \n\tmargin-top:0px; \n\tmargin-bottom:20px; \n} \n\n#cmsmasters_heading_69f6226f439b3 .cmsmasters_heading { \n\ttext-align:center; \n} \n\n#cmsmasters_heading_69f6226f439b3 .cmsmasters_heading, #cmsmasters_heading_69f6226f439b3 .cmsmasters_heading a { \n\tfont-weight:normal; \n\tfont-style:normal; \n} \n\n#cmsmasters_heading_69f6226f439b3 .cmsmasters_heading_divider { \n} \n\n \n#cmsmasters_row_69f6226f43acc .cmsmasters_row_outer_parent { \n\tpadding-top: 0px; \n} \n\n#cmsmasters_row_69f6226f43acc .cmsmasters_row_outer_parent { \n\tpadding-bottom: 50px; \n} \n\n \n#cmsmasters_heading_69f6226f43b39 { \n\ttext-align:left; \n\tmargin-top:15px; \n\tmargin-bottom:10px; \n} \n\n#cmsmasters_heading_69f6226f43b39 .cmsmasters_heading { \n\ttext-align:left; \n\tmargin-right:1em; \n} \n\n#cmsmasters_heading_69f6226f43b39 .cmsmasters_heading, #cmsmasters_heading_69f6226f43b39 .cmsmasters_heading a { \n\tfont-weight:bold; \n\tfont-style:normal; \n} \n\n#cmsmasters_heading_69f6226f43b39 .cmsmasters_heading_divider { \n\tborder-bottom-width:11px; \n\tborder-bottom-style:solid; \n\tborder-bottom-color:#e05228;\n\tmargin-top:-6px; \n} \n\n \n#cmsmasters_row_69f6226f43b8c .cmsmasters_row_outer_parent { \n\tpadding-top: 0px; \n} \n\n#cmsmasters_row_69f6226f43b8c .cmsmasters_row_outer_parent { \n\tpadding-bottom: 50px; \n} \n\n \n#cmsmasters_row_69f6226f43beb .cmsmasters_row_outer_parent { \n\tpadding-top: 0px; \n} \n\n#cmsmasters_row_69f6226f43beb .cmsmasters_row_outer_parent { \n\tpadding-bottom: 50px; \n} \n\n \n#cmsmasters_heading_69f6226f43c4c { \n\ttext-align:left; \n\tmargin-top:15px; \n\tmargin-bottom:10px; \n} \n\n#cmsmasters_heading_69f6226f43c4c .cmsmasters_heading { \n\ttext-align:left; \n\tmargin-right:1em; \n} \n\n#cmsmasters_heading_69f6226f43c4c .cmsmasters_heading, #cmsmasters_heading_69f6226f43c4c .cmsmasters_heading a { \n\tfont-weight:bold; \n\tfont-style:normal; \n} \n\n#cmsmasters_heading_69f6226f43c4c .cmsmasters_heading_divider { \n\tborder-bottom-width:11px; \n\tborder-bottom-style:solid; \n\tborder-bottom-color:#e05228;\n\tmargin-top:-6px; \n} \n\n \n#cmsmasters_row_69f6226f43c8f .cmsmasters_row_outer_parent { \n\tpadding-top: 0px; \n} \n\n#cmsmasters_row_69f6226f43c8f .cmsmasters_row_outer_parent { \n\tpadding-bottom: 50px; \n} \n\n \n#cmsmasters_heading_69f6226f43cf9 { \n\ttext-align:left; \n\tmargin-top:15px; \n\tmargin-bottom:10px; \n} \n\n#cmsmasters_heading_69f6226f43cf9 .cmsmasters_heading { \n\ttext-align:left; \n\tmargin-right:1em; \n} \n\n#cmsmasters_heading_69f6226f43cf9 .cmsmasters_heading, #cmsmasters_heading_69f6226f43cf9 .cmsmasters_heading a { \n\tfont-weight:bold; \n\tfont-style:normal; \n} \n\n#cmsmasters_heading_69f6226f43cf9 .cmsmasters_heading_divider { \n\tborder-bottom-width:11px; \n\tborder-bottom-style:solid; \n\tborder-bottom-color:#e05228;\n\tmargin-top:-6px; \n} \n\n \n#cmsmasters_row_69f6226f43d3b .cmsmasters_row_outer_parent { \n\tpadding-top: 0px; \n} \n\n#cmsmasters_row_69f6226f43d3b .cmsmasters_row_outer_parent { \n\tpadding-bottom: 50px; \n} \n\n<\/style><div id=\"cmsmasters_row_69f6226f432f7\" class=\"cmsmasters_row cmsmasters_color_scheme_default cmsmasters_row_top_default cmsmasters_row_bot_default cmsmasters_row_boxed\">\n<div class=\"cmsmasters_row_outer_parent\">\n<div class=\"cmsmasters_row_outer\">\n<div class=\"cmsmasters_row_inner\">\n<div class=\"cmsmasters_row_margin\">\n<div class=\"cmsmasters_column one_first\">\n\n<div id=\"cmsmasters_heading_69f6226f433d8\" class=\"cmsmasters_heading_wrap cmsmasters_heading_align_left cmsmasters_heading_divider_long\">\n\t<h3 class=\"cmsmasters_heading\">No\u02bbeau Warner Guidelines<\/h3>\n<span class=\"cmsmasters_heading_divider_right_wrap\"><span class=\"cmsmasters_heading_divider cmsmasters_heading_divider_right\"><\/span><\/span>\n<\/div>\n<\/div>\n<\/div>\n<\/div>\n<\/div>\n<\/div>\n<\/div>\n<div id=\"cmsmasters_row_69f6226f4349c\" class=\"cmsmasters_row cmsmasters_color_scheme_default cmsmasters_row_top_default cmsmasters_row_bot_default cmsmasters_row_boxed\">\n<div class=\"cmsmasters_row_outer_parent\">\n<div class=\"cmsmasters_row_outer\">\n<div class=\"cmsmasters_row_inner\">\n<div class=\"cmsmasters_row_margin\">\n<div class=\"cmsmasters_column one_half\">\n<div class=\"cmsmasters_text\">\n<p style=\"text-align: right;\"><span style=\"color: #ff0000;\">\u02bbIke loa:<\/span><\/p>\n<p>&nbsp;<\/p>\n<p style=\"text-align: right;\"><span style=\"color: #ff0000;\">H\u014d\u02bbole:<\/span><\/p>\n<p>&nbsp;<\/p>\n<p style=\"text-align: right;\">N\u012bnau:<\/p>\n<\/div>\n<\/div>\n<div class=\"cmsmasters_column one_half\">\n<div class=\"cmsmasters_text\">\n<p><span style=\"color: #ff0000;\">Na\u02bbu k\u0113ia mea.<\/span><\/p>\n<p><span style=\"color: #ff0000;\">No Lei k\u0113n\u0101 p\u0101pale.<\/span><\/p>\n<p><span style=\"color: #ff0000;\">\u02bbA\u02bbole na\u02bbu k\u0113n\u0101 mea.<\/span><\/p>\n<p><span style=\"color: #ff0000;\">\u02bbA\u02bbole no Lei k\u0113ia p\u0101pale.<\/span><\/p>\n<p>Na wai ka \u02bb\u012blio \u02bbele\u02bbele?<\/p>\n<p>No wai k\u0113ia mau hale?<\/p>\n<p><span style=\"color: #ff0000;\">No wai ke kuleana?<\/span><\/p>\n<p><span style=\"color: #ff0000;\">No wai ka hewa?<\/span><\/p>\n<p>No hea mai \u02bboe?<\/p>\n<p>No ke aha k\u0113l\u0101 p\u0101\u02bbina?<\/p>\n<\/div>\n<\/div>\n<\/div>\n<\/div>\n<\/div>\n<\/div>\n<\/div>\n<div id=\"cmsmasters_row_69f6226f43867\" class=\"cmsmasters_row cmsmasters_color_scheme_default cmsmasters_row_top_default cmsmasters_row_bot_default cmsmasters_row_boxed\">\n<div class=\"cmsmasters_row_outer_parent\">\n<div class=\"cmsmasters_row_outer\">\n<div class=\"cmsmasters_row_inner\">\n<div class=\"cmsmasters_row_margin\">\n<div class=\"cmsmasters_column one_first\">\n\n<div id=\"cmsmasters_heading_69f6226f43986\" class=\"cmsmasters_heading_wrap cmsmasters_heading_align_left cmsmasters_heading_divider_long\">\n\t<h3 class=\"cmsmasters_heading\">Kaleikoa Explanation<\/h3>\n<span class=\"cmsmasters_heading_divider_right_wrap\"><span class=\"cmsmasters_heading_divider cmsmasters_heading_divider_right\"><\/span><\/span>\n<\/div>\n<div id=\"cmsmasters_heading_69f6226f439b3\" class=\"cmsmasters_heading_wrap cmsmasters_heading_align_center\">\n\t<h3 class=\"cmsmasters_heading\">*K\u0101lele \u02bb\u0101kena<\/h3>\n<\/div><div class=\"cmsmasters_text\">\n<p dir=\"ltr\" style=\"text-align: center;\"><strong>\u02bb\u0100kena &#8211; nona ke kuleana, n\u0101na ka hana<\/strong><\/p>\n<div style=\"text-align: center;\">Na wai<\/div>\n<div style=\"text-align: center;\">Na\u02bbu<\/div>\n<div style=\"text-align: center;\">N\u0101u<\/div>\n<div style=\"text-align: center;\">N\u0101na<\/div>\n<div style=\"text-align: center;\">Na l\u0101kou<\/div>\n<div style=\"text-align: center;\">Na Keola<\/div>\n<div style=\"text-align: center;\">Na ka makua k\u0101ne<\/div>\n<div style=\"text-align: center;\">Na ha\u02bbi<\/div>\n<\/div>\n<\/div>\n<\/div>\n<\/div>\n<\/div>\n<\/div>\n<\/div>\n<div id=\"cmsmasters_row_69f6226f43acc\" class=\"cmsmasters_row cmsmasters_color_scheme_default cmsmasters_row_top_default cmsmasters_row_bot_default cmsmasters_row_boxed\">\n<div class=\"cmsmasters_row_outer_parent\">\n<div class=\"cmsmasters_row_outer\">\n<div class=\"cmsmasters_row_inner\">\n<div class=\"cmsmasters_row_margin\">\n<div class=\"cmsmasters_column one_first\">\n\n<div id=\"cmsmasters_heading_69f6226f43b39\" class=\"cmsmasters_heading_wrap cmsmasters_heading_align_left cmsmasters_heading_divider_long\">\n\t<h3 class=\"cmsmasters_heading\">Wiki\u014d<\/h3>\n<span class=\"cmsmasters_heading_divider_right_wrap\"><span class=\"cmsmasters_heading_divider cmsmasters_heading_divider_right\"><\/span><\/span>\n<\/div>\n<\/div>\n<\/div>\n<\/div>\n<\/div>\n<\/div>\n<\/div>\n<div id=\"cmsmasters_row_69f6226f43b8c\" class=\"cmsmasters_row cmsmasters_color_scheme_default cmsmasters_row_top_default cmsmasters_row_bot_default cmsmasters_row_boxed\">\n<div class=\"cmsmasters_row_outer_parent\">\n<div class=\"cmsmasters_row_outer\">\n<div class=\"cmsmasters_row_inner\">\n<div class=\"cmsmasters_row_margin\">\n<div class=\"cmsmasters_column one_half\">\n<\/div>\n<div class=\"cmsmasters_column one_half\">\n<\/div>\n<\/div>\n<\/div>\n<\/div>\n<\/div>\n<\/div>\n<div id=\"cmsmasters_row_69f6226f43beb\" class=\"cmsmasters_row cmsmasters_color_scheme_default cmsmasters_row_top_default cmsmasters_row_bot_default cmsmasters_row_boxed\">\n<div class=\"cmsmasters_row_outer_parent\">\n<div class=\"cmsmasters_row_outer\">\n<div class=\"cmsmasters_row_inner\">\n<div class=\"cmsmasters_row_margin\">\n<div class=\"cmsmasters_column one_first\">\n\n<div id=\"cmsmasters_heading_69f6226f43c4c\" class=\"cmsmasters_heading_wrap cmsmasters_heading_align_left cmsmasters_heading_divider_long\">\n\t<h3 class=\"cmsmasters_heading\">Examples<\/h3>\n<span class=\"cmsmasters_heading_divider_right_wrap\"><span class=\"cmsmasters_heading_divider cmsmasters_heading_divider_right\"><\/span><\/span>\n<\/div>\n<\/div>\n<\/div>\n<\/div>\n<\/div>\n<\/div>\n<\/div>\n<div id=\"cmsmasters_row_69f6226f43c8f\" class=\"cmsmasters_row cmsmasters_color_scheme_default cmsmasters_row_top_default cmsmasters_row_bot_default cmsmasters_row_boxed\">\n<div class=\"cmsmasters_row_outer_parent\">\n<div class=\"cmsmasters_row_outer\">\n<div class=\"cmsmasters_row_inner\">\n<div class=\"cmsmasters_row_margin\">\n<div class=\"cmsmasters_column one_first\">\n\n<div id=\"cmsmasters_heading_69f6226f43cf9\" class=\"cmsmasters_heading_wrap cmsmasters_heading_align_left cmsmasters_heading_divider_long\">\n\t<h3 class=\"cmsmasters_heading\">Palapala<\/h3>\n<span class=\"cmsmasters_heading_divider_right_wrap\"><span class=\"cmsmasters_heading_divider cmsmasters_heading_divider_right\"><\/span><\/span>\n<\/div>\n<\/div>\n<\/div>\n<\/div>\n<\/div>\n<\/div>\n<\/div>\n<div id=\"cmsmasters_row_69f6226f43d3b\" class=\"cmsmasters_row cmsmasters_color_scheme_default cmsmasters_row_top_default cmsmasters_row_bot_default cmsmasters_row_boxed\">\n<div class=\"cmsmasters_row_outer_parent\">\n<div class=\"cmsmasters_row_outer\">\n<div class=\"cmsmasters_row_inner\">\n<div class=\"cmsmasters_row_margin\">\n<div class=\"cmsmasters_column one_first\">\n<div class=\"cmsmasters_text\">\n<p><a href=\"http:\/\/ehooululahui.maui.hawaii.edu\/wp-content\/uploads\/2018\/07\/Ka\u0304lele-\u02bbA\u0304kena.pdf\">Ka\u0304lele \u02bbA\u0304kena<\/a><\/p>\n<\/div>\n<\/div>\n<\/div>\n<\/div>\n<\/div>\n<\/div>\n<\/div>\n\n","protected":false},"excerpt":{"rendered":"","protected":false},"author":1,"featured_media":0,"parent":1071,"menu_order":0,"comment_status":"closed","ping_status":"closed","template":"","meta":[],"_links":{"self":[{"href":"https:\/\/ehooululahui.maui.hawaii.edu\/index.php?rest_route=\/wp\/v2\/pages\/1124"}],"collection":[{"href":"https:\/\/ehooululahui.maui.hawaii.edu\/index.php?rest_route=\/wp\/v2\/pages"}],"about":[{"href":"https:\/\/ehooululahui.maui.hawaii.edu\/index.php?rest_route=\/wp\/v2\/types\/page"}],"author":[{"embeddable":true,"href":"https:\/\/ehooululahui.maui.hawaii.edu\/index.php?rest_route=\/wp\/v2\/users\/1"}],"replies":[{"embeddable":true,"href":"https:\/\/ehooululahui.maui.hawaii.edu\/index.php?rest_route=%2Fwp%2Fv2%2Fcomments&post=1124"}],"version-history":[{"count":7,"href":"https:\/\/ehooululahui.maui.hawaii.edu\/index.php?rest_route=\/wp\/v2\/pages\/1124\/revisions"}],"predecessor-version":[{"id":1558,"href":"https:\/\/ehooululahui.maui.hawaii.edu\/index.php?rest_route=\/wp\/v2\/pages\/1124\/revisions\/1558"}],"up":[{"embeddable":true,"href":"https:\/\/ehooululahui.maui.hawaii.edu\/index.php?rest_route=\/wp\/v2\/pages\/1071"}],"wp:attachment":[{"href":"https:\/\/ehooululahui.maui.hawaii.edu\/index.php?rest_route=%2Fwp%2Fv2%2Fmedia&parent=1124"}],"curies":[{"name":"wp","href":"https:\/\/api.w.org\/{rel}","templated":true}]}}