{"id":1150,"date":"2019-07-08T11:43:05","date_gmt":"2019-07-08T21:43:05","guid":{"rendered":"http:\/\/ehooululahui.maui.hawaii.edu\/?page_id=1150"},"modified":"2020-07-02T15:31:25","modified_gmt":"2020-07-03T01:31:25","slug":"na-painu-kiko%ca%bbi-e-maka%ca%bbala-ai","status":"publish","type":"page","link":"https:\/\/ehooululahui.maui.hawaii.edu\/?page_id=1150","title":{"rendered":"N\u0101 PAINU KIKO\u02bb\u012a E Maka\u02bbala Ai"},"content":{"rendered":"<style type=\"text\/css\"> \n#cmsmasters_row_6a05747cbff85 .cmsmasters_row_outer_parent { \n\tpadding-top: 30px; \n} \n\n \n#cmsmasters_row_6a05747cc2cc8 .cmsmasters_row_outer_parent { \n\tpadding-top: 30px; \n} \n\n \n#cmsmasters_row_6a05747cc3fa0 .cmsmasters_row_outer_parent { \n\tpadding-top: 30px; \n} \n\n \n#cmsmasters_row_6a05747cc50ea .cmsmasters_row_outer_parent { \n\tpadding-top: 30px; \n} \n\n#cmsmasters_row_6a05747cc50ea .cmsmasters_row_outer_parent { \n\tpadding-bottom: 0px; \n} \n\n \n#cmsmasters_row_6a05747cc674f .cmsmasters_row_outer_parent { \n\tpadding-top: 0px; \n} \n\n#cmsmasters_row_6a05747cc674f .cmsmasters_row_outer_parent { \n\tpadding-bottom: 0px; \n} \n\n \n#cmsmasters_heading_6a05747cc6915 { \n\ttext-align:left; \n\tmargin-top:15px; \n\tmargin-bottom:10px; \n} \n\n#cmsmasters_heading_6a05747cc6915 .cmsmasters_heading { \n\ttext-align:left; \n\tmargin-right:1em; \n} \n\n#cmsmasters_heading_6a05747cc6915 .cmsmasters_heading, #cmsmasters_heading_6a05747cc6915 .cmsmasters_heading a { \n\tfont-weight:bold; \n\tfont-style:normal; \n} \n\n#cmsmasters_heading_6a05747cc6915 .cmsmasters_heading_divider { \n\tborder-bottom-width:11px; \n\tborder-bottom-style:solid; \n\tborder-bottom-color:#e05228;\n\tmargin-top:-6px; \n} \n\n \n#cmsmasters_row_6a05747cc6a2a .cmsmasters_row_outer_parent { \n\tpadding-top: 0px; \n} \n\n#cmsmasters_row_6a05747cc6a2a .cmsmasters_row_outer_parent { \n\tpadding-bottom: 30px; \n} \n\n \n#cmsmasters_heading_6a05747cc6b5e { \n\ttext-align:center; \n\tmargin-top:0px; \n\tmargin-bottom:10px; \n} \n\n#cmsmasters_heading_6a05747cc6b5e .cmsmasters_heading { \n\ttext-align:center; \n\tmargin-left:1em; \n\tmargin-right:1em; \n} \n\n#cmsmasters_heading_6a05747cc6b5e .cmsmasters_heading, #cmsmasters_heading_6a05747cc6b5e .cmsmasters_heading a { \n\tfont-weight:normal; \n\tfont-style:italic; \n} \n\n#cmsmasters_heading_6a05747cc6b5e .cmsmasters_heading_divider { \n\tborder-bottom-width:5px; \n\tborder-bottom-style:solid; \n\tmargin-top:-3px; \n} \n\n \n#cmsmasters_row_6a05747cc6c47 .cmsmasters_row_outer_parent { \n\tpadding-top: 0px; \n} \n\n#cmsmasters_row_6a05747cc6c47 .cmsmasters_row_outer_parent { \n\tpadding-bottom: 30px; \n} \n\n \n#cmsmasters_row_6a05747cc7164 .cmsmasters_row_outer_parent { \n\tpadding-top: 0px; \n} \n\n#cmsmasters_row_6a05747cc7164 .cmsmasters_row_outer_parent { \n\tpadding-bottom: 30px; \n} \n\n \n#cmsmasters_heading_6a05747cc7289 { \n\ttext-align:center; \n\tmargin-top:0px; \n\tmargin-bottom:10px; \n} \n\n#cmsmasters_heading_6a05747cc7289 .cmsmasters_heading { \n\ttext-align:center; \n\tmargin-left:1em; \n\tmargin-right:1em; \n} \n\n#cmsmasters_heading_6a05747cc7289 .cmsmasters_heading, #cmsmasters_heading_6a05747cc7289 .cmsmasters_heading a { \n\tfont-weight:normal; \n\tfont-style:italic; \n} \n\n#cmsmasters_heading_6a05747cc7289 .cmsmasters_heading_divider { \n\tborder-bottom-width:5px; \n\tborder-bottom-style:solid; \n\tmargin-top:-3px; \n} \n\n \n#cmsmasters_row_6a05747cc738c .cmsmasters_row_outer_parent { \n\tpadding-top: 0px; \n} \n\n#cmsmasters_row_6a05747cc738c .cmsmasters_row_outer_parent { \n\tpadding-bottom: 50px; \n} \n\n \n#cmsmasters_row_6a05747cc7a49 .cmsmasters_row_outer_parent { \n\tpadding-top: 0px; \n} \n\n#cmsmasters_row_6a05747cc7a49 .cmsmasters_row_outer_parent { \n\tpadding-bottom: 50px; \n} \n\n \n#cmsmasters_heading_6a05747cc7b7d { \n\ttext-align:center; \n\tmargin-top:0px; \n\tmargin-bottom:20px; \n} \n\n#cmsmasters_heading_6a05747cc7b7d .cmsmasters_heading { \n\ttext-align:center; \n\tmargin-left:1em; \n\tmargin-right:1em; \n} \n\n#cmsmasters_heading_6a05747cc7b7d .cmsmasters_heading, #cmsmasters_heading_6a05747cc7b7d .cmsmasters_heading a { \n\tfont-weight:normal; \n\tfont-style:italic; \n} \n\n#cmsmasters_heading_6a05747cc7b7d .cmsmasters_heading_divider { \n\tborder-bottom-width:5px; \n\tborder-bottom-style:solid; \n\tmargin-top:-3px; \n} \n\n \n#cmsmasters_row_6a05747cc7c5e .cmsmasters_row_outer_parent { \n\tpadding-top: 0px; \n} \n\n#cmsmasters_row_6a05747cc7c5e .cmsmasters_row_outer_parent { \n\tpadding-bottom: 30px; \n} \n\n \n#cmsmasters_row_6a05747cc98c8 .cmsmasters_row_outer_parent { \n\tpadding-top: 0px; \n} \n\n#cmsmasters_row_6a05747cc98c8 .cmsmasters_row_outer_parent { \n\tpadding-bottom: 50px; \n} \n\n \n#cmsmasters_heading_6a05747cc99e9 { \n\ttext-align:left; \n\tmargin-top:15px; \n\tmargin-bottom:10px; \n} \n\n#cmsmasters_heading_6a05747cc99e9 .cmsmasters_heading { \n\ttext-align:left; \n\tmargin-right:1em; \n} \n\n#cmsmasters_heading_6a05747cc99e9 .cmsmasters_heading, #cmsmasters_heading_6a05747cc99e9 .cmsmasters_heading a { \n\tfont-weight:bold; \n\tfont-style:normal; \n} \n\n#cmsmasters_heading_6a05747cc99e9 .cmsmasters_heading_divider { \n\tborder-bottom-width:11px; \n\tborder-bottom-style:solid; \n\tborder-bottom-color:#e05228;\n\tmargin-top:-6px; \n} \n\n \n#cmsmasters_row_6a05747cc9abf .cmsmasters_row_outer_parent { \n\tpadding-top: 0px; \n} \n\n#cmsmasters_row_6a05747cc9abf .cmsmasters_row_outer_parent { \n\tpadding-bottom: 50px; \n} \n\n \n#cmsmasters_heading_6a05747cc9bc1 { \n\ttext-align:left; \n\tmargin-top:15px; \n\tmargin-bottom:10px; \n} \n\n#cmsmasters_heading_6a05747cc9bc1 .cmsmasters_heading { \n\ttext-align:left; \n\tmargin-right:1em; \n} \n\n#cmsmasters_heading_6a05747cc9bc1 .cmsmasters_heading, #cmsmasters_heading_6a05747cc9bc1 .cmsmasters_heading a { \n\tfont-weight:bold; \n\tfont-style:normal; \n} \n\n#cmsmasters_heading_6a05747cc9bc1 .cmsmasters_heading_divider { \n\tborder-bottom-width:11px; \n\tborder-bottom-style:solid; \n\tborder-bottom-color:#e05228;\n\tmargin-top:-6px; \n} \n\n \n#cmsmasters_row_6a05747cc9caf .cmsmasters_row_outer_parent { \n\tpadding-top: 0px; \n} \n\n#cmsmasters_row_6a05747cc9caf .cmsmasters_row_outer_parent { \n\tpadding-bottom: 50px; \n} \n\n \n#cmsmasters_heading_6a05747cc9d9f { \n\ttext-align:left; \n\tmargin-top:15px; \n\tmargin-bottom:10px; \n} \n\n#cmsmasters_heading_6a05747cc9d9f .cmsmasters_heading { \n\ttext-align:left; \n\tmargin-right:1em; \n} \n\n#cmsmasters_heading_6a05747cc9d9f .cmsmasters_heading, #cmsmasters_heading_6a05747cc9d9f .cmsmasters_heading a { \n\tfont-weight:bold; \n\tfont-style:normal; \n} \n\n#cmsmasters_heading_6a05747cc9d9f .cmsmasters_heading_divider { \n\tborder-bottom-width:11px; \n\tborder-bottom-style:solid; \n\tborder-bottom-color:#e05228;\n\tmargin-top:-6px; \n} \n\n \n#cmsmasters_row_6a05747cc9e6c .cmsmasters_row_outer_parent { \n\tpadding-top: 0px; \n} \n\n#cmsmasters_row_6a05747cc9e6c .cmsmasters_row_outer_parent { \n\tpadding-bottom: 50px; \n} \n\n<\/style><div id=\"cmsmasters_row_6a05747cbff85\" class=\"cmsmasters_row cmsmasters_color_scheme_default cmsmasters_row_top_default cmsmasters_row_bot_default cmsmasters_row_boxed\">\n<div class=\"cmsmasters_row_outer_parent\">\n<div class=\"cmsmasters_row_outer\">\n<div class=\"cmsmasters_row_inner\">\n<div class=\"cmsmasters_row_margin\">\n<div class=\"cmsmasters_column one_half\">\n<div class=\"cmsmasters_embed_wrap\">\n<iframe title=\"\u02bb\u014clelo Hawai\u02bbi Guidelines: Maopopo\" width=\"500\" height=\"281\" src=\"https:\/\/www.youtube.com\/embed\/Gi8CwSYb18I?feature=oembed\" frameborder=\"0\" allow=\"accelerometer; autoplay; encrypted-media; gyroscope; picture-in-picture\" allowfullscreen><\/iframe><\/div>\n<\/div>\n<div class=\"cmsmasters_column one_half\">\n<div class=\"cmsmasters_embed_wrap\">\n<iframe title=\"\u02bb\u014clelo Hawai\u02bbi Guidelines: Loa\u02bba\" width=\"500\" height=\"281\" src=\"https:\/\/www.youtube.com\/embed\/C73wqGXctl0?feature=oembed\" frameborder=\"0\" allow=\"accelerometer; autoplay; encrypted-media; gyroscope; picture-in-picture\" allowfullscreen><\/iframe><\/div>\n<\/div>\n<\/div>\n<\/div>\n<\/div>\n<\/div>\n<\/div>\n<div id=\"cmsmasters_row_6a05747cc2cc8\" class=\"cmsmasters_row cmsmasters_color_scheme_default cmsmasters_row_top_default cmsmasters_row_bot_default cmsmasters_row_boxed\">\n<div class=\"cmsmasters_row_outer_parent\">\n<div class=\"cmsmasters_row_outer\">\n<div class=\"cmsmasters_row_inner\">\n<div class=\"cmsmasters_row_margin\">\n<div class=\"cmsmasters_column one_half\">\n<div class=\"cmsmasters_embed_wrap\">\n<iframe title=\"\u02bb\u014clelo Hawai\u02bbi Guidelines: Lilo (Take control)\" width=\"500\" height=\"281\" src=\"https:\/\/www.youtube.com\/embed\/aj8r7qTGhJU?feature=oembed\" frameborder=\"0\" allow=\"accelerometer; autoplay; encrypted-media; gyroscope; picture-in-picture\" allowfullscreen><\/iframe><\/div>\n<\/div>\n<div class=\"cmsmasters_column one_half\">\n<div class=\"cmsmasters_embed_wrap\">\n<iframe title=\"\u02bb\u014clelo Hawai\u02bbi Guidelines: Hiki\" width=\"500\" height=\"281\" src=\"https:\/\/www.youtube.com\/embed\/MRv7yVJgPQQ?feature=oembed\" frameborder=\"0\" allow=\"accelerometer; autoplay; encrypted-media; gyroscope; picture-in-picture\" allowfullscreen><\/iframe><\/div>\n<\/div>\n<\/div>\n<\/div>\n<\/div>\n<\/div>\n<\/div>\n<div id=\"cmsmasters_row_6a05747cc3fa0\" class=\"cmsmasters_row cmsmasters_color_scheme_default cmsmasters_row_top_default cmsmasters_row_bot_default cmsmasters_row_boxed\">\n<div class=\"cmsmasters_row_outer_parent\">\n<div class=\"cmsmasters_row_outer\">\n<div class=\"cmsmasters_row_inner\">\n<div class=\"cmsmasters_row_margin\">\n<div class=\"cmsmasters_column one_half\">\n<div class=\"cmsmasters_embed_wrap\">\n<iframe title=\"\u02bb\u014clelo Hawai\u02bbi Guidelines: Puni\" width=\"500\" height=\"281\" src=\"https:\/\/www.youtube.com\/embed\/YLmer6461Wg?feature=oembed\" frameborder=\"0\" allow=\"accelerometer; autoplay; encrypted-media; gyroscope; picture-in-picture\" allowfullscreen><\/iframe><\/div>\n<\/div>\n<div class=\"cmsmasters_column one_half\">\n<div class=\"cmsmasters_embed_wrap\">\n<iframe title=\"\u02bb\u014clelo Hawai\u02bbi Guidelines: Pau\" width=\"500\" height=\"281\" src=\"https:\/\/www.youtube.com\/embed\/yeyc8plwNLM?feature=oembed\" frameborder=\"0\" allow=\"accelerometer; autoplay; encrypted-media; gyroscope; picture-in-picture\" allowfullscreen><\/iframe><\/div>\n<\/div>\n<\/div>\n<\/div>\n<\/div>\n<\/div>\n<\/div>\n<div id=\"cmsmasters_row_6a05747cc50ea\" class=\"cmsmasters_row cmsmasters_color_scheme_default cmsmasters_row_top_default cmsmasters_row_bot_default cmsmasters_row_boxed\">\n<div class=\"cmsmasters_row_outer_parent\">\n<div class=\"cmsmasters_row_outer\">\n<div class=\"cmsmasters_row_inner\">\n<div class=\"cmsmasters_row_margin\">\n<div class=\"cmsmasters_column one_half\">\n<div class=\"cmsmasters_embed_wrap\">\n<iframe title=\"\u02bb\u014clelo Hawai\u02bbi Guidelines: Lilo (To Become)\" width=\"500\" height=\"281\" src=\"https:\/\/www.youtube.com\/embed\/OLBz15_NQSk?feature=oembed\" frameborder=\"0\" allow=\"accelerometer; autoplay; encrypted-media; gyroscope; picture-in-picture\" allowfullscreen><\/iframe><\/div>\n<\/div>\n<div class=\"cmsmasters_column one_half\">\n<div class=\"cmsmasters_embed_wrap\">\n<iframe title=\"\u02bb\u014clelo Hawai\u02bbi Guidelines: Koe\" width=\"500\" height=\"281\" src=\"https:\/\/www.youtube.com\/embed\/A2G_qxJClwg?feature=oembed\" frameborder=\"0\" allow=\"accelerometer; autoplay; encrypted-media; gyroscope; picture-in-picture\" allowfullscreen><\/iframe><\/div>\n<\/div>\n<\/div>\n<\/div>\n<\/div>\n<\/div>\n<\/div>\n<div id=\"cmsmasters_row_6a05747cc674f\" class=\"cmsmasters_row cmsmasters_color_scheme_default cmsmasters_row_top_default cmsmasters_row_bot_default cmsmasters_row_boxed\">\n<div class=\"cmsmasters_row_outer_parent\">\n<div class=\"cmsmasters_row_outer\">\n<div class=\"cmsmasters_row_inner\">\n<div class=\"cmsmasters_row_margin\">\n<div class=\"cmsmasters_column one_first\">\n\n<div id=\"cmsmasters_heading_6a05747cc6915\" class=\"cmsmasters_heading_wrap cmsmasters_heading_align_left cmsmasters_heading_divider_long\">\n\t<h3 class=\"cmsmasters_heading\">No\u02bbeau Warner Guidelines<\/h3>\n<span class=\"cmsmasters_heading_divider_right_wrap\"><span class=\"cmsmasters_heading_divider cmsmasters_heading_divider_right\"><\/span><\/span>\n<\/div>\n<\/div>\n<\/div>\n<\/div>\n<\/div>\n<\/div>\n<\/div>\n<div id=\"cmsmasters_row_6a05747cc6a2a\" class=\"cmsmasters_row cmsmasters_color_scheme_default cmsmasters_row_top_default cmsmasters_row_bot_default cmsmasters_row_boxed\">\n<div class=\"cmsmasters_row_outer_parent\">\n<div class=\"cmsmasters_row_outer\">\n<div class=\"cmsmasters_row_inner\">\n<div class=\"cmsmasters_row_margin\">\n<div class=\"cmsmasters_column one_first\">\n\n<div id=\"cmsmasters_heading_6a05747cc6b5e\" class=\"cmsmasters_heading_wrap cmsmasters_heading_align_center cmsmasters_heading_divider_medium\">\n\t<span class=\"cmsmasters_heading_divider_left_wrap\"><span class=\"cmsmasters_heading_divider cmsmasters_heading_divider_left\"><\/span><\/span>\n<h4 class=\"cmsmasters_heading\">HAMANI<\/h4>\n<span class=\"cmsmasters_heading_divider_right_wrap\"><span class=\"cmsmasters_heading_divider cmsmasters_heading_divider_right\"><\/span><\/span>\n<\/div>\n<\/div>\n<\/div>\n<\/div>\n<\/div>\n<\/div>\n<\/div>\n<div id=\"cmsmasters_row_6a05747cc6c47\" class=\"cmsmasters_row cmsmasters_color_scheme_default cmsmasters_row_top_default cmsmasters_row_bot_default cmsmasters_row_boxed\">\n<div class=\"cmsmasters_row_outer_parent\">\n<div class=\"cmsmasters_row_outer\">\n<div class=\"cmsmasters_row_inner\">\n<div class=\"cmsmasters_row_margin\">\n<div class=\"cmsmasters_column one_half\">\n<div class=\"cmsmasters_text\">\n<p style=\"text-align: right;\"><span style=\"color: #ff0000;\">ha\u02bbalele<\/span><\/p>\n<\/div>\n<\/div>\n<div class=\"cmsmasters_column one_half\">\n<div class=\"cmsmasters_text\">\n<p><span style=\"color: #ff0000;\">Ua ha\u02bbalele ke keiki i\u0101 O\u02bbahu no Kaua\u02bbi.<\/span><\/p>\n<\/div>\n<\/div>\n<\/div>\n<\/div>\n<\/div>\n<\/div>\n<\/div>\n<div id=\"cmsmasters_row_6a05747cc7164\" class=\"cmsmasters_row cmsmasters_color_scheme_default cmsmasters_row_top_default cmsmasters_row_bot_default cmsmasters_row_boxed\">\n<div class=\"cmsmasters_row_outer_parent\">\n<div class=\"cmsmasters_row_outer\">\n<div class=\"cmsmasters_row_inner\">\n<div class=\"cmsmasters_row_margin\">\n<div class=\"cmsmasters_column one_first\">\n\n<div id=\"cmsmasters_heading_6a05747cc7289\" class=\"cmsmasters_heading_wrap cmsmasters_heading_align_center cmsmasters_heading_divider_medium\">\n\t<span class=\"cmsmasters_heading_divider_left_wrap\"><span class=\"cmsmasters_heading_divider cmsmasters_heading_divider_left\"><\/span><\/span>\n<h4 class=\"cmsmasters_heading\">HEHELE<\/h4>\n<span class=\"cmsmasters_heading_divider_right_wrap\"><span class=\"cmsmasters_heading_divider cmsmasters_heading_divider_right\"><\/span><\/span>\n<\/div>\n<\/div>\n<\/div>\n<\/div>\n<\/div>\n<\/div>\n<\/div>\n<div id=\"cmsmasters_row_6a05747cc738c\" class=\"cmsmasters_row cmsmasters_color_scheme_default cmsmasters_row_top_default cmsmasters_row_bot_default cmsmasters_row_boxed\">\n<div class=\"cmsmasters_row_outer_parent\">\n<div class=\"cmsmasters_row_outer\">\n<div class=\"cmsmasters_row_inner\">\n<div class=\"cmsmasters_row_margin\">\n<div class=\"cmsmasters_column one_half\">\n<div class=\"cmsmasters_text\">\n<p style=\"text-align: right;\"><span style=\"color: #ff0000;\">hele<\/span><\/p>\n<p style=\"text-align: right;\"><span style=\"color: #ff0000;\">k\u016b<\/span><\/p>\n<\/div>\n<\/div>\n<div class=\"cmsmasters_column one_half\">\n<div class=\"cmsmasters_text\">\n<p><span style=\"color: #ff0000;\">Ua hele ke keiki mai O\u02bbahu i Kaua\u02bbi.<\/span><\/p>\n<p><span style=\"color: #ff0000;\">Ke k\u016b nei \u02bbo ia i luna.<\/span><\/p>\n<p><del><span style=\"color: #ff0000;\">*Ke k\u016b i luna nei \u02bbo ia.<\/span><\/del><\/p>\n<\/div>\n<\/div>\n<\/div>\n<\/div>\n<\/div>\n<\/div>\n<\/div>\n<div id=\"cmsmasters_row_6a05747cc7a49\" class=\"cmsmasters_row cmsmasters_color_scheme_default cmsmasters_row_top_default cmsmasters_row_bot_default cmsmasters_row_boxed\">\n<div class=\"cmsmasters_row_outer_parent\">\n<div class=\"cmsmasters_row_outer\">\n<div class=\"cmsmasters_row_inner\">\n<div class=\"cmsmasters_row_margin\">\n<div class=\"cmsmasters_column one_first\">\n\n<div id=\"cmsmasters_heading_6a05747cc7b7d\" class=\"cmsmasters_heading_wrap cmsmasters_heading_align_center cmsmasters_heading_divider_medium\">\n\t<span class=\"cmsmasters_heading_divider_left_wrap\"><span class=\"cmsmasters_heading_divider cmsmasters_heading_divider_left\"><\/span><\/span>\n<h4 class=\"cmsmasters_heading\">\u02bbA\u02bbANO<\/h4>\n<span class=\"cmsmasters_heading_divider_right_wrap\"><span class=\"cmsmasters_heading_divider cmsmasters_heading_divider_right\"><\/span><\/span>\n<\/div>\n<\/div>\n<\/div>\n<\/div>\n<\/div>\n<\/div>\n<\/div>\n<div id=\"cmsmasters_row_6a05747cc7c5e\" class=\"cmsmasters_row cmsmasters_color_scheme_default cmsmasters_row_top_default cmsmasters_row_bot_default cmsmasters_row_boxed\">\n<div class=\"cmsmasters_row_outer_parent\">\n<div class=\"cmsmasters_row_outer\">\n<div class=\"cmsmasters_row_inner\">\n<div class=\"cmsmasters_row_margin\">\n<div class=\"cmsmasters_column one_fourth\">\n<\/div>\n<div class=\"cmsmasters_column one_fourth\">\n<div class=\"cmsmasters_text\">\n<p style=\"text-align: left;\">Loa\u02bba<\/p>\n<p style=\"text-align: left; padding-left: 40px;\"><span style=\"color: #ff0000;\">\u02bbIke loa:<\/span><\/p>\n<p style=\"text-align: left; padding-left: 40px;\"><span style=\"color: #ff0000;\">H\u014d\u02bbole:<\/span><\/p>\n<p>Lilo<\/p>\n<p style=\"padding-left: 40px;\"><span style=\"color: #ff0000;\">\u02bbIke loa:<\/span><\/p>\n<p style=\"padding-left: 40px;\"><span style=\"color: #ff0000;\">H\u014d\u02bbole:<\/span><\/p>\n<p>Lilo<\/p>\n<p style=\"padding-left: 40px;\"><span style=\"color: #ff0000;\">\u02bbIke loa:<\/span><\/p>\n<p style=\"padding-left: 40px;\"><span style=\"color: #ff0000;\">H\u014d\u02bbole:<\/span><\/p>\n<p style=\"text-align: left;\">Hiki (+ HAMANI\/HELHELE)<\/p>\n<p style=\"padding-left: 40px;\"><span style=\"color: #ff0000;\">\u02bbIke loa:<\/span><\/p>\n<p style=\"padding-left: 40px;\"><span style=\"color: #ff0000;\">H\u014d\u02bbole:<\/span><\/p>\n<p style=\"text-align: left;\">Hiki (+ \u02bbA\u02bbANO\/\u02bbIAE)<\/p>\n<p style=\"text-align: left; padding-left: 40px;\"><span style=\"color: #ff0000;\">\u02bbIke Loa:<\/span><\/p>\n<p style=\"padding-left: 40px;\"><span style=\"color: #ff0000;\">H\u014d\u02bbole:<\/span><\/p>\n<p>Maopopo<\/p>\n<p style=\"padding-left: 40px;\"><span style=\"color: #ff0000;\">\u02bbIke loa:<\/span><\/p>\n<p style=\"padding-left: 40px;\"><span style=\"color: #ff0000;\">H\u014d\u02bbole:<\/span><\/p>\n<p>Pau<\/p>\n<p style=\"padding-left: 40px;\"><span style=\"color: #ff0000;\">\u02bbIke loa:<\/span><\/p>\n<p>&nbsp;<\/p>\n<p style=\"padding-left: 40px;\"><span style=\"color: #ff0000;\">H\u014d\u02bbole:<\/span><\/p>\n<p>Puni<\/p>\n<p style=\"padding-left: 40px;\"><span style=\"color: #ff0000;\">\u02bbIke loa:<\/span><\/p>\n<p style=\"padding-left: 40px;\"><span style=\"color: #ff0000;\">H\u014d\u02bbole:<\/span><\/p>\n<p>Koe<\/p>\n<p style=\"padding-left: 40px;\"><span style=\"color: #ff0000;\">\u02bbIke loa:<\/span><\/p>\n<p style=\"padding-left: 40px;\"><span style=\"color: #ff0000;\">H\u014d\u02bbole:<\/span><\/p>\n<\/div>\n<\/div>\n<div class=\"cmsmasters_column one_half\">\n<div class=\"cmsmasters_text\">\n<p>&nbsp;<\/p>\n<p><span style=\"color: #ff0000;\">Ua loa\u02bba \u02bbo ia i ka m\u0101ka\u02bbi<\/span><\/p>\n<p><span style=\"color: #ff0000;\">\u02bbA\u02bbole \u02bbo ia i loa\u02bba i ka m\u0101ka\u02bbi.<\/span><\/p>\n<p>&nbsp;<\/p>\n<p><span style=\"color: #ff0000;\">Ua lilo ka\u02bbu k\u0101l\u0101 i k\u0113l\u0101 keiki nui.<\/span><\/p>\n<p><span style=\"color: #ff0000;\">\u02bbA\u02bbole i lilo ka\u02bbu k\u0101l\u0101 i k\u0113l\u0101 keiki nui.<\/span><\/p>\n<p>&nbsp;<\/p>\n<p><span style=\"color: #ff0000;\">Makemake \u02bbo ia i lilo i pailaka mokulele.<\/span><\/p>\n<p><span style=\"color: #ff0000;\">\u02bbA\u02bbole \u02bbo ia makemake e lilo i pailaka mokulele.<\/span><\/p>\n<p>&nbsp;<\/p>\n<p>Hiki ia\u02bbu ke k\u014dkua i\u0101 \u02bboukou.<\/p>\n<p>\u02bbA\u02bbole hiki i ke kumu ke hele me \u02bbolua.<\/p>\n<p>&nbsp;<\/p>\n<p><span style=\"color: #ff0000;\">Hiki ke wela kou lima i ke ahi.<\/span><\/p>\n<p><span style=\"color: #ff0000;\">\u02bbA\u02bbole hiki ke \u02bbai \u02bbia k\u0113ia \u02bbano melehune.<\/span><\/p>\n<p>&nbsp;<\/p>\n<p><span style=\"color: #ff0000;\">Maopopo ia\u02bbu ke kumu o kona make \u02bbana.<\/span><\/p>\n<p><span style=\"color: #ff0000;\">\u02bbA\u02bbole maopopo ia\u02bbu kona inoa.<\/span><\/p>\n<p>&nbsp;<\/p>\n<p><span style=\"color: #ff0000;\">Ua pau ka ha\u02bbawina (ia\u02bbu).<\/span><\/p>\n<p><span style=\"color: #ff0000;\">Ua pau ka\u02bbu ha\u02bbawina (ia\u02bbu).<\/span><\/p>\n<p><span style=\"color: #ff0000;\">\u02bbA\u02bbole i pau ka ha\u02bbawina (ia\u02bbu).<\/span><\/p>\n<p>&nbsp;<\/p>\n<p><span style=\"color: #ff0000;\">Ua holo n\u0101 keiki a puni ka hale.<\/span><\/p>\n<p><span style=\"color: #ff0000;\">\u02bbA\u02bbole l\u0101kou i hele a puni k\u0113l\u0101 \u02bb\u0101ina.<\/span><\/p>\n<p>&nbsp;<\/p>\n<p><span style=\"color: #ff0000;\">U hana m\u0101kou i n\u0101 mea a pau. koe k\u0113ia.<\/span><\/p>\n<p><span style=\"color: #ff0000;\">\u02bbA\u02bbole i koe ho\u02bbokahi kanaka.<\/span><\/p>\n<\/div>\n<\/div>\n<\/div>\n<\/div>\n<\/div>\n<\/div>\n<\/div>\n<div id=\"cmsmasters_row_6a05747cc98c8\" class=\"cmsmasters_row cmsmasters_color_scheme_default cmsmasters_row_top_default cmsmasters_row_bot_default cmsmasters_row_boxed\">\n<div class=\"cmsmasters_row_outer_parent\">\n<div class=\"cmsmasters_row_outer\">\n<div class=\"cmsmasters_row_inner\">\n<div class=\"cmsmasters_row_margin\">\n<div class=\"cmsmasters_column one_first\">\n\n<div id=\"cmsmasters_heading_6a05747cc99e9\" class=\"cmsmasters_heading_wrap cmsmasters_heading_align_left cmsmasters_heading_divider_long\">\n\t<h3 class=\"cmsmasters_heading\">Kaleikoa Explanation<\/h3>\n<span class=\"cmsmasters_heading_divider_right_wrap\"><span class=\"cmsmasters_heading_divider cmsmasters_heading_divider_right\"><\/span><\/span>\n<\/div>\n<\/div>\n<\/div>\n<\/div>\n<\/div>\n<\/div>\n<\/div>\n<div id=\"cmsmasters_row_6a05747cc9abf\" class=\"cmsmasters_row cmsmasters_color_scheme_default cmsmasters_row_top_default cmsmasters_row_bot_default cmsmasters_row_boxed\">\n<div class=\"cmsmasters_row_outer_parent\">\n<div class=\"cmsmasters_row_outer\">\n<div class=\"cmsmasters_row_inner\">\n<div class=\"cmsmasters_row_margin\">\n<div class=\"cmsmasters_column one_first\">\n\n<div id=\"cmsmasters_heading_6a05747cc9bc1\" class=\"cmsmasters_heading_wrap cmsmasters_heading_align_left cmsmasters_heading_divider_long\">\n\t<h3 class=\"cmsmasters_heading\">Examples<\/h3>\n<span class=\"cmsmasters_heading_divider_right_wrap\"><span class=\"cmsmasters_heading_divider cmsmasters_heading_divider_right\"><\/span><\/span>\n<\/div>\n<\/div>\n<\/div>\n<\/div>\n<\/div>\n<\/div>\n<\/div>\n<div id=\"cmsmasters_row_6a05747cc9caf\" class=\"cmsmasters_row cmsmasters_color_scheme_default cmsmasters_row_top_default cmsmasters_row_bot_default cmsmasters_row_boxed\">\n<div class=\"cmsmasters_row_outer_parent\">\n<div class=\"cmsmasters_row_outer\">\n<div class=\"cmsmasters_row_inner\">\n<div class=\"cmsmasters_row_margin\">\n<div class=\"cmsmasters_column one_first\">\n\n<div id=\"cmsmasters_heading_6a05747cc9d9f\" class=\"cmsmasters_heading_wrap cmsmasters_heading_align_left cmsmasters_heading_divider_long\">\n\t<h3 class=\"cmsmasters_heading\">Palapala<\/h3>\n<span class=\"cmsmasters_heading_divider_right_wrap\"><span class=\"cmsmasters_heading_divider cmsmasters_heading_divider_right\"><\/span><\/span>\n<\/div>\n<\/div>\n<\/div>\n<\/div>\n<\/div>\n<\/div>\n<\/div>\n<div id=\"cmsmasters_row_6a05747cc9e6c\" class=\"cmsmasters_row cmsmasters_color_scheme_default cmsmasters_row_top_default cmsmasters_row_bot_default cmsmasters_row_boxed\">\n<div class=\"cmsmasters_row_outer_parent\">\n<div class=\"cmsmasters_row_outer\">\n<div class=\"cmsmasters_row_inner\">\n<div class=\"cmsmasters_row_margin\">\n<div class=\"cmsmasters_column one_first\">\n<div class=\"cmsmasters_text\">\n<p><\/p>\n<\/div>\n<\/div>\n<\/div>\n<\/div>\n<\/div>\n<\/div>\n<\/div>\n\n","protected":false},"excerpt":{"rendered":"","protected":false},"author":1,"featured_media":0,"parent":1071,"menu_order":0,"comment_status":"closed","ping_status":"closed","template":"","meta":[],"_links":{"self":[{"href":"https:\/\/ehooululahui.maui.hawaii.edu\/index.php?rest_route=\/wp\/v2\/pages\/1150"}],"collection":[{"href":"https:\/\/ehooululahui.maui.hawaii.edu\/index.php?rest_route=\/wp\/v2\/pages"}],"about":[{"href":"https:\/\/ehooululahui.maui.hawaii.edu\/index.php?rest_route=\/wp\/v2\/types\/page"}],"author":[{"embeddable":true,"href":"https:\/\/ehooululahui.maui.hawaii.edu\/index.php?rest_route=\/wp\/v2\/users\/1"}],"replies":[{"embeddable":true,"href":"https:\/\/ehooululahui.maui.hawaii.edu\/index.php?rest_route=%2Fwp%2Fv2%2Fcomments&post=1150"}],"version-history":[{"count":9,"href":"https:\/\/ehooululahui.maui.hawaii.edu\/index.php?rest_route=\/wp\/v2\/pages\/1150\/revisions"}],"predecessor-version":[{"id":2074,"href":"https:\/\/ehooululahui.maui.hawaii.edu\/index.php?rest_route=\/wp\/v2\/pages\/1150\/revisions\/2074"}],"up":[{"embeddable":true,"href":"https:\/\/ehooululahui.maui.hawaii.edu\/index.php?rest_route=\/wp\/v2\/pages\/1071"}],"wp:attachment":[{"href":"https:\/\/ehooululahui.maui.hawaii.edu\/index.php?rest_route=%2Fwp%2Fv2%2Fmedia&parent=1150"}],"curies":[{"name":"wp","href":"https:\/\/api.w.org\/{rel}","templated":true}]}}