{"id":1168,"date":"2019-07-08T14:50:23","date_gmt":"2019-07-09T00:50:23","guid":{"rendered":"http:\/\/ehooululahui.maui.hawaii.edu\/?page_id=1168"},"modified":"2019-08-22T15:59:42","modified_gmt":"2019-08-23T01:59:42","slug":"kahulu-pepeke-painu","status":"publish","type":"page","link":"https:\/\/ehooululahui.maui.hawaii.edu\/?page_id=1168","title":{"rendered":"K\u0101hulu Pepeke Painu"},"content":{"rendered":"<style type=\"text\/css\"> \n#cmsmasters_row_69f62d6219eb2 .cmsmasters_row_outer_parent { \n\tpadding-top: 0px; \n} \n\n#cmsmasters_row_69f62d6219eb2 .cmsmasters_row_outer_parent { \n\tpadding-bottom: 0px; \n} \n\n \n#cmsmasters_heading_69f62d621a078 { \n\ttext-align:left; \n\tmargin-top:15px; \n\tmargin-bottom:10px; \n} \n\n#cmsmasters_heading_69f62d621a078 .cmsmasters_heading { \n\ttext-align:left; \n\tmargin-right:1em; \n} \n\n#cmsmasters_heading_69f62d621a078 .cmsmasters_heading, #cmsmasters_heading_69f62d621a078 .cmsmasters_heading a { \n\tfont-weight:bold; \n\tfont-style:normal; \n} \n\n#cmsmasters_heading_69f62d621a078 .cmsmasters_heading_divider { \n\tborder-bottom-width:11px; \n\tborder-bottom-style:solid; \n\tborder-bottom-color:#e05228;\n\tmargin-top:-6px; \n} \n\n \n#cmsmasters_row_69f62d621a165 .cmsmasters_row_outer_parent { \n\tpadding-top: 0px; \n} \n\n#cmsmasters_row_69f62d621a165 .cmsmasters_row_outer_parent { \n\tpadding-bottom: 30px; \n} \n\n \n#cmsmasters_heading_69f62d621a308 { \n\ttext-align:center; \n\tmargin-top:0px; \n\tmargin-bottom:30px; \n} \n\n#cmsmasters_heading_69f62d621a308 .cmsmasters_heading { \n\ttext-align:center; \n\tmargin-left:1em; \n\tmargin-right:1em; \n} \n\n#cmsmasters_heading_69f62d621a308 .cmsmasters_heading, #cmsmasters_heading_69f62d621a308 .cmsmasters_heading a { \n\tfont-weight:normal; \n\tfont-style:italic; \n} \n\n#cmsmasters_heading_69f62d621a308 .cmsmasters_heading_divider { \n\tborder-bottom-width:5px; \n\tborder-bottom-style:solid; \n\tmargin-top:-3px; \n} \n\n \n#cmsmasters_row_69f62d621a4d6 .cmsmasters_row_outer_parent { \n\tpadding-top: 0px; \n} \n\n#cmsmasters_row_69f62d621a4d6 .cmsmasters_row_outer_parent { \n\tpadding-bottom: 30px; \n} \n\n \n#cmsmasters_row_69f62d621ad18 .cmsmasters_row_outer_parent { \n\tpadding-top: 0px; \n} \n\n#cmsmasters_row_69f62d621ad18 .cmsmasters_row_outer_parent { \n\tpadding-bottom: 20px; \n} \n\n \n#cmsmasters_heading_69f62d621af01 { \n\ttext-align:center; \n\tmargin-top:0px; \n\tmargin-bottom:30px; \n} \n\n#cmsmasters_heading_69f62d621af01 .cmsmasters_heading { \n\ttext-align:center; \n\tmargin-left:1em; \n\tmargin-right:1em; \n} \n\n#cmsmasters_heading_69f62d621af01 .cmsmasters_heading, #cmsmasters_heading_69f62d621af01 .cmsmasters_heading a { \n\tfont-weight:normal; \n\tfont-style:italic; \n} \n\n#cmsmasters_heading_69f62d621af01 .cmsmasters_heading_divider { \n\tborder-bottom-width:5px; \n\tborder-bottom-style:solid; \n\tmargin-top:-3px; \n} \n\n \n#cmsmasters_row_69f62d621b169 .cmsmasters_row_outer_parent { \n\tpadding-top: 0px; \n} \n\n#cmsmasters_row_69f62d621b169 .cmsmasters_row_outer_parent { \n\tpadding-bottom: 50px; \n} \n\n \n#cmsmasters_row_69f62d621b9bb .cmsmasters_row_outer_parent { \n\tpadding-top: 0px; \n} \n\n#cmsmasters_row_69f62d621b9bb .cmsmasters_row_outer_parent { \n\tpadding-bottom: 50px; \n} \n\n \n#cmsmasters_heading_69f62d621c08e { \n\ttext-align:left; \n\tmargin-top:15px; \n\tmargin-bottom:10px; \n} \n\n#cmsmasters_heading_69f62d621c08e .cmsmasters_heading { \n\ttext-align:left; \n\tmargin-right:1em; \n} \n\n#cmsmasters_heading_69f62d621c08e .cmsmasters_heading, #cmsmasters_heading_69f62d621c08e .cmsmasters_heading a { \n\tfont-weight:bold; \n\tfont-style:normal; \n} \n\n#cmsmasters_heading_69f62d621c08e .cmsmasters_heading_divider { \n\tborder-bottom-width:11px; \n\tborder-bottom-style:solid; \n\tborder-bottom-color:#e05228;\n\tmargin-top:-6px; \n} \n\n \n#cmsmasters_row_69f62d621c99a .cmsmasters_row_outer_parent { \n\tpadding-top: 0px; \n} \n\n#cmsmasters_row_69f62d621c99a .cmsmasters_row_outer_parent { \n\tpadding-bottom: 50px; \n} \n\n \n#cmsmasters_heading_69f62d621cae9 { \n\ttext-align:left; \n\tmargin-top:15px; \n\tmargin-bottom:10px; \n} \n\n#cmsmasters_heading_69f62d621cae9 .cmsmasters_heading { \n\ttext-align:left; \n\tmargin-right:1em; \n} \n\n#cmsmasters_heading_69f62d621cae9 .cmsmasters_heading, #cmsmasters_heading_69f62d621cae9 .cmsmasters_heading a { \n\tfont-weight:bold; \n\tfont-style:normal; \n} \n\n#cmsmasters_heading_69f62d621cae9 .cmsmasters_heading_divider { \n\tborder-bottom-width:11px; \n\tborder-bottom-style:solid; \n\tborder-bottom-color:#e05228;\n\tmargin-top:-6px; \n} \n\n \n#cmsmasters_row_69f62d621cba5 .cmsmasters_row_outer_parent { \n\tpadding-top: 0px; \n} \n\n#cmsmasters_row_69f62d621cba5 .cmsmasters_row_outer_parent { \n\tpadding-bottom: 50px; \n} \n\n \n#cmsmasters_row_69f62d621cc6f .cmsmasters_row_outer_parent { \n\tpadding-top: 0px; \n} \n\n#cmsmasters_row_69f62d621cc6f .cmsmasters_row_outer_parent { \n\tpadding-bottom: 50px; \n} \n\n \n#cmsmasters_heading_69f62d621cd7c { \n\ttext-align:left; \n\tmargin-top:15px; \n\tmargin-bottom:10px; \n} \n\n#cmsmasters_heading_69f62d621cd7c .cmsmasters_heading { \n\ttext-align:left; \n\tmargin-right:1em; \n} \n\n#cmsmasters_heading_69f62d621cd7c .cmsmasters_heading, #cmsmasters_heading_69f62d621cd7c .cmsmasters_heading a { \n\tfont-weight:bold; \n\tfont-style:normal; \n} \n\n#cmsmasters_heading_69f62d621cd7c .cmsmasters_heading_divider { \n\tborder-bottom-width:11px; \n\tborder-bottom-style:solid; \n\tborder-bottom-color:#e05228;\n\tmargin-top:-6px; \n} \n\n \n#cmsmasters_row_69f62d621ce26 .cmsmasters_row_outer_parent { \n\tpadding-top: 0px; \n} \n\n#cmsmasters_row_69f62d621ce26 .cmsmasters_row_outer_parent { \n\tpadding-bottom: 50px; \n} \n\n \n#cmsmasters_heading_69f62d621cf3e { \n\ttext-align:left; \n\tmargin-top:15px; \n\tmargin-bottom:10px; \n} \n\n#cmsmasters_heading_69f62d621cf3e .cmsmasters_heading { \n\ttext-align:left; \n\tmargin-right:1em; \n} \n\n#cmsmasters_heading_69f62d621cf3e .cmsmasters_heading, #cmsmasters_heading_69f62d621cf3e .cmsmasters_heading a { \n\tfont-weight:bold; \n\tfont-style:normal; \n} \n\n#cmsmasters_heading_69f62d621cf3e .cmsmasters_heading_divider { \n\tborder-bottom-width:11px; \n\tborder-bottom-style:solid; \n\tborder-bottom-color:#e05228;\n\tmargin-top:-6px; \n} \n\n \n#cmsmasters_row_69f62d621d08e .cmsmasters_row_outer_parent { \n\tpadding-top: 0px; \n} \n\n#cmsmasters_row_69f62d621d08e .cmsmasters_row_outer_parent { \n\tpadding-bottom: 50px; \n} \n\n<\/style><div id=\"cmsmasters_row_69f62d6219eb2\" class=\"cmsmasters_row cmsmasters_color_scheme_default cmsmasters_row_top_default cmsmasters_row_bot_default cmsmasters_row_boxed\">\n<div class=\"cmsmasters_row_outer_parent\">\n<div class=\"cmsmasters_row_outer\">\n<div class=\"cmsmasters_row_inner\">\n<div class=\"cmsmasters_row_margin\">\n<div class=\"cmsmasters_column one_first\">\n\n<div id=\"cmsmasters_heading_69f62d621a078\" class=\"cmsmasters_heading_wrap cmsmasters_heading_align_left cmsmasters_heading_divider_long\">\n\t<h3 class=\"cmsmasters_heading\">No\u02bbeau Warner Guidelines<\/h3>\n<span class=\"cmsmasters_heading_divider_right_wrap\"><span class=\"cmsmasters_heading_divider cmsmasters_heading_divider_right\"><\/span><\/span>\n<\/div>\n<\/div>\n<\/div>\n<\/div>\n<\/div>\n<\/div>\n<\/div>\n<div id=\"cmsmasters_row_69f62d621a165\" class=\"cmsmasters_row cmsmasters_color_scheme_default cmsmasters_row_top_default cmsmasters_row_bot_default cmsmasters_row_boxed\">\n<div class=\"cmsmasters_row_outer_parent\">\n<div class=\"cmsmasters_row_outer\">\n<div class=\"cmsmasters_row_inner\">\n<div class=\"cmsmasters_row_margin\">\n<div class=\"cmsmasters_column one_first\">\n\n<div id=\"cmsmasters_heading_69f62d621a308\" class=\"cmsmasters_heading_wrap cmsmasters_heading_align_center cmsmasters_heading_divider_medium\">\n\t<span class=\"cmsmasters_heading_divider_left_wrap\"><span class=\"cmsmasters_heading_divider cmsmasters_heading_divider_left\"><\/span><\/span>\n<h4 class=\"cmsmasters_heading\">&#8230;Piko Hou \u02bbOle<\/h4>\n<span class=\"cmsmasters_heading_divider_right_wrap\"><span class=\"cmsmasters_heading_divider cmsmasters_heading_divider_right\"><\/span><\/span>\n<\/div><div class=\"cmsmasters_text\">\n<p style=\"text-align: center;\"><strong>&#8230;ka wahine i PAINU&#8230;<\/strong><\/p>\n<\/div>\n<\/div>\n<\/div>\n<\/div>\n<\/div>\n<\/div>\n<\/div>\n<div id=\"cmsmasters_row_69f62d621a4d6\" class=\"cmsmasters_row cmsmasters_color_scheme_default cmsmasters_row_top_default cmsmasters_row_bot_default cmsmasters_row_boxed\">\n<div class=\"cmsmasters_row_outer_parent\">\n<div class=\"cmsmasters_row_outer\">\n<div class=\"cmsmasters_row_inner\">\n<div class=\"cmsmasters_row_margin\">\n<div class=\"cmsmasters_column one_half\">\n<div class=\"cmsmasters_text\">\n<p style=\"text-align: right;\"><span style=\"color: #ff0000;\">i PAINU<\/span><\/p>\n<p style=\"text-align: right;\"><span style=\"color: #ff0000;\">e PAINU nei<\/span><\/p>\n<p style=\"text-align: right;\"><span style=\"color: #ff0000;\">e PAINU ana<\/span><\/p>\n<p style=\"text-align: right;\"><span style=\"color: #ff0000;\">e PAINU ana<\/span><\/p>\n<p style=\"text-align: right;\"><span style=\"color: #ff0000;\">e PAINU<\/span><\/p>\n<\/div>\n<\/div>\n<div class=\"cmsmasters_column one_half\">\n<div class=\"cmsmasters_text\">\n<p>\u02bbO ia <span style=\"color: #ff0000;\">ke k\u0101ne i koe.<\/span><\/p>\n<p>He Kepan\u012b <span style=\"color: #ff0000;\">ka mea e lawe \u02bbia nei i ka haukapila.<\/span><\/p>\n<p>\u02bbO ia <span style=\"color: #ff0000;\">ke k\u0101ne e hiamoe ana i nehinei.<\/span><\/p>\n<p>Ua \u02bbike au i <span style=\"color: #ff0000;\">ka mea e mele ana i ka p\u014d \u02bbap\u014dp\u014d.<\/span><\/p>\n<p>Ma hea <span style=\"color: #ff0000;\">ka wahine e hula.<\/span><\/p>\n<\/div>\n<\/div>\n<\/div>\n<\/div>\n<\/div>\n<\/div>\n<\/div>\n<div id=\"cmsmasters_row_69f62d621ad18\" class=\"cmsmasters_row cmsmasters_color_scheme_default cmsmasters_row_top_default cmsmasters_row_bot_default cmsmasters_row_boxed\">\n<div class=\"cmsmasters_row_outer_parent\">\n<div class=\"cmsmasters_row_outer\">\n<div class=\"cmsmasters_row_inner\">\n<div class=\"cmsmasters_row_margin\">\n<div class=\"cmsmasters_column one_first\">\n\n<div id=\"cmsmasters_heading_69f62d621af01\" class=\"cmsmasters_heading_wrap cmsmasters_heading_align_center cmsmasters_heading_divider_medium\">\n\t<span class=\"cmsmasters_heading_divider_left_wrap\"><span class=\"cmsmasters_heading_divider cmsmasters_heading_divider_left\"><\/span><\/span>\n<h4 class=\"cmsmasters_heading\">&#8230;Piko Hou<\/h4>\n<span class=\"cmsmasters_heading_divider_right_wrap\"><span class=\"cmsmasters_heading_divider cmsmasters_heading_divider_right\"><\/span><\/span>\n<\/div><div class=\"cmsmasters_text\">\n<p style=\"text-align: center;\"><strong>&#8230;ka wahine a\u02bbu i HAMANI \/ HEHELE ai&#8230;<\/strong><\/p>\n<\/div>\n<div class=\"cmsmasters_text\">\n<p style=\"text-align: center;\"><strong>&#8230;ka \u02bb\u0101ina i \u02bbA\u02bbANO \/ \u02bbIAE ai au&#8230;<\/strong><\/p>\n<\/div>\n<\/div>\n<\/div>\n<\/div>\n<\/div>\n<\/div>\n<\/div>\n<div id=\"cmsmasters_row_69f62d621b169\" class=\"cmsmasters_row cmsmasters_color_scheme_default cmsmasters_row_top_default cmsmasters_row_bot_default cmsmasters_row_boxed\">\n<div class=\"cmsmasters_row_outer_parent\">\n<div class=\"cmsmasters_row_outer\">\n<div class=\"cmsmasters_row_inner\">\n<div class=\"cmsmasters_row_margin\">\n<div class=\"cmsmasters_column one_half\">\n<div class=\"cmsmasters_text\">\n<p style=\"text-align: right;\"><span style=\"color: #ff0000;\">i PAINU ai<\/span><\/p>\n<p style=\"text-align: right;\"><span style=\"color: #ff0000;\">e PAINU nei<\/span><\/p>\n<p style=\"text-align: right;\"><span style=\"color: #ff0000;\">e PAINU ana<\/span><\/p>\n<p style=\"text-align: right;\"><span style=\"color: #ff0000;\">e PAINU ana<\/span><\/p>\n<p style=\"text-align: right;\"><span style=\"color: #ff0000;\">e PAINU ai<\/span><\/p>\n<\/div>\n<\/div>\n<div class=\"cmsmasters_column one_half\">\n<div class=\"cmsmasters_text\">\n<p>\u02bbO k\u0113ia <span style=\"color: #ff0000;\">ka h\u014dkele i make ai \u02bbo Kal\u0101kaua.<\/span><\/p>\n<p>He aha <span style=\"color: #ff0000;\">ke kumu e lawe \u02bbia ai \u02bbo Nani i ka haukapila?<\/span><\/p>\n<p>\u0100kea <span style=\"color: #ff0000;\">ka \u02bb\u0101ina a N\u0101lani e hele ana i nehinei.<\/span><\/p>\n<p>Aia <span style=\"color: #ff0000;\">ka i\u02bba a\u02bbu e \u02bbai ana ma \u02bb\u014d.<\/span><\/p>\n<p>Nui <span style=\"color: #ff0000;\">n\u0101 \u02bbeke poi a k\u0101kou e halihali ai.<\/span><\/p>\n<\/div>\n<\/div>\n<\/div>\n<\/div>\n<\/div>\n<\/div>\n<\/div>\n<div id=\"cmsmasters_row_69f62d621b9bb\" class=\"cmsmasters_row cmsmasters_color_scheme_default cmsmasters_row_top_default cmsmasters_row_bot_default cmsmasters_row_boxed\">\n<div class=\"cmsmasters_row_outer_parent\">\n<div class=\"cmsmasters_row_outer\">\n<div class=\"cmsmasters_row_inner\">\n<div class=\"cmsmasters_row_margin\">\n<div class=\"cmsmasters_column one_first\">\n\n<div id=\"cmsmasters_heading_69f62d621c08e\" class=\"cmsmasters_heading_wrap cmsmasters_heading_align_left cmsmasters_heading_divider_long\">\n\t<h3 class=\"cmsmasters_heading\">Kaleikoa Explanation<\/h3>\n<span class=\"cmsmasters_heading_divider_right_wrap\"><span class=\"cmsmasters_heading_divider cmsmasters_heading_divider_right\"><\/span><\/span>\n<\/div><div class=\"cmsmasters_text\">\n<h3 dir=\"ltr\" style=\"text-align: center;\"><b>K\u0101hulu Pepeke Painu A<\/b><\/h3>\n<div dir=\"ltr\" style=\"text-align: center;\">\u02bbO wai ka mea e m\u0101lama nei i k\u0101u mau keiki?<\/div>\n<div dir=\"ltr\" style=\"text-align: center;\">He aha ka mea hou i loa\u02bba aku i\u0101 l\u0101ua?<\/div>\n<div style=\"text-align: center;\">Ua ma\u02bbi \u02bbo ia i ka mea\u02bbono i lawe \u02bbia i ka p\u0101\u02bbina i ka p\u014d nei.<\/div>\n<p style=\"text-align: center;\">&#8216;o ka \u02bb\u014dlelo Hawai&#8217;i wale n\u014d ka &#8216;\u014dlelo e lohe \u02bbia.<\/p>\n<div>\n<h3 id=\"sites-page-title-header\" style=\"text-align: center;\" align=\"left\"><strong><span id=\"sites-page-title\" dir=\"ltr\" tabindex=\"-1\">Kekahi wahi e painu ai<\/span><\/strong><\/h3>\n<div style=\"text-align: center;\">\u02bba\u02bbole e loa&#8217;a mau ke alahele e hele ai i Hilo<\/div>\n<div style=\"text-align: center;\">Ma kona wahi e hele ai<\/div>\n<div style=\"text-align: center;\">i Punalu&#8217;u e holoi lole ai a &#8216;au&#8217; au.<\/div>\n<p style=\"text-align: center;\">Ak\u0101 &#8216;o k\u0101 m\u0101kou wahi makemake loa e hele ai i ka &#8216;au&#8217; au.<\/p>\n<div>\n<h3 id=\"sites-page-title-header\" style=\"text-align: center;\" align=\"left\"><strong><span id=\"sites-page-title\" dir=\"ltr\" tabindex=\"-1\">Kekahi w\u0101 e painu ai<\/span><\/strong><\/h3>\n<\/div>\n<\/div>\n<p id=\"sites-page-title-header\" style=\"text-align: center;\" align=\"left\">P\u0113ia me ka manawa e \u02bbai ai<\/p>\n<h3 dir=\"ltr\" style=\"text-align: center;\"><b>K\u0101hulu Pepeke Painu B<\/b><\/h3>\n<div dir=\"ltr\" style=\"text-align: center;\">He aha k\u0101 Keola i ha\u02bbi ai i\u0101 \u02bboe?<\/div>\n<div dir=\"ltr\" style=\"text-align: center;\">Eia mai ka puke \u0101u e heluhelu ai no ka papa.<\/div>\n<p dir=\"ltr\" style=\"text-align: center;\">\u02bbA\u02bbohe a\u02bbu mea e h\u016bn\u0101 nei?<\/p>\n<h3 style=\"text-align: center;\"><b>K\u0101hulu Pepeke Painu B (w\u0101)<\/b><\/h3>\n<p style=\"text-align: center;\">I ko\u02bbu mana\u02bbo, ua kapa \u02bbia kona inoa haole i ka manawa e ha\u02bbi \u02bbeuanelio ana n\u0101 mikanele ma Puna<\/p>\n<h3 dir=\"ltr\" style=\"text-align: center;\"><strong>ki\u02bba + e painu ai<\/strong><\/h3>\n<div dir=\"ltr\" style=\"text-align: center;\">I want a book to read<\/div>\n<div dir=\"ltr\" style=\"text-align: center;\">She gave me a fish to fry<\/div>\n<div dir=\"ltr\" style=\"text-align: center;\">I want a reason to live<\/div>\n<div dir=\"ltr\" style=\"text-align: center;\">Can I have some water to drink?<\/div>\n<p dir=\"ltr\" style=\"text-align: center;\">Keola comes here everyday to learn Hawaiian.<\/p>\n<div dir=\"ltr\" style=\"text-align: center;\">kahi e noho ai<\/div>\n<div dir=\"ltr\" style=\"text-align: center;\">kahi e ho\u02bbomaha ai<\/div>\n<div dir=\"ltr\" style=\"text-align: center;\">ka w\u0101 e hiamoe ai<\/div>\n<div dir=\"ltr\" style=\"text-align: center;\">ka w\u0101 e ho\u02bbi ai<\/div>\n<div dir=\"ltr\" style=\"text-align: center;\">ke kumu e k\u014dkua ai<\/div>\n<div dir=\"ltr\" style=\"text-align: center;\">ke kumu e hau\u02bboli ai<\/div>\n<div dir=\"ltr\" style=\"text-align: center;\">ka mea e pono ai<\/div>\n<div dir=\"ltr\" style=\"text-align: center;\">ka mea e lawe ai<\/div>\n<div dir=\"ltr\" style=\"text-align: center;\">ka mea e painu<\/div>\n<div dir=\"ltr\" style=\"text-align: center;\">ka mea e painu ai<\/div>\n<div dir=\"ltr\" style=\"text-align: center;\">ka mea e heluhelu<\/div>\n<div dir=\"ltr\" style=\"text-align: center;\">ka mea e heluhelu ai<\/div>\n<p dir=\"ltr\" style=\"text-align: center;\">ka mea i nani<\/p>\n<\/div>\n<\/div>\n<\/div>\n<\/div>\n<\/div>\n<\/div>\n<\/div>\n<div id=\"cmsmasters_row_69f62d621c99a\" class=\"cmsmasters_row cmsmasters_color_scheme_default cmsmasters_row_top_default cmsmasters_row_bot_default cmsmasters_row_boxed\">\n<div class=\"cmsmasters_row_outer_parent\">\n<div class=\"cmsmasters_row_outer\">\n<div class=\"cmsmasters_row_inner\">\n<div class=\"cmsmasters_row_margin\">\n<div class=\"cmsmasters_column one_first\">\n\n<div id=\"cmsmasters_heading_69f62d621cae9\" class=\"cmsmasters_heading_wrap cmsmasters_heading_align_left cmsmasters_heading_divider_long\">\n\t<h3 class=\"cmsmasters_heading\">Wiki\u014d<\/h3>\n<span class=\"cmsmasters_heading_divider_right_wrap\"><span class=\"cmsmasters_heading_divider cmsmasters_heading_divider_right\"><\/span><\/span>\n<\/div>\n<\/div>\n<\/div>\n<\/div>\n<\/div>\n<\/div>\n<\/div>\n<div id=\"cmsmasters_row_69f62d621cba5\" class=\"cmsmasters_row cmsmasters_color_scheme_default cmsmasters_row_top_default cmsmasters_row_bot_default cmsmasters_row_boxed\">\n<div class=\"cmsmasters_row_outer_parent\">\n<div class=\"cmsmasters_row_outer\">\n<div class=\"cmsmasters_row_inner\">\n<div class=\"cmsmasters_row_margin\">\n<div class=\"cmsmasters_column one_half\">\n<\/div>\n<div class=\"cmsmasters_column one_half\">\n<\/div>\n<\/div>\n<\/div>\n<\/div>\n<\/div>\n<\/div>\n<div id=\"cmsmasters_row_69f62d621cc6f\" class=\"cmsmasters_row cmsmasters_color_scheme_default cmsmasters_row_top_default cmsmasters_row_bot_default cmsmasters_row_boxed\">\n<div class=\"cmsmasters_row_outer_parent\">\n<div class=\"cmsmasters_row_outer\">\n<div class=\"cmsmasters_row_inner\">\n<div class=\"cmsmasters_row_margin\">\n<div class=\"cmsmasters_column one_first\">\n\n<div id=\"cmsmasters_heading_69f62d621cd7c\" class=\"cmsmasters_heading_wrap cmsmasters_heading_align_left cmsmasters_heading_divider_long\">\n\t<h3 class=\"cmsmasters_heading\">Examples<\/h3>\n<span class=\"cmsmasters_heading_divider_right_wrap\"><span class=\"cmsmasters_heading_divider cmsmasters_heading_divider_right\"><\/span><\/span>\n<\/div>\n<\/div>\n<\/div>\n<\/div>\n<\/div>\n<\/div>\n<\/div>\n<div id=\"cmsmasters_row_69f62d621ce26\" class=\"cmsmasters_row cmsmasters_color_scheme_default cmsmasters_row_top_default cmsmasters_row_bot_default cmsmasters_row_boxed\">\n<div class=\"cmsmasters_row_outer_parent\">\n<div class=\"cmsmasters_row_outer\">\n<div class=\"cmsmasters_row_inner\">\n<div class=\"cmsmasters_row_margin\">\n<div class=\"cmsmasters_column one_first\">\n\n<div id=\"cmsmasters_heading_69f62d621cf3e\" class=\"cmsmasters_heading_wrap cmsmasters_heading_align_left cmsmasters_heading_divider_long\">\n\t<h3 class=\"cmsmasters_heading\">Palapala<\/h3>\n<span class=\"cmsmasters_heading_divider_right_wrap\"><span class=\"cmsmasters_heading_divider cmsmasters_heading_divider_right\"><\/span><\/span>\n<\/div>\n<\/div>\n<\/div>\n<\/div>\n<\/div>\n<\/div>\n<\/div>\n<div id=\"cmsmasters_row_69f62d621d08e\" class=\"cmsmasters_row cmsmasters_color_scheme_default cmsmasters_row_top_default cmsmasters_row_bot_default cmsmasters_row_boxed\">\n<div class=\"cmsmasters_row_outer_parent\">\n<div class=\"cmsmasters_row_outer\">\n<div class=\"cmsmasters_row_inner\">\n<div class=\"cmsmasters_row_margin\">\n<div class=\"cmsmasters_column one_first\">\n<div class=\"cmsmasters_text\">\n<p><a href=\"http:\/\/ehooululahui.maui.hawaii.edu\/wp-content\/uploads\/2019\/08\/Ka\u0304hulu-Pepeke-Painu-A.pdf\" target=\"_blank\" rel=\"noopener noreferrer\">Ka\u0304hulu Pepeke Painu A<\/a><\/p>\n<p><a href=\"http:\/\/ehooululahui.maui.hawaii.edu\/wp-content\/uploads\/2019\/08\/Ka\u0304hulu-Pepeke-Painu-B-KI\u02bba.pdf\" target=\"_blank\" rel=\"noopener noreferrer\">Ka\u0304hulu Pepeke Painu B &#8211; KI\u02bba<\/a><\/p>\n<p><a href=\"http:\/\/ehooululahui.maui.hawaii.edu\/wp-content\/uploads\/2019\/08\/Ka\u0304hulu-Pepeke-Painu-B-Ha\u02bbi-waha.pdf\" target=\"_blank\" rel=\"noopener noreferrer\">Ka\u0304hulu Pepeke Painu B Ha\u02bbi waha<\/a><\/p>\n<\/div>\n<\/div>\n<\/div>\n<\/div>\n<\/div>\n<\/div>\n<\/div>\n\n","protected":false},"excerpt":{"rendered":"","protected":false},"author":1,"featured_media":0,"parent":1071,"menu_order":0,"comment_status":"closed","ping_status":"closed","template":"","meta":[],"_links":{"self":[{"href":"https:\/\/ehooululahui.maui.hawaii.edu\/index.php?rest_route=\/wp\/v2\/pages\/1168"}],"collection":[{"href":"https:\/\/ehooululahui.maui.hawaii.edu\/index.php?rest_route=\/wp\/v2\/pages"}],"about":[{"href":"https:\/\/ehooululahui.maui.hawaii.edu\/index.php?rest_route=\/wp\/v2\/types\/page"}],"author":[{"embeddable":true,"href":"https:\/\/ehooululahui.maui.hawaii.edu\/index.php?rest_route=\/wp\/v2\/users\/1"}],"replies":[{"embeddable":true,"href":"https:\/\/ehooululahui.maui.hawaii.edu\/index.php?rest_route=%2Fwp%2Fv2%2Fcomments&post=1168"}],"version-history":[{"count":9,"href":"https:\/\/ehooululahui.maui.hawaii.edu\/index.php?rest_route=\/wp\/v2\/pages\/1168\/revisions"}],"predecessor-version":[{"id":1581,"href":"https:\/\/ehooululahui.maui.hawaii.edu\/index.php?rest_route=\/wp\/v2\/pages\/1168\/revisions\/1581"}],"up":[{"embeddable":true,"href":"https:\/\/ehooululahui.maui.hawaii.edu\/index.php?rest_route=\/wp\/v2\/pages\/1071"}],"wp:attachment":[{"href":"https:\/\/ehooululahui.maui.hawaii.edu\/index.php?rest_route=%2Fwp%2Fv2%2Fmedia&parent=1168"}],"curies":[{"name":"wp","href":"https:\/\/api.w.org\/{rel}","templated":true}]}}