{"id":1226,"date":"2019-07-10T14:35:58","date_gmt":"2019-07-11T00:35:58","guid":{"rendered":"http:\/\/ehooululahui.maui.hawaii.edu\/?page_id=1226"},"modified":"2019-08-27T09:41:53","modified_gmt":"2019-08-27T19:41:53","slug":"na-ka%ca%bbi-o%ca%bba","status":"publish","type":"page","link":"https:\/\/ehooululahui.maui.hawaii.edu\/?page_id=1226","title":{"rendered":"N\u0101 Ka\u02bbi O\u02bba"},"content":{"rendered":"<style type=\"text\/css\"> \n#cmsmasters_row_69f2e41d9b1a2 .cmsmasters_row_outer_parent { \n\tpadding-top: 0px; \n} \n\n#cmsmasters_row_69f2e41d9b1a2 .cmsmasters_row_outer_parent { \n\tpadding-bottom: 0px; \n} \n\n \n#cmsmasters_heading_69f2e41d9b264 { \n\ttext-align:left; \n\tmargin-top:15px; \n\tmargin-bottom:10px; \n} \n\n#cmsmasters_heading_69f2e41d9b264 .cmsmasters_heading { \n\ttext-align:left; \n\tmargin-right:1em; \n} \n\n#cmsmasters_heading_69f2e41d9b264 .cmsmasters_heading, #cmsmasters_heading_69f2e41d9b264 .cmsmasters_heading a { \n\tfont-weight:bold; \n\tfont-style:normal; \n} \n\n#cmsmasters_heading_69f2e41d9b264 .cmsmasters_heading_divider { \n\tborder-bottom-width:11px; \n\tborder-bottom-style:solid; \n\tborder-bottom-color:#e05228;\n\tmargin-top:-6px; \n} \n\n \n#cmsmasters_row_69f2e41d9b2e0 .cmsmasters_row_outer_parent { \n\tpadding-top: 0px; \n} \n\n#cmsmasters_row_69f2e41d9b2e0 .cmsmasters_row_outer_parent { \n\tpadding-bottom: 30px; \n} \n\n \n#cmsmasters_heading_69f2e41d9b36a { \n\ttext-align:center; \n\tmargin-top:0px; \n\tmargin-bottom:10px; \n} \n\n#cmsmasters_heading_69f2e41d9b36a .cmsmasters_heading { \n\ttext-align:center; \n\tmargin-left:1em; \n\tmargin-right:1em; \n} \n\n#cmsmasters_heading_69f2e41d9b36a .cmsmasters_heading, #cmsmasters_heading_69f2e41d9b36a .cmsmasters_heading a { \n\tfont-weight:normal; \n\tfont-style:italic; \n} \n\n#cmsmasters_heading_69f2e41d9b36a .cmsmasters_heading_divider { \n\tborder-bottom-width:5px; \n\tborder-bottom-style:solid; \n\tmargin-top:-3px; \n} \n\n \n#cmsmasters_row_69f2e41d9b3c9 .cmsmasters_row_outer_parent { \n\tpadding-top: 0px; \n} \n\n#cmsmasters_row_69f2e41d9b3c9 .cmsmasters_row_outer_parent { \n\tpadding-bottom: 30px; \n} \n\n \n#cmsmasters_row_69f2e41d9b62e .cmsmasters_row_outer_parent { \n\tpadding-top: 0px; \n} \n\n#cmsmasters_row_69f2e41d9b62e .cmsmasters_row_outer_parent { \n\tpadding-bottom: 30px; \n} \n\n \n#cmsmasters_heading_69f2e41d9b6ad { \n\ttext-align:center; \n\tmargin-top:0px; \n\tmargin-bottom:20px; \n} \n\n#cmsmasters_heading_69f2e41d9b6ad .cmsmasters_heading { \n\ttext-align:center; \n\tmargin-left:1em; \n\tmargin-right:1em; \n} \n\n#cmsmasters_heading_69f2e41d9b6ad .cmsmasters_heading, #cmsmasters_heading_69f2e41d9b6ad .cmsmasters_heading a { \n\tfont-weight:normal; \n\tfont-style:italic; \n} \n\n#cmsmasters_heading_69f2e41d9b6ad .cmsmasters_heading_divider { \n\tborder-bottom-width:5px; \n\tborder-bottom-style:solid; \n\tmargin-top:-3px; \n} \n\n \n#cmsmasters_row_69f2e41d9b709 .cmsmasters_row_outer_parent { \n\tpadding-top: 0px; \n} \n\n#cmsmasters_row_69f2e41d9b709 .cmsmasters_row_outer_parent { \n\tpadding-bottom: 50px; \n} \n\n \n#cmsmasters_row_69f2e41d9b8fe .cmsmasters_row_outer_parent { \n\tpadding-top: 0px; \n} \n\n#cmsmasters_row_69f2e41d9b8fe .cmsmasters_row_outer_parent { \n\tpadding-bottom: 50px; \n} \n\n \n#cmsmasters_heading_69f2e41d9b97d { \n\ttext-align:left; \n\tmargin-top:15px; \n\tmargin-bottom:10px; \n} \n\n#cmsmasters_heading_69f2e41d9b97d .cmsmasters_heading { \n\ttext-align:left; \n\tmargin-right:1em; \n} \n\n#cmsmasters_heading_69f2e41d9b97d .cmsmasters_heading, #cmsmasters_heading_69f2e41d9b97d .cmsmasters_heading a { \n\tfont-weight:bold; \n\tfont-style:normal; \n} \n\n#cmsmasters_heading_69f2e41d9b97d .cmsmasters_heading_divider { \n\tborder-bottom-width:11px; \n\tborder-bottom-style:solid; \n\tborder-bottom-color:#e05228;\n\tmargin-top:-6px; \n} \n\n \n#cmsmasters_row_69f2e41d9b9e4 .cmsmasters_row_outer_parent { \n\tpadding-top: 0px; \n} \n\n#cmsmasters_row_69f2e41d9b9e4 .cmsmasters_row_outer_parent { \n\tpadding-bottom: 50px; \n} \n\n \n#cmsmasters_heading_69f2e41d9ba58 { \n\ttext-align:left; \n\tmargin-top:15px; \n\tmargin-bottom:10px; \n} \n\n#cmsmasters_heading_69f2e41d9ba58 .cmsmasters_heading { \n\ttext-align:left; \n\tmargin-right:1em; \n} \n\n#cmsmasters_heading_69f2e41d9ba58 .cmsmasters_heading, #cmsmasters_heading_69f2e41d9ba58 .cmsmasters_heading a { \n\tfont-weight:bold; \n\tfont-style:normal; \n} \n\n#cmsmasters_heading_69f2e41d9ba58 .cmsmasters_heading_divider { \n\tborder-bottom-width:11px; \n\tborder-bottom-style:solid; \n\tborder-bottom-color:#e05228;\n\tmargin-top:-6px; \n} \n\n \n#cmsmasters_row_69f2e41d9baa7 .cmsmasters_row_outer_parent { \n\tpadding-top: 0px; \n} \n\n#cmsmasters_row_69f2e41d9baa7 .cmsmasters_row_outer_parent { \n\tpadding-bottom: 50px; \n} \n\n \n#cmsmasters_row_69f2e41d9baff .cmsmasters_row_outer_parent { \n\tpadding-top: 0px; \n} \n\n#cmsmasters_row_69f2e41d9baff .cmsmasters_row_outer_parent { \n\tpadding-bottom: 50px; \n} \n\n \n#cmsmasters_heading_69f2e41d9bb76 { \n\ttext-align:left; \n\tmargin-top:15px; \n\tmargin-bottom:10px; \n} \n\n#cmsmasters_heading_69f2e41d9bb76 .cmsmasters_heading { \n\ttext-align:left; \n\tmargin-right:1em; \n} \n\n#cmsmasters_heading_69f2e41d9bb76 .cmsmasters_heading, #cmsmasters_heading_69f2e41d9bb76 .cmsmasters_heading a { \n\tfont-weight:bold; \n\tfont-style:normal; \n} \n\n#cmsmasters_heading_69f2e41d9bb76 .cmsmasters_heading_divider { \n\tborder-bottom-width:11px; \n\tborder-bottom-style:solid; \n\tborder-bottom-color:#e05228;\n\tmargin-top:-6px; \n} \n\n \n#cmsmasters_row_69f2e41d9bbca .cmsmasters_row_outer_parent { \n\tpadding-top: 0px; \n} \n\n#cmsmasters_row_69f2e41d9bbca .cmsmasters_row_outer_parent { \n\tpadding-bottom: 50px; \n} \n\n \n#cmsmasters_heading_69f2e41d9bc35 { \n\ttext-align:left; \n\tmargin-top:15px; \n\tmargin-bottom:10px; \n} \n\n#cmsmasters_heading_69f2e41d9bc35 .cmsmasters_heading { \n\ttext-align:left; \n\tmargin-right:1em; \n} \n\n#cmsmasters_heading_69f2e41d9bc35 .cmsmasters_heading, #cmsmasters_heading_69f2e41d9bc35 .cmsmasters_heading a { \n\tfont-weight:bold; \n\tfont-style:normal; \n} \n\n#cmsmasters_heading_69f2e41d9bc35 .cmsmasters_heading_divider { \n\tborder-bottom-width:11px; \n\tborder-bottom-style:solid; \n\tborder-bottom-color:#e05228;\n\tmargin-top:-6px; \n} \n\n \n#cmsmasters_row_69f2e41d9bc80 .cmsmasters_row_outer_parent { \n\tpadding-top: 0px; \n} \n\n#cmsmasters_row_69f2e41d9bc80 .cmsmasters_row_outer_parent { \n\tpadding-bottom: 50px; \n} \n\n<\/style><div id=\"cmsmasters_row_69f2e41d9b1a2\" class=\"cmsmasters_row cmsmasters_color_scheme_default cmsmasters_row_top_default cmsmasters_row_bot_default cmsmasters_row_boxed\">\n<div class=\"cmsmasters_row_outer_parent\">\n<div class=\"cmsmasters_row_outer\">\n<div class=\"cmsmasters_row_inner\">\n<div class=\"cmsmasters_row_margin\">\n<div class=\"cmsmasters_column one_first\">\n\n<div id=\"cmsmasters_heading_69f2e41d9b264\" class=\"cmsmasters_heading_wrap cmsmasters_heading_align_left cmsmasters_heading_divider_long\">\n\t<h3 class=\"cmsmasters_heading\">No\u02bbeau Warner Guidelines<\/h3>\n<span class=\"cmsmasters_heading_divider_right_wrap\"><span class=\"cmsmasters_heading_divider cmsmasters_heading_divider_right\"><\/span><\/span>\n<\/div>\n<\/div>\n<\/div>\n<\/div>\n<\/div>\n<\/div>\n<\/div>\n<div id=\"cmsmasters_row_69f2e41d9b2e0\" class=\"cmsmasters_row cmsmasters_color_scheme_default cmsmasters_row_top_default cmsmasters_row_bot_default cmsmasters_row_boxed\">\n<div class=\"cmsmasters_row_outer_parent\">\n<div class=\"cmsmasters_row_outer\">\n<div class=\"cmsmasters_row_inner\">\n<div class=\"cmsmasters_row_margin\">\n<div class=\"cmsmasters_column one_first\">\n\n<div id=\"cmsmasters_heading_69f2e41d9b36a\" class=\"cmsmasters_heading_wrap cmsmasters_heading_align_center cmsmasters_heading_divider_medium\">\n\t<span class=\"cmsmasters_heading_divider_left_wrap\"><span class=\"cmsmasters_heading_divider cmsmasters_heading_divider_left\"><\/span><\/span>\n<h4 class=\"cmsmasters_heading\">Kino\u02bb\u014d<\/h4>\n<span class=\"cmsmasters_heading_divider_right_wrap\"><span class=\"cmsmasters_heading_divider cmsmasters_heading_divider_right\"><\/span><\/span>\n<\/div>\n<\/div>\n<\/div>\n<\/div>\n<\/div>\n<\/div>\n<\/div>\n<div id=\"cmsmasters_row_69f2e41d9b3c9\" class=\"cmsmasters_row cmsmasters_color_scheme_default cmsmasters_row_top_default cmsmasters_row_bot_default cmsmasters_row_boxed\">\n<div class=\"cmsmasters_row_outer_parent\">\n<div class=\"cmsmasters_row_outer\">\n<div class=\"cmsmasters_row_inner\">\n<div class=\"cmsmasters_row_margin\">\n<div class=\"cmsmasters_column one_first\">\n<div class=\"cmsmasters_text\">\n<div style=\"text-align: center;\">ko\u02bbu (hale)<\/div>\n<div style=\"text-align: center;\">kou<\/div>\n<div style=\"text-align: center;\">kona<\/div>\n<div style=\"text-align: center;\">ko m\u0101kou<\/div>\n<div style=\"text-align: center;\">ko Lei<\/div>\n<div style=\"text-align: center;\">ko Ni\u02bbihau<\/div>\n<div style=\"text-align: center;\"><span style=\"color: #ff0000;\">ko laila<\/span><\/div>\n<div style=\"text-align: center;\"><span style=\"color: #ff0000;\">ko ke kumu<\/span><\/div>\n<p style=\"text-align: center;\"><span style=\"color: #ff0000;\">ko ko\u02bbu kupuna<\/span><\/p>\n<\/div>\n<\/div>\n<\/div>\n<\/div>\n<\/div>\n<\/div>\n<\/div>\n<div id=\"cmsmasters_row_69f2e41d9b62e\" class=\"cmsmasters_row cmsmasters_color_scheme_default cmsmasters_row_top_default cmsmasters_row_bot_default cmsmasters_row_boxed\">\n<div class=\"cmsmasters_row_outer_parent\">\n<div class=\"cmsmasters_row_outer\">\n<div class=\"cmsmasters_row_inner\">\n<div class=\"cmsmasters_row_margin\">\n<div class=\"cmsmasters_column one_first\">\n\n<div id=\"cmsmasters_heading_69f2e41d9b6ad\" class=\"cmsmasters_heading_wrap cmsmasters_heading_align_center cmsmasters_heading_divider_medium\">\n\t<span class=\"cmsmasters_heading_divider_left_wrap\"><span class=\"cmsmasters_heading_divider cmsmasters_heading_divider_left\"><\/span><\/span>\n<h4 class=\"cmsmasters_heading\">Kino\u02bb\u0101<\/h4>\n<span class=\"cmsmasters_heading_divider_right_wrap\"><span class=\"cmsmasters_heading_divider cmsmasters_heading_divider_right\"><\/span><\/span>\n<\/div>\n<\/div>\n<\/div>\n<\/div>\n<\/div>\n<\/div>\n<\/div>\n<div id=\"cmsmasters_row_69f2e41d9b709\" class=\"cmsmasters_row cmsmasters_color_scheme_default cmsmasters_row_top_default cmsmasters_row_bot_default cmsmasters_row_boxed\">\n<div class=\"cmsmasters_row_outer_parent\">\n<div class=\"cmsmasters_row_outer\">\n<div class=\"cmsmasters_row_inner\">\n<div class=\"cmsmasters_row_margin\">\n<div class=\"cmsmasters_column one_first\">\n<div class=\"cmsmasters_text\">\n<div style=\"text-align: center;\">ka\u02bbu (pua\u02bba)<\/div>\n<div style=\"text-align: center;\">k\u0101u<\/div>\n<div style=\"text-align: center;\">k\u0101na<\/div>\n<div style=\"text-align: center;\">k\u0101 l\u0101kou<\/div>\n<div style=\"text-align: center;\">k\u0101 Kau\u02bbi<\/div>\n<div style=\"text-align: center;\"><span style=\"color: #ff0000;\">k\u0101 n\u0101 haum\u0101na<\/span><\/div>\n<p style=\"text-align: center;\"><span style=\"color: #ff0000;\">k\u0101 ko\u02bbu kupuna<\/span><\/p>\n<\/div>\n<\/div>\n<\/div>\n<\/div>\n<\/div>\n<\/div>\n<\/div>\n<div id=\"cmsmasters_row_69f2e41d9b8fe\" class=\"cmsmasters_row cmsmasters_color_scheme_default cmsmasters_row_top_default cmsmasters_row_bot_default cmsmasters_row_boxed\">\n<div class=\"cmsmasters_row_outer_parent\">\n<div class=\"cmsmasters_row_outer\">\n<div class=\"cmsmasters_row_inner\">\n<div class=\"cmsmasters_row_margin\">\n<div class=\"cmsmasters_column one_first\">\n\n<div id=\"cmsmasters_heading_69f2e41d9b97d\" class=\"cmsmasters_heading_wrap cmsmasters_heading_align_left cmsmasters_heading_divider_long\">\n\t<h3 class=\"cmsmasters_heading\">Kaleikoa Explanation<\/h3>\n<span class=\"cmsmasters_heading_divider_right_wrap\"><span class=\"cmsmasters_heading_divider cmsmasters_heading_divider_right\"><\/span><\/span>\n<\/div>\n<\/div>\n<\/div>\n<\/div>\n<\/div>\n<\/div>\n<\/div>\n<div id=\"cmsmasters_row_69f2e41d9b9e4\" class=\"cmsmasters_row cmsmasters_color_scheme_default cmsmasters_row_top_default cmsmasters_row_bot_default cmsmasters_row_boxed\">\n<div class=\"cmsmasters_row_outer_parent\">\n<div class=\"cmsmasters_row_outer\">\n<div class=\"cmsmasters_row_inner\">\n<div class=\"cmsmasters_row_margin\">\n<div class=\"cmsmasters_column one_first\">\n\n<div id=\"cmsmasters_heading_69f2e41d9ba58\" class=\"cmsmasters_heading_wrap cmsmasters_heading_align_left cmsmasters_heading_divider_long\">\n\t<h3 class=\"cmsmasters_heading\">Wiki\u014d<\/h3>\n<span class=\"cmsmasters_heading_divider_right_wrap\"><span class=\"cmsmasters_heading_divider cmsmasters_heading_divider_right\"><\/span><\/span>\n<\/div>\n<\/div>\n<\/div>\n<\/div>\n<\/div>\n<\/div>\n<\/div>\n<div id=\"cmsmasters_row_69f2e41d9baa7\" class=\"cmsmasters_row cmsmasters_color_scheme_default cmsmasters_row_top_default cmsmasters_row_bot_default cmsmasters_row_boxed\">\n<div class=\"cmsmasters_row_outer_parent\">\n<div class=\"cmsmasters_row_outer\">\n<div class=\"cmsmasters_row_inner\">\n<div class=\"cmsmasters_row_margin\">\n<div class=\"cmsmasters_column one_half\">\n<\/div>\n<div class=\"cmsmasters_column one_half\">\n<\/div>\n<\/div>\n<\/div>\n<\/div>\n<\/div>\n<\/div>\n<div id=\"cmsmasters_row_69f2e41d9baff\" class=\"cmsmasters_row cmsmasters_color_scheme_default cmsmasters_row_top_default cmsmasters_row_bot_default cmsmasters_row_boxed\">\n<div class=\"cmsmasters_row_outer_parent\">\n<div class=\"cmsmasters_row_outer\">\n<div class=\"cmsmasters_row_inner\">\n<div class=\"cmsmasters_row_margin\">\n<div class=\"cmsmasters_column one_first\">\n\n<div id=\"cmsmasters_heading_69f2e41d9bb76\" class=\"cmsmasters_heading_wrap cmsmasters_heading_align_left cmsmasters_heading_divider_long\">\n\t<h3 class=\"cmsmasters_heading\">Examples<\/h3>\n<span class=\"cmsmasters_heading_divider_right_wrap\"><span class=\"cmsmasters_heading_divider cmsmasters_heading_divider_right\"><\/span><\/span>\n<\/div>\n<\/div>\n<\/div>\n<\/div>\n<\/div>\n<\/div>\n<\/div>\n<div id=\"cmsmasters_row_69f2e41d9bbca\" class=\"cmsmasters_row cmsmasters_color_scheme_default cmsmasters_row_top_default cmsmasters_row_bot_default cmsmasters_row_boxed\">\n<div class=\"cmsmasters_row_outer_parent\">\n<div class=\"cmsmasters_row_outer\">\n<div class=\"cmsmasters_row_inner\">\n<div class=\"cmsmasters_row_margin\">\n<div class=\"cmsmasters_column one_first\">\n\n<div id=\"cmsmasters_heading_69f2e41d9bc35\" class=\"cmsmasters_heading_wrap cmsmasters_heading_align_left cmsmasters_heading_divider_long\">\n\t<h3 class=\"cmsmasters_heading\">Palapala<\/h3>\n<span class=\"cmsmasters_heading_divider_right_wrap\"><span class=\"cmsmasters_heading_divider cmsmasters_heading_divider_right\"><\/span><\/span>\n<\/div>\n<\/div>\n<\/div>\n<\/div>\n<\/div>\n<\/div>\n<\/div>\n<div id=\"cmsmasters_row_69f2e41d9bc80\" class=\"cmsmasters_row cmsmasters_color_scheme_default cmsmasters_row_top_default cmsmasters_row_bot_default cmsmasters_row_boxed\">\n<div class=\"cmsmasters_row_outer_parent\">\n<div class=\"cmsmasters_row_outer\">\n<div class=\"cmsmasters_row_inner\">\n<div class=\"cmsmasters_row_margin\">\n<div class=\"cmsmasters_column one_first\">\n<div class=\"cmsmasters_text\">\n<p><\/p>\n<\/div>\n<\/div>\n<\/div>\n<\/div>\n<\/div>\n<\/div>\n<\/div>\n\n","protected":false},"excerpt":{"rendered":"","protected":false},"author":1,"featured_media":0,"parent":1071,"menu_order":0,"comment_status":"closed","ping_status":"closed","template":"","meta":[],"_links":{"self":[{"href":"https:\/\/ehooululahui.maui.hawaii.edu\/index.php?rest_route=\/wp\/v2\/pages\/1226"}],"collection":[{"href":"https:\/\/ehooululahui.maui.hawaii.edu\/index.php?rest_route=\/wp\/v2\/pages"}],"about":[{"href":"https:\/\/ehooululahui.maui.hawaii.edu\/index.php?rest_route=\/wp\/v2\/types\/page"}],"author":[{"embeddable":true,"href":"https:\/\/ehooululahui.maui.hawaii.edu\/index.php?rest_route=\/wp\/v2\/users\/1"}],"replies":[{"embeddable":true,"href":"https:\/\/ehooululahui.maui.hawaii.edu\/index.php?rest_route=%2Fwp%2Fv2%2Fcomments&post=1226"}],"version-history":[{"count":4,"href":"https:\/\/ehooululahui.maui.hawaii.edu\/index.php?rest_route=\/wp\/v2\/pages\/1226\/revisions"}],"predecessor-version":[{"id":1653,"href":"https:\/\/ehooululahui.maui.hawaii.edu\/index.php?rest_route=\/wp\/v2\/pages\/1226\/revisions\/1653"}],"up":[{"embeddable":true,"href":"https:\/\/ehooululahui.maui.hawaii.edu\/index.php?rest_route=\/wp\/v2\/pages\/1071"}],"wp:attachment":[{"href":"https:\/\/ehooululahui.maui.hawaii.edu\/index.php?rest_route=%2Fwp%2Fv2%2Fmedia&parent=1226"}],"curies":[{"name":"wp","href":"https:\/\/api.w.org\/{rel}","templated":true}]}}