{"id":1974,"date":"2020-01-24T15:50:24","date_gmt":"2020-01-25T01:50:24","guid":{"rendered":"http:\/\/ehooululahui.maui.hawaii.edu\/?page_id=1974"},"modified":"2020-01-24T15:50:24","modified_gmt":"2020-01-25T01:50:24","slug":"%ca%bbumi-mokuna-%ca%bbelua","status":"publish","type":"page","link":"https:\/\/ehooululahui.maui.hawaii.edu\/?page_id=1974","title":{"rendered":"\u02bbUmi: Mokuna \u02bbElua"},"content":{"rendered":"<style type=\"text\/css\"> \n#cmsmasters_row_69e1707aa6d27 { \n\tbackground-color:#f8ecc2;\n} \n\n#cmsmasters_row_69e1707aa6d27 .cmsmasters_row_outer_parent { \n\tpadding-top: 50px; \n} \n\n#cmsmasters_row_69e1707aa6d27 .cmsmasters_row_outer_parent { \n\tpadding-bottom: 50px; \n} \n\n \n#cmsmasters_divider_69e1707aa739f { \n\tborder-bottom-width:1px; \n\tborder-bottom-style:solid; \n\tpadding-top:5px; \n\tmargin-bottom:30px; \n\tborder-bottom-color:rgba(0,0,0,0.5);\n} \n<\/style><div id=\"cmsmasters_row_69e1707aa6d27\" class=\"cmsmasters_row cmsmasters_color_scheme_default cmsmasters_row_top_default cmsmasters_row_bot_default cmsmasters_row_boxed\">\n<div class=\"cmsmasters_row_outer_parent\">\n<div class=\"cmsmasters_row_outer\">\n<div class=\"cmsmasters_row_inner\">\n<div class=\"cmsmasters_row_margin\">\n<div class=\"cmsmasters_column one_first\">\n<div class=\"custom_html\">\n<iframe width=\"100%\" height=\"20\" scrolling=\"no\" frameborder=\"no\" allow=\"autoplay\" src=\"https:\/\/w.soundcloud.com\/player\/?url=https%3A\/\/api.soundcloud.com\/tracks\/483035205&color=%23ff5500&inverse=false&auto_play=false&show_user=true\"><\/iframe>\n<\/div>\n\n<div id=\"cmsmasters_divider_69e1707aa739f\" class=\"cmsmasters_divider cmsmasters_divider_width_long cmsmasters_divider_pos_center\"><\/div>\n<div class=\"cmsmasters_text\">\n<h3 class=\"p1\" style=\"text-align: center;\"><span class=\"s1\">Ka H\u0101nau \u02bbAna O \u02bbUmi<\/span><\/h3>\n<p class=\"p3\"><span class=\"s1\">Noho ihola \u02bbo \u02bbAkahiakuleana me ka h\u0101pai i\u0101 \u02bbUmi. Ma k\u0113ia h\u0101pai \u02bbana, mana\u02bbo n\u014d ke k\u0101ne i ka \u02bbili, n\u0101na no k\u0113ia keiki e h\u0101pai nei. No laila m\u0101lama ihola i k\u0101na wahine, \u02bba\u02bbole \u02bbo ia i \u02bbike na L\u012bloa. <\/span><\/p>\n<p class=\"p3\"><span class=\"s1\">A hiki i ka w\u0101 i h\u0101nau ai \u02bbo \u02bbAkahiakuleana i ke keiki, kapa ihola ia i kona inoa \u02bbo \u02bbUmi; h\u0101nai ihola kona makuahine i\u0101 ia a nui. I ia w\u0101, ho\u02bbomaka \u02bbo \u02bbUmi e kalohe a e le\u02bbale\u02bba me n\u0101 keiki \u02bb\u0113 a\u02bbe. He mea mau i\u0101 \u02bbUmi ka hele e p\u0101\u02bbani me kamali\u02bbi, a pau ka p\u0101\u02bbani \u02bbana, ho\u02bbi maila me ia lehulehu kamali\u02bbi, a ka hale, h\u0101\u02bbawi akula i kahi \u02bbai a pau loa, a ho\u02bbi maila ke k\u0101ne a kona makuahine, huh\u016b ihola i\u0101 ia, me ka pepehi; p\u0113l\u0101 n\u014d ka hana mau a kona makua k\u0101ne a l\u014d\u02bbihi n\u0101 l\u0101 i hala. No laila, ua pono \u02bbole ko ka makuahine mana\u02bbo, a ua kaumaha loa i k\u0113ia hana \u02bbino i k\u0101na keiki, i\u0101 \u02bbUmi.<\/span><\/p>\n<p class=\"p3\"><span class=\"s1\">No laila, n\u012bnau mal\u016b \u02bbo \u02bbUmi i kona makuahine, &#8220;\u02bbA\u02bbole anei o\u02bbu makua k\u0101ne \u02bb\u0113 a\u02bbe?&#8221; \u02bb\u012a mai kona makuahine, \u02bbo \u02bbAkahiakuleana, &#8220;He makua k\u0101ne kou, aia i Waipi\u02bbo, \u02bbo L\u012bloa kona inoa.&#8221; \u02bb\u012a aku \u02bbo \u02bbUmi, &#8220;E hele paha wau e \u02bbike i ko\u02bbu makua k\u0101ne?&#8221; \u02bb\u012a mai ka makuahine,&#8221; \u02bbAe, e hele \u02bboe.&#8221; Ma hope o laila, noho hou ihola l\u0101kou, a pepehi hou ka makua k\u0101ne h\u0101nai i\u0101 \u02bbUmi. <\/span><\/p>\n<p class=\"p3\"><span class=\"s1\">A laila, pane aku \u02bbo \u02bbAkahiakuleana i ke k\u0101ne, &#8220;E ku\u02bbu k\u0101ne, \u02bba\u02bbole n\u0101u ke keiki au e pepehi mai nei!&#8221; \u02bb\u012a maila ke k\u0101ne me ka leo huh\u016b \u02bbino\u02bbino loa, &#8220;A na wai k\u0101u keiki, na L\u012bloa?&#8221; \u02bb\u012a aku ka wahine, &#8220;\u02bbAe, na L\u012bloa ka\u02bbu keiki, i lohe \u02bboe.&#8221; \u02bb\u014clelo mai ke k\u0101ne, &#8220;\u02bbAuhea n\u0101 h\u014d\u02bbike e lilo ai ke keiki na L\u012bloa ?&#8221; A laila k\u0101hea akula \u02bbo \u02bbAkahiakuleana i kana kau\u0101 wahine, e lawe mai i n\u0101 mea a L\u012bloa i waiho ai no \u02bbUmi. A lawe \u02bbia maila ia mau mea a kona alo, \u02bb\u012b aku ka wahine, &#8220;Eia ka h\u014d\u02bbike.&#8221; A \u02bbike ihola ke k\u0101ne i k\u0113ia mau mea, pau a\u02bbela kona k\u0101nalua, maopopo ihola i\u0101 ia, na L\u012bloa ke keiki \u02bbo \u02bbUmi. <\/span><\/p>\n<p class=\"p3\"><span class=\"s1\">A ma hope o keia mau mea a pau Joa \u02bb\u014dlelo akula \u02bbo \u02bbAkahiakuleana i k\u0101na keiki, \u02bbo \u02bbUmi, &#8220;Eia ka malo o L\u012bloa, e hume \u02bboe a pa\u02bba, eia ka palaoa, e lei \u02bboe, eia ka l\u0101\u02bbau p\u0101lau, ma k\u014d lima e pa\u02bba ai. No laila, ke iho nei \u02bboe i Waipi\u02bbo e \u02bbike i ko makua k\u0101ne, e ho\u02bbolohe pono \u02bboe. I kou hiki \u02bbana i lalo o ka pali o Waipi\u02bbo, hele aku \u02bboe a \u02bbau i ka muliwai, a kau ma k\u0113l\u0101 kapa, a \u02bbike aku \u02bboe i ka hale e k\u016b mai ana, e huli mai ana ke alo i kou alo, o ko L\u012bloa hale n\u014d ia. Mai komo \u02bboe ma ka puka p\u0101, ak\u0101, e pi\u02bbi aku \u02bboe ma luna o ka p\u0101; mai komo \u02bboe ma ka puka maoli, ak\u0101, e komo a\u02bbe \u02bboe ma ka puka p\u0101k\u0101k\u0101. A \u02bbike \u02bboe, n\u0101n\u0101 pono aku \u02bboe i ka \u02bbelemakule e k\u0101hili \u02bbia ana, \u02bbo ia n\u014d \u02bbo L\u012bloa, kou makua k\u0101ne, ka\u02bbu k\u0101ne i loa\u02bba ai \u02bboe. E hele \u02bboe a noho i luna o kona \u02bb\u016bh\u0101. A i n\u012bnau mai i kou inoa, e ha\u02bbi aku \u02bboe, \u02bbo \u02bbUmi.\u201d<\/span><\/p>\n<p class=\"p3\"><span class=\"s1\">A pau ka \u02bb\u014dlelo \u02bbana a \u02bbAkahiakuleana i\u0101 \u02bbUmi, \u02bb\u012b akula ia i\u0101 \u02bb\u014cma\u02bbok\u0101mau, &#8220;E iho \u02bboe me ke keiki, a n\u0101u e pa\u02bba aku ka l\u0101\u02bbau p\u0101lau a L\u012bloa; e m\u0101lama pono \u02bboe i ka l\u0101\u02bbau a L\u012bloa.\u201d A hiki maila l\u0101ua i Waipi\u02bbo, ma Koakea, h\u0101l\u0101wai l\u0101ua me kekahi keiki, me Pi\u02bbimaiwa\u02bba. N\u012bnau maila \u02bbo Pi\u02bbimaiwa\u02bba i\u0101 l\u0101ua, &#8220;E hele ana \u02bbolua i hea?&#8221; \u02bb\u012a aku l\u0101ua, &#8220;I Waipi\u02bbo.&#8221; A laila, \u02bb\u014dlelo akula \u02bbo \u02bbUmi ia Pi\u02bbimaiwa\u02bba, &#8220;I keiki ho\u02bbokama \u02bboe na\u02bbu?&#8221; \u02bbAe maila \u02bbo Pi\u02bbimaiwa\u02bba, \u201c\u02bbAe.&#8221;<\/span><\/p>\n<p class=\"p3\"><span class=\"s1\">Hele akula l\u0101kou a hiki i ka muliwai o Waipi\u02bbo, \u02bbo ia \u02bbo Wailoa, \u02bbau akula a kau ma k\u0113l\u0101 \u02bbao\u02bbao, n\u0101n\u0101 akula l\u0101kou, e k\u016b mai ana ka hale o L\u012bloa. A kokoke l\u0101kou i ka hale o L\u012bloa, \u02bb\u014dlelo aku \u02bbo \u02bbUmi ia \u02bb\u014cma\u02bbok\u0101mau a me Pi\u02bbimaiwa\u02bba, &#8220;E noho \u02bbolua i \u02bbane\u02bbi, e hele au i\u014d L\u012bloa ala; ina i hele au a i make, e ho\u02bbi no \u02bbolua ma kahi a k\u0101kou i hele mai nei; ak\u0101 ho\u02bbi, i ola mai au, ola k\u0101kou.&#8221; A pau k\u0101na \u02bb\u014dlelo \u02bbana, hele akula ia a pi\u02bbi ma luna o ka p\u0101 1\u0101\u02bbau o ko L\u012bloa hale noho a komo akula ma ka puka p\u0101k\u0101k\u0101 o ka hale. <\/span><\/p>\n<p class=\"p3\"><span class=\"s1\">A \u02bbike maila n\u0101 il\u0101muku o L\u012bloa, ua la\u02bba ke keiki no ka pi\u02bbi \u02bbana ma luna o ka p\u0101 l\u0101\u02bbau o ko L\u012bloa hale, kahi kapu o L\u012bloa, alualu maila n\u0101 il\u0101muku e make \u02bbo \u02bbUmi, ak\u0101, pi\u02bbi akula \u02bbo \u02bbUmi a noho i luna o n\u0101 \u02bb\u016bh\u0101 o L\u012bloa. Wehe a\u02bbela \u02bbo L\u012bloa i kona mau \u02bb\u016bh\u0101, h\u0101\u02bbule ihola \u02bbo \u02bbUmi i lalo; a h\u0101\u02bbule \u02bbo \u02bbUmi i lalo, \u02bbike ihola \u02bbo L\u012bloa i ka niho palaoa ma ko \u02bbUmi \u02bb\u0101\u02bb\u012b, a me kona malo ma ko \u02bbUmi hope. N\u012bnau akula \u02bbo L\u012bloa, &#8221; \u02bbO wai kou inoa?&#8221; \u02bb\u012b maila ke keiki, &#8220;\u02bbO \u02bbUmi au.\u201d A laila l\u0101lau ihola \u02bbo L\u012bloa i\u0101 \u02bbUmi, a honi ihola me ka hi\u02bbi i luna o kona \u02bb\u016bh\u0101.<\/span><\/p>\n<p class=\"p3\"><span class=\"s1\">N\u012bnau ihola \u02bbo L\u012bloa, &#8220;\u02bbAuhea ko makuahine, \u02bbo \u02bbAkahiakuleana?&#8221; \u02bb\u012a aku \u02bbo \u02bbUmi, &#8220;Aia n\u014d ke noho l\u0101. N\u0101na n\u014d wau i kuhikuhi mai nei i\u0101 \u02bboe, a me k\u0113ia mau mea au i waiho ai i\u0101 ia.&#8221; A \u02bbike \u02bbo L\u012bloa i k\u0113ia mau mea, \u02bb\u014dlelo akula ia i kona po\u02bbe k\u0101naka, \u02bb \u02bbO ku\u02bbu malo k\u0113ia, me ku\u02bbu niho palaoa.&#8221; N\u012bnau maila ia i\u0101 \u02bbUmi, &#8221; \u02bbAuhea ku\u02bbu l\u0101\u02bbau p\u0101lau?&#8221; \u02bb\u012a aku \u02bbo \u02bbUmi, &#8220;Eia aku n\u014d i ku\u02bbu hoa hele ma waho, i\u0101 \u02bb\u014cma\u02bbokamau.&#8221; A laila, ki\u02bbi \u02bbia akula \u02bbo \u02bb\u014cma\u02bbokamau me Pi\u02bbimaiwa\u02bba. <\/span><\/p>\n<p class=\"p3\"><span class=\"s1\">I ia w\u0101, \u02bb\u014dlelo akula \u02bbo L\u012bloa i ko \u02bbUmi manawa i loa\u02bba ai i\u0101 ia, i kona po\u02bbe a pau loa, &#8220;I\u0101 k\u0101kou i hele ai i ke kapu heiau, a ho\u02bbi mai au me ka malo \u02bbole, he malo lau\u02bb\u012b ko\u02bbu i ia l\u0101, a ua kapa mai \u02bboukou ia\u02bbu he hehena, ak\u0101, eia ua malo l\u0101 o\u02bbu, a me ka niho palaoa, ka l\u0101\u02bbau p\u0101lau. Ua waiho au no ku\u02bbu keiki, \u02bbo ia k\u0113ia.&#8221; I ia w\u0101, \u02bbike n\u0101 mea a pau loa he keiki \u02bbo \u02bbUmi na L\u012bloa. <\/span><\/p>\n<p class=\"p3\"><span class=\"s1\">\u02bb\u012a aku \u02bbo L\u012bloa i kona po\u02bbe k\u0101naka, &#8220;E ki\u02bbi aku i kona mau akua, a e lawe mai i mua o \u02bbUmi, e \u02bboki i kona piko.&#8221; A hiki maila n\u0101 akua o L\u012bloa, \u02bbo\u02bboki \u02bbia ihola ko \u02bbUmi piko, a ho\u02bbokani n\u014d ho\u02bbi ka pahu kapu. Ma k\u0113ia kani \u02bbana o ka pahu, lohe \u02bbo H\u0101kau, ke keiki mua a L\u012bloa. N\u012bnau maila ia i n\u0101 k\u0101naka, &#8220;He pahu aha k\u0113ia e kani nei?&#8221; &#8220;He pahu \u02bbo\u02bboki no ka piko o ke keiki hou a ke ali\u02bbi, \u02bbo \u02bbUmi kona inoa.\u201d<\/span><\/p>\n<p class=\"p3\"><span class=\"s1\">A Johe \u02bbo H\u0101kau, hele maila ia me ka huh\u016b i\u0101 \u02bbUmi, a n\u012binau maila ia L\u012bloa,&#8221; \u02bbO k\u0101u keiki hou k\u0113ia?&#8221; \u02bbAe aku \u02bbo L\u012bloa me ka \u02bb\u014dlelo \u02bbolu\u02bbolu i\u0101 H\u0101kau, &#8220;\u02bbAe, \u02bbo \u02bboe n\u014d ke ali\u02bbi, \u02bbo kou kanaka k\u0113ia; ma luna \u02bboe, ma lalo k\u0113ia.&#8221; Ma k\u0113ia mau \u02bb\u014dlelo h\u014d\u02bbolu\u02bbolu a L\u012bloa i k\u0101na keiki, i\u0101 H\u0101kau, ua \u02bbolu\u02bbolu \u02bbo H\u0101kau me ke \u02bbano ho\u02bbokamani i\u0101 \u02bbUmi. <\/span><\/p>\n<p class=\"p3\"><span class=\"s1\">Ma k\u0113ia noho p\u016b \u02bbana o \u02bbUmi me L\u012bloa, ua m\u0101lama loa \u02bbo \u02bbUmi i k\u0101 L\u012bloa mau \u02bb\u014dlelo i n\u0101 l\u0101 a pau loa, a ua aloha \u02bbo L\u012bloa i\u0101 \u02bbUmi. \u02bbO kona kaikua\u02bbana ho\u02bbi, \u02bbo H\u0101kau, ua nui k\u0101na hana \u02bbino i kona kaikaina, a hiki i ka l\u0101 i make ai ko l\u0101ua makua k\u0101ne, \u02bbo L\u012bloa.<\/span><\/p>\n<p class=\"p3\"><span class=\"s1\">Ma mua a\u02bbe o ko L\u012bloa make \u02bbana, ho\u02bboili akula ia i n\u0101 \u02bb\u0101ina a pau o Hawai\u02bbi no k\u0101na keiki hiapo, no H\u0101kau. \u02bbO ka hale akua a me ke akua, \u02bbo ia k\u0101na i ho\u02bboili ai no k\u0101na keiki muli, no \u02bbUmi. A make \u02bbo L\u012bloa, noho iho \u02bbo H\u0101kau ma n\u0101 \u02bb\u0101ina a pau o Hawai\u02bbi, a \u02bbo kona kaikaina, \u02bbo \u02bbUmi, ma lalo aku n\u014d ia o kona kaikua\u02bbana. <\/span><\/p>\n<p class=\"p3\"><span class=\"s1\">I\u0101 l\u0101ua e noho ana, he nui loa ko H\u0101kau huh\u016b i\u0101 \u02bbUmi ma n\u0101 mea a pau loa, in\u0101 e he\u02bbe \u02bbo \u02bbUmi i ko H\u0101kau papa, a laila, \u02bb\u014dlelo mai \u02bbo H\u0101kau i\u0101 \u02bbUmi, &#8220;Mai he\u02bbe \u02bboe i ku\u02bbu papa he\u02bbe nalu, no ka mea, \u02bba\u02bbohe ali\u02bbi o kou mak.uahine. P\u0113l\u0101 ka malo.&#8221; P\u0113l\u0101 no ka noho \u02bbino\u02bbino \u02bbana o H\u0101kau i\u0101 \u02bbUmi, a k\u012bpaku \u02bboko\u02bba i\u0101 \u02bbUmi, a laila, hele akula \u02bbo \u02bbUmi me kona mau hoa hele, \u02bbo \u02bb\u014cma\u02bbok\u0101mau a \u02bbo Pi\u02bbimaiwa\u02bba.<\/span><\/p>\n<p class=\"p3\"><span class=\"s1\">I\u0101 l\u0101kou i pi\u02bbi aku ai mai Waipi\u02bbo aku a ka pali \u02bbo Koakea, a hala ia, hiki i Kukuihaele, a laila, loa\u02bba \u02bbo Ko\u02bbi, a laila, hele p\u016b \u02bbo ia me \u02bbUmi. Mai laila aku l\u0101kou a Kaum\u014d\u02bbali, a Kohol\u0101lele, Kealakaha, \u02bbo ia kona wahi i h\u0101nau ai, a ma laila kona makuahine e noho ana, \u02bbo \u02bbAkahiakuleana. Ak\u0101, \u02bba\u02bbole na\u02bbe l\u0101kou i kipa ma laila; hele kuewa wale akula n\u014d l\u0101kou me ka malihini. Hele akula l\u0101kou a noho ma ka palena o Hilo me H\u0101m\u0101kua, \u02bbo ia ka \u02bb\u0101ina \u02bbo Waipunalei, no ka \u02bbaui \u02bbana o ka l\u0101, kipa a\u02bbela l\u0101kou ma laila e noho ai. <\/span><\/p>\n<p class=\"p3\"><span class=\"s1\">Aia ho\u02bbi, he nui n\u0101 kaikamahine maka palupalu o laila e noho ana, \u02bbike maila l\u0101kou i ka maika\u02bbi o \u02bbUmi m\u0101, l\u0101lau maila i\u0101 l\u0101kou i mau k\u0101ne. A \u02bbo \u02bbUmi ho\u02bbi, no ka \u02bboi o kona kanaka maika\u02bbi i mua o kona mau hoa hele, no laila, \u02bbelua \u0101na wahine. <\/span><\/p>\n<p class=\"p3\"><span class=\"s1\">I ko l\u0101kou noho \u02bbana i laila, ho\u02bboholo ihola ko l\u0101kou mana\u02bbo, e h\u016bn\u0101 i\u0101 \u02bbUmi, a e ho\u02bbonoho i\u0101 ia me ka hana \u02bbole i k\u0113l\u0101 mea, i k\u0113ia mea, a noho wale ihola \u02bbo \u02bbUmi, e like me ko l\u0101kou mana\u02bbo. <\/span><\/p>\n<p class=\"p3\"><span class=\"s1\">Ma k\u0113ia noho \u02bbana o l\u0101kou i laila, he1e akula \u02bbo \u02bb\u014cma\u02bbok\u0101mau, \u02bbo Pi\u02bbimaiwa\u02bba, \u02bbo Ko\u02bbi, i ka mahi \u02bbai i ka \u02bb\u0101ina a ko l\u0101kou m\u0101kua h\u016bn\u014dai, a ma ko l\u0101kou mahi \u02bbai \u02bbana, mahalo maila ko l\u0101kou m\u0101kua h\u016bn\u014dai i ka ikaika i ka mahi \u02bbai. Ak\u0101, \u02bbo ko \u02bbUmi mau m\u0101kua h\u016bn\u014dai, kaumaha ko l\u0101ua mana\u02bbo no \u02bbUmi i ka mahi \u02bbai \u02bbole. A ma hope o laila, hele akula l\u0101kou ma Laup\u0101hoehoe Kai e \u02bbau\u02bbau kai ai. <\/span><\/p>\n<\/div>\n<\/div>\n<\/div>\n<\/div>\n<\/div>\n<\/div>\n<\/div>\n\n","protected":false},"excerpt":{"rendered":"","protected":false},"author":1,"featured_media":0,"parent":71,"menu_order":0,"comment_status":"closed","ping_status":"closed","template":"","meta":[],"_links":{"self":[{"href":"https:\/\/ehooululahui.maui.hawaii.edu\/index.php?rest_route=\/wp\/v2\/pages\/1974"}],"collection":[{"href":"https:\/\/ehooululahui.maui.hawaii.edu\/index.php?rest_route=\/wp\/v2\/pages"}],"about":[{"href":"https:\/\/ehooululahui.maui.hawaii.edu\/index.php?rest_route=\/wp\/v2\/types\/page"}],"author":[{"embeddable":true,"href":"https:\/\/ehooululahui.maui.hawaii.edu\/index.php?rest_route=\/wp\/v2\/users\/1"}],"replies":[{"embeddable":true,"href":"https:\/\/ehooululahui.maui.hawaii.edu\/index.php?rest_route=%2Fwp%2Fv2%2Fcomments&post=1974"}],"version-history":[{"count":1,"href":"https:\/\/ehooululahui.maui.hawaii.edu\/index.php?rest_route=\/wp\/v2\/pages\/1974\/revisions"}],"predecessor-version":[{"id":1975,"href":"https:\/\/ehooululahui.maui.hawaii.edu\/index.php?rest_route=\/wp\/v2\/pages\/1974\/revisions\/1975"}],"up":[{"embeddable":true,"href":"https:\/\/ehooululahui.maui.hawaii.edu\/index.php?rest_route=\/wp\/v2\/pages\/71"}],"wp:attachment":[{"href":"https:\/\/ehooululahui.maui.hawaii.edu\/index.php?rest_route=%2Fwp%2Fv2%2Fmedia&parent=1974"}],"curies":[{"name":"wp","href":"https:\/\/api.w.org\/{rel}","templated":true}]}}