{"id":1977,"date":"2020-01-24T15:53:10","date_gmt":"2020-01-25T01:53:10","guid":{"rendered":"http:\/\/ehooululahui.maui.hawaii.edu\/?page_id=1977"},"modified":"2020-01-24T15:53:10","modified_gmt":"2020-01-25T01:53:10","slug":"%ca%bbumi-mokuna-%ca%bbekolu","status":"publish","type":"page","link":"https:\/\/ehooululahui.maui.hawaii.edu\/?page_id=1977","title":{"rendered":"\u02bbUmi: Mokuna \u02bbEkolu"},"content":{"rendered":"<style type=\"text\/css\"> \n#cmsmasters_row_69e155085acbe { \n\tbackground-color:#f8ecc2;\n} \n\n#cmsmasters_row_69e155085acbe .cmsmasters_row_outer_parent { \n\tpadding-top: 50px; \n} \n\n#cmsmasters_row_69e155085acbe .cmsmasters_row_outer_parent { \n\tpadding-bottom: 50px; \n} \n\n \n#cmsmasters_divider_69e155085b258 { \n\tborder-bottom-width:1px; \n\tborder-bottom-style:solid; \n\tpadding-top:5px; \n\tmargin-bottom:30px; \n\tborder-bottom-color:rgba(0,0,0,0.5);\n} \n<\/style><div id=\"cmsmasters_row_69e155085acbe\" class=\"cmsmasters_row cmsmasters_color_scheme_default cmsmasters_row_top_default cmsmasters_row_bot_default cmsmasters_row_boxed\">\n<div class=\"cmsmasters_row_outer_parent\">\n<div class=\"cmsmasters_row_outer\">\n<div class=\"cmsmasters_row_inner\">\n<div class=\"cmsmasters_row_margin\">\n<div class=\"cmsmasters_column one_first\">\n<div class=\"custom_html\">\n<iframe width=\"100%\" height=\"20\" scrolling=\"no\" frameborder=\"no\" allow=\"autoplay\" src=\"https:\/\/w.soundcloud.com\/player\/?url=https%3A\/\/api.soundcloud.com\/tracks\/483035184&color=%23ff5500&inverse=false&auto_play=false&show_user=true\"><\/iframe>\n<\/div>\n\n<div id=\"cmsmasters_divider_69e155085b258\" class=\"cmsmasters_divider cmsmasters_divider_width_long cmsmasters_divider_pos_center\"><\/div>\n<div class=\"cmsmasters_text\">\n<h3 class=\"p1\" style=\"text-align: center;\"><span class=\"s1\">Ko \u02bbUmi Noho \u02bbIlihune \u02bbAna<\/span><\/h3>\n<p class=\"p4\"><span class=\"s1\">He akamai loa \u02bbo \u02bbUmi i ka he\u02bbe nalu \u02bbana, i kona w\u0101 e noho \u02bbilihune ana ma Laupahoehoe. I\u0101 ia e he\u02bbe nalu ana, heihei ihola l\u0101ua \u02bbo Pai\u02bbea, he kanaka akamai i ka he\u02bbe nalu, no Laup\u0101hoehoe. I ko l\u0101ua w\u0101 e heihei ana, ho\u02bbok\u0113 loa \u02bbo Pai\u02bbea i\u0101 \u02bbUmi i ka papa he\u02bbe nalu, a \u02bbeha loa ko \u02bbUmi po\u02bbohiwi. No laila, lilo ia i hala no Pai\u02bbea e make ai i\u0101 \u02bbUmi i ka w\u0101 e puni ai \u02bbo Hawai\u02bbi i\u0101 \u02bbUmi.<\/span><\/p>\n<p class=\"p4\"><span class=\"s1\">A hiki i ke kau aku o Laup\u0101hoehoe, holo akula \u02bbo \u02bb\u014cma\u02bbok\u0101mau, \u02bbo Pi\u02bbimaiwa\u02bba, \u02bbo Ko\u02bbi, i ka hoehoe me kama\u02bb\u0101ina o laila, a loa\u02bba maila k\u0101 l\u0101kou aku, \u02bboli\u02bboli iho ko l\u0101kou mau m\u0101kua h\u016bn\u014dai; ak\u0101, \u02bbo ko \u02bbUmi mau m\u0101kua h\u016bn\u014dai, kaumaha loa l\u0101ua, no k\u0101 l\u0101ua h\u016bn\u014dna, i ka loa\u02bba \u02bbole o ke aku. No laila, \u02bb\u014dlelo mai ko \u02bbUmi mau m\u0101kua h\u016bn\u014dai i n\u0101 wahine a \u02bbUmi, &#8220;In\u0101 paha ka pu\u02bbipu\u02bbi o k\u0101 \u02bbolua k\u0101ne a e ikaika ana i ka hoe wa\u02bba, \u02bbai \u02bbia ke aku; makehewa ko \u02bbolua kino i\u0101 ia.\u201d<\/span><\/p>\n<p class=\"p4\"><span class=\"s1\">Ma hope o laila, \u02bb\u014dlelo maila kekahi mau kama\u02bb\u0101ina i\u0101 \u02bbUmi, e holo e k\u0101ohi wa\u02bba na l\u0101kou, \u02bbae akula n\u014d \u02bbo \u02bbUmi i k\u0101 l\u0101kou \u02bb\u014dlelo, a holo akula. Ma k\u0113ia holo \u02bbana o \u02bbUmi i ke k\u0101ohi aku, a ho\u02bbi maila, h\u0101\u02bbawi \u02bbia maila k\u0101na aku, ma lalo mai o ka lemu ka h\u0101\u02bbawi \u02bbana mai aka lawai\u02bba. A \u02bbike \u02bbo \u02bbUmi, ha\u02bbalele akula ia i ia aku, \u02bba\u02bbole i lawe mai, ak\u0101, k\u016b\u02bbai \u02bbo \u02bbUmi i ia aku me kekahi mea aku \u02bb\u0113 a\u02bbe, no ko \u02bbUmi \u02bbike \u02bbana ma lalo mai ka h\u0101\u02bbawi \u02bbana mai. No laila, \u02bb\u014dlelo akula \u02bbo \u02bbUmi, &#8220;Eia k\u0101u aku, \u02bbo ka\u02bbu; he i\u02bba nui k\u0113ia, he \u02bbu\u02bbuku k\u0101u.&#8221; A pono a\u02bbela k\u0113ia mea. \u02bbA\u02bbole \u02bbo \u02bbUmi i \u02bbai i ua i\u02bba nei, ho\u02bbiho\u02bbi akula n\u014d ia a h\u0101\u02bbawi na kona akua, na K\u0101\u02bbili, aia n\u014d ma H\u014dkuli kona wahi i huna ai, me ka \u02bbike \u02bbole \u02bbia.<\/span><\/p>\n<p class=\"p4\"><span class=\"s1\">He mea mau i\u0101 \u02bbUmi, ka holo i ke k\u0101ohi wa\u02bba, a me ka lawe i aku na kona akua, na K\u0101\u02bbili, ma ua wahi l\u0101 i \u02bb\u014dlelo \u02bbia ma luna. Eia ho\u02bbi ka mea ha\u02bboha\u02bbo loa \u02bbia, \u02bbo ka pi\u02bbo mau o ke \u0101nuenue i luna o ia wahi. No laila, ha\u02bboha\u02bbo \u02bbo Ka\u02bb\u014dleiok\u016b, a mana\u02bbo ihola \u02bbo Ka\u02bb\u014dleiok\u016b, \u02bbo \u02bbUmi kai Iaila, no ka mea, ua lohe \u02bbia ko \u02bbU mi nalowale \u02bbana. <\/span><\/p>\n<p class=\"p4\"><span class=\"s1\">A laila, hopu ihola \u02bbo Ka\u02bb\u014dleiok\u016b i ka pua\u02bba a iho maila e \u02bbike i\u0101 \u02bbUmi. A hiki ia, n\u0101n\u0101 akula ia i ke kino o \u02bbUmi, he kino hanohano, a kohu ali\u02bbi, a pa\u02bba ihola kona mana\u02bbo \u02bbo \u02bbUmi ia. A laila, l\u0101lau ihola \u02bbo Ka\u02bb\u014dleiok\u016b i ka pua\u02bba, a kaumaha akula i\u0101 \u02bbUmi, penei, &#8220;Eia ka pua\u02bba eke akua, he pua\u02bba \u02bbimi ali\u02bbi.&#8221; <\/span><\/p>\n<p class=\"p4\"><span class=\"s1\">A pau ke kaumaha \u02bbana a Ka\u02bb\u014dleiok\u016b i ka pua\u02bba, ku\u02bbu akula ia i ka pua\u02bba a k\u016b ma ko \u02bbUmi alo, a laila, huli hou maila ka pua\u02bba i\u0101 Ka\u02bb\u014dleiok\u016b. A laila, n\u012bnau aku \u02bbo Ka\u02bb\u014dleiok\u016b, &#8220;\u02bbO \u02bbUmi no \u02bboe?&#8221; \u02bbAe maila \u02bbo \u02bbUmi,&#8221; \u02bbAe, \u02bbo wau n\u014d.&#8221; \u02bb\u012a aku \u02bbo Ka\u02bb\u014dleiok\u016b, &#8220;E ho\u02bbi k\u0101ua i ko\u02bbu wahi.&#8221; \u02bbAe akula \u02bbo \u02bbUmi,&#8221; \u02bbAe.&#8221; I ia w\u0101, \u02bbike kona mau m\u0101kua h\u016bn\u014dai a me n\u0101 k\u0101naka a pau loa, he ali\u02bbi k\u0101 k\u0113ia, \u02bbo \u02bbUmi, \u02bbo k\u0101 L\u012bloa keiki, ka mea a l\u0101kou i lohe iho nei ua nalowale. <\/span><\/p>\n<p class=\"p4\"><span class=\"s1\">Lawe akula \u02bbo Ka\u02bb\u014dleiok\u016b i\u0101 \u02bbUmi, a lilo a\u02bbela i ali\u02bbi n\u0101na, a noho ihola me ia. I ia w\u0101, hana \u02bbo Ka\u02bb\u014dleiok\u016b i mea e lilo ai ke aupuni no k\u0101na ali\u02bbi, no \u02bbUmi, no ka mea, ua maopopo i\u0101 ia, he ali\u02bbi nui \u02bbo \u02bbUmi, a e k\u016b ana i ka moku \u02bbo Hawai\u02bbi, a e loa\u02bba ana n\u014d ho\u02bbi i\u0101 ia ka p\u014dmaika\u02bbi. Ha\u0101nai ihola ia i n\u0101 k\u0101naka, ka holoholona, mahi \u02bbai, a\u02bbo i ka \u02bb\u014d\u02bb\u014d ihe, k\u016bkulu i mau hale a\u02bbo i ke \u02bbano kaua, a me n\u0101 mea a pau loa. A no loko mai o k\u0113ia a\u02bbo \u02bbana, \u02bbo n\u0101 k\u0101naka akamai a koa ho\u02bbi, \u02bbo ia \u02bbo Ko\u02bbi, \u02bb\u014cma\u02bbokamau a \u02bbo Pi\u02bbimaiwa\u02bba. <\/span><\/p>\n<p class=\"p4\"><span class=\"s1\">Ma k\u0113ia noho \u02bbana, he nui loa n\u0101 k\u0101naka o ka hale ho\u02bbokahi, \u02bbeh\u0101 ka\u02bbau ka nui (ua like me 160 i ka hale ho\u02bbokahi), p\u0113la a pau n\u0101 ka\u02bbau hale \u02bbeh\u0101. P\u0113l\u0101 \u02bbo Ka\u02bb\u014dleiok\u016b I ho\u02bbom\u0101kaukau ai no k\u0101na ali\u02bbi, no \u02bbUmi, no ko Ka\u02bb\u014dleiok\u016b mana\u02bbo e lilo ana ke aupuni no k\u0101na ali\u02bbi, no \u02bbUmi.<\/span><\/p>\n<\/div>\n<\/div>\n<\/div>\n<\/div>\n<\/div>\n<\/div>\n<\/div>\n\n","protected":false},"excerpt":{"rendered":"","protected":false},"author":1,"featured_media":0,"parent":71,"menu_order":0,"comment_status":"closed","ping_status":"closed","template":"","meta":[],"_links":{"self":[{"href":"https:\/\/ehooululahui.maui.hawaii.edu\/index.php?rest_route=\/wp\/v2\/pages\/1977"}],"collection":[{"href":"https:\/\/ehooululahui.maui.hawaii.edu\/index.php?rest_route=\/wp\/v2\/pages"}],"about":[{"href":"https:\/\/ehooululahui.maui.hawaii.edu\/index.php?rest_route=\/wp\/v2\/types\/page"}],"author":[{"embeddable":true,"href":"https:\/\/ehooululahui.maui.hawaii.edu\/index.php?rest_route=\/wp\/v2\/users\/1"}],"replies":[{"embeddable":true,"href":"https:\/\/ehooululahui.maui.hawaii.edu\/index.php?rest_route=%2Fwp%2Fv2%2Fcomments&post=1977"}],"version-history":[{"count":1,"href":"https:\/\/ehooululahui.maui.hawaii.edu\/index.php?rest_route=\/wp\/v2\/pages\/1977\/revisions"}],"predecessor-version":[{"id":1978,"href":"https:\/\/ehooululahui.maui.hawaii.edu\/index.php?rest_route=\/wp\/v2\/pages\/1977\/revisions\/1978"}],"up":[{"embeddable":true,"href":"https:\/\/ehooululahui.maui.hawaii.edu\/index.php?rest_route=\/wp\/v2\/pages\/71"}],"wp:attachment":[{"href":"https:\/\/ehooululahui.maui.hawaii.edu\/index.php?rest_route=%2Fwp%2Fv2%2Fmedia&parent=1977"}],"curies":[{"name":"wp","href":"https:\/\/api.w.org\/{rel}","templated":true}]}}