{"id":1995,"date":"2020-02-03T12:37:09","date_gmt":"2020-02-03T22:37:09","guid":{"rendered":"http:\/\/ehooululahui.maui.hawaii.edu\/?page_id=1995"},"modified":"2020-02-03T12:37:09","modified_gmt":"2020-02-03T22:37:09","slug":"%ca%bbumi-mokuna-%ca%bbeono","status":"publish","type":"page","link":"https:\/\/ehooululahui.maui.hawaii.edu\/?page_id=1995","title":{"rendered":"\u02bbUmi: Mokuna \u02bbEono"},"content":{"rendered":"<style type=\"text\/css\"> \n#cmsmasters_row_69e3c1c27b38f { \n\tbackground-color:#f8ecc2;\n} \n\n#cmsmasters_row_69e3c1c27b38f .cmsmasters_row_outer_parent { \n\tpadding-top: 50px; \n} \n\n#cmsmasters_row_69e3c1c27b38f .cmsmasters_row_outer_parent { \n\tpadding-bottom: 50px; \n} \n\n \n#cmsmasters_divider_69e3c1c27ba35 { \n\tborder-bottom-width:1px; \n\tborder-bottom-style:solid; \n\tpadding-top:5px; \n\tmargin-bottom:30px; \n\tborder-bottom-color:rgba(0,0,0,0.5);\n} \n<\/style><div id=\"cmsmasters_row_69e3c1c27b38f\" class=\"cmsmasters_row cmsmasters_color_scheme_default cmsmasters_row_top_default cmsmasters_row_bot_default cmsmasters_row_boxed\">\n<div class=\"cmsmasters_row_outer_parent\">\n<div class=\"cmsmasters_row_outer\">\n<div class=\"cmsmasters_row_inner\">\n<div class=\"cmsmasters_row_margin\">\n<div class=\"cmsmasters_column one_first\">\n<div class=\"custom_html\">\n<iframe width=\"100%\" height=\"20\" scrolling=\"no\" frameborder=\"no\" allow=\"autoplay\" src=\"https:\/\/w.soundcloud.com\/player\/?url=https%3A\/\/api.soundcloud.com\/tracks\/483035127&color=%23ff5500&inverse=false&auto_play=false&show_user=true\"><\/iframe>\n<\/div>\n\n<div id=\"cmsmasters_divider_69e3c1c27ba35\" class=\"cmsmasters_divider cmsmasters_divider_width_long cmsmasters_divider_pos_center\"><\/div>\n<div class=\"cmsmasters_text\">\n<h3 class=\"p1\" style=\"text-align: center;\"><span class=\"s1\">Ko Ke Ali\u02bbi \u02bbO \u02bbUmi Ka\u02bbapuni \u02bbAna I\u0101 <\/span><span class=\"s1\">Hawai\u02bbi Me Kona Mau Ali\u02bbi<\/span><\/h3>\n<p class=\"p3\"><span class=\"s1\">A m\u0101kaukau ka hele o \u02bbUmi, \u02bb\u014dlelo akula ia i\u0101 Ka\u02bb\u014dleiok\u016b, ma Kawaihae mua e hele ai, no kona makemake loa e \u02bbike i\u0101 Kawaihae. A lohe \u02bbo Ka\u02bb\u014dleiok\u016b i k\u0113ia \u02bb\u014dlelo a \u02bbUmi, \u02bb\u012b akula ia i ke ali\u02bbi, &#8220;\u02bbA\u02bbole \u02bboe e pono ke hele ma ke komohana; eia wale n\u014d ka pono i\u0101 \u02bboe, e hele mua \u02bboe ma ka hikina. \u02bbO ia kou ho\u02bbomaka \u02bbana e ka\u02bbapuni i kou aupuni. In\u0101 he ali\u02bbi \u02bboe ma lalo Joa, a laila, he pono \u02bboe ke hele ma ke komohana.&#8221; Ma k\u0113ia mau \u02bb\u014dlelo a Ka\u02bb\u014dleiok\u016b, ua \u02bbolu\u02bbolu ia mea i\u0101 \u02bbUmi. <\/span><\/p>\n<p class=\"p3\"><span class=\"s1\">Ma hope o k\u0113ia mau \u02bb\u014dlelo, hele akula \u02bbo \u02bbUmi me Ka\u02bb\u014dleiok\u016b a me n\u0101 ali\u02bbi \u02bbai moku, n\u0101 k\u0101naka he lehulehu loa, ma H\u0101m\u0101kua. A hala \u02bbelua anahulu ma ke alanui o ka hele \u02bbana, hiki l\u0101kou ma Laup\u0101hoehoe (kahi o Pai\u02bbea). Ma \u02bbane\u02bbi, e ho\u02bbomaopopo k\u0101kou i ka he\u02bbe nalu \u02bbana a Pai\u02bbea me \u02bbUmi, i ko \u02bbUmi noho mua \u02bbana i Laup\u0101hoehoe, e like me ka \u02bb\u014dlelo ma ka Mokuna III. Eia na\u02bbe, \u02bba\u02bbole i ho\u02bb\u0101k\u0101ka loa \u02bbia ma laila. <\/span><\/p>\n<p class=\"p3\"><span class=\"s1\">I\u0101 \u02bbUmi e noho \u02bbilihune ana ma Waipunalei i Hilo, hele akula l\u0101ua me Ko\u02bbi i kahakai o Laup\u0101hoehoe, n\u0101n\u0101 akula l\u0101ua; e he\u02bbe nalu ana \u02bbo Pai\u02bbea me n\u0101 k\u0101naka o laila, a e ho\u02bbokani ana ka po\u02bbe m\u0101ka\u02bbika\u02bbi i ka pae o Pai\u02bbea, a me ke akamai i ka he\u02bbe nalu. Hele akula \u02bbo \u02bbUmi, a loa\u02bba he wahi kanaka kama\u02bb\u0101ina, \u02bb\u014dlelo mal\u016b akula, &#8220;\u02bbO ko Pai\u02bbea ihola n\u014d ia, \u02bbo ke \u014dp\u016b wale a\u02bbe n\u014d i luna o ka nalu a emi iho, \u02bba\u02bbole p\u0113l\u0101 ka pae o ka nalu o ko m\u0101kou \u02bb\u0101ina, aia ka pae a hala loa i uka i ka p\u0101 ala.&#8221; <\/span><\/p>\n<p class=\"p3\"><span class=\"s1\">Ma k\u0113ia lohe \u02bbana o ua wahi kanaka kama\u02bb\u0101ina nei, hele akula ia a \u02bb\u014dlelo i\u0101 Pai\u02bbea. A lohe \u02bbo Pai\u02bbea i k\u0113ia mau \u02bb\u014dlelo, k\u0101hea maila i\u0101 \u02bbUmi, e hele aku ma laila. A hiki \u02bbo \u02bbUmi i mua o Pai\u02bbea, \u02bb\u014dlelo maila \u02bbo Pai\u02bbea, &#8220;He \u02bboia\u02bbi\u02bbo anei, ua \u02bb\u014dlelo \u02bboe e like me k\u0101 ia nei mea i \u02bb\u014dlelo mai nei?&#8221; \u02bb\u012a aku \u02bbo \u02bbUmi i\u0101 Pai\u02bbea, &#8220;I mea wale a\u02bbe n\u014d wau, \u02bbo ke k\u016b \u02bbi\u02bbo mai n\u014d k\u0101 k\u0101 ia nei.&#8221; \u02bb\u012a aku \u02bbo Pai\u02bbea i\u0101 \u02bbUmi, &#8220;E heihei k\u0101ua make kaha nalu \u02bbana. In\u0101 wau e make i\u0101 \u02bboe, lilo n\u014d ho\u02bbi au i\u0101 \u02bboe, a in\u0101 ho\u02bbi \u02bboe i make ia\u02bbu, lilo n\u014d ho\u02bbi \u02bboe ia\u02bbu.&#8221; \u02bbAe akula \u02bbo \u02bbUmi i k\u0113ia mau \u02bb\u014dlelo. <\/span><\/p>\n<p class=\"p3\"><span class=\"s1\">I ia w\u0101, pili l\u0101ua, \u02bbo k\u0101 Pai\u02bbea pili, \u02bbelua wa\u02bba kaulua, ho\u02bbokahi wa\u02bba kaukahi, mau i ka palaoa o \u02bbUmi. Pili hou \u02bbo Pai\u02bbea, \u02bbeh\u0101 wa\u02bba kaulua, e mana\u02bbo ana \u02bbo Pai\u02bbea e pili i n\u0101 iwi o \u02bbUmi. Ak\u0101, k\u016b mai kekahi keiki papa o Laup\u0101hoehoe, a k\u014dkua ma hope o \u02bbUmi. \u02bbEh\u0101 wa\u02bba kaulua, mau i ko Pai\u02bbea. \u02bbA\u02bbole i pau ka waiwai o ua keiki nei, pau \u02bb\u0113 ko Pai\u02bbea waiwai. No k\u0113ia k\u014dkua a ua keiki nei i\u0101 \u02bbUmi, \u02bb\u014dlelo aku \u02bbo Pai\u02bbea, &#8220;E kipi \u02bbia n\u014d wau e \u02bboe, \u02bbo ku\u02bbu make n\u014d ia, no ka mea, he nui loa kou mau \u02bbohana.&#8221; No ka mea, he ali\u02bbi no \u02bbo Pai\u02bbea, ma lalo aku o L\u012bloa, a \u02bbo ua keiki nei ho\u02bbi, he keiki papa no Hilo a me H\u0101m\u0101kua. <\/span><\/p>\n<p class=\"p3\"><span class=\"s1\">A mau ka pili a \u02bbUmi me Pai\u02bbea, \u02bbau akula l\u0101ua a ke k\u016blana nalu, \u02bb\u012b aku \u02bbo Pai\u02bbea i\u0101 \u02bbUmi, &#8220;E pae k\u0101ua.&#8221; \u02bbElua k\u0101hea \u02bbana a Pai\u02bbea i\u0101 \u02bbUmi, \u02bbelua h\u014d\u02bbole o \u02bbUmi. K\u016b hou ka nalu, k\u0101hea \u02bbo \u02bbUmi, &#8220;E pae k\u0101ua.&#8221; \u02bbAe aku \u02bbo Pai\u02bbea. Kaha ihola \u02bbo Pai\u02bbea a me \u02bbUmi i ka nalu ho\u02bbokahi, a kokoke l\u0101ua i ka moku p\u016bko\u02bba i waenakonu, ho\u02bbok\u0113 maila \u02bbo Pai\u02bbea i\u0101 \u02bbUmi. Pa\u02bba loa ka po\u02bbohiwi o \u02bbUmi. A \u02bbike \u02bbo \u02bbUmi \u02bbo kona pa\u02bba k\u016bnihi a\u02bbela ia, hala ma loko, ka\u02bba ka moku p\u016bko\u02bba i waho, pae akula \u02bbo \u02bbUmi a hiki i ka p\u0101 ala, a eo a\u02bbela \u02bbo Pai\u02bbea i\u0101 \u02bbUmi. Ma k\u0113ia pae \u02bbana o \u02bbUmi, \u02bbike maila \u02bbo Ko\u02bbi i ka po\u02bbohiwi o \u02bbUmi, ua pohole, hele maila \u02bbo Ko\u02bbi, a ma ke alo o \u02bbUmi, \u02bb\u014dlelo mal\u016b maila, &#8220;In\u0101 e p\u0101 ka \u02bb\u0101ina i\u0101 \u02bboe, make \u02bbo Pai\u02bbea ia\u02bbu.\u201d<\/span><\/p>\n<p class=\"p3\"><span class=\"s1\">Ma k\u0113ia eo \u02bbana o Pai\u02bbea i\u0101 \u02bbUmi, ua pau loa n\u0101 waiwai o Pai\u02bbea i ke keiki ma hope o \u02bbUmi, a koe n\u0101 waiwai i pili \u02bbia e \u02bbUmi i ka palaoa. \u02bbO k\u0113l\u0101 keiki ho\u02bbi i k\u014dkua i\u0101 \u02bbUmi, \u02bbo ia ke aik\u0101ne a \u02bbUmi, nona k\u0113l\u0101 \u02bb\u0101ina \u02bbo Puna, i ka w\u0101 i lilo ai \u02bbo Hawai\u02bbi i\u0101 \u02bbUmi. <\/span><\/p>\n<p class=\"p3\"><span class=\"s1\">Ma \u02bbane\u02bbi, e ho\u02bbomaka hou \u02bbia ke kama\u02bbilio \u02bbana no ka huaka\u02bbi ka\u02bbapuni a ke ali\u02bbi, a \u02bbUmi.<\/span><\/p>\n<p class=\"p3\"><span class=\"s1\">A ha\u02bbalele ke ali\u02bbi i\u0101 H\u0101m\u0101kua, hiki akula l\u0101kou ma Waipunalei, ma ka palena o Hilo a me H\u0101m\u0101kua. \u02bbO Waipunalei ko Ka\u02bb\u014dleiok\u016b wahi kupa, ua hana mua \u02bbo ia i heiau ma laila, i loko o ka w\u0101 \u02bbilihune \u02bb\u0101ina \u02bbole, \u02bba\u02bbole na\u02bbe i hei \u02bbia i ke kanaka. <\/span><\/p>\n<p class=\"p3\"><span class=\"s1\">A hiki l\u0101kou ma laila, \u02bb\u014dlelo akula \u02bbo \u02bbUmi i\u0101 Ko\u02bbi, &#8220;E ki\u02bbi \u02bboe e pepehi i\u0101 Paj\u02bbea, a me ka po\u02bbe a pau i k\u016b\u02bb\u0113 mai ia\u02bbu.&#8221; \u02bbAe maila \u02bbo Ko\u02bbi. Hele akula ia, a luku akula i\u0101 Pai\u02bbea, a me n\u0101 k\u0101naka a pau o ia \u02bbao\u02bbao o Hilo. A pau a\u02bbela ko Ko\u02bbi luku \u02bbana i\u0101 l\u0101kou, ho\u02bbi maila ia, lawe \u02bbia maila \u02bbo Pai\u02bbea a kau i ka heiau a Ka\u02bb\u014dleiok\u016b ma Waipunalei. <\/span><\/p>\n<p class=\"p3\"><span class=\"s1\">Ma k\u0113ia noho \u02bbana a \u02bbUmi me Ka\u02bb\u014dleiok\u016b ma Waipunalei, ua m\u0101kia pa\u02bba loa \u02bbia ke aupuni no \u02bbUmi, a ua ho\u02bbohiki pa\u02bba ho\u02bbi \u02bbo Ka\u02bb\u014dleiok\u016b ma laila e noho ai \u02bbo \u02bbUmi he ali\u02bbi nui no Hawai\u02bbi a pau kona ola. Ma laila l\u0101kou i noho ai a li\u02bbuli\u02bbu, hele akula l\u0101kou e ka\u02bbapuni i\u0101 Hawai\u02bbi; a puni a\u02bbela \u02bbo Hawai\u02bbi a pau loa, ho\u02bbi maila l\u0101kou a noho ma Waipi\u02bbo. Ma k\u0113ia ka\u02bbapuni \u02bbana i\u0101 Hawai\u02bbi, \u02bbelua kau, \u02bbelua ho\u02bboilo, ua like me \u02bbalua makahiki, ma k\u0113ia hele \u02bbana; ua mahalo \u02bbolu\u02bbolu mai n\u0101 maka\u02bb\u0101inana, no ke ali\u02bbi hou, no \u02bbUmi.<\/span><\/p>\n<p class=\"p3\"><span class=\"s1\">I\u0101 l\u0101kou i noho ai i Waipi\u02bbo, a li\u02bbuli\u02bbu iki iho, ho\u02bbi akula \u02bbo Ka\u02bb\u014dleiok\u016b i kona \u02bb\u0101ina i Hilo e noho ai, koe ihola \u02bbo \u02bb\u014cma\u02bbok\u0101mau, \u02bbo Pi\u02bbimaiwa\u02bba, \u02bbo Ko\u02bbi, a me n\u0101 k\u0101naka he nui loa. <\/span><\/p>\n<p class=\"p3\"><span class=\"s1\">A ho\u02bbi akula \u02bbo Ka\u02bb\u014dleiok\u016b i Hilo e noho ai, ho\u02bbopilipili ihola \u02bbo \u02bbUmi me kekahi kaikamahine ali\u02bbi o loko o kekahi hanauna ali\u02bbi i pili i\u0101 \u02bbUmi, i Kona kahi i noho ai. Lohe akula \u02bbo Ka\u02bb\u014dleiok\u016b ma Hilo, i ka ho\u02bbomoe \u02bbia o \u02bbUmi i ka wahine, h\u014d\u02bbole maila ia, &#8220;\u02bbA\u02bbole e moe \u02bbo \u02bbUmi i kekahi wahine o loko a\u02bbe o kona hanauna pono\u02bb\u012b, no ka mea, ua puni n\u014d \u02bbo Hawai\u02bbi ia \u02bbUmi. No laila, eia k\u0101na wahine e moe ai, \u02bbo ke kaikamahine a Pi\u02bbilani o Maui, \u02bbo ia \u02bbo Pi\u02bbikea, i lilo wale mai \u02bbo Maui, a laila, ku\u02bbikahi ka noho \u02bbana.&#8221; Ua \u02bbolu\u02bbolu k\u0113ia mau \u02bb\u014dlelo i\u0101 \u02bbUmi a me kona mau ali\u02bbi. <\/span><\/p>\n<\/div>\n<\/div>\n<\/div>\n<\/div>\n<\/div>\n<\/div>\n<\/div>\n\n","protected":false},"excerpt":{"rendered":"","protected":false},"author":1,"featured_media":0,"parent":71,"menu_order":0,"comment_status":"closed","ping_status":"closed","template":"","meta":[],"_links":{"self":[{"href":"https:\/\/ehooululahui.maui.hawaii.edu\/index.php?rest_route=\/wp\/v2\/pages\/1995"}],"collection":[{"href":"https:\/\/ehooululahui.maui.hawaii.edu\/index.php?rest_route=\/wp\/v2\/pages"}],"about":[{"href":"https:\/\/ehooululahui.maui.hawaii.edu\/index.php?rest_route=\/wp\/v2\/types\/page"}],"author":[{"embeddable":true,"href":"https:\/\/ehooululahui.maui.hawaii.edu\/index.php?rest_route=\/wp\/v2\/users\/1"}],"replies":[{"embeddable":true,"href":"https:\/\/ehooululahui.maui.hawaii.edu\/index.php?rest_route=%2Fwp%2Fv2%2Fcomments&post=1995"}],"version-history":[{"count":1,"href":"https:\/\/ehooululahui.maui.hawaii.edu\/index.php?rest_route=\/wp\/v2\/pages\/1995\/revisions"}],"predecessor-version":[{"id":1996,"href":"https:\/\/ehooululahui.maui.hawaii.edu\/index.php?rest_route=\/wp\/v2\/pages\/1995\/revisions\/1996"}],"up":[{"embeddable":true,"href":"https:\/\/ehooululahui.maui.hawaii.edu\/index.php?rest_route=\/wp\/v2\/pages\/71"}],"wp:attachment":[{"href":"https:\/\/ehooululahui.maui.hawaii.edu\/index.php?rest_route=%2Fwp%2Fv2%2Fmedia&parent=1995"}],"curies":[{"name":"wp","href":"https:\/\/api.w.org\/{rel}","templated":true}]}}