{"id":1998,"date":"2020-02-03T12:42:26","date_gmt":"2020-02-03T22:42:26","guid":{"rendered":"http:\/\/ehooululahui.maui.hawaii.edu\/?page_id=1998"},"modified":"2020-02-03T12:42:26","modified_gmt":"2020-02-03T22:42:26","slug":"%ca%bbumi-mokuna-%ca%bbehiku","status":"publish","type":"page","link":"https:\/\/ehooululahui.maui.hawaii.edu\/?page_id=1998","title":{"rendered":"\u02bbUmi: Mokuna \u02bbEhiku"},"content":{"rendered":"<style type=\"text\/css\"> \n#cmsmasters_row_6a07db98c9db0 { \n\tbackground-color:#f8ecc2;\n} \n\n#cmsmasters_row_6a07db98c9db0 .cmsmasters_row_outer_parent { \n\tpadding-top: 50px; \n} \n\n#cmsmasters_row_6a07db98c9db0 .cmsmasters_row_outer_parent { \n\tpadding-bottom: 50px; \n} \n\n \n#cmsmasters_divider_6a07db98cae67 { \n\tborder-bottom-width:1px; \n\tborder-bottom-style:solid; \n\tpadding-top:5px; \n\tmargin-bottom:30px; \n\tborder-bottom-color:rgba(0,0,0,0.5);\n} \n<\/style><div id=\"cmsmasters_row_6a07db98c9db0\" class=\"cmsmasters_row cmsmasters_color_scheme_default cmsmasters_row_top_default cmsmasters_row_bot_default cmsmasters_row_boxed\">\n<div class=\"cmsmasters_row_outer_parent\">\n<div class=\"cmsmasters_row_outer\">\n<div class=\"cmsmasters_row_inner\">\n<div class=\"cmsmasters_row_margin\">\n<div class=\"cmsmasters_column one_first\">\n<div class=\"custom_html\">\n<iframe width=\"100%\" height=\"20\" scrolling=\"no\" frameborder=\"no\" allow=\"autoplay\" src=\"https:\/\/w.soundcloud.com\/player\/?url=https%3A\/\/api.soundcloud.com\/tracks\/483035115&color=%23ff5500&inverse=false&auto_play=false&show_user=true\"><\/iframe>\n<\/div>\n\n<div id=\"cmsmasters_divider_6a07db98cae67\" class=\"cmsmasters_divider cmsmasters_divider_width_long cmsmasters_divider_pos_center\"><\/div>\n<div class=\"cmsmasters_text\">\n<h3 class=\"p1\" style=\"text-align: center;\"><span class=\"s1\">Ka Ho\u02bb\u0101o \u02bbAna O \u02bbUmi Me Pi\u02bbikea, <\/span><span class=\"s1\">Ke Kaikamahine A Pi\u02bbilani, <\/span><span class=\"s1\">Ke Ali\u02bbi o Maui<\/span><\/h3>\n<p class=\"p4\"><span class=\"s1\">Ma hope o k\u0113ia mau \u02bb\u014dlelo a Ka\u02bb\u014dleiok\u016b i\u0101 \u02bbUmi, ho\u02bbouna \u02bbia akula \u02bbo \u02bb\u014cma\u02bbok\u0101mau e holo i Maui, e ha\u02bbi aku i\u0101 Pi\u02bbilani no Pi\u02bbikea, i ka lilo o \u02bbUmi i k\u0101ne n\u0101na, a i kona \u02bbae i\u0101 \u02bbUmi, i k\u0101ne na Pi\u02bbikea. A pau ka \u02bb\u014dlelo \u02bbana, holo akula \u02bbo \u02bb\u014cma\u02bbok\u0101mau a pae i Kapueokahi ma H\u0101na, i Maui, ma kahi e kokoke ana me ka pu\u02bbu \u02bbo Ka\u02bbuiki. <\/span><\/p>\n<p class=\"p4\"><span class=\"s1\">Ma k\u0113ia pae \u02bbana o k\u0113ia mau wa\u02bba, p\u012bhoihoi maila \u02bbo uka, mana\u02bbo ihola l\u0101kou, he mau wa\u02bba kaua, nui ko lakou pi\u02bboloke. No laila, hele akula l\u0101kou e n\u012bnau ia \u02bb\u014cma\u02bbok\u0101mau, &#8220;He mau wa\u02bba aha k\u0113ia?&#8221; Wahi a \u02bb\u014cma\u02bbok\u0101mau, &#8220;He mau wa\u02bba m\u0101ka\u02bbika\u02bbi.&#8221; N\u012bnau akula \u02bbo \u02bb\u014cma\u02bbok\u0101mau i n\u0101 kama\u02bb\u0101ina,&#8221; \u02bbAuhea n\u0101 ali\u02bbi?&#8221; \u02bb\u012a aku n\u0101 kama\u02bb\u0101ina, &#8220;Aia n\u014d i ka hale.&#8221; <\/span><\/p>\n<p class=\"p4\"><span class=\"s1\">Hele akula \u02bbo \u02bb\u014cma\u02bbok\u0101mau a hiki i ka hale o n\u0101 ali\u02bbi, \u02bb\u012b maila \u02bbo Pi\u02bbilani, &#8220;Mama.&#8221; Aloha akula \u02bbo \u02bb\u014cma\u02bbok\u0101mau, aloha maila l\u0101kou. Ma hope o ke aloha \u02bbana, n\u012bnau maila \u02bbo Pi\u02bbilani, &#8220;He aha ka huaka\u02bbi a ka Hawai\u02bbi o ka hiki \u02bbana mai?&#8221; \u02bb\u012a aku \u02bbo \u02bb\u014cma\u02bbok\u0101mau, &#8220;He huaka\u02bbi ho\u02bbomoe wahine. Ua ho\u02bboholo iho ko Hawai\u02bbi mau ali\u02bbi \u02bbo \u02bbUmi ke k\u0101ne, \u02bbo Pi\u02bbikea ka wahine, e ho\u02bb\u0101o l\u0101ua.&#8221; A lobe \u02bbo Piilani, ka makua k\u0101ne o Pi\u02bbikea i k\u0113ia mau \u02bb\u014dlelo a \u02bb\u014cma\u02bbok\u0101mau, ua \u02bbolu\u02bbolu n\u014d kona mana\u02bbo, me ka \u02bbae i ia mau mea a pau loa i ho\u02bboholo \u02bbia e l\u0101kou ma Hawai\u02bbi.<\/span><\/p>\n<p class=\"p4\"><span class=\"s1\">Ak\u0101, ma mua a\u02bbe o ko \u02bb\u014cma\u02bbok\u0101mau m\u0101 pae \u02bbana aku i Maui, ua maka\u02bbu n\u0101 kama\u02bb\u0101ina a me Pi\u02bbilani, e mana\u02bbo ana l\u0101kou he mau wa\u02bba kaua k\u0113ia o ka pae \u02bbana aku, ak\u0101, i ko l\u0101kou lobe \u02bbana he wa\u02bba \u02bbimi wahine, pau a\u02bbela ko l\u0101kou pi\u02bboloke \u02bbana. <\/span><\/p>\n<p class=\"p4\"><span class=\"s1\">Ma hope o ka lobe \u02bbana o Pi\u02bbilani i n\u0101 \u02bb\u014dlelo a \u02bb\u014cma\u02bbok\u0101mau, k\u0113n\u0101 a\u02bbela \u02bbo Pi\u02bbilani i n\u0101 k\u0101naka, e ho\u02bbom\u0101kaukau i mea \u02bbai na n\u0101 malihini, a lohe n\u0101 k\u0101naka, ho\u02bbom\u0101kaukau ihola l\u0101kou. A m\u0101kaukau n\u0101 mea \u02bbai, waiho akula i mua o \u02bb\u014cma\u02bbok\u0101mau. A noho p\u016b ihola \u02bbo \u02bb\u014cma\u02bbok\u0101mau me Pi\u02bbilani, ho\u02bbokahi anahulu. Ua lilo \u02bbo \u02bb\u014cma\u02bbok\u0101mau i mea nui i mua o Pi\u02bbilani, a hiki i kona l\u0101 i ho\u02bbi ai i Hawai\u02bbi.<\/span><\/p>\n<p class=\"p4\"><span class=\"s1\">A m\u0101kaukau ka ho\u02bbi o \u02bb\u014cma\u02bbok\u0101mau i Hawai\u02bbi, kauoha maila \u02bbo Pi\u02bbikea i k\u0101na \u02bb\u014dlelo aloha ia \u02bb\u014cma\u02bbok\u0101mau, penei, &#8220;E \u02bb\u014cma\u02bbok\u0101mau, ke ho\u02bbi l\u0101 \u02bboe a hiki i mua o ke alo o ke ali\u02bbi nui nona ke aupuni o Hawai\u02bbi, e aloha aku \u02bboe i\u0101 ia. A \u02bbo wau nei ho\u02bbi, \u02bbo k\u0101na kau\u0101 wahine, e like me ka mea i \u02bbolu\u02bbolu i kona mana\u02bbo, p\u0113l\u0101 e lilo ai i loko o\u02bbu i mea \u02bbi\u02bbini na ko\u02bbu na\u02bbau, a e lilo ana paha ia i mea hia\u02bb\u0101 no ko\u02bbu p\u014d, ke moe iho. A hiki i ko\u02bbu w\u0101 e holo aku ai e \u02bbike i n\u0101 maka o ku\u02bbu haku, \u02bbelua anahulu e hala ia\u02bbu ma Maui nei, a laila, holo aku wau.&#8221; A pau n\u0101 \u02bb\u014dlelo a Pi\u02bbikea, ho\u02bbi akula \u02bbo \u02bb\u014cma\u02bbok\u0101mau m\u0101, a ahiahi o ia l\u0101, pae l\u0101kou ma Waipi\u02bbo, ma laila ke ali\u02bbi \u02bbo \u02bbUmi, kahi i noho ai e kakali mai ana o ka ho\u02bbi aku o \u02bb\u014cma\u02bbok\u0101mau m\u0101.<\/span><\/p>\n<p class=\"p4\"><span class=\"s1\">A hiki \u02bbo \u02bb\u014cma\u02bbok\u0101mau m\u0101, i mua o ke ali\u02bbi <\/span><span class=\"s2\">\u02bbo <\/span><span class=\"s1\">\u02bbUmi,<\/span> <span class=\"s1\">ha\u02bbi akula i n\u0101 mea a pau loa a Pi\u02bbilani a me Pi\u02bbikea i \u02bb\u014dlelo mai ai; a lohe \u02bbo \u02bbUmi, he mea <\/span><span class=\"s2\">\u02bbolu\u02bbolu <\/span><span class=\"s1\">loa ia i kona mana\u02bbo.<\/span><\/p>\n<p class=\"p4\"><span class=\"s1\">A pau n\u0101 <\/span><span class=\"s3\">\u02bb<\/span><span class=\"s1\">\u014dlelo a \u02bb\u014cma\u02bbok\u0101mau, n\u012bnau mai \u02bbo \u02bbUmi, &#8220;Pehea ke \u02bbano o ia ali\u02bbi wahine? He wahine maika\u02bbi n\u014d ia ali\u02bbi wahine?&#8221; <\/span><span class=\"s2\">\u02bbAe <\/span><span class=\"s1\">aku <\/span><span class=\"s2\">\u02bbo <\/span><span class=\"s1\">\u02bb\u014cma\u02bbok\u0101mau, <\/span><span class=\"s2\">&#8220;\u02bbAe, <\/span><span class=\"s1\">he ali\u02bbi wahine maika\u02bbi loa ia, \u02bba\u02bbole wahine ma Hawai\u02bbi nei i like me Pi\u02bbikea; he kaikamahine \u02bb\u014dpiopio wale n\u014d; maika\u02bbi kona mau helehelena ke n\u0101n\u0101 aku, mai ka piko o ke po\u02bbo a hala i lalo i n\u0101 w\u0101wae.&#8221; Ma k\u0113ia lohe <\/span><span class=\"s4\">\u02bbana <\/span><span class=\"s1\">o \u02bbUmi, nui ihola kona <\/span><span class=\"s4\">\u02bboli\u02bboli, <\/span><span class=\"s1\">a me ka makemake e <\/span><span class=\"s4\">\u02bbike <\/span><span class=\"s1\">i\u0101 Pi\u02bbikea, <\/span><span class=\"s4\">a <\/span><span class=\"s1\">kauoha akula ia i n\u0101 k\u0101naka a pau loa e ho\u02bbom\u0101kaukau <\/span><span class=\"s5\">i <\/span><span class=\"s1\">n\u0101 mea a pau loa, ma loko o n\u0101 anahulu <\/span><span class=\"s4\">\u02bbelua.<\/span><\/p>\n<p class=\"p4\"><span class=\"s1\">Ma loko o k\u0113ia mau anahulu \u02bbelua, ho<\/span><span class=\"s5\">\u02bb<\/span><span class=\"s1\">om\u0101kaukau <\/span><span class=\"s5\">\u02bb<\/span><span class=\"s1\">o <\/span><span class=\"s4\">\u02bbUmi <\/span><span class=\"s1\">ma Waipi<\/span><span class=\"s5\">\u02bb<\/span><span class=\"s1\">o, no ka hiki aku o Pi\u02bbikea mai Maui aku; a p\u0113l\u0101 n\u014d ho<\/span><span class=\"s5\">\u02bb<\/span><span class=\"s1\">i <\/span><span class=\"s5\">\u02bb<\/span><span class=\"s1\">o Pi\u02bbilani ma Maui, ho\u02bbom\u0101kaukau no ka holo aku o Pi<\/span><span class=\"s5\">\u02bb<\/span><span class=\"s1\">ikea i Hawai\u02bbi e launa me \u02bbUmi<\/span><span class=\"s5\">.<\/span><\/p>\n<p class=\"p4\"><span class=\"s1\">A pau n\u0101 anahulu \u02bbelua, holo maila \u02bbo Pi\u02bbikea i Hawai\u02bbi e launa me <\/span><span class=\"s4\">\u02bbUmi, <\/span><span class=\"s1\">me kona mau wa\u02bba ho\u02bbokahi lau (ua like me \u02bbeh\u0101 haneri.) A hiki l\u0101kou make kai \u02bbo \u02bbAlenuih\u0101h\u0101, \u02bbike mua \u02bbia akula ka \u02bbula o ko ke ali\u02bbi wahine wa\u02bba i uka o Waipi\u02bbo, a laila, mana\u02bbo ihola l\u0101kou \u02bbo ia ke ali\u02bbi wahine o Maui, <\/span><span class=\"s5\">\u02bb<\/span><span class=\"s1\">o Pi\u02bbikea<\/span><span class=\"s6\">. <\/span><span class=\"s1\">A kokoke <\/span><span class=\"s4\">\u02bbo <\/span><span class=\"s1\">Pi\u02bbikea e pae i Waipi<\/span><span class=\"s5\">\u02bb<\/span><span class=\"s1\">o, ua uhi pa\u02bbap\u016b <\/span><span class=\"s4\">\u02bbia <\/span><span class=\"s1\">ka lani i n\u0101 ao ua<\/span><span class=\"s5\">, <\/span><span class=\"s1\">a iho maila ke \u0101nuenue a k\u016b ma mua o ka ihu o ka wa\u02bba o ke ali\u02bbi wahine, o Pi\u02bbikea, a hala m\u0101 hope o n\u0101 wa\u02bba. K\u016b ihola ke \u0101nuenue me he p\u0101pale mahiole l\u0101 ke kalal\u012b. <\/span><\/p>\n<p class=\"p4\"><span class=\"s1\">A pae n\u0101 wa\u02bba o Pi\u02bbikea i Waipi\u02bbo, l\u0101lau ihola <\/span><span class=\"s4\">\u02bbo <\/span><span class=\"s1\">\u02bb\u014cma\u02bbok\u0101mau i\u0101 Pi\u02bbikea<\/span><span class=\"s5\">, <\/span><span class=\"s4\">i <\/span><span class=\"s1\">luna o ka wa<\/span><span class=\"s5\">\u02bb<\/span><span class=\"s1\">a, h\u0101pai akula a luna o Pi\u02bbimaiwa\u02bba, ho\u02bbonoho ihola i mua o ke ali<\/span><span class=\"s5\">\u02bb<\/span><span class=\"s1\">i \u02bbo \u02bbUmi<\/span><span class=\"s5\">. <\/span><span class=\"s1\">Aloha maila \u02bbo <\/span><span class=\"s4\">\u02bbUmi <\/span><span class=\"s1\">i\u0101 Pi\u02bbikea,<\/span> <span class=\"s1\">a p\u0113l\u0101 <\/span><span class=\"s4\">\u02bbo <\/span><span class=\"s1\">Pi\u02bbikea i\u0101 \u02bbUmi<\/span><span class=\"s5\">. <\/span><span class=\"s1\">Ua <\/span><span class=\"s5\">\u02bb<\/span><span class=\"s1\">olu\u02bbolu l\u0101ua \u02bbelua i ia manawa, a lilo a\u02bbela l\u0101ua i k\u0101ne a i wahine, a noho ihola me ka <\/span><span class=\"s4\">\u02bbolu\u02bbolu. <\/span><span class=\"s1\">Ma k\u0113ia noho \u02bbana a l\u0101ua, he k\u0101ne a he wahine, a li\u02bbuli\u02bbu, lohe <\/span><span class=\"s5\">\u02bb<\/span><span class=\"s1\">ia maila ka make \u02bbana o Pi\u02bbilani, ke ali\u02bbi o Maui, ka makua k\u0101ne o Pi\u02bbikea.<\/span><\/p>\n<p class=\"p4\"><span class=\"s1\">(Ma k\u0113ia wahi ua ho\u02bbokomo \u02bbia k\u0101 Kamakau ho\u02bb\u0101k\u0101ka o ka mo\u02bbolelo o \u02bbUmi, mai ka mo\u02bbolelo mai o ka make \u02bbana o H\u0101kau, i hiki ai ke ho\u02bbomaopopo <\/span><span class=\"s4\">\u02bbia <\/span><span class=\"s1\">n\u0101 mea \u02bbano nui o k\u0101 \u02bbUmi mau hana ma Hawai\u02bbi, a i pa\u02bba ho<\/span><span class=\"s5\">\u02bb<\/span><span class=\"s1\">i ma loko o ia mo<\/span><span class=\"s5\">\u02bb<\/span><span class=\"s1\">olelo, a hiki i kona make <\/span><span class=\"s4\">\u02bbana, <\/span><span class=\"s1\">i pa\u02bba <\/span><span class=\"s4\">\u02bbole <\/span><span class=\"s1\">ho\u02bbi ma loko o ka mo\u02bbolelo ma mua a\u02bbe nei.\u2014LUNA H<\/span><span class=\"s6\">. <\/span><span class=\"s7\">[no ka pa<\/span><span class=\"s8\">\u02bb<\/span><span class=\"s7\">i mua <\/span><span class=\"s9\">\u02bb<\/span><span class=\"s7\">ana]<\/span><span class=\"s1\">)<\/span><\/p>\n<\/div>\n<\/div>\n<\/div>\n<\/div>\n<\/div>\n<\/div>\n<\/div>\n\n","protected":false},"excerpt":{"rendered":"","protected":false},"author":1,"featured_media":0,"parent":71,"menu_order":0,"comment_status":"closed","ping_status":"closed","template":"","meta":[],"_links":{"self":[{"href":"https:\/\/ehooululahui.maui.hawaii.edu\/index.php?rest_route=\/wp\/v2\/pages\/1998"}],"collection":[{"href":"https:\/\/ehooululahui.maui.hawaii.edu\/index.php?rest_route=\/wp\/v2\/pages"}],"about":[{"href":"https:\/\/ehooululahui.maui.hawaii.edu\/index.php?rest_route=\/wp\/v2\/types\/page"}],"author":[{"embeddable":true,"href":"https:\/\/ehooululahui.maui.hawaii.edu\/index.php?rest_route=\/wp\/v2\/users\/1"}],"replies":[{"embeddable":true,"href":"https:\/\/ehooululahui.maui.hawaii.edu\/index.php?rest_route=%2Fwp%2Fv2%2Fcomments&post=1998"}],"version-history":[{"count":1,"href":"https:\/\/ehooululahui.maui.hawaii.edu\/index.php?rest_route=\/wp\/v2\/pages\/1998\/revisions"}],"predecessor-version":[{"id":1999,"href":"https:\/\/ehooululahui.maui.hawaii.edu\/index.php?rest_route=\/wp\/v2\/pages\/1998\/revisions\/1999"}],"up":[{"embeddable":true,"href":"https:\/\/ehooululahui.maui.hawaii.edu\/index.php?rest_route=\/wp\/v2\/pages\/71"}],"wp:attachment":[{"href":"https:\/\/ehooululahui.maui.hawaii.edu\/index.php?rest_route=%2Fwp%2Fv2%2Fmedia&parent=1998"}],"curies":[{"name":"wp","href":"https:\/\/api.w.org\/{rel}","templated":true}]}}