{"id":2005,"date":"2020-02-03T14:31:32","date_gmt":"2020-02-04T00:31:32","guid":{"rendered":"http:\/\/ehooululahui.maui.hawaii.edu\/?page_id=2005"},"modified":"2020-02-03T14:31:32","modified_gmt":"2020-02-04T00:31:32","slug":"%ca%bbumi-mokuna-%ca%bbumi","status":"publish","type":"page","link":"https:\/\/ehooululahui.maui.hawaii.edu\/?page_id=2005","title":{"rendered":"\u02bbUmi: Mokuna \u02bbUmi"},"content":{"rendered":"<style type=\"text\/css\"> \n#cmsmasters_row_6a07db992ce76 { \n\tbackground-color:#f8ecc2;\n} \n\n#cmsmasters_row_6a07db992ce76 .cmsmasters_row_outer_parent { \n\tpadding-top: 50px; \n} \n\n#cmsmasters_row_6a07db992ce76 .cmsmasters_row_outer_parent { \n\tpadding-bottom: 50px; \n} \n\n \n#cmsmasters_divider_6a07db992d202 { \n\tborder-bottom-width:1px; \n\tborder-bottom-style:solid; \n\tpadding-top:5px; \n\tmargin-bottom:30px; \n\tborder-bottom-color:rgba(0,0,0,0.5);\n} \n<\/style><div id=\"cmsmasters_row_6a07db992ce76\" class=\"cmsmasters_row cmsmasters_color_scheme_default cmsmasters_row_top_default cmsmasters_row_bot_default cmsmasters_row_boxed\">\n<div class=\"cmsmasters_row_outer_parent\">\n<div class=\"cmsmasters_row_outer\">\n<div class=\"cmsmasters_row_inner\">\n<div class=\"cmsmasters_row_margin\">\n<div class=\"cmsmasters_column one_first\">\n<div class=\"custom_html\">\n<iframe width=\"100%\" height=\"20\" scrolling=\"no\" frameborder=\"no\" allow=\"autoplay\" src=\"https:\/\/w.soundcloud.com\/player\/?url=https%3A\/\/api.soundcloud.com\/tracks\/483035070&color=%23ff5500&inverse=false&auto_play=false&show_user=true\"><\/iframe>\n<\/div>\n\n<div id=\"cmsmasters_divider_6a07db992d202\" class=\"cmsmasters_divider cmsmasters_divider_width_long cmsmasters_divider_pos_center\"><\/div>\n<div class=\"cmsmasters_text\">\n<h3 class=\"p1\" style=\"text-align: center;\"><span class=\"s1\">Ko \u02bbUmi Lanakila \u02bbAna <\/span><span class=\"s1\">I N\u0101 \u02bb\u0100pana E \u02bbAi<\/span><\/h3>\n<p class=\"p4\"><span class=\"s1\">\u02bbO Hua\u02bb\u0101 ke ali\u02bbi o Puna, ak\u0101, ua lilo mai n\u014d \u02bbo Puna i\u0101 \u02bbUmi a me k\u0101na mau keiki ho\u02bbokama, \u02bbo Pi\u02bbimaiwa\u02bba, \u02bbo \u02bb\u014cma\u02bbok\u0101mau a me Ko\u02bbi, n\u0101 keiki koa, a mau \u02bbalihikaua kaulana a he mau kuhina kaulana no ko \u02bbUmial\u012bloa noho aupuni \u02bbana no ke aupuni o Hawai\u02bbi. A make \u02bbo Hua\u02bb\u0101 i\u0101 Pi\u02bbimaiwa\u02bba ma ke kahua kaua ma Kuolo, i Kea\u02bbau, ua lilo \u02bbo Puna ia \u02bbUmial\u012bloa.<\/span><\/p>\n<p class=\"p4\"><span class=\"s1\">\u02bbO \u02bb\u012amaikalani ke ali\u02bbi o Ka\u02bb\u016b. He ali\u02bbi makap\u014d \u02bbo \u02bb\u012amaikalani, a he ali\u02bbi kaulana no ka ikaika a me ke akamai i ke kaua, a ua nui n\u0101 ali\u02bbi i pau i ka make make kaua \u02bbia \u02bbana e \u02bb\u012amaikalani; he h\u0101una hema, a he h\u0101una \u02bb\u0101kau, a i ka w\u0101 e k\u016bpahu iho ai \u02bbo \u02bb\u012amaikalani i n\u0101 polol\u016b ma ka hema a ma ka \u02bb\u0101kau, ua halulu me he hekili l\u0101, a lapalapa aku me he uila, a n\u0101kolo aku me he \u014dla\u02bbi l\u0101; a i hahau k\u0101kua iho ma ke kua, ua wili ko\u02bbi\u02bbula ka lepo i ka lani me he puahiohio l\u0101.<\/span><\/p>\n<p class=\"p4\"><span class=\"s1\">Ua maka\u02bbu <\/span><span class=\"s2\">\u02bb<\/span><span class=\"s1\">o \u02bbUmial\u012bloa i\u0101 \u02bb\u012amaikalani. He kanaka makap\u014d <\/span><span class=\"s3\">\u02bbo <\/span><span class=\"s1\">\u02bb\u012amaikalani<\/span><span class=\"s2\">, <\/span><span class=\"s3\">\u02bba\u02bbohe <\/span><span class=\"s1\">he <\/span><span class=\"s3\">\u02bbike <\/span><span class=\"s1\">o kona mau maka, ak\u0101, he lohe hikiwawe ma kona pepeiao, a he mau manu koloa kona mau h\u014d\u02bbike nana e h\u014d\u02bbike mai i\u0101 ia i ke kanaka<\/span><span class=\"s2\">, <\/span><span class=\"s1\">ma ke alo paha, a ma ke kua mai paha, a ma n\u0101 \u02bbao\u02bbao mai paha, aia ma kahi e kani ai ka leo o ka manu.<\/span><\/p>\n<p class=\"p4\"><span class=\"s1\">I ka w\u0101 ma mua \u02bba\u02bbole he makap\u014d \u02bbo <\/span><span class=\"s2\">\u02bb\u012a<\/span><span class=\"s1\">maikalani, <\/span><span class=\"s2\">\u02bb<\/span><span class=\"s1\">a\u02bbole i lilo o Ka\u02bb\u016b i\u0101 \u02bbUmi, a ua l\u014d\u02bbihi n\u014d ke kaua <\/span><span class=\"s3\">\u02bbana. <\/span><span class=\"s1\">No laila, ua hele \u02bbo \u02bbUmi ma ke kuahiwi e ho\u02bboh\u0101lua ai i ke kaua me \u02bb\u012amaikalani a me n\u0101 ali\u02bbi o Kona; a ua lilo \u02bbo <\/span><span class=\"s2\">\u02bb<\/span><span class=\"s1\">Umial\u012bloa i ali\u02bbi kaulana i ka hele <\/span><span class=\"s3\">\u02bbana <\/span><span class=\"s1\">ma n\u0101 mauna o Hawai\u02bbi, a ua lilo n\u0101 mauna i alanui hele kaua no \u02bbUmi<\/span><span class=\"s2\">. <\/span><span class=\"s1\">Ak\u0101, i ka w\u0101 i makap\u014d ai \u02bbo \u02bb\u012amaik:alani<\/span><span class=\"s4\">, <\/span><span class=\"s1\">ua kaua mau n\u014d <\/span><span class=\"s4\">\u02bb<\/span><span class=\"s1\">o <\/span><span class=\"s4\">\u02bb<\/span><span class=\"s1\">\u012amaik:alani me \u02bbUmi, <\/span><span class=\"s4\">\u02bb<\/span><span class=\"s1\">a<\/span><span class=\"s4\">\u02bb<\/span><span class=\"s1\">ole n\u014d i noho pio <\/span><span class=\"s4\">\u02bb<\/span><span class=\"s1\">o <\/span><span class=\"s4\">\u02bb<\/span><span class=\"s1\">\u012amaikalani m<\/span><span class=\"s4\">a <\/span><span class=\"s1\">lalo aku o <\/span><span class=\"s4\">\u02bb<\/span><span class=\"s1\">Umi<\/span><span class=\"s4\">, <\/span><span class=\"s1\">ak\u0101, <\/span><span class=\"s5\">\u02bb<\/span><span class=\"s1\">o Pi\u02bbimaiwa <\/span><span class=\"s5\">\u02bb<\/span><span class=\"s1\">a ua kilohi mau <\/span><span class=\"s4\">\u02bb<\/span><span class=\"s1\">o ia i ke kumu o kona ikaika nui<\/span><span class=\"s4\">, <\/span><span class=\"s1\">a me ke akamai i ka pahu an<\/span><span class=\"s4\">a <\/span><span class=\"s1\">i ka polol\u016b<\/span><span class=\"s4\">, <\/span><span class=\"s5\">\u02bb<\/span><span class=\"s1\">a\u02bbole e hala kekahi pahu <\/span><span class=\"s4\">\u02bb<\/span><span class=\"s1\">ana<\/span><span class=\"s4\">, <\/span><span class=\"s1\">a me ka h\u0101una iho<\/span><span class=\"s4\">, <\/span><span class=\"s1\">nah\u0101 mai ke po<\/span><span class=\"s5\">\u02bb<\/span><span class=\"s1\">o aka <\/span><span class=\"s4\">\u02bb<\/span><span class=\"s1\">\u014dlemu.<\/span><\/p>\n<p class=\"p4\"><span class=\"s1\">A \u02bbike ihola \u02bbo Pi\u02bbimaiwa\u02bba i ke kumu o ko \u02bb\u012amaikalani akamai a me ke koa launa \u02bbole o k\u0113ia kanaka makap\u014d, \u02bbo n\u0101 manu koloa e lele ana ma luna a kani ko l\u0101kou leo, a lohe ua kanaka makap\u014d nei i ke kani o ka manu, ma mua paha, a ma hope paha, a ma na \u02bbao\u02bbao paha, a laila, \u02bb\u014dlelo a\u02bbela ua kanaka makap\u014d nei, &#8220;He kanaka, aia make kua,&#8221; a laila, \u02bb\u014dlelo a\u02bbela n\u0101 k\u0101naka alaka\u02bbi ma n\u0101 \u02bbao\u02bbao, &#8221; \u02bbAe, he kanaka. &#8221; &#8220;Aia ma hea ka l\u0101\u02bbau?&#8221; &#8220;Aia i ke alo,&#8221; ua maopopo he l\u0101\u02bbau hahau. &#8220;Ua kokoke?&#8221; &#8221; \u02bbAe.&#8221; \u02bbO ka wala a\u02bbela n\u014d ia o ua makap\u014d nei i ka l\u0101\u02bbau p\u0101lau, a nah\u0101 mai ka p\u016bniu a ka \u02bb\u014dlemu. A kani ka manu, he kanaka. &#8220;Aia ma hea ka l\u0101\u02bbau?&#8221; &#8220;Aia ma ka \u02bbao\u02bbao \u02bb\u0101kau.&#8221; \u201cHe h\u0101una hema e p\u0101 auane\u02bbi.&#8221; I hahau mai ka hana, ua hala a\u02bbela; i ka h\u0101una a ke kanaka makap\u014d, ua p\u0101 akula mai ka po\u02bbo a ka \u02bb\u014dp\u016b.<\/span><\/p>\n<p class=\"p4\"><span class=\"s1\">I ko Pi\u02bbimaiwa\u02bba kilohi \u02bbana a pau ke \u02bbano o kona ikaika a me kona akamai po\u02bbokela, \u02bb\u012b ihola \u02bbo Pi\u02bbimaiwa\u02bba, \u201cMake \u02bboe ia\u02bbu.&#8221; E ki\u02bbi mua aku ana \u02bbo Pi\u02bbimaiwa\u02bba i n\u0101 manu kani kiu, a make l\u0101kou, \u02bbo n\u0101 k\u0101naka n\u0101na e alaka\u02bbi ma k\u0113l\u0101 \u02bbao\u02bbao a ma keia \u02bbao\u02bbao, a pau l\u0101kou i ka make, a \u02bbo ka po\u02bbe k\u0101naka n\u0101na e lawe n\u0101 mea kaua, he kanah\u0101 ia po\u02bbe k\u0101naka, i m\u0101kaukau i n\u0101 ihe a me n\u0101 polol\u016b, no ka mea, he \u02bbumi ihe a \u02bb\u012amaikalani e lele makawalu ana i ka pahuna ho\u02bbokahi, \u02bbelima ihe ma ka \u02bb\u0101kau, a \u02bbelima ihe ma ka hema, a i ka pahu ho\u02bbokahi \u02bbana, ua lele makawalu akula ka ihe me he uila l\u0101, \u02bba\u02bbole e hiki i kekahi kanaka \u02bbike \u02bbalo ihe, a \u02bbalo polol\u016b, ke k\u016b mai ma ke alo o \u02bb\u012amaikalani, ak\u0101, ua pau k\u0113ia poe i ka luku \u02bbia e Pi\u02bbimaiwa\u02bba. A pau k\u0113ia po\u02bbe i ka make, a laila, ua h\u014d\u02bb\u0101\u02bb\u0101 ke kanaka makap\u014d i ke alaka\u02bbi \u02bbole, a ua hiki i\u0101 Pi\u02bbimaiwa\u02bba ke \u02bb\u014dlelo iho me ke kaena \u02bbana, &#8220;A make i\u0101 Pi\u02bbimaiwa\u02bba.&#8221; I ka make \u02bbana o \u02bb\u012amaikalani ua lilo \u02bbo Ka\u02bb\u016b ia \u02bbUmial\u012bloa.<\/span><\/p>\n<p class=\"p4\"><span class=\"s1\">\u02bbO \u02bbEhunuikaimalino ke ali\u02bbi o Kona. He kanaka ikaika \u02bbo \u02bbEhunuikaimalino, ka makua k\u0101ne o L\u0101eanuikaumanamana, ak\u0101, no kona \u02bbelemakule, ua lilo wale mai \u02bbo Kona a me Kohala i\u0101 \u02bbUmial\u012bloa. I ka kuapapa nui \u02bbana o ke aupuni o Hawai\u02bbi i\u0101 \u02bbUmial\u012bloa ua kaulana kona inoa mai Hawai\u02bbi a Kaua\u02bbi; \u02bba\u02bbole ali\u02bbi e like me kona noho aupuni \u02bbana; ua m\u0101lama \u02bbo ia i n\u0101 \u02bbelem\u0101kule a me n\u0101 luahine, a me n\u0101 keiki makua \u02bbole, a ua m\u0101lama i n\u0101 maka\u02bb\u0101inana; \u02bba\u02bbole pepehi k\u0101naka, \u02bba\u02bbole \u02bbaihue.<\/span><\/p>\n<\/div>\n<\/div>\n<\/div>\n<\/div>\n<\/div>\n<\/div>\n<\/div>\n\n","protected":false},"excerpt":{"rendered":"","protected":false},"author":1,"featured_media":0,"parent":71,"menu_order":0,"comment_status":"closed","ping_status":"closed","template":"","meta":[],"_links":{"self":[{"href":"https:\/\/ehooululahui.maui.hawaii.edu\/index.php?rest_route=\/wp\/v2\/pages\/2005"}],"collection":[{"href":"https:\/\/ehooululahui.maui.hawaii.edu\/index.php?rest_route=\/wp\/v2\/pages"}],"about":[{"href":"https:\/\/ehooululahui.maui.hawaii.edu\/index.php?rest_route=\/wp\/v2\/types\/page"}],"author":[{"embeddable":true,"href":"https:\/\/ehooululahui.maui.hawaii.edu\/index.php?rest_route=\/wp\/v2\/users\/1"}],"replies":[{"embeddable":true,"href":"https:\/\/ehooululahui.maui.hawaii.edu\/index.php?rest_route=%2Fwp%2Fv2%2Fcomments&post=2005"}],"version-history":[{"count":1,"href":"https:\/\/ehooululahui.maui.hawaii.edu\/index.php?rest_route=\/wp\/v2\/pages\/2005\/revisions"}],"predecessor-version":[{"id":2006,"href":"https:\/\/ehooululahui.maui.hawaii.edu\/index.php?rest_route=\/wp\/v2\/pages\/2005\/revisions\/2006"}],"up":[{"embeddable":true,"href":"https:\/\/ehooululahui.maui.hawaii.edu\/index.php?rest_route=\/wp\/v2\/pages\/71"}],"wp:attachment":[{"href":"https:\/\/ehooululahui.maui.hawaii.edu\/index.php?rest_route=%2Fwp%2Fv2%2Fmedia&parent=2005"}],"curies":[{"name":"wp","href":"https:\/\/api.w.org\/{rel}","templated":true}]}}