{"id":291,"date":"2018-08-08T00:32:32","date_gmt":"2018-08-08T00:32:32","guid":{"rendered":"http:\/\/166.122.240.74\/?page_id=291"},"modified":"2018-08-22T00:52:14","modified_gmt":"2018-08-22T00:52:14","slug":"no-hema","status":"publish","type":"page","link":"https:\/\/ehooululahui.maui.hawaii.edu\/?page_id=291","title":{"rendered":"No Hema"},"content":{"rendered":"<style type=\"text\/css\"> \n#cmsmasters_row_69e7e0977ed4a { \n\tbackground-color:#f8ecc2;\n} \n\n#cmsmasters_row_69e7e0977ed4a .cmsmasters_row_outer_parent { \n\tpadding-top: 50px; \n} \n\n#cmsmasters_row_69e7e0977ed4a .cmsmasters_row_outer_parent { \n\tpadding-bottom: 50px; \n} \n\n \n#cmsmasters_divider_69e7e0977f180 { \n\tborder-bottom-width:1px; \n\tborder-bottom-style:solid; \n\tpadding-top:5px; \n\tmargin-bottom:30px; \n\tborder-bottom-color:rgba(0,0,0,0.5);\n} \n \n#cmsmasters_divider_69e7e0977f200 { \n\tborder-bottom-width:1px; \n\tborder-bottom-style:solid; \n\tpadding-top:5px; \n\tmargin-bottom:30px; \n\tborder-bottom-color:rgba(0,0,0,0.5);\n} \n<\/style><div id=\"cmsmasters_row_69e7e0977ed4a\" class=\"cmsmasters_row cmsmasters_color_scheme_default cmsmasters_row_top_default cmsmasters_row_bot_default cmsmasters_row_boxed\">\n<div class=\"cmsmasters_row_outer_parent\">\n<div class=\"cmsmasters_row_outer\">\n<div class=\"cmsmasters_row_inner\">\n<div class=\"cmsmasters_row_margin\">\n<div class=\"cmsmasters_column one_first\">\n<div class=\"custom_html\">\n<iframe width=\"100%\" height=\"20\" scrolling=\"no\" frameborder=\"no\" allow=\"autoplay\" src=\"https:\/\/w.soundcloud.com\/player\/?url=https%3A\/\/api.soundcloud.com\/tracks\/486585000&color=%23ff5500&inverse=false&auto_play=false&show_user=false\"><\/iframe>\n<\/div>\n\n<div id=\"cmsmasters_divider_69e7e0977f180\" class=\"cmsmasters_divider cmsmasters_divider_width_long cmsmasters_divider_pos_center\"><\/div>\n<div class=\"cmsmasters_text\">\n<h4 style=\"text-align: center;\"><span style=\"color: #e05228;\"><a style=\"color: #e05228;\" href=\"http:\/\/166.122.240.74\/wp-content\/uploads\/2018\/08\/noHema.pdf\" target=\"_blank\" rel=\"noopener\">Original Text<\/a><\/span><\/h4>\n<\/div>\n\n<div id=\"cmsmasters_divider_69e7e0977f200\" class=\"cmsmasters_divider cmsmasters_divider_width_long cmsmasters_divider_pos_center\"><\/div>\n<div class=\"cmsmasters_text\">\n<p style=\"text-align: center;\"><span style=\"font-weight: 400;\">No Hema<\/span><\/p>\n<p style=\"padding-left: 30px;\"><span style=\"font-weight: 400;\">\u02bbO Hema i h\u014d\u02bbike \u02bbia a\u02bbela, he ali\u02bbi \u02bbo ia no Maui. \u02bbO kona makuak\u0101ne, \u02bbo ia \u02bbo\u00a0<\/span><span style=\"font-weight: 400;\">\u02bbAik\u0101ne, e like me ka mea i \u02bbike \u02bbia ma ke k\u016b\u02bbauhau i h\u014d\u02bbike \u02bbia a\u02bbela.<\/span><\/p>\n<p style=\"padding-left: 30px;\"><span style=\"font-weight: 400;\">Ma ke k\u016b\u02bbauhau i h\u014d\u02bbike \u02bbia a\u02bbe nei \u02bbo Hina h\u0101naiakamalama, \u02bbo ia ka\u00a0<\/span><span style=\"font-weight: 400;\">makuahine o Hema a me Puna.<\/span><\/p>\n<p style=\"padding-left: 30px;\"><span style=\"font-weight: 400;\">\u02bbO k\u0113ia wahine \u02bbo Hina, \u02bbo ia n\u014d \u02bbo Lono-moku i lele ai mai Hawai\u02bbi aku nei a\u00a0<\/span><span style=\"font-weight: 400;\">komo i loko o ka mahina.<\/span><\/p>\n<p style=\"padding-left: 30px;\"><span style=\"font-weight: 400;\">He mo\u02bbolelo i \u02bbike nui \u02bbia a i kama\u02bb\u0101ina n\u014d ho\u02bbi i ka po\u02bbe kahiko e ola nei i k\u0113ia w\u0101,\u00a0<\/span><span style=\"font-weight: 400;\">ka mo\u02bbolelo \u02bbo Lono-moku. No ko Hina kaea i ka hana \u02bbino mau o nei mau wahi keiki, \u02bbo\u00a0<\/span><span style=\"font-weight: 400;\">ia \u02bbo Puna a me Hema, no laila, ua lele \u02bbo ia i luna o ka mahina.<\/span><\/p>\n<p style=\"padding-left: 30px;\"><span style=\"font-weight: 400;\">A ma kona w\u0101 i lele a\u02bbe ai, ua hopu akula k\u0101na k\u0101ne \u02bbo \u02bbAikanaka a pa\u02bba ma ka w\u0101wae o ka wahine. Ak\u0101, no ka ikaika loa o k\u0101 Hina lele \u02bbana, p\u0113l\u0101 p\u016b ho\u02bbi me ka ikaika o k\u0101 \u02bbAikanaka huki \u02bbana iho i ka w\u0101wae o ka wahine, ua moku ihola ka w\u0101wae o ka wahine, a lele mu\u02bbumu\u02bbu akula \u02bbo Hina a komo i loko o ka mahina.<\/span><\/p>\n<p style=\"padding-left: 30px;\"><span style=\"font-weight: 400;\">Ua kapa \u02bbia \u02bbo ia \u02bbo Lono-muku. \u02bbO ia ka mea i kapa \u02bbia ai kekahi p\u014d ma ka Helu\u00a0<\/span><span style=\"font-weight: 400;\">Hawai\u02bbi ma n\u0101 kaulana mahina \u02bbo Muku, no ka mu\u02bbumu\u02bbu \u02bbana o ka w\u0101wae\u00a0<\/span><span style=\"font-weight: 400;\">o ka wahine, ua moku ihola ka w\u0101wae o Hina. A he p\u014d kau \u02bbole \u02bbia n\u014d ho\u02bbi e ka mahina\u00a0<\/span><span style=\"font-weight: 400;\">ma ka helu Hawai\u02bbi.<\/span><\/p>\n<p style=\"padding-left: 30px;\"><span style=\"font-weight: 400;\">Ua h\u014d\u02bbike ka mo\u02bbolelo Hawai\u02bbi kahiko, ua h\u0101nau \u02bbia \u02bbo Hema ma Hawai\u02bbi-kua-uli, i\u00a0<\/span><span style=\"font-weight: 400;\">Ka\u02bbuiki, ma H\u0101na Maui. He \u02bbelua \u0101na wahine, \u02bbo Luamehekoa: (\u02bbo ia n\u014d \u02bbo Luamaheau) a\u00a0<\/span><span style=\"font-weight: 400;\">me Luamahahoa, \u02bbo ia ho\u02bbi \u02bbo Luamahahoia, a \u02bbo \u02bbUlamakahoa kekahi inoa.<\/span><\/p>\n<p style=\"padding-left: 30px;\"><span style=\"font-weight: 400;\">\u02bbO k\u0113ia wahine \u02bbelua no uka ia o \u02bb\u012aao i Wailuku, a \u02bbo ia ka makuahine o Kaha\u02bbi[k].<\/span><\/p>\n<p style=\"padding-left: 30px;\"><span style=\"font-weight: 400;\">Ua h\u014d\u02bbike \u02bbia a\u02bbe nei \u02bbo \u02bbAik\u0101ne kekahi inoa o ka makuak\u0101ne o Hema me Puna; a \u02bbo\u00a0<\/span><span style=\"font-weight: 400;\">\u02bbAikanaka ho\u02bbi kekahi inoa. \u00a0\u02bbO ka inoa mua, \u02bbo ia ka inoa i kapa mua \u02bbia ai \u02bbo ia, e kona\u00a0<\/span><span style=\"font-weight: 400;\">mau m\u0101kua; a \u02bbo ka inoa hope, ma muli o ka moku \u02bbana o ka w\u0101wae o Hina, k\u0101na wahine,\u00a0<\/span><span style=\"font-weight: 400;\">i ka lele \u02bbana i loko o ka mahina.<\/span><\/p>\n<p style=\"padding-left: 30px;\"><span style=\"font-weight: 400;\">Eia iho ke &#8220;mele Ko\u02bbihonua&#8221; i pili i\u0101 Hema<\/span><\/p>\n<h4 style=\"padding-left: 30px;\"><span style=\"font-weight: 400;\">Mele Ko\u02bbihonua no Hema.<\/span><\/h4>\n<ol>\n<li style=\"padding-left: 30px;\"><span style=\"font-weight: 400;\"> \u02bbO Hema a \u02bbAik\u0101ne<\/span><\/li>\n<li style=\"padding-left: 30px;\">Ke ali\u02bbi o Ka\u02bbuiki<\/li>\n<li style=\"padding-left: 30px;\">I h\u0101nau n\u014d i Hawai\u02bbi-kua-uli<\/li>\n<li style=\"padding-left: 30px;\">I Kapueokahi\u2014<\/li>\n<li style=\"padding-left: 30px;\">I ka lulu, i ka la\u02bbi,<\/li>\n<li style=\"padding-left: 30px;\">I ka makani kahi \u02bbao\u02bbao<\/li>\n<li style=\"padding-left: 30px;\">I Punahoa l\u0101 ke ewe<\/li>\n<li style=\"padding-left: 30px;\">Ka \u02bba\u02bba i Kawalaki\u02bbi<\/li>\n<li style=\"padding-left: 30px;\"><span style=\"font-weight: 400;\">O Kuakaha ka piko<\/span><\/li>\n<li style=\"padding-left: 30px;\">Ka piko o ke ali\u02bbi.<\/li>\n<li style=\"padding-left: 30px;\">Lawea i luna i M\u0101pu\u02bbena.<\/li>\n<li style=\"padding-left: 30px;\">He ali\u02bbi no Kaihalulu i Mokuhano<\/li>\n<li style=\"padding-left: 30px;\">I W\u0101nana\u02bb\u012bk\u016b kahua<\/li>\n<li style=\"padding-left: 30px;\">He kahua \u02bbolina na Hema<\/li>\n<li style=\"padding-left: 30px;\">\u02bbimi a loa\u02bba ka wahine<\/li>\n<li style=\"padding-left: 30px;\">\u02bbO Luamaheau; \u02bbo Luamahahoa ia<\/li>\n<li style=\"padding-left: 30px;\">Loa\u02bba \u02bbo Kaha\u02bbi ke ko\u02bbi \u02bbula a Hema<\/li>\n<li style=\"padding-left: 30px;\">Kauhua ho\u02bbokahi ka malama<\/li>\n<li style=\"padding-left: 30px;\">Ka\u02bba i ka \u02bb\u012bloli \u02bbalua<\/li>\n<li style=\"padding-left: 30px;\">\u02bbOno i ka hinalea \u02bbakolu,<\/li>\n<li style=\"padding-left: 30px;\">\u02bbAh\u0101, \u02bbalima, \u02bbaono ka malama<\/li>\n<li style=\"padding-left: 30px;\">Holo Hema i Kahiki<\/li>\n<li style=\"padding-left: 30px;\">Ki\u02bbi i ka \u02bbApe-\u02bbula<\/li>\n<li style=\"padding-left: 30px;\">Loa\u02bba Hema lilo i ka \u02bb\u0100\u02bbaia<\/li>\n<li style=\"padding-left: 30px;\">H\u0101\u02bbule i Kahiki i Kapakapaua<\/li>\n<li style=\"padding-left: 30px;\">Waiho ai i Ulupa\u02bbupa\u02bbu<\/li>\n<li style=\"padding-left: 30px;\">I laila n\u0101 maka o Hema.<\/li>\n<\/ol>\n<p style=\"padding-left: 30px;\"><span style=\"font-weight: 400;\">Eia ma k\u0113ia mele ko\u02bbihonua; \u02bbike hou \u02bbia kekahi hele hou \u02bbana o ko Hawai\u02bbi\u00a0<\/span><span style=\"font-weight: 400;\">nei po\u02bbe i Kahiki. Ke h\u014d\u02bbike nei ke mele, ua holo \u02bbo Hema i Kahiki i ki\u02bbi i ka \u02bbape-\u00a0<\/span><span style=\"font-weight: 400;\">\u02bbula. I ki\u02bbi \u02bbo ia i k\u0113ia mea i Kahiki i &#8220;p\u0101lala&#8221; no k\u0101na keiki, no Kaha\u02bbi, ka mea o ke\u00a0<\/span><span style=\"font-weight: 400;\">mele e h\u014d\u02bbike nei, he &#8220;ko\u02bbi-\u02bbula&#8221; ia na Hema.<\/span><\/p>\n<p style=\"padding-left: 30px;\"><span style=\"font-weight: 400;\">I nei holo \u02bbana o Hema i Kahiki, ua make \u02bbo ia i ka \u02bb\u0100\u02bbaia, kapa \u02bbia i kekahi\u00a0<\/span><span style=\"font-weight: 400;\">w\u0101, Ke \u02bb\u0101\u02bbaia-nuke-a-K\u0101ne. He manu k\u0113ia \u02bb\u0100\u02bbaia; a na k\u0113ia manu i p\u014d\u02bbalo i n\u0101 maka\u00a0<\/span><span style=\"font-weight: 400;\">o Hema a waiho \u02bbia ai i \u02bbUlupa\u02bbupa\u02bbu.<\/span><\/p>\n<\/div>\n<\/div>\n<\/div>\n<\/div>\n<\/div>\n<\/div>\n<\/div>\n\n","protected":false},"excerpt":{"rendered":"","protected":false},"author":1,"featured_media":0,"parent":93,"menu_order":0,"comment_status":"closed","ping_status":"closed","template":"","meta":[],"_links":{"self":[{"href":"https:\/\/ehooululahui.maui.hawaii.edu\/index.php?rest_route=\/wp\/v2\/pages\/291"}],"collection":[{"href":"https:\/\/ehooululahui.maui.hawaii.edu\/index.php?rest_route=\/wp\/v2\/pages"}],"about":[{"href":"https:\/\/ehooululahui.maui.hawaii.edu\/index.php?rest_route=\/wp\/v2\/types\/page"}],"author":[{"embeddable":true,"href":"https:\/\/ehooululahui.maui.hawaii.edu\/index.php?rest_route=\/wp\/v2\/users\/1"}],"replies":[{"embeddable":true,"href":"https:\/\/ehooululahui.maui.hawaii.edu\/index.php?rest_route=%2Fwp%2Fv2%2Fcomments&post=291"}],"version-history":[{"count":3,"href":"https:\/\/ehooululahui.maui.hawaii.edu\/index.php?rest_route=\/wp\/v2\/pages\/291\/revisions"}],"predecessor-version":[{"id":334,"href":"https:\/\/ehooululahui.maui.hawaii.edu\/index.php?rest_route=\/wp\/v2\/pages\/291\/revisions\/334"}],"up":[{"embeddable":true,"href":"https:\/\/ehooululahui.maui.hawaii.edu\/index.php?rest_route=\/wp\/v2\/pages\/93"}],"wp:attachment":[{"href":"https:\/\/ehooululahui.maui.hawaii.edu\/index.php?rest_route=%2Fwp%2Fv2%2Fmedia&parent=291"}],"curies":[{"name":"wp","href":"https:\/\/api.w.org\/{rel}","templated":true}]}}