{"id":571,"date":"2018-12-21T10:30:44","date_gmt":"2018-12-21T20:30:44","guid":{"rendered":"http:\/\/ehooululahui.maui.hawaii.edu\/?page_id=571"},"modified":"2018-12-21T10:30:44","modified_gmt":"2018-12-21T20:30:44","slug":"%ca%bbaukelenuia%ca%bbiku-mokuna-%ca%bbeha","status":"publish","type":"page","link":"https:\/\/ehooululahui.maui.hawaii.edu\/?page_id=571","title":{"rendered":"\u02bbAukelenuia\u02bb\u012bk\u016b: Mokuna \u02bbEh\u0101"},"content":{"rendered":"<style type=\"text\/css\"> \n#cmsmasters_row_69fb8fa7745aa { \n\tbackground-color:#f8ecc2;\n} \n\n#cmsmasters_row_69fb8fa7745aa .cmsmasters_row_outer_parent { \n\tpadding-top: 50px; \n} \n\n#cmsmasters_row_69fb8fa7745aa .cmsmasters_row_outer_parent { \n\tpadding-bottom: 50px; \n} \n\n \n#cmsmasters_divider_69fb8fa774d7b { \n\tborder-bottom-width:1px; \n\tborder-bottom-style:solid; \n\tpadding-top:5px; \n\tmargin-bottom:30px; \n\tborder-bottom-color:rgba(0,0,0,0.5);\n} \n<\/style><div id=\"cmsmasters_row_69fb8fa7745aa\" class=\"cmsmasters_row cmsmasters_color_scheme_default cmsmasters_row_top_default cmsmasters_row_bot_default cmsmasters_row_boxed\">\n<div class=\"cmsmasters_row_outer_parent\">\n<div class=\"cmsmasters_row_outer\">\n<div class=\"cmsmasters_row_inner\">\n<div class=\"cmsmasters_row_margin\">\n<div class=\"cmsmasters_column one_first\">\n<div class=\"custom_html\">\n<iframe width=\"100%\" height=\"20\" scrolling=\"no\" frameborder=\"no\" allow=\"autoplay\" src=\"https:\/\/w.soundcloud.com\/player\/?url=https%3A\/\/api.soundcloud.com\/tracks\/436205040&color=%23ff5500&inverse=false&auto_play=false&show_user=false\"><\/iframe>\n<\/div>\n\n<div id=\"cmsmasters_divider_69fb8fa774d7b\" class=\"cmsmasters_divider cmsmasters_divider_width_long cmsmasters_divider_pos_center\"><\/div>\n<div class=\"cmsmasters_text\">\n<p>A m\u0101kaukau ka holo o ka wa\u02bba kaulua, n\u012bnau akula \u02bbo \u02bbAukelenuia\u02bb\u012bk\u016b i kona kaikua\u02bbana \u02bbolu\u02bbolu, i\u0101 \u02bb\u012ak\u016bmailani, \u201cE holo ana ko \u02bboukou wa\u02bba kaulua i hea?\u201d \u201cI ka \u02bbimi \u02bb\u0101ina.\u201d Wahi a \u02bbAukelenuia\u02bb\u012bk\u016b, \u201cA i aha \u02bbia n\u014d k\u0101 ho\u02bbi k\u0113ia \u02bb\u0101ina?\u201d \u02bb\u012a mai \u02bbo \u02bb\u012ak\u016bmailani, \u201cUa hilahila ke kaikua\u02bbana o k\u0101kou i ko ola hou \u02bbana mai nei. No laila k\u0113ia holo o ka wa\u02bba, e \u02bbimi \u02bb\u0101ina. A loa\u02bba ka \u02bb\u0101ina i\u0101 m\u0101kou, ma loko o ka ikaika, a laila, \u02bbo ko m\u0101kou \u02bb\u0101ina ia e noho ai.\u201d<\/p>\n<p>A lohe \u02bbo \u02bbAukelenuia\u02bb\u012bk\u016b i ko l\u0101kou holo, nonoi akula ia, \u201c \u02bbO au kekahi e holo me \u02bboukou.\u201d \u02bb\u014clelo mai kona kaikua\u02bbana \u02bbo \u02bb\u012ak\u016bmailani, \u201c \u02bbA\u02bbole \u02bboe e holo me m\u0101kou, no ka mea, \u02bba\u02bbohe o m\u0101kou kumu \u02bb\u0113 a\u02bbe o ka holo, \u02bbo \u02bboe wale n\u014d.<\/p>\n<p>In\u0101 \u02bboe i make aku nei, \u02bba\u02bbole m\u0101kou e ha\u02bbalele i\u0101 Kuaihelani nei.\u201d Ma k\u0113ia \u02bb\u014dlelo h\u014d\u02bbole a kona kaikua\u02bbana, ho\u02bbopuka aku \u02bbo \u02bbAukelenuia\u02bb\u012bk\u016b i k\u0101na mau \u02bb\u014dlelo aloha, \u201c \u02bb\u0112, p\u014d\u0101 wale ka hele aku a ko ha\u02bbi \u02bb\u0101ina, make. Moe \u02bbia ka iwi \u02bbao\u02bbao e ke kanaka \u02bb\u0113, e ke aik\u0101ne. \u02bbA\u02bbole ho\u02bbi \u02bbo ka p\u014dki\u02bbi, \u02bbo ka hoa i h\u0101nau p\u016b \u02bbia mai ai, mai loko mai o ka \u02bba\u02bba ho\u02bbokahi. No laila, ke nonoi aku nei au, \u02bbo au kekahi e holo me \u02bboukou. I make \u02bboukou, ko\u02bbu po\u02bbe kaikua\u02bbana, a laila, make p\u016b aku au. A laila, kaulana ka inoa i hope nei, \u02bb\u02bbO mea m\u0101, make p\u016b n\u014d me ko l\u0101kou p\u014dki\u02bbi.\u2019 No laila, \u02bba\u02bbole e waia ka inoa ma hope nei.\u201d<\/p>\n<p>Ma k\u0113ia mau \u02bb\u014dlelo a k\u0101kou e lohe nei, he mea \u02bb\u0113 ko \u02bbAukelenuia\u02bb\u012bk\u016b \u02bbimi hala \u02bbana, a hilahila \u02bbole n\u014d ho\u02bbi, me kona \u02bbike pono iho n\u014d, na kona mau kaikua\u02bbana kona pilikia. \u02bbO ka mea \u0101iwa loa aku k\u0101 ia i ka hahai e ho\u02bbomano ai. No laila, in\u0101 he \u02bboia\u02bbi\u02bbo na ko \u02bbAukelenuia\u02bb\u012bk\u016b waha pono\u02bb\u012b k\u0113ia, ua \u02bbae \u02bbia kona mau p\u014d\u02bbino, a ua pono n\u014d ia ke make. Ak\u0101, ma k\u0113ia koi \u02bbana a \u02bbAukelenuia\u02bb\u012bk\u016b, ua loa\u02bba i kona po\u02bbe kaikua\u02bbana ka pono a me ke ola. A ua loa\u02bba ho\u02bbi ka p\u014dmaika\u02bbi i \u02bb\u014dlelo \u02bbia e ke kupunawahine mo\u02bbo i\u0101 \u02bbAukelenuia\u02bb\u012bk\u016b. A ua ho\u02bbok\u014d \u02bbia ho\u02bbi k\u0101na mau \u02bb\u014dlelo w\u0101nana no \u02bbAukelenuia\u02bb\u012bk\u016b ma k\u0113ia holo \u02bbana o ka wa\u02bba kaulua.<\/p>\n<p>A pau k\u0101 \u02bbAukelenuia\u02bb\u012bk\u016b \u02bb\u014dlelo \u02bbana, \u02bb\u012b mai kona kaikua\u02bbana \u02bbolu\u02bbolu, \u02bbo \u02bb\u012ak\u016bmailani, \u201c \u02bbA\u02bbole \u02bboe e holo ia\u02bbu. Ak\u0101, e hele \u02bboe a ke keiki a k\u0101kou, \u02bb\u014dlelo aku. A i \u02bbae mai, a laila \u02bboe holo.\u201d \u02bb\u012a aku \u02bbo \u02bbAukelenuia\u02bb\u012bk\u016b, \u201cPehea auane\u02bbi au e \u02bb\u014dlelo aku ai e ho\u02bbolohe mai ai k\u0113l\u0101 ia\u02bbu?\u201d \u201cE hele \u02bboe a k\u0101hea aku ma kona inoa pono\u02bb\u012b, penei: \u201cE Kaumaiilunaoh\u014dlanik\u016b \u0113! E k\u0101hea mai \u02bboe ia\u02bbu e pi\u02bbi aku k\u0101ua i luna o ka wa\u02bba kaulua, e le\u02bbale\u02bba ai k\u0101ua, e p\u0101\u02bbani ai. \u02bbA\u02bbole \u02bboe e kohu me k\u0113ia po\u02bbe\u00a0\u02bbelem\u0101kule. \u02bbO au kou hoa e kohu ai, he kamali\u02bbi, he kamali\u02bbi.\u201d A pau ke a\u02bboa\u02bbo \u02bbana a kona kaikua\u02bbana i\u0101 ia, \u02bb\u014dlelo mai ko l\u0101kou makuak\u0101ne i\u0101 ia, \u201cE ku\u02bbu keiki, mai hele \u02bboe o make hou \u02bboe. No ka mea, \u02bba\u02bbole \u02bboe i pakele i ko k\u0101kou w\u0101 e noho p\u016b nei. \u0100iwa loa aku \u02bboe a hele. \u02bbO kou make \u02bbana n\u014d ia, \u02bba\u02bbole m\u0101ua e \u02bbike i\u0101 \u02bboe.\u201d \u02bb\u012a aku \u02bbo \u02bbAukelenuia\u02bb\u012bk\u016b, \u201c \u02bbA\u02bbole au e noho me \u02bbolua. E hele ana au e m\u0101ka\u02bbika\u02bbi, a e n\u0101n\u0101 i n\u0101 \u02bb\u0101ina o loko o ke kai. No laila, e hele ana au.\u201d<\/p>\n<p>Ma hope o k\u0113ia \u02bb\u014dlelo \u02bbana, iho akula \u02bbo \u02bbAukelenuia\u02bb\u012bk\u016b me kona kaikua\u02bbana, me \u02bb\u012ak\u016bmailani a hiki i ka wa\u02bba kaulua. Pi\u02bbi akula kona kaikua\u02bbana i luna o ka wa\u02bba, noho ihola \u02bbo \u02bbAukelenuia\u02bb\u012bk\u016b i lalo, ma lalo o ka \u02bbaekai. A laila, k\u0101hea akula \u02bbo \u02bbAukelenuia\u02bb\u012bk\u016b i ke keiki. A pau ke k\u0101hea \u02bbana a \u02bbAukelenuia\u02bb\u012bk\u016b, k\u0101hea maila ke keiki, \u201cPi\u02bbi mai, e ku\u02bbu makuak\u0101ne i luna nei o ka wa\u02bba.\u201d Ma k\u0113ia k\u0101hea \u02bbana o ke keiki, pi\u02bbi akula \u02bbo \u02bbAukelenuia\u02bb\u012bk\u016b i luna o ka wa\u02bba kaulua. A \u02bbo n\u0101 kaikua\u02bbana ona, \u02bba\u02bbole a l\u0101kou \u02bb\u014dlelo no \u02bbAukelenuia\u02bb\u012bk\u016b, no ka mea, \u02bbo ke keiki, \u02bbo ia k\u0101 l\u0101kou mea nui. Ma k\u0101na mea e \u02bb\u014dlelo ai, ma laila n\u0101 m\u0101kua ona a pau loa. No ke keiki, he kapu ikaika loa kona. In\u0101 e \u02bb\u014dlelo e make, make n\u014d. In\u0101 \u02bb\u014dlelo e moe, moe n\u014d. In\u0101 \u02bb\u014dlelo e hele, hele n\u014d. No laila, he kapu kona kino a me k\u0101na \u02bb\u014dlelo; \u02bba\u02bbole e h\u014d\u02bbole, \u02bba\u02bbole ho\u02bbi he leo hiki ma mua ona. \u02bbO ia wale n\u014d ka leo \u02bboi.<\/p>\n<p>I\u0101 \u02bbAukelenuia\u02bb\u012bk\u016b i luna o ka wa\u02bba kaulua, \u02bb\u014dlelo akula ia i ke keiki e ki\u02bbi i ka l\u0101\u02bbau a l\u0101ua. A lohe ke keiki, k\u0113n\u0101 a\u02bbela ia i n\u0101 k\u0101naka e ki\u02bbi i ka l\u0101\u02bbau a l\u0101ua. A hiki maila ka l\u0101\u02bbau a l\u0101ua i luna o ka wa\u02bba, i ia manawa, holo ka wa\u02bba kaulua mai ka \u02bb\u0101ina aku \u02bbo Kuaihelani. Ma k\u0113ia holo \u02bbana, \u02bbeh\u0101 o l\u0101kou malama i ka moana. Pau ka \u02bbai, ka i\u02bba, ka wai. Pau n\u0101 k\u0101naka i ka make i ka p\u014dloli, a pilikia loa ihola n\u0101 m\u0101kuak\u0101ne i ka p\u014dloli. A loa\u02bba n\u0101 m\u0101kuak\u0101ne i ka p\u014dloli, noho ihola l\u0101kou i lalo o ka wa\u02bba kaulua, \u02bbo \u02bbAukelenuia\u02bb\u012bk\u016b a me ke keiki i luna. A l\u014d\u02bbihi n\u0101 l\u0101 i hala, ha\u02bboha\u02bbo ihola ke keiki, iho akula ia i lalo e n\u0101n\u0101 ai.<\/p>\n<p>Aia ho\u02bbi, e waiho ana kona mau m\u0101kua i ka p\u014dloli a me ka n\u0101waliwali no ka \u02bbai \u02bbole. Pi\u02bbi a\u02bbela ua keiki l\u0101 a luna o ka umauma o Kekamakahinuia\u02bb\u012bk\u016b, kona makuak\u0101ne pono\u02bb\u012b, ke kaikua\u02bbana \u02bbino\u02bbino huh\u016b o \u02bbAukelenuia\u02bb\u012bk\u016b. N\u0101n\u0101 a\u02bbela kona mau maka i ke keiki, a \u02bb\u014dlelo a\u02bbela, \u201c \u02bb\u016a, aloha! \u02bbA\u02bbole o m\u0101kou. Ua nui n\u0101 l\u0101 i hala o ka noho \u02bbana i ke ao. \u02bbO \u02bboe k\u0101 ho\u02bbi. Ua pau ka \u02bbai a me ka i\u02bba, ka wai, a koe \u02bbelua puna k\u014d wale n\u014d.\u201d \u02bb\u012a aku ke keiki, \u201c \u02bbA\u02bbohe o\u02bbu pilikia i ka \u02bbai. No ka mea, he \u02bbai n\u014d k\u0101 ku\u02bbu makuak\u0101ne, he lau. Ho\u02bbop\u0101 wale mai n\u014d i ka lehelehe, \u02bbo ka m\u0101\u02bbona n\u014d ia. \u02bbEh\u0101 malama e noho ai me ka m\u0101\u02bbona.\u201d A pau k\u0101 l\u0101ua \u02bb\u014dlelo \u02bbana, ho\u02bbi akula ia me n\u0101 waimaka e helele\u02bbi ana a hiki i mua o \u02bbAukelenuia\u02bb\u012bk\u016b. N\u012bnau maila\u00a0kona makuak\u0101ne, \u201cE u\u0113 ana \u02bboe i ke aha, a he waimaka aha nei e helele\u02bbi mai nei?\u201d \u02bb\u012a aku ke keiki, \u201cE u\u0113 ana au no Kekamakahinuia\u02bb\u012bk\u016b. Ua kokoke e make i ka p\u014dloli. Hele aku nei au, e mauli\u02bbawa ana.\u201d<\/p>\n<p>&nbsp;<\/p>\n<p>\u02bb\u014clelo aku \u02bbo \u02bbAukelenuia\u02bb\u012bk\u016b, \u201cE ku\u02bbu keiki, a, mai make \u02bboe a me ou makuak\u0101ne i ka moana nei in\u0101 \u02bba\u02bbole au e holo p\u016b mai me \u02bboukou, no ka mea, he \u02bbenemi n\u014d au no ko makuak\u0101ne. Ak\u0101, ma ka h\u0101nau \u02bbana mai a n\u0101 m\u0101kua, \u02bba\u02bbole au e hana e like me ko l\u0101kou mana\u02bbo \u02bbino ia\u02bbu. No laila, e ku\u02bbu keiki, eia ka \u02bbai a me ka i\u02bba i loko o ka l\u0101\u02bbau a k\u0101ua.\u201d \u02bbO ka inoa o ua l\u0101\u02bbau nei, \u02bbo Ka\u02bbiwaka\u02bbapu. \u201cE ki\u02bbi \u02bboe a hemo, na ka \u02bbai, na ka i\u02bba, na ke kapa, a me n\u0101 mea a pau loa e hele mai i waho nei.\u201d A hana akula ua keiki l\u0101 e like me n\u0101 \u02bb\u014dlelo a \u02bbAukelenuia\u02bb\u012bk\u016b, loa\u02bba ihola n\u0101 mea a pau loa. \u02bbAi ihola n\u0101 m\u0101kuak\u0101ne a pau, n\u0101 \u02bb\u014dhua \u02bbe\u02bbe wa\u02bba kaulua a me ka po\u02bbe lawelawe. A ola a\u02bbela, pau akula ka p\u014dniuniu p\u014dloli a me ka n\u0101waliwali \u02bbana. A ola l\u0101kou i k\u0113ia make \u02bbana i ka p\u014dloli, holo hou l\u0101kou \u02bbeh\u0101 m\u0101lama hou i ka moana. \u02bbUha\u02bbuha l\u0101kou i ka \u02bbai a me ka i\u02bba, ka wai, a me n\u0101 pono a pau loa i loa\u02bba i\u0101 l\u0101kou mai loko mai o ka l\u0101\u02bbau mana a \u02bbAukelenuia\u02bb\u012bk\u016b.<\/p>\n<p>A pau n\u0101 malama \u02bbeh\u0101 ma k\u0113ia holo \u02bbana i ka moana, ho\u02bbomaka k\u0101 l\u0101 mua o ka lima o ka malama. I ia w\u0101, ha\u02bbi aku \u02bbo \u02bbAukelenuia\u02bb\u012bk\u016b i kona \u02bbike i n\u0101 kaikua\u02bbana, a me n\u0101 k\u0101naka a pau o luna o ka wa\u02bba, \u201c \u02bbAp\u014dp\u014d, \u02bbike k\u0101kou i ka \u02bb\u0101ina, a k\u016b n\u014d i ia l\u0101. \u02bbO ka inoa o ua \u02bb\u0101ina ala \u02bbo H\u014dlanik\u016b. He nui n\u0101 mea\u02bbai o ia \u02bb\u0101ina; ka \u02bbai, ka \u02bbawa, ke k\u014d, ka mai\u02bba, ka niu, a me n\u0101 mea a pau loa.\u201d<\/p>\n<p>A hala ka l\u0101 \u0101na i ho\u02bb\u0101k\u0101ka ai, hiki mai ka lua o ka l\u0101, \u02bbo ia k\u0101na l\u0101 i \u02bb\u014dlelo ai e k\u016b i ka \u02bb\u0101ina \u02bbo H\u014dlanik\u016b. I ke kakahiaka nui, \u02bbike mua \u02bbia maila ke kuahiwi o ka \u02bb\u0101ina. Awakea, k\u016b l\u0101kou i ka \u02bb\u0101ina. Ma k\u0113ia k\u016b \u02bbana, lele akula n\u0101 k\u0101naka i uka. Loa\u02bba ka \u02bbai, ka wai, ka i\u02bba, ka \u02bbawa, a me n\u0101 mea \u02bb\u0113 a\u02bbe. \u02bbO ka nui o ko l\u0101kou manawa i laila, \u02bbeh\u0101 p\u014d, \u02bbeh\u0101 ao. Kau l\u0101kou i ka wa\u02bba kaulua a holo akula.<\/p>\n<p>Ma k\u0113ia holo \u02bbana, \u02bbeh\u0101 o l\u0101kou malama i ka moana. A pau ia mau malama \u02bbeh\u0101, ha\u02bbi aku \u02bbo \u02bbAukelenuia\u02bb\u012bk\u016b i\u0101 l\u0101kou, \u201c \u02bbAp\u014dp\u014d k\u0101kou k\u016b i ka \u02bb\u0101ina.\u201d A lohe n\u0101 kaikua\u02bbana, \u02bb\u014dlelo mai l\u0101kou, \u201cWahahe\u02bbe \u02bboe.\u201d Ak\u0101, \u02bba\u02bbohe mea n\u0101na e h\u014d\u02bbole mai \u02bbo \u02bbAukelenuia\u02bb\u012bk\u016b ma kona mau \u02bbano \u02bbike a me ke akamai. Ua \u02bbae n\u014d ka po\u02bbe holo wa\u02bba a pau loa. A \u02bbo n\u0101 kaikua\u02bbana wale n\u014d ka po\u02bbe h\u014d\u02bbole, no ko l\u0101kou \u02bb\u014dp\u016b \u02bbino\u02bbino i\u0101 \u02bbAukelenuia\u02bb\u012bk\u016b.<\/p>\n<p>A kokoke maila ka l\u0101 a \u02bbAukelenuia\u02bb\u012bk\u016b i \u02bb\u014dlelo ai, \u02bbike akula l\u0101kou i ka \u02bb\u0101ina \u02bbo Kal\u0101ke\u02bbenuiak\u0101ne. Ma ia l\u0101 a p\u014d, a ao, a kakahiaka, k\u016b l\u0101kou i ka \u02bb\u0101ina. \u02bbO ke ali\u02bbi o ua \u02bb\u0101ina ala he wahine, \u02bbo N\u0101makaokaha\u02bbi ka inoa.<\/p>\n<p>\u02bb\u012a aku \u02bbo \u02bbAukelenuia\u02bb\u012bk\u016b i n\u0101 kaikua\u02bbana, \u201cIa\u02bbu ka \u02bb\u014dlelo o ka wa\u02bba kaulua o k\u0101kou.\u201d \u02bb\u012a mai n\u0101 kaikua\u02bbana, \u201c \u02bbA\u02bbole n\u014d ho\u02bbi i k\u0101pili i wa\u02bba nou, a laila n\u014d ho\u02bbi, \u02bb\u014dlelo.\u201d \u02bb\u012a aku \u02bbo \u02bbAukelenuia\u02bb\u012bk\u016b, \u201cIn\u0101 ia\u02bbu ka \u02bb\u014dlelo o ka wa\u02bba, ola k\u0101kou. In\u0101 i\u0101 \u02bboukou, make k\u0101kou, \u02bba\u02bbole e ola.\u201d \u02bb\u014clelo mai n\u0101 kaikua\u02bbana i\u0101 \u02bbAukelenuia\u02bb\u012bk\u016b, \u201cI hea l\u0101 k\u0101u a\u02bbo \u02bbana i neia mea he ikaika a me ke koa i \u02bb\u014dlelo ai \u02bboe ma luna o m\u0101kou, e noho m\u0101lie, a \u02bbo \u02bboe ka waha\u02bb\u014dlelo.\u201d \u201cHe \u02bboia\u02bbi\u02bbo ia, in\u0101 he kaua ma ka lima, a ma ke alo, a laila, na \u02bboukou ka \u02bbeha a me ka make. Ak\u0101, in\u0101 he kaua po\u02bbip\u016b, \u02bba\u02bbole e loa\u02bba i\u0101 \u02bboukou. No laila au i \u02bb\u014dlelo ai, e make ana k\u0101kou.\u201d \u02bb\u012a mai n\u0101 kaikua\u02bbana, \u201c \u02bbA\u02bbole n\u014d \u0101u \u02bb\u014dlelo no k\u0113ia mau mea a pau loa. Aia n\u014d i ko m\u0101kou mana\u02bbo. E noho m\u0101lie n\u014d \u02bboe.\u201d Ma k\u0113ia mau \u02bb\u014dlelo a kona mau kaikua\u02bbana, noho m\u0101lie ihola \u02bbo \u02bbAukelenuia\u02bb\u012bk\u016b, \u02bba\u02bbohe \u02bb\u014dlelo aku.<\/p>\n<p>A kokoke l\u0101kou i ka \u02bb\u0101ina, n\u0101n\u0101 maila ke ali\u02bbi wahine \u02bbo N\u0101makaokaha\u02bbi, a \u02bbike i ka wa\u02bba kaulua e k\u016b ana i ke awa. K\u0113n\u0101 a\u02bbela ia i kona mau kaikun\u0101ne manu \u02bbeh\u0101 e lele e n\u012bnau i ka wa\u02bba i ka hana i holo mai ai. \u02bbO ka inoa o n\u0101 kaikun\u0101ne o N\u0101makaokaha\u02bbi, \u02bbo K\u0101nemoe, K\u0101ne\u02bb\u0101pua, L\u0113\u02bb\u0101pua, Kahaum\u0101na.<\/p>\n<p>Lele akula l\u0101kou ma n\u0101 kino manu a kau i luna o n\u0101 pou o ka wa\u02bba. N\u012bnau ihola l\u0101kou, \u201cHe aha ka hana a ka wa\u02bba o ka holo \u02bbana mai i \u02bbane\u02bbi?\u201d \u02bb\u012a aku n\u0101 kaikua\u02bbana, \u201cHe wa\u02bba kaua.\u201d A lohe ua mau manu l\u0101, ho\u02bbi akula l\u0101kou a hiki i o N\u0101makaokaha\u02bbi. N\u012bnau maila, \u201cHe wa\u02bba aha k\u0113l\u0101 wa\u02bba kaulua?\u201d \u201cHe wa\u02bba kaua.\u201d A lohe \u02bbo N\u0101makaokaha\u02bbi, puka maila a k\u016b i waho me ka p\u0101\u02bb\u016b \u02bbai kaua a me ke k\u0101hili kaua ona.<\/p>\n<p>Ak\u0101, ma mua a\u02bbe o ka lohe \u02bbana o N\u0101makaokaha\u02bbi i n\u0101 kaikun\u0101ne manu ona, \u02bb\u014dlelo aku \u02bbo \u02bbAukelenuia\u02bb\u012bk\u016b i n\u0101 kaikua\u02bbana ona, \u201c \u02bb\u0112, \u02bbauhea \u02bboukou! I hele hou mai n\u0101 manu e n\u012bnau i ka wa\u02bba kaulua nei, e ha\u02bbi aku \u02bboukou, he wa\u02bba m\u0101ka\u02bbika\u02bbi k\u0113ia, \u02bba\u02bbohe wa\u02bba kaua.\u201d I\u0101 \u02bbAukelenuia\u02bb\u012bk\u016b e \u02bb\u014dlelo ana, hiki maila n\u0101 manu i ka wa\u02bba kaulua, a n\u012bnau hou maila, \u201cHe aha ka hana a k\u0113ia wa\u02bba o ka holo \u02bbana mai i \u02bbane\u02bbi?\u201d \u02bb\u012a aku n\u0101 kaikua\u02bbana o \u02bbAukelenuia\u02bb\u012bk\u016b, \u201cHe wa\u02bba kaua.\u201d<\/p>\n<\/div>\n<\/div>\n<\/div>\n<\/div>\n<\/div>\n<\/div>\n<\/div>\n\n","protected":false},"excerpt":{"rendered":"","protected":false},"author":1,"featured_media":0,"parent":65,"menu_order":0,"comment_status":"closed","ping_status":"closed","template":"","meta":[],"_links":{"self":[{"href":"https:\/\/ehooululahui.maui.hawaii.edu\/index.php?rest_route=\/wp\/v2\/pages\/571"}],"collection":[{"href":"https:\/\/ehooululahui.maui.hawaii.edu\/index.php?rest_route=\/wp\/v2\/pages"}],"about":[{"href":"https:\/\/ehooululahui.maui.hawaii.edu\/index.php?rest_route=\/wp\/v2\/types\/page"}],"author":[{"embeddable":true,"href":"https:\/\/ehooululahui.maui.hawaii.edu\/index.php?rest_route=\/wp\/v2\/users\/1"}],"replies":[{"embeddable":true,"href":"https:\/\/ehooululahui.maui.hawaii.edu\/index.php?rest_route=%2Fwp%2Fv2%2Fcomments&post=571"}],"version-history":[{"count":1,"href":"https:\/\/ehooululahui.maui.hawaii.edu\/index.php?rest_route=\/wp\/v2\/pages\/571\/revisions"}],"predecessor-version":[{"id":572,"href":"https:\/\/ehooululahui.maui.hawaii.edu\/index.php?rest_route=\/wp\/v2\/pages\/571\/revisions\/572"}],"up":[{"embeddable":true,"href":"https:\/\/ehooululahui.maui.hawaii.edu\/index.php?rest_route=\/wp\/v2\/pages\/65"}],"wp:attachment":[{"href":"https:\/\/ehooululahui.maui.hawaii.edu\/index.php?rest_route=%2Fwp%2Fv2%2Fmedia&parent=571"}],"curies":[{"name":"wp","href":"https:\/\/api.w.org\/{rel}","templated":true}]}}