{"id":573,"date":"2018-12-21T10:35:22","date_gmt":"2018-12-21T20:35:22","guid":{"rendered":"http:\/\/ehooululahui.maui.hawaii.edu\/?page_id=573"},"modified":"2018-12-21T10:35:22","modified_gmt":"2018-12-21T20:35:22","slug":"%ca%bbaukelenuia%ca%bbiku-mokuna-%ca%bbelima","status":"publish","type":"page","link":"https:\/\/ehooululahui.maui.hawaii.edu\/?page_id=573","title":{"rendered":"\u02bbAukelenuia\u02bb\u012bk\u016b: Mokuna \u02bbElima"},"content":{"rendered":"<style type=\"text\/css\"> \n#cmsmasters_row_69ea16a9f0497 { \n\tbackground-color:#f8ecc2;\n} \n\n#cmsmasters_row_69ea16a9f0497 .cmsmasters_row_outer_parent { \n\tpadding-top: 50px; \n} \n\n#cmsmasters_row_69ea16a9f0497 .cmsmasters_row_outer_parent { \n\tpadding-bottom: 50px; \n} \n\n \n#cmsmasters_divider_69ea16a9f0961 { \n\tborder-bottom-width:1px; \n\tborder-bottom-style:solid; \n\tpadding-top:5px; \n\tmargin-bottom:30px; \n\tborder-bottom-color:rgba(0,0,0,0.5);\n} \n<\/style><div id=\"cmsmasters_row_69ea16a9f0497\" class=\"cmsmasters_row cmsmasters_color_scheme_default cmsmasters_row_top_default cmsmasters_row_bot_default cmsmasters_row_boxed\">\n<div class=\"cmsmasters_row_outer_parent\">\n<div class=\"cmsmasters_row_outer\">\n<div class=\"cmsmasters_row_inner\">\n<div class=\"cmsmasters_row_margin\">\n<div class=\"cmsmasters_column one_first\">\n<div class=\"custom_html\">\n<iframe width=\"100%\" height=\"20\" scrolling=\"no\" frameborder=\"no\" allow=\"autoplay\" src=\"https:\/\/w.soundcloud.com\/player\/?url=https%3A\/\/api.soundcloud.com\/tracks\/436205034&color=%23ff5500&inverse=false&auto_play=false&show_user=false\"><\/iframe>\n<\/div>\n\n<div id=\"cmsmasters_divider_69ea16a9f0961\" class=\"cmsmasters_divider cmsmasters_divider_width_long cmsmasters_divider_pos_center\"><\/div>\n<div class=\"cmsmasters_text\">\n<p>A ho\u02bbi n\u0101 kaikun\u0101ne manu o N\u0101makaokaha\u02bbi mai ka wa\u02bba kaulua aku, a laila, l\u0101lau ihola \u02bbo \u02bbAukelenuia\u02bb\u012bk\u016b i ka pahu l\u0101\u02bbau \u0101na, a kiola i loko o ke kai. No ka mea, ua maopopo i\u0101 ia, e make ana n\u0101 kaikua\u02bbana a me ka wa\u02bba i\u0101 N\u0101makaokaha\u02bbi. A h\u0101\u02bbule ka l\u0101\u02bbau i loko o ke kai, lele akula \u02bbo \u02bbAukelenuia\u02bb\u012bk\u016b ma hope, a \u02bbau akula i loko o ke kai. I\u0101 \u02bbAukelenuia\u02bb\u012bk\u016b e \u02bbau ana, k\u0101hea aku ke keiki ma hope. \u02bb\u014clelo aku \u02bbo \u02bbAukelenuia\u02bb\u012bk\u016b, \u201c \u02bbA\u02bbole \u02bboe e pono ke \u02bbau mai. Noho n\u014d p\u0113ia.\u201d<\/p>\n<p>I\u0101 ia e \u02bb\u014dlelo ana i ke keiki, k\u016b maila \u02bbo N\u0101makaokaha\u02bbi i ke kahakai. L\u0101lau i kona p\u0101\u02bb\u016b \u02bbai kaua, a p\u0101\u02bb\u016b a\u02bbela ma hope. L\u0101lau iho i ke k\u0101hili a kuehu a\u02bbela i ka lewa. I ia w\u0101, lilo a\u02bbela ka wa\u02bba kaulua a me n\u0101 kaikua\u02bbana o \u02bbAukelenuia\u02bb\u012bk\u016b i lehu. N\u0101n\u0101 a\u02bbela \u02bbo \u02bbAukelenuia\u02bb\u012bk\u016b, \u02bba\u02bbohe k\u016b mai o ka wa\u02bba kaulua. Huli akula n\u014d ia me k\u0101na l\u0101\u02bbau \u02bbo Ka\u02bbiwaka\u02bbapu.<\/p>\n<p>Ma k\u0113ia mau pauk\u016b i k\u0101kau \u02bbia, ua ho\u02bbok\u014d \u02bbia n\u0101 \u02bb\u014dlelo a ka mo\u02bbo i\u0101 \u02bbAukelenuia\u02bb\u012bk\u016b, i\u0101 ia e noho ana i lalo o ka lua. A ma k\u0113ia k\u0101kau hou \u02bbana, e \u02bbike k\u0101kou i ko \u02bbAukelenuia\u02bb\u012bk\u016b hana \u02bbana me kona akua, a me ka lilo \u02bbana o N\u0101makaokaha\u02bbi i wahine n\u0101na.<\/p>\n<p>A pae akula \u02bbo \u02bbAukelenuia\u02bb\u012bk\u016b i uka, kau\u014d akula ia i ka pauk\u016b l\u0101\u02bbau a waiho i ka \u02bbae one. Hele akula ia a ma lalo o ka \u02bbekoko, moe ihola no ka luhi i ke kai. I\u0101 \u02bbAukelenuia\u02bb\u012bk\u016b e moe ana, hiki maila \u02bbo Moel\u0101, he \u02bb\u012blio kia\u02bbi ia no ka \u02bb\u0101ina. Honi akula ia i ka hauhauna kanaka, a hae akula. I\u0101 ia e hae ana, \u02bb\u014d\u02bbili a\u02bbela \u02bbo N\u0101makaokaha\u02bbi i waho, a k\u0101hea akula i n\u0101 kaikun\u0101ne manu ona \u02bbeh\u0101, a hiki maila l\u0101kou. \u02bb\u012a akula \u02bbo N\u0101makaokaha\u02bbi, \u201cE \u02bbimi a\u02bbe \u02bboukou i k\u0113ia mea a ka \u02bb\u012blio e hae nei. He kanaka paha no luna o ka wa\u02bba, ua pae a\u02bbe nei paha i uka. \u02bbAkahi ka hae o ka \u02bb\u012blio.\u201d \u02bb\u012a aku n\u0101 kaikun\u0101ne, \u201cHo\u02bbouna \u02bbia aku \u0101u kau\u0101 wahine \u02bbelua.\u201d Ua maika\u02bbi ia \u02bb\u014dlelo i ka mana\u02bbo o ke ali\u02bbi wahine, a k\u0101hea akula \u02bbo N\u0101makaokaha\u02bbi i n\u0101 kau\u0101 wahine \u02bbelua, i\u0101 \u02bb\u016apoho a me H\u0101\u02bb\u0101pua\u02bb\u012bnanea. A hiki maila l\u0101ua i mua o ke ali\u02bbi wahine, \u02bb\u014dlelo akula ke ali\u02bbi i\u0101 l\u0101ua, \u201cE \u02bbimi \u02bbolua i ka mea a ka \u02bb\u012blio e hae nei. In\u0101 i loa\u02bba i\u0101 \u02bbolua, e pepehi \u02bbolua a make.\u201d<\/p>\n<p>I\u0101 l\u0101ua e hele ana e \u02bbimi, \u02bb\u014dlelo ihola \u02bbo Lonoikouali\u02bbi, ke akua o \u02bbAukelenuia\u02bb\u012bk\u016b, \u201c \u02bb\u0112! Eia ka make o k\u0101ua, ke hele mai nei e \u02bbimi i\u0101 \u02bboe. E ala \u02bboe.\u201d Ala a\u02bbela \u02bbo \u02bbAukelenuia\u02bb\u012bk\u016b, a \u02bba\u02bbahu ihola i ke kapa lehu ona. Ma hope o k\u0113ia ala \u02bbana o \u02bbAukelenuia\u02bb\u012bk\u016b, a\u02bboa\u02bbo aku \u02bbo Lonoikouali\u02bbi i\u0101 ia penei: \u201cIn\u0101 i hiki mai n\u0101 w\u0101hine \u02bbelua, he mau w\u0101hine maika\u02bbi, \u02bbo ko l\u0101ua mau \u02bbano na\u02bbe, he mo\u02bbo, he \u02bbiole; \u02bbo \u02bb\u016apoho ka \u02bbiole, \u02bbo H\u0101\u02bb\u0101pua\u02bb\u012bnanea ka mo\u02bbo. A hiki mai l\u0101ua, e waiho aku \u02bboe i mua o l\u0101ua i ke aloha o k\u0113ia \u02bb\u0101ina penei: \u02bbE walina ho\u02bbi i\u0101 \u02bboe e \u02bb\u016apoho, e walina ho\u02bbi i\u0101 \u02bboe e H\u0101\u02bb\u0101pua\u02bb\u012bnanea,\u2019 na l\u0101ua ia e hilahila i\u0101 \u02bboe i ka loa\u02bba mua o ko l\u0101ua inoa, a laila, ola \u02bboe.\u201d<\/p>\n<p>A pau ka \u02bb\u014dlelo \u02bbana a Lonoikouali\u02bbi i\u0101 \u02bbAukelenuia\u02bb\u012bk\u016b, hiki maila \u02bbo \u02bb\u016apoho a me H\u0101\u02bb\u0101pua\u02bb\u012bnanea. I\u0101 l\u0101ua e hele mai ana, waiho mua aku \u02bbo \u02bbAukelenuia\u02bb\u012bk\u016b i ke aloha i\u0101 l\u0101ua, \u201cE walina i\u0101 \u02bboe e \u02bb\u016apoho, e walina i\u0101 \u02bboe e H\u0101\u02bb\u0101pua\u02bb\u012bnanea.\u201d A lohe l\u0101ua i ka leo aloha o \u02bbAukelenuia\u02bb\u012bk\u016b, hilahila ihola l\u0101ua no ka loa\u02bba o ko l\u0101ua inoa i\u0101 ia. \u02bb\u012a aku \u02bbo \u02bb\u016apoho i\u0101 H\u0101\u02bb\u0101pua\u02bb\u012bnanea, \u201cI aha l\u0101 auane\u02bbi k\u0101 k\u0101ua uku i ka mea n\u0101na i k\u0101hea mai i ko k\u0101ua mau inoa?\u201d \u02bb\u012a aku kekahi, \u201cE ho\u02bbok\u0101ne k\u0101ua.\u201d \u02bbAe akula kekahi, \u201c \u02bbAe.\u201d Hele akula l\u0101ua a noho ma ka \u02bbao\u02bbao o \u02bbAukelenuia\u02bb\u012bk\u016b.<\/p>\n<\/div>\n<\/div>\n<\/div>\n<\/div>\n<\/div>\n<\/div>\n<\/div>\n\n","protected":false},"excerpt":{"rendered":"","protected":false},"author":1,"featured_media":0,"parent":65,"menu_order":0,"comment_status":"closed","ping_status":"closed","template":"","meta":[],"_links":{"self":[{"href":"https:\/\/ehooululahui.maui.hawaii.edu\/index.php?rest_route=\/wp\/v2\/pages\/573"}],"collection":[{"href":"https:\/\/ehooululahui.maui.hawaii.edu\/index.php?rest_route=\/wp\/v2\/pages"}],"about":[{"href":"https:\/\/ehooululahui.maui.hawaii.edu\/index.php?rest_route=\/wp\/v2\/types\/page"}],"author":[{"embeddable":true,"href":"https:\/\/ehooululahui.maui.hawaii.edu\/index.php?rest_route=\/wp\/v2\/users\/1"}],"replies":[{"embeddable":true,"href":"https:\/\/ehooululahui.maui.hawaii.edu\/index.php?rest_route=%2Fwp%2Fv2%2Fcomments&post=573"}],"version-history":[{"count":1,"href":"https:\/\/ehooululahui.maui.hawaii.edu\/index.php?rest_route=\/wp\/v2\/pages\/573\/revisions"}],"predecessor-version":[{"id":574,"href":"https:\/\/ehooululahui.maui.hawaii.edu\/index.php?rest_route=\/wp\/v2\/pages\/573\/revisions\/574"}],"up":[{"embeddable":true,"href":"https:\/\/ehooululahui.maui.hawaii.edu\/index.php?rest_route=\/wp\/v2\/pages\/65"}],"wp:attachment":[{"href":"https:\/\/ehooululahui.maui.hawaii.edu\/index.php?rest_route=%2Fwp%2Fv2%2Fmedia&parent=573"}],"curies":[{"name":"wp","href":"https:\/\/api.w.org\/{rel}","templated":true}]}}