{"id":575,"date":"2018-12-21T10:43:48","date_gmt":"2018-12-21T20:43:48","guid":{"rendered":"http:\/\/ehooululahui.maui.hawaii.edu\/?page_id=575"},"modified":"2018-12-21T10:44:08","modified_gmt":"2018-12-21T20:44:08","slug":"%ca%bbaukelenuia%ca%bbiku-mokuna-%ca%bbeono","status":"publish","type":"page","link":"https:\/\/ehooululahui.maui.hawaii.edu\/?page_id=575","title":{"rendered":"\u02bbAukelenuia\u02bb\u012bk\u016b: Mokuna \u02bbEono"},"content":{"rendered":"<style type=\"text\/css\"> \n#cmsmasters_row_69fbc0c65de10 { \n\tbackground-color:#f8ecc2;\n} \n\n#cmsmasters_row_69fbc0c65de10 .cmsmasters_row_outer_parent { \n\tpadding-top: 50px; \n} \n\n#cmsmasters_row_69fbc0c65de10 .cmsmasters_row_outer_parent { \n\tpadding-bottom: 50px; \n} \n\n \n#cmsmasters_divider_69fbc0c65e5a6 { \n\tborder-bottom-width:1px; \n\tborder-bottom-style:solid; \n\tpadding-top:5px; \n\tmargin-bottom:30px; \n\tborder-bottom-color:rgba(0,0,0,0.5);\n} \n<\/style><div id=\"cmsmasters_row_69fbc0c65de10\" class=\"cmsmasters_row cmsmasters_color_scheme_default cmsmasters_row_top_default cmsmasters_row_bot_default cmsmasters_row_boxed\">\n<div class=\"cmsmasters_row_outer_parent\">\n<div class=\"cmsmasters_row_outer\">\n<div class=\"cmsmasters_row_inner\">\n<div class=\"cmsmasters_row_margin\">\n<div class=\"cmsmasters_column one_first\">\n<div class=\"custom_html\">\n<iframe width=\"100%\" height=\"20\" scrolling=\"no\" frameborder=\"no\" allow=\"autoplay\" src=\"https:\/\/w.soundcloud.com\/player\/?url=https%3A\/\/api.soundcloud.com\/tracks\/436205028&color=%23ff5500&inverse=false&auto_play=false&show_user=false\"><\/iframe>\n<\/div>\n\n<div id=\"cmsmasters_divider_69fbc0c65e5a6\" class=\"cmsmasters_divider cmsmasters_divider_width_long cmsmasters_divider_pos_center\"><\/div>\n<div class=\"cmsmasters_text\">\n<p>A launa a\u02bbela l\u0101kou nei \u02bbekolu, \u02bbelua wahine, ho\u02bbokahi k\u0101ne, \u02bbo \u02bbAukelenuia\u02bb\u012bk\u016b a pau k\u0101 l\u0101kou mau \u02bb\u014dlelo h\u014d\u02bbin\u0101\u02bbinau, h\u0101\u02bbule ihola l\u0101kou, k\u014dnane. \u02bb\u014clelo aku \u02bbo \u02bbAukelenuia\u02bb\u012bk\u016b i n\u0101 w\u0101hine,<\/p>\n<blockquote>\n<p>\u201c \u02bbO ke ku\u02bbi k\u0113ia, \u02bbo ka holo k\u0113l\u0101,<\/p>\n<p>Moe k\u0101w\u0101, h\u0101pala ka \u02bbele,<\/p>\n<p>Na ke kea ka \u02bbai,<\/p>\n<p>K\u016b ka \u02bbehu o n\u0101 wa\u02bba li\u02bbili\u02bbi,<\/p>\n<p>I ke keiki o Kuaihelani.\u201d<\/p>\n<\/blockquote>\n<p>A pau ka nanea \u02bbana, \u02bb\u014dlelo aku n\u0101 w\u0101hine i\u0101 \u02bbAukelenuia\u02bb\u012bk\u016b, \u201cI ho\u02bbouna \u02bbia mai nei m\u0101ua e make \u02bboe. No ka mea, ua \u02bbike \u02bbia \u02bboe e ka \u02bb\u012blio a ke ali\u02bbi wahine o m\u0101kou, e Moel\u0101. Ak\u0101, e ho\u02bbi ana m\u0101ua a h\u014d\u02bbole aku \u02bba\u02bbole i loa\u02bba i\u0101 m\u0101ua. A n\u0101na ia e ho\u02bbouna mai i luna hou.\u201d<\/p>\n<p>A hiki l\u0101ua i mua o ke ali\u02bbi wahine, \u02bbo N\u0101makaokaha\u02bbi, n\u012bnau maila ia, \u201c \u02bbAuhea k\u0101 \u02bbolua mea i huli aku nei?\u201d \u02bb\u012a aku n\u0101 w\u0101hine, \u201c \u02bbA\u02bbole i loa\u02bba i\u0101 m\u0101ua. A luna m\u0101ua o ka pali a me ka l\u0101\u02bbau, \u02bba\u02bbohe loa\u02bba iki. A uka m\u0101ua, a kai m\u0101ua, \u02bba\u02bbohe loa\u02bba iki.\u201d Wahi a l\u0101ua i\u0101 N\u0101makaokaha\u02bbi, \u201cUa kuhihewa paha ka \u02bb\u012blio, i ka hohono o ke koko i luna o ka mea \u02bbaekai, he kanaka, no laila, hae.\u201d<\/p>\n<p>I\u0101 l\u0101ua e \u02bb\u014dlelo ana, ku\u02bbu hou a\u02bbela ke ali\u02bbi wahine i ka \u02bb\u012blio \u0101na, i\u0101 Moel\u0101. \u02bbA\u02bbohe hae a koe aku. H\u0101mama ka waha, ka\u02bbawale \u02bbo luna me lalo. I\u0101 Moel\u0101 e hana ana, k\u0101hea akula \u02bbo N\u0101makaokaha\u02bbi i n\u0101 kaikun\u0101ne manu ona \u02bbeh\u0101 e hele mai. \u02bbO ia \u02bbo K\u0101nemoe, K\u0101ne\u02bb\u0101pua, L\u0113\u02bb\u0101pua, Kahaum\u0101na. A hiki l\u0101kou i mua o ke ali\u02bbi wahine, \u02bb\u014dlelo akula ia, \u201cE \u02bbimi \u02bboukou i k\u0113ia mea a Moel\u0101 e hae nei, he kanaka paha, \u02bba\u02bbole paha. He aha l\u0101?\u201d<\/p>\n<p>A pau ka \u02bb\u014dlelo \u02bbana, i ia w\u0101, lele l\u0101kou. I\u0101 l\u0101kou e m\u0101kaukau ana e lele, \u02bb\u014dlelo aku \u02bbo Lonoikouali\u02bbi i\u0101 \u02bbAukelenuia\u02bb\u012bk\u016b, \u201cE \u02bbAukelenuia\u02bb\u012bk\u016b! Eia k\u0113ia make o k\u0101ua, ke lele mai nei. A hiki mai l\u0101kou \u02bbeh\u0101, e aloha aku \u02bboe i\u0101 l\u0101kou, e like me ko aloha i n\u0101 w\u0101hine.\u201d<\/p>\n<p>A hiki l\u0101kou i mua o \u02bbAukelenuia\u02bb\u012bk\u016b, k\u0101hea maila \u02bbo \u02bbAukelenuia\u02bb\u012bk\u016b me ka leo aloha, penei: \u201cE walina i\u0101 \u02bboe e K\u0101nemoe. E walina i\u0101 \u02bboe e K\u0101ne\u02bb\u0101pua. E w\u0101lina i\u0101 \u02bboe e L\u0113\u02bb\u0101pua. E w\u0101lina i\u0101 \u02bboe e Kahaum\u0101na.\u201d Aloha maila n\u014d ho\u02bbi l\u0101kou i\u0101 \u02bbAukelenuia\u02bb\u012bk\u016b, \u201cE walina ho\u02bbi \u02bboe.\u201d Ma hope o ke aloha \u02bbana mai a\u00a0\u02bbAukelenuia\u02bb\u012bk\u016b i\u0101 l\u0101kou, kama\u02bbilio mal\u016b ihola l\u0101kou no ka loa\u02bba o ko l\u0101kou inoa. \u02bb\u014clelo a\u02bbela \u02bbo K\u0101nemoe, \u201cKupanaha! I hea l\u0101 kahi i loa\u02bba ai \u02bbo ko k\u0101kou inoa i\u0101 ia? A i aha l\u0101 auane\u02bbi k\u0101 k\u0101kou uku i\u0101 ia?\u201d \u02bb\u012a maila kekahi, \u201cHo\u02bbokahi n\u014d a k\u0101kou uku i\u0101 ia, \u02bbo ke kaikuahine o k\u0101kou i wahine n\u0101na. A laila, \u02bbo ko k\u0101kou kaiko\u02bbeke k\u0113ia.\u201d \u02bbAe maila ko l\u0101kou nui, a laila, \u02bb\u014dlelo akula l\u0101kou i k\u0113ia mau \u02bb\u014dlelo i\u0101 \u02bbAukelenuia\u02bb\u012bk\u016b, a he mea \u02bbolu\u02bbolu loa ia i ko \u02bbAukelenuia\u02bb\u012bk\u016b mana\u02bbo.<\/p>\n<p>A pau ke kama\u02bbilio \u02bbana me \u02bbAukelenuia\u02bb\u012bk\u016b, ho\u02bbi akula l\u0101kou i ka hale. A hiki l\u0101kou, n\u012bnau maila \u02bbo N\u0101makaokaha\u02bbi, \u201c \u02bbAuhea k\u0101 \u02bboukou mea i huli aku nei?\u201d \u02bb\u012a aku n\u0101 kaikun\u0101ne, \u201cEia a\u02bbe ma hope. Ua ho\u02bbok\u0101ne aku nei m\u0101kou n\u0101u i loa\u02bba ona kaiko\u02bbeke no m\u0101kou. No ka mea, he kanaka maika\u02bbi; \u02bba\u02bbole k\u012bn\u0101 mai luna a lalo.<\/p>\n<p>Ua like n\u014d me \u02bboe. No laila, ua pono n\u014d \u02bboe ke lawe, \u02bbo k\u0101u k\u0101ne ia.\u201d Ma k\u0113ia mau \u02bb\u014dlelo a kona mau kaikun\u0101ne, he mea \u02bbolu\u02bbolu loa ia i ka mana\u02bbo o ke ali\u02bbi wahine, \u02bbo N\u0101makaokaha\u02bbi.<\/p>\n<p>Ma \u02bbane\u02bbi, e \u02bb\u014dlelo iki k\u0101kou no ka \u02bb\u014dlelo a ke akua o \u02bbAkelenuia\u02bb\u012bk\u016b i\u0101 ia, a Lonoikouali\u02bbi. \u02bb\u012a aku \u02bbo Lonoikouali\u02bbi i\u0101 \u02bbAukelenuia\u02bb\u012bk\u016b, \u201cUa hala k\u0113ia mau make o k\u0101ua ma hope. \u02bbO ka make koe ma mua o k\u0101ua, \u02bbo ka make ia, m\u0101inoino k\u0101ua. I hele k\u0101ua a hiki i ka hale o ke ali\u02bbi wahine, mai komo \u02bboe i loko o make \u02bboe. K\u016b n\u014d \u02bboe ma waho o ka puka. No ka mea, e h\u014d\u02bbike mai ana n\u0101 mea make i mua ou. \u02bbO n\u0101 mea mua e ku\u02bbu \u02bbia mai i mua ou, n\u0101 w\u0101hine i hele mua a\u02bbe ai. A i aloha mai l\u0101ua i\u0101 \u02bboe, pakele \u02bboe (\u02bbo ia k\u0113ia aloha walina). A hala ia make ou, a laila, \u02bbo n\u0101 mea\u02bbai n\u014d kekahi mea e make ai \u02bboe. No laila, e ho\u02bbolohe mai \u02bboe. In\u0101 i h\u0101nai \u02bbia mai \u02bboe, \u02bbo ka ipu e ulu ana me ke k\u0101 a me ka lau, aia i laila ka \u02bbai, ka i\u02bba, ka wai.\u201d \u02bbO k\u0113ia mau mea a pau loa k\u0101 ke akua o \u02bbAukelenuia\u02bb\u012bk\u016b i \u02bb\u014dlelo mai ai i\u0101 ia, a Lonoikouali\u02bbi.<\/p>\n<p>A pau k\u0101 l\u0101ua \u02bb\u014dlelo \u02bbana, a laila, hele akula \u02bbo \u02bbAukelenuia\u02bb\u012bk\u016b i kahi o N\u0101makaokaha\u02bbi. A hiki \u02bbo \u02bbAukelenuia\u02bb\u012bk\u016b i kahi o N\u0101makaokaha\u02bbi, k\u016b ihola ia ma ka puka o ka hale. Aloha maila n\u0101 mea a pau i\u0101 ia. Ma hope o ke aloha \u02bbana, k\u0101hea maila l\u0101kou i\u0101 \u02bbAukelenuia\u02bb\u012bk\u016b e komo ma loko o ka hale. \u02bbA\u02bbole k\u0113ia i komo i loko. K\u016b ihola n\u014d \u02bbo \u02bbAukelenuia\u02bb\u012bk\u016b ma laila. Ma \u02bbane\u02bbi e \u02bbike ai k\u0101kou i ke k\u014d \u02bbana o n\u0101 \u02bb\u014dlelo a ke akua o \u02bbAukelenuia\u02bb\u012bk\u016b, a i ka mana n\u014d ho\u02bbi o \u02bbAukelenuia\u02bb\u012bk\u016b.<\/p>\n<p>I\u0101 \u02bbAukelenuia\u02bb\u012bk\u016b e k\u016b ana ma ka puka o ka hale o N\u0101makaokaha\u02bbi, ku\u02bbu \u02bbia maila n\u0101 w\u0101hine \u02bbelua, \u02bbo ia \u02bbo \u02bb\u016apoho, H\u0101\u02bb\u0101pua\u02bb\u012bnanea. K\u0113n\u0101 akula \u02bbo N\u0101makaokaha\u02bbi, \u201cE \u02bb\u016apoho a me H\u0101\u02bb\u0101pua\u02bb\u012bnanea, k\u0101 \u02bbolua make ho\u02bbi.\u201d I ia w\u0101, huli ua mau w\u0101hine nei, n\u0101n\u0101 i\u0101 \u02bbAukelenuia\u02bb\u012bk\u016b, a \u02bbike, \u02bbo ke keiki i loa\u02bba mua ai i\u0101 l\u0101ua. Hilahila ihola l\u0101ua a holo akula. Holo \u02bbo \u02bb\u016apoho, he wahine \u02bbiole, a noho i\u00a0ka po\u02bbopo\u02bbo. Holo \u02bbo H\u0101\u02bb\u0101pua\u02bb\u012bnanea, he wahine mo\u02bbo, a pili i ka l\u0101\u02bbau. Hala k\u0113ia make o \u02bbAukelenuia\u02bb\u012bk\u016b.<\/p>\n<p>Ma hope o l\u0101ua, ku\u02bbu \u02bbia mai \u02bbo Moel\u0101, he \u02bb\u012blio kia\u02bbi no ka \u02bb\u0101ina. I ke kokoke \u02bbana i\u0101 \u02bbAukelenuia\u02bb\u012bk\u016b, h\u0101mama ka waha, kek\u0113 ka niho, wehe ke \u0101 luna a me ke \u0101 lalo, lele mai, nanahu i\u0101 \u02bbAukelenuia\u02bb\u012bk\u016b. \u02bbA\u02bbole i moku \u02bbo \u02bbAukelenuia\u02bb\u012bk\u016b. Pili \u02bb\u0113 ka \u02bb\u012blio i ke kapa lehu o \u02bbAukelenuia\u02bb\u012bk\u016b, a make ihola. Lilo ihola ka \u02bb\u012blio i lehu. A \u02bbike ke ali\u02bbi wahine ua make k\u0101na \u02bb\u012blio, minamina ihola ia me ke aloha, a k\u016blou ihola i lalo e u\u0113 ana i ke aloha.<\/p>\n<p>A make k\u0101na \u02bb\u012blio, k\u0113n\u0101 a\u02bbela ia i kona mau kaikun\u0101ne \u02bbeh\u0101, i\u0101 K\u0101nemoe, K\u0101ne\u02bb\u0101pua, L\u0113\u02bb\u0101pua, Kahaum\u0101na, \u02bb\u012b aku \u02bbo N\u0101makaokaha\u02bbi, \u201cK\u0101 \u02bboukou make ho\u02bbi paha. E l\u0101lau iho \u02bboukou i\u0101 ia nei a lawe aku i mua e \u02bbai ai.\u201d A lohe \u02bbo \u02bbAukelenuia\u02bb\u012bk\u016b i k\u0113ia \u02bb\u014dlelo, komo akula ia i loko o kauhale. A \u02bbike maila n\u0101 kaikun\u0101ne \u02bbeh\u0101 o N\u0101makaokaha\u02bbi, moe a leho ihola l\u0101kou. \u02bbO K\u0101nemoe, k\u016bap\u014dhaku a\u02bbela ia, a moe ihola ma ka puka o ka hale. \u02bbO K\u0101ne\u02bb\u0101pua, lilo a\u02bbela i pauk\u016b l\u0101\u02bbau, a waiho ihola. \u02bbO L\u0113\u02bb\u0101pua, lilo a\u02bbela ia i puna. Kahaum\u0101na, lilo a\u02bbela i \u02bbal\u0101. \u02bbO k\u0113ia mau mea a pau loa, ua hilahila i\u0101 \u02bbAukelenuia\u02bb\u012bk\u016b, no laila, ua pe\u02bbe l\u0101kou a pau.<\/p>\n<p>A hala k\u0113ia mau mea ma hope i\u0101 \u02bbAukelenuia\u02bb\u012bk\u016b, hiki akula ia i kahi e ulu ana \u02bbo ka ipu. L\u0101lau akula ia i ka \u02bbumeke a wehe a\u02bbela, noho ihola, \u02bbai. P\u0113l\u0101 ka i\u02bba, ka wai. I\u0101 \u02bbAukelenuia\u02bb\u012bk\u016b e \u02bbai ana, \u02bb\u014dlelo ihola n\u0101 kaikun\u0101ne o N\u0101makaokaha\u02bbi, \u201cKupanaha k\u0113ia kanaka o ka mana! Ke \u02bbai mai nei i k\u0101 k\u0101kou \u02bbai. \u02bbO wai l\u0101 kona mea i \u02bbike ai i kahi o k\u0101 k\u0101kou? No ka mea, ua waiho \u02bbia aku nei n\u0101 mea\u02bbai i mua ona, \u02bba\u02bbohe ona \u02bbai.\u201d<\/p>\n<p>A pau k\u0113ia mau mea i ka \u02bbike \u02bbia e \u02bbAukelenuia\u02bb\u012bk\u016b, a laila, k\u016b maila n\u0101 kaikun\u0101ne o N\u0101makaokaha\u02bbi i luna me ko l\u0101kou mau kino kanaka. Ma hope o ko l\u0101kou ho\u02bb\u0101\u02bbo \u02bbana i\u0101 \u02bbAukelenuia\u02bb\u012bk\u016b, no\u02bbono\u02bbo ihola \u02bbo \u02bbAukelenuia\u02bb\u012bk\u016b me ka ma\u02bbalea. Kaumaha akula ia ma ke \u02bbano o ke akua, e ho\u02bbolilo ana i\u0101 N\u0101makaokaha\u02bbi a me n\u0101 kaikun\u0101ne i akua nona penei. K\u0101hea a\u02bbela \u02bbo \u02bbAukelenuia\u02bb\u012bk\u016b me ka leo nui,<\/p>\n<p>&nbsp;<\/p>\n<blockquote>\n<p>\u201cE n\u0101 \u02bbaum\u0101kua o ka p\u014d, n\u0101 \u02bbaum\u0101kua o ke<\/p>\n<p>ao; N\u0101makaokaha\u02bbi, K\u0101nemoe,<\/p>\n<p>K\u0101ne\u02bb\u0101pua, L\u0113\u02bb\u0101pua,<\/p>\n<p>Kahaum\u0101na, \u02bb\u016apoho,<\/p>\n<p>H\u0101\u02bb\u0101pua\u02bb\u012bnanea, Moel\u0101.<\/p>\n<p>E ola ia\u02bbu, e pi\u02bbi kuahiwi,<\/p>\n<p>E ka \u02bba\u02bbe kuahiwi,<\/p>\n<p>E ola i k\u0101 \u02bboukou pulapula,<\/p>\n<p>E ola ia\u02bbu, i kanaka o kai,<\/p>\n<p>Eia mai ka \u02bbai l\u0101,<\/p>\n<p>\u02bb\u0100mama, ua noa.\u201d<\/p>\n<\/blockquote>\n<p>I\u0101 \u02bbAukelenuia\u02bb\u012bk\u016b e kaumaha ana i ko l\u0101kou mau inoa, he mea \u02bbaka\u02bbaka loa ia na l\u0101kou, a he mea ha\u02bboha\u02bbo n\u014d ho\u02bbi i ko l\u0101kou lohe \u02bbana. Wahi a l\u0101kou, \u201cUa pau loa ko k\u0101kou mau inoa i ka loa\u02bba i\u0101 ia. \u02bbO k\u0101kou ihola n\u014d k\u0101 paha kona mau akua.\u201d No k\u0113ia ha\u02bboha\u02bbo o l\u0101kou i k\u0113ia mau hana ma\u02bbalea a \u02bbAukelenuia\u02bb\u012bk\u016b, n\u012bnau akula l\u0101kou, \u201c \u02bbO kou mau akua ihola n\u014d ia?\u201d \u201c \u02bbAe, \u02bbo ko\u02bbu mau akua n\u014d ia mai ko\u02bbu mau k\u016bpuna mai, a ko\u02bbu mau m\u0101kua, a loa\u02bba mai au.\u201d A lohe l\u0101kou i k\u0113ia mau \u02bb\u014dlelo a \u02bbAukelenuia\u02bb\u012bk\u016b, k\u0113n\u0101 maila, \u201cE hana hou mai ana \u02bboe?\u201d \u02bb\u012a aku \u02bbo \u02bbAukelenuia\u02bb\u012bk\u016b, \u201cHe ka\u02bbao auane\u02bbi o ho\u02bbi hou aku. Ho\u02bbokahi n\u014d kaumaha \u02bbana i ke akua, \u02bbo ka pono. No ka mea, \u02bbo ka\u02bbu wale n\u014d ia e p\u0101\u02bb\u016b nei i ke akua,<\/p>\n<blockquote>\n<p>\u201cMake ke kanaka, kau i luna o ka lele, Make ka pua\u02bba, kau i luna o ka lele, Make ka \u02bb\u012blio, ka moa, kau i luna o ka lele, Ka mai\u02bba, ka \u02bbawa, kau i luna o ka lele, Ka niu, ka i\u02bba \u02bbula, kau i luna o ka lele.&#8221;<\/p>\n<\/blockquote>\n<p>\u02bbO k\u0113ia mau mea a pau loa, he kau wale n\u014d i luna o ka lele na ke akua. \u02bbA\u02bbole au i \u02bbike i ka p\u014dmaika\u02bbi a ke akua ia\u02bbu. In\u0101 paha he h\u0101nai i kekahi kanaka, in\u0101 ua ola n\u0101 iwi.\u201d<\/p>\n<p>Ma k\u0113ia mau \u02bb\u014dlelo ma\u02bbalea a \u02bbAukelenuia\u02bb\u012bk\u016b, ua loa\u02bba mai i\u0101 ia ka p\u014dmaika\u02bbi a me ka pono. A ua pakele \u02bbo ia i ka make a N\u0101makaokaha\u02bbi.<\/p>\n<p>I ka lohe \u02bbana o ua po\u02bbe kaikun\u0101ne nei o N\u0101makaokaha\u02bbi i k\u0113ia mau \u02bb\u014dlelo ma\u02bbalea a \u02bbAukelenuia\u02bb\u012bk\u016b, \u02bb\u014dlelo maila l\u0101kou, \u201cI k\u0113ia l\u0101 e \u02bbike ai \u02bboe i ka pono a ke akua, a e uku \u02bbia ai k\u0101u m\u0101lama \u02bbana, a e ho\u02bbi ai kou mau lilo a pau loa.\u201d<\/p>\n<\/div>\n<\/div>\n<\/div>\n<\/div>\n<\/div>\n<\/div>\n<\/div>\n\n","protected":false},"excerpt":{"rendered":"","protected":false},"author":1,"featured_media":0,"parent":65,"menu_order":0,"comment_status":"closed","ping_status":"closed","template":"","meta":[],"_links":{"self":[{"href":"https:\/\/ehooululahui.maui.hawaii.edu\/index.php?rest_route=\/wp\/v2\/pages\/575"}],"collection":[{"href":"https:\/\/ehooululahui.maui.hawaii.edu\/index.php?rest_route=\/wp\/v2\/pages"}],"about":[{"href":"https:\/\/ehooululahui.maui.hawaii.edu\/index.php?rest_route=\/wp\/v2\/types\/page"}],"author":[{"embeddable":true,"href":"https:\/\/ehooululahui.maui.hawaii.edu\/index.php?rest_route=\/wp\/v2\/users\/1"}],"replies":[{"embeddable":true,"href":"https:\/\/ehooululahui.maui.hawaii.edu\/index.php?rest_route=%2Fwp%2Fv2%2Fcomments&post=575"}],"version-history":[{"count":2,"href":"https:\/\/ehooululahui.maui.hawaii.edu\/index.php?rest_route=\/wp\/v2\/pages\/575\/revisions"}],"predecessor-version":[{"id":577,"href":"https:\/\/ehooululahui.maui.hawaii.edu\/index.php?rest_route=\/wp\/v2\/pages\/575\/revisions\/577"}],"up":[{"embeddable":true,"href":"https:\/\/ehooululahui.maui.hawaii.edu\/index.php?rest_route=\/wp\/v2\/pages\/65"}],"wp:attachment":[{"href":"https:\/\/ehooululahui.maui.hawaii.edu\/index.php?rest_route=%2Fwp%2Fv2%2Fmedia&parent=575"}],"curies":[{"name":"wp","href":"https:\/\/api.w.org\/{rel}","templated":true}]}}