{"id":580,"date":"2018-12-21T11:09:12","date_gmt":"2018-12-21T21:09:12","guid":{"rendered":"http:\/\/ehooululahui.maui.hawaii.edu\/?page_id=580"},"modified":"2018-12-21T11:09:12","modified_gmt":"2018-12-21T21:09:12","slug":"%ca%bbaukelenuia%ca%bbiku-mokuna-%ca%bbewalu","status":"publish","type":"page","link":"https:\/\/ehooululahui.maui.hawaii.edu\/?page_id=580","title":{"rendered":"\u02bbAukelenuia\u02bb\u012bk\u016b: Mokuna \u02bbEwalu"},"content":{"rendered":"<style type=\"text\/css\"> \n#cmsmasters_row_69e7e09775638 { \n\tbackground-color:#f8ecc2;\n} \n\n#cmsmasters_row_69e7e09775638 .cmsmasters_row_outer_parent { \n\tpadding-top: 50px; \n} \n\n#cmsmasters_row_69e7e09775638 .cmsmasters_row_outer_parent { \n\tpadding-bottom: 50px; \n} \n\n \n#cmsmasters_divider_69e7e097758e0 { \n\tborder-bottom-width:1px; \n\tborder-bottom-style:solid; \n\tpadding-top:5px; \n\tmargin-bottom:30px; \n\tborder-bottom-color:rgba(0,0,0,0.5);\n} \n<\/style><div id=\"cmsmasters_row_69e7e09775638\" class=\"cmsmasters_row cmsmasters_color_scheme_default cmsmasters_row_top_default cmsmasters_row_bot_default cmsmasters_row_boxed\">\n<div class=\"cmsmasters_row_outer_parent\">\n<div class=\"cmsmasters_row_outer\">\n<div class=\"cmsmasters_row_inner\">\n<div class=\"cmsmasters_row_margin\">\n<div class=\"cmsmasters_column one_first\">\n<div class=\"custom_html\">\n<iframe width=\"100%\" height=\"20\" scrolling=\"no\" frameborder=\"no\" allow=\"autoplay\" src=\"https:\/\/w.soundcloud.com\/player\/?url=https%3A\/\/api.soundcloud.com\/tracks\/436205010&color=%23ff5500&inverse=false&auto_play=false&show_user=false\"><\/iframe>\n<\/div>\n\n<div id=\"cmsmasters_divider_69e7e097758e0\" class=\"cmsmasters_divider cmsmasters_divider_width_long cmsmasters_divider_pos_center\"><\/div>\n<div class=\"cmsmasters_text\">\n<p>Ua pa\u02bbap\u016b ka m\u0101lamalama o ka l\u0101 i n\u0101 \u02bb\u0113heu o Halulu. A pau k\u0101 \u02bbAukelenuia\u02bb\u012bk\u016b n\u0101n\u0101 \u02bbana i luna, l\u0101lau akula ia i ka pahu o kona akua, o Lonoikouali\u02bbi. I\u0101 ia e l\u0101lau ana a pa\u02bba aku ka lima i ka pahu, i ia w\u0101, loa\u02bba ke po\u02bbo o \u02bbAukelenuia\u02bb\u012bk\u016b i\u0101 Halulu, a komo i kona waha, a lawe \u02bbia akula i luna o ka pali. Aia ho\u02bbi ma ka pali he ana, kahi o ua manu nei, o Halulu e noho ai. Lawe \u02bbia akula \u02bbo \u02bbAukelenuia\u02bb\u012bk\u016b a laila, ho\u02bbonoho. Aia ma loko o ke ana \u02bbeh\u0101 kanaka e noho ana, he mea\u02bbai n\u014d na ua manu l\u0101. I\u0101 \u02bbAukelenuia\u02bb\u012bk\u016b i hiki ai i laila, aloha maila l\u0101kou, a minamina loa maila i\u0101 \u02bbAukelenuia\u02bb\u012bk\u016b no ka make i ka manu, i\u0101 Halulu.<\/p>\n<p>I\u0101 l\u0101kou e kama\u02bbilio ana, n\u012bnau aku \u02bbo \u02bbAukelenuia\u02bb\u012bk\u016b, \u201cHe aha k\u0101 \u02bboukou e kama\u02bbilio nei?\u201d \u201cE minamina ana m\u0101kou i\u0101 \u02bboe, i ko kanaka maika\u02bbi, i ka pau i ka \u02bbai \u02bbia e ka manu.\u201d N\u012bnau aku \u02bbo \u02bbAukelenuia\u02bb\u012bk\u016b i ua po\u02bbe k\u0101naka ala, \u201cPehea e ki\u02bbi mai ai ua manu l\u0101?\u201d \u201c \u02bbO ka \u02bb\u0113heu \u02bb\u0101kau mua e ki\u02bbi mai ai, pau \u02bbelua kanaka i ka \u02bbai \u02bbia. A hala ia, iho mai ka \u02bb\u0113heu hema, a loa\u02bba \u02bbelua kanaka, iho mai ka nuku ma hope.\u201d<\/p>\n<p>N\u012bnau hou aku \u02bbo \u02bbAukelenuia\u02bb\u012bk\u016b, \u201c \u02bbO wai n\u0101 k\u0101naka o \u02bboukou e ki\u02bbi \u02bb\u0113 \u02bbia mai ana?\u201d \u201c \u02bbO m\u0101ua.\u201d P\u0113l\u0101 ka \u02bb\u014dlelo a ia mau k\u0101naka. \u201cHe hohonu n\u014d anei ke ana i loko lilo?\u201d \u201c \u02bbAe, he hohonu n\u014d.\u201d \u02bb\u012a aku \u02bbo \u02bbAukelenuia\u02bb\u012bk\u016b, \u201cE ne\u02bbe loa \u02bbolua, a loko lilo, noho mai. Na ka \u02bb\u0113heu ia e k\u012bko\u02bbo aku, a laila, \u02bbo\u02bboki au ma ka puka nei. \u02bbO k\u0101 l\u0101ua nei, \u02bbo ka ho\u02bb\u0101 i ke ahi.\u201d<\/p>\n<p>I\u0101 l\u0101kou e kama\u02bbilio ana no n\u0101 mea e pili ana i ka make o ua manu nei, komo ana ka \u02bb\u0113heu \u02bb\u0101kau o ua manu nei. Kokolo akula a loa\u02bba ua mau k\u0101naka nei i loko lilo o ke ana. \u02bb\u016ami\u02bbi maila ka \u02bb\u0113heu a pa\u02bba ua mau k\u0101naka nei. A m\u0101kaukau ka \u02bb\u0113heu e lawe mai i\u0101 l\u0101ua, k\u0101hea mai l\u0101ua i\u0101 \u02bbAukelenuia\u02bb\u012bk\u016b, \u201cEia m\u0101ua i luna o ka \u02bb\u0113heu kahi i kau ai.\u201d A lohe \u02bbo \u02bbAukelenuia\u02bb\u012bk\u016b, wehe a\u02bbela ia i ka pahu, l\u0101lau ihola i ke ko\u02bbi, a \u02bbo\u02bboki ihola i ka \u02bb\u0113heu o ua manu nei, a moku ihola. A moku ka \u02bb\u0113heu \u02bb\u0101kau, iho maila ka \u02bb\u0113heu hema. \u02bbO\u02bboki ihola n\u014d \u02bbo \u02bbAukelenuia\u02bb\u012bk\u016b. Moku, kiola n\u014d k\u0113ia mau k\u0101naka i loko o ke ahi. Ma hope o ka moku \u02bbana o n\u0101 \u02bb\u0113heu, iho maila ka nuku, \u02bbo\u02bboki aku ana \u02bbo \u02bbAukelenuia\u02bb\u012bk\u016b. Ka\u02bbawale ke po\u02bbo me ke kino.<\/p>\n<p>A make ua manu nei \u02bbo Halulu, huhuki a\u02bbela ia i n\u0101 hulu ma ke po\u02bbo o ua manu l\u0101, a kiola maila i lalo. \u02bbO k\u0113ia hulu i huhuki \u02bbia e \u02bbAukelenuia\u02bb\u012bk\u016b, lele maila ia a ma ke alo o N\u0101makaokaha\u02bbi, \u02bbike ihola ia, \u02bbo n\u0101 hulu i ke po\u02bbo o ka manu, o Halulu.<\/p>\n<p>Ma \u02bbane\u02bbi, e kama\u02bbilio \u02bbu\u02bbuku k\u0101kou no ka manu a me N\u0101makaokaha\u02bbi i ko l\u0101ua pili \u02bbana ma ke kumu. He kaikun\u0101ne \u02bbo Halulu Manu no N\u0101makaokaha\u02bbi, ke ali\u02bbi wahine o ka \u02bb\u0101ina o Kal\u0101ke\u02bbenuiak\u0101ne. A \u02bbike \u02bbo N\u0101makaokaha\u02bbi ua make \u02bbo Halulu, kona kaikun\u0101ne, k\u0101hea akula ia i kona mau kaikun\u0101ne, i\u0101 K\u0101nemoe, L\u0113\u02bb\u0101pua, Kahaum\u0101na, K\u0101ne\u02bb\u0101pua. \u02bb\u012a aku \u02bbo N\u0101makaokaha\u02bbi i\u0101 l\u0101kou, \u201cEia \u02bbo Hinawaik\u014dli\u02bbi, n\u0101 hulu i ka lae o Halulu, ua make, ua pepehi \u02bbia.\u201d A lohe n\u0101 kaikun\u0101ne, \u02bb\u014dlelo akula i\u0101 N\u0101makaokaha\u02bbi, \u201cUa pono n\u014d ia ke make, no ka mea, he hana\u02bbino k\u0101na, he \u02bbai i ke kanaka.\u201d<\/p>\n<p>Ma k\u0113ia make \u02bbana o ua manu nei i\u0101 \u02bbAukelenuia\u02bb\u012bk\u016b, \u02bboki\u02bboki ihola l\u0101kou i ka \u02bbi\u02bbo a k\u014d\u02bbala akula i luna o ke ahi, a \u02bbai ihola l\u0101kou. Ma hope o laila, \u02bbimi ihola l\u0101kou i alanui e ho\u02bbi ai i lalo nei. Ak\u0101, e noho ana i ia w\u0101, ko Halulu lua, he manu n\u014d \u02bbo K\u012bwaha ka inoa. H\u0101\u02bbawi maila ia i\u0101 \u02bbAukelenuia\u02bb\u012bk\u016b i alanui; \u02bbo ia ke \u0101nuenue po\u02bbomuku. \u02bbEkolu \u02bbano; he lenalena, he \u02bbula, he \u02bb\u014dma\u02bboma\u02bbo. A ma laila l\u0101kou i ho\u02bbi ai a hiki i lalo.<\/p>\n<p>Ma k\u0113ia mau hana a pau a \u02bbAukelenuia\u02bb\u012bk\u016b, ua mahalo n\u0101 k\u0101naka \u02bbeh\u0101 i\u0101 ia, no kona m\u0101lama \u02bbana i\u0101 l\u0101kou i loko o ka make a me ke alanui kahi o l\u0101kou i ho\u02bbi ai i lalo. A ua aloha l\u0101kou i\u0101 ia.<\/p>\n<p>A hiki \u02bbo \u02bbAukelenuia\u02bb\u012bk\u016b i lalo me n\u0101 k\u0101naka, lawe a\u02bbela \u02bbo K\u012bwaha i ke alanui \u0101nuenue i ka pali. Ma hope o laila, n\u012bnau aku \u02bbo \u02bbAukelenuia\u02bb\u012bk\u016b i n\u0101 k\u0101naka, \u201cHe aha k\u0101 \u02bboukou mau mea \u02bbono?\u201d \u02bb\u012a mai l\u0101kou, \u201cHe k\u014d ka\u02bbu, he \u02bbuala ka\u02bbu, he mai\u02bba ka\u02bbu, he kalo ka\u02bbu.\u201d \u02bb\u014clelo aku \u02bbo \u02bbAukelenuia\u02bb\u012bk\u016b i\u0101 l\u0101kou, \u201cHe kapu ke k\u014d na ku\u02bbu keiki, in\u0101 e \u02bbai, \u02bbo kona manawa ia e make ai. P\u0113l\u0101 ka \u02bbuala, ka mai\u02bba, ke kalo. No laila, mai noho \u02bboukou a l\u0101lau i k\u0113ia mau mea a pau loa, ke hele k\u0101kou ma ke alanui o make \u02bboukou.\u201d A pau ke a\u02bbo \u02bbana o \u02bbAukelenuia\u02bb\u012bk\u016b i\u0101 l\u0101kou, a laila, hele akula l\u0101kou. Ma k\u0113ia hele \u02bbana, \u02bba\u02bbole l\u0101kou i m\u0101lama i n\u0101 \u02bb\u014dlelo a \u02bbAukelenuia\u02bb\u012bk\u016b. \u02bbO ke kanaka puni k\u014d, l\u0101lau akula ia i ka puna o ke k\u014d, a make ihola ia. P\u0113l\u0101 l\u0101kou a pau loa \u02bbeh\u0101. Ua make l\u0101kou ma muli o k\u0101 l\u0101kou mau mea i \u02bbono ai, a papale i n\u0101 \u02bb\u014dlelo a\u02bbo a \u02bbAukelenuia\u02bb\u012bk\u016b.<\/p>\n<p>A pau l\u0101kou i ka lilo i ka make, koe ihola \u02bbo \u02bbAukelenuia\u02bb\u012bk\u016b. Ho\u02bbi akula ia a hiki i ka hale. \u02bbIke maila ka wahine me n\u0101 kaiko\u02bbeke, u\u0113 maila, a h\u0101l\u0101wai a\u02bbela l\u0101kou me ka \u02bbolu\u02bbolu aloha. Ma hope o k\u0113ia h\u0101l\u0101wai \u02bbana, noho p\u016b ihola l\u0101ua, he k\u0101ne a he wahine. Ma k\u0113ia noho \u02bbana, ua uhi \u02bbia ko l\u0101ua mau mana\u02bbo i ke aloha a me ka mana\u02bbo. A hala ka w\u0101 l\u014d\u02bbihi o k\u0113ia noho \u02bbana, ua uhi \u02bbia ka mana\u02bbo o ke ali\u02bbi no k\u0101na k\u0101ne, a ua pau kona mana\u02bbo ma luna o \u02bbAukelenuia\u02bb\u012bk\u016b. No laila, h\u0101\u02bbawi maila \u02bbo N\u0101makaokaha\u02bbi, k\u0101na wahine, i ke ea o ka \u02bb\u0101ina a me n\u0101 mea a pau loa i loko o ko \u02bbAukelenuia\u02bb\u012bk\u016b lima a me kona mau kino \u02bbano akua kekahi.<\/p>\n<p>I kekahi l\u0101, komo akula \u02bbo \u02bbAukelenuia\u02bb\u012bk\u016b i loko o ka hale e \u02bbai ai. I\u0101 ia e \u02bbai ana, wehe mal\u016b a\u02bbela \u02bbo N\u0101makaokaha\u02bbi i ka pahu o ke akua o \u02bbAukelenuia\u02bb\u012bk\u016b, a n\u0101n\u0101 i loko. E waiho ana ke ko\u02bbi a me ka pahi i loko. L\u0101lau ihola ia ma ka \u02bboi o ke ko\u02bbi a hamo ihola. Moku a\u02bbela ka lima, a kahe ke koko. No laila, pane ihola \u02bbo N\u0101makaokaha\u02bbi, \u201cKupanaha! He mea maika\u02bbi n\u014d k\u0101 ho\u02bbi k\u0101 ku\u02bbu k\u0101ne e h\u016bn\u0101 nei!\u201d A pau kona n\u0101n\u0101 \u02bbana, h\u016bn\u0101 ihola ia. A pau ka \u02bbai \u02bbana o \u02bbAukelenuia\u02bb\u012bk\u016b, ho\u02bbi maila ia a noho. Ho\u02bbomaoe akula \u02bbo N\u0101makaokaha\u02bbi i\u0101 ia, \u201c \u02bbE\u0101! He aha k\u0101u mau mea maika\u02bbi o ka hele \u02bbana mai?\u201d L\u0101lau ihola \u02bbo \u02bbAukelenuia\u02bb\u012bk\u016b i ka pahu a wehe a\u02bbela. L\u0101lau ihola i ke ko\u02bbi a me ka pahi, a h\u0101\u02bbawi akula i\u0101 N\u0101makaokaha\u02bbi me ka \u02bb\u014dlelo aku, \u201c \u02bbO k\u0113ia mau mea \u02bbelua n\u0101 mea maika\u02bbi a\u02bbu i lawe mai ai mai ka \u02bb\u0101ina \u02bbo Kuaihelani mai. A \u02bbo ia mau mea \u02bbelua a me ku\u02bbu akua, \u02bbakolu mea maika\u02bbi loa.\u201d A lohe \u02bbo N\u0101makaokaha\u02bbi i k\u0113ia mau \u02bb\u014dlelo a \u02bbAukelenuia\u02bb\u012bk\u016b, \u02bb\u014dlelo akula ia i k\u0101na k\u0101ne, \u201c \u02bb\u0112! \u02bbO k\u0101u mea maika\u02bbi, \u02bbo ka\u02bbu mea maika\u02bbi. Ho\u02bboili na k\u0101 k\u0101ua keiki!\u201d<\/p>\n<p>Ma k\u0113ia wahi aku, e \u02bbike k\u0101kou i ka mana o N\u0101makaokaha\u02bbi a me kona make \u02bbole i nei mea \u02bboi \u02bbo ke ko\u02bbi, a e maopopo n\u014d auane\u02bbi i\u0101 k\u0101kou he \u02bbano akua n\u014d kona.<\/p>\n<p>A pau ko l\u0101ua kama\u02bbilio \u02bbana no ke ko\u02bbi a me ka pahi, \u02bb\u014dlelo aku \u02bbo N\u0101makaokaha\u02bbi i k\u0101na k\u0101ne, i\u0101 \u02bbAukelenuia\u02bb\u012bk\u016b, \u201cE \u02bboki mai \u02bboe ia\u02bbu i ke ko\u02bbi.\u201d \u02bb\u012a aku \u02bbo \u02bbAukelenuia\u02bb\u012bk\u016b, \u201cKupanaha \u02bboe! \u02bbO \u02bboe n\u014d ku\u02bbu wahine pono\u02bb\u012b, a pehea l\u0101 au e \u02bbo\u02bboki aku ai i\u0101 \u02bboe a make iho? E aho i ke kanaka \u02bb\u0113 au e \u02bbo\u02bboki ai i ke ko\u02bbi a moku, a i \u02bbole ia, he hoa hakak\u0101, \u02bba\u02bbole \u02bbo \u02bboe, \u02bbo ko\u02bbu \u02bbi\u02bbo pono\u02bb\u012b.\u201d \u02bb\u012a mai ka wahine, \u201cK\u0101h\u0101h\u0101! E h\u0101\u02bbawi ho\u02bbi paha auane\u02bbi \u02bboe i ke ko\u02bbi i\u0101 ha\u02bbi, lilo ho\u02bbi ka mea maika\u02bbi a k\u0101 k\u0101ua keiki. No laila, e ho\u02bb\u0101\u02bbo mai n\u014d \u02bboe ia\u02bbu.\u201d A no ko N\u0101makaokaha\u02bbi pa\u02bbakik\u012b loa, \u02bbae aku k\u0101na k\u0101ne. Ma k\u0113ia \u02bbae \u02bbana o k\u0101na k\u0101ne, ua lilo ia i mea \u02bbolu\u02bbolu<\/p>\n<p>loa i\u0101 N\u0101makaokaha\u02bbi. Ma hope o k\u0113ia \u02bbae \u02bbana o \u02bbAukelenuia\u02bb\u012bk\u016b e \u02bbo\u02bboki aku i\u0101 N\u0101makaokaha\u02bbi i ke ko\u02bbi, ho\u02bbolei loa akula n\u0101 w\u0101wae o N\u0101makaokaha\u02bbi a pololei. \u02bbO\u02bboki ihola \u02bbo \u02bbAukelenuia\u02bb\u012bk\u016b i ke ko\u02bbi.<\/p>\n<\/div>\n<\/div>\n<\/div>\n<\/div>\n<\/div>\n<\/div>\n<\/div>\n\n","protected":false},"excerpt":{"rendered":"","protected":false},"author":1,"featured_media":0,"parent":65,"menu_order":0,"comment_status":"closed","ping_status":"closed","template":"","meta":[],"_links":{"self":[{"href":"https:\/\/ehooululahui.maui.hawaii.edu\/index.php?rest_route=\/wp\/v2\/pages\/580"}],"collection":[{"href":"https:\/\/ehooululahui.maui.hawaii.edu\/index.php?rest_route=\/wp\/v2\/pages"}],"about":[{"href":"https:\/\/ehooululahui.maui.hawaii.edu\/index.php?rest_route=\/wp\/v2\/types\/page"}],"author":[{"embeddable":true,"href":"https:\/\/ehooululahui.maui.hawaii.edu\/index.php?rest_route=\/wp\/v2\/users\/1"}],"replies":[{"embeddable":true,"href":"https:\/\/ehooululahui.maui.hawaii.edu\/index.php?rest_route=%2Fwp%2Fv2%2Fcomments&post=580"}],"version-history":[{"count":1,"href":"https:\/\/ehooululahui.maui.hawaii.edu\/index.php?rest_route=\/wp\/v2\/pages\/580\/revisions"}],"predecessor-version":[{"id":581,"href":"https:\/\/ehooululahui.maui.hawaii.edu\/index.php?rest_route=\/wp\/v2\/pages\/580\/revisions\/581"}],"up":[{"embeddable":true,"href":"https:\/\/ehooululahui.maui.hawaii.edu\/index.php?rest_route=\/wp\/v2\/pages\/65"}],"wp:attachment":[{"href":"https:\/\/ehooululahui.maui.hawaii.edu\/index.php?rest_route=%2Fwp%2Fv2%2Fmedia&parent=580"}],"curies":[{"name":"wp","href":"https:\/\/api.w.org\/{rel}","templated":true}]}}