{"id":582,"date":"2018-12-21T11:13:32","date_gmt":"2018-12-21T21:13:32","guid":{"rendered":"http:\/\/ehooululahui.maui.hawaii.edu\/?page_id=582"},"modified":"2018-12-21T11:13:32","modified_gmt":"2018-12-21T21:13:32","slug":"%ca%bbaukelenuia%ca%bbiku-mokuna-%ca%bbeiwa","status":"publish","type":"page","link":"https:\/\/ehooululahui.maui.hawaii.edu\/?page_id=582","title":{"rendered":"\u02bbAukelenuia\u02bb\u012bk\u016b: Mokuna \u02bbEiwa"},"content":{"rendered":"<style type=\"text\/css\"> \n#cmsmasters_row_69fb9709431f7 { \n\tbackground-color:#f8ecc2;\n} \n\n#cmsmasters_row_69fb9709431f7 .cmsmasters_row_outer_parent { \n\tpadding-top: 50px; \n} \n\n#cmsmasters_row_69fb9709431f7 .cmsmasters_row_outer_parent { \n\tpadding-bottom: 50px; \n} \n\n \n#cmsmasters_divider_69fb97094362d { \n\tborder-bottom-width:1px; \n\tborder-bottom-style:solid; \n\tpadding-top:5px; \n\tmargin-bottom:30px; \n\tborder-bottom-color:rgba(0,0,0,0.5);\n} \n<\/style><div id=\"cmsmasters_row_69fb9709431f7\" class=\"cmsmasters_row cmsmasters_color_scheme_default cmsmasters_row_top_default cmsmasters_row_bot_default cmsmasters_row_boxed\">\n<div class=\"cmsmasters_row_outer_parent\">\n<div class=\"cmsmasters_row_outer\">\n<div class=\"cmsmasters_row_inner\">\n<div class=\"cmsmasters_row_margin\">\n<div class=\"cmsmasters_column one_first\">\n<div class=\"custom_html\">\n<iframe width=\"100%\" height=\"20\" scrolling=\"no\" frameborder=\"no\" allow=\"autoplay\" src=\"https:\/\/w.soundcloud.com\/player\/?url=https%3A\/\/api.soundcloud.com\/tracks\/436205007&color=%23ff5500&inverse=false&auto_play=false&show_user=false\"><\/iframe>\n<\/div>\n\n<div id=\"cmsmasters_divider_69fb97094362d\" class=\"cmsmasters_divider cmsmasters_divider_width_long cmsmasters_divider_pos_center\"><\/div>\n<div class=\"cmsmasters_text\">\n<p>Ua \u02bb\u014dlelo \u02bbia ma ka mokuna mua iho o k\u0113ia mo\u02bbolelo, \u02bbo ke ko\u02bbi a me ka pahi k\u0101 \u02bbAukelenuia\u02bb\u012bk\u016b mau waiwai. A ma k\u0113ia k\u0101kau \u02bbana e \u02bb\u014dlelo \u02bbia ana ke \u02bboki \u02bbana o \u02bbAukelenuia\u02bb\u012bk\u016b i k\u0101na wahine i ke ko\u02bbi. I\u0101 \u02bbAukelenuia\u02bb\u012bk\u016b i \u02bbo\u02bboki ai i\u0101 N\u0101makaokaha\u02bbi i ke ko\u02bbi, moku a\u02bbela kona mau w\u0101wae a ka\u02bbawale loa. A ma k\u0113ia moku \u02bbana o kona mau w\u0101wae, he mea le\u02bbale\u02bba ihola ia i ko N\u0101makaokaha\u02bbi mana\u02bbo. \u02bb\u012a aku \u02bbo N\u0101makaokaha\u02bbi i\u0101 \u02bbAukelenuia\u02bb\u012bk\u016b, \u201c \u02bb\u016a! \u02bbAkahi k\u0101 ka mea maika\u02bbi nui wale \u0101u. E \u02bboki hou mai ana \u02bboe.\u201d A lohe \u02bbo \u02bbAukelenuia\u02bb\u012bk\u016b, \u02bbo\u02bboki akula ia i ke ko\u02bbi, a moku n\u0101 \u02bbolo\u02bbolo w\u0101wae. P\u0113l\u0101 n\u014d k\u0101 \u02bbAukelenuia\u02bb\u012bk\u016b \u02bbo\u02bboki \u02bbana a hiki i ke po\u02bbo. Ma hope o k\u0113ia \u02bboki\u02bboki \u02bbana, ua ka\u02bbawale loa k\u0113l\u0101 wahi k\u0113ia wahi o ke kino o N\u0101makaokaha\u02bbi. Ak\u0101, \u02bba\u02bbole na\u02bbe he pau o ka \u02bb\u014dlelo ma kona waha.<\/p>\n<p>A pau loa ke kino o N\u0101makaokaha\u02bbi i ka moku i ke ko\u02bbi a \u02bbAukelenuia\u02bb\u012bk\u016b, n\u012bnau a\u02bbela ke po\u02bbo o N\u0101makaokaha\u02bbi i\u0101 \u02bbAukelenuia\u02bb\u012bk\u016b, \u201c \u02bbE\u0101! Pau a\u02bbela k\u0101u mea maika\u02bbi, e ke k\u0101ne?\u201d \u201c \u02bbAe, ua pau loa a\u02bbela. No ka mea, a moku k\u0113ia mea he kanaka, he make kona hope.\u201d Ma hope o k\u0113ia \u02bb\u014dlelo a \u02bbAukelenuia\u02bb\u012bk\u016b, pane mai \u02bbo N\u0101makaokaha\u02bbi, \u201c \u02bbAe, pau a\u02bbela k\u0101u mea maika\u02bbi, \u02bbo ka\u02bbu mea maika\u02bbi koe.\u201d Ma k\u0113ia \u02bb\u014dlelo a N\u0101makaokaha\u02bbi, ho\u02bbi a\u02bbela kona kino a hui ma kahi mua. P\u0113l\u0101 n\u0101 wahi a pau loa i ka\u02bbawale, a ola a\u02bbela ia e like me ma mua.<\/p>\n<p>K\u0101hea akula ia i kona mau kaikuan\u0101ne \u02bbeh\u0101, \u02bbo ia \u02bbo K\u0101ne\u02bb\u0101pua, K\u0101nemoe, L\u0113\u02bb\u0101pua, Kahaum\u0101na. A hiki maila n\u0101 kaikun\u0101ne i mua o ko l\u0101kou kaikuahine, \u02bbo N\u0101makaokaha\u02bbi, \u02bb\u012b akula ia, \u201cE aha l\u0101 au, e pali paha au?\u201d \u02bbAe akula n\u0101 kaikun\u0101ne, \u201c \u02bbAe, e pali \u02bboe.\u201d I ia w\u0101, k\u016b ana ua pali, lele koa\u02bbe, laumania, nanao, nihinihi. Hamo a\u02bbela \u02bbo \u02bbAukelenuia\u02bb\u012bk\u016b me ka maka\u02bbu a me ka hopohopo. A laila, \u02bb\u014d\u02bbili a\u02bbela \u02bbo N\u0101makaokaha\u02bbi a k\u016b ana ma luna o ka w\u0113lau o ka pali. A n\u0101n\u0101 iho i ke k\u0101ne me ka n\u012bnau iho, \u201cE aha ana \u02bboe?\u201d \u02bb\u012a aku ke k\u0101ne, \u201cE mahalo iho ana au. \u02bbO k\u0101u mea maika\u02bbi, \u02bbo ka\u02bbu mea maika\u02bbi. Na k\u0101 k\u0101ua keiki ia.\u201d Ma k\u0113ia \u02bb\u014dlelo a \u02bbAukelenuia\u02bb\u012bk\u016b, he kanaaho wale a\u02bbe n\u014d, he maka\u02bbu kona e noho ana.<\/p>\n<p>I\u0101 N\u0101makaokaha\u02bbi e k\u016b ana i luna o ka pali, k\u0101hea ihola i n\u0101 kaikun\u0101ne ona \u02bbeh\u0101, \u201cE aha l\u0101 au, e kai paha?\u201d \u02bbAe aku n\u0101 kaikun\u0101ne, \u201c \u02bbAe, e kai \u02bboe.\u201d Lilo a\u02bbela ka \u02bb\u0101ina i kai. He nalu ma n\u0101 wahi a pau loa, \u02bba\u02bbohe wahi ka\u02bbawale i koe. A \u02bbo \u02bbAukelenuia\u02bb\u012bk\u016b, i loko o ka manawa e po\u02bbi nei ka nalu, \u02bb\u014d\u02bbili a\u02bbela \u02bbo N\u0101makaokaha\u02bbi, a n\u012bnau maila i ke k\u0101ne, \u201cE \u02bbAukelenuia\u02bb\u012bk\u016b, e aha ana \u02bboe?\u201d \u02bb\u012a aku ke k\u0101ne, \u201cE mahalo a\u02bbe ana au i k\u0113ia mea maika\u02bbi \u0101u.\u201d<\/p>\n<p>A ma hope o ke kai, ku\u02bbu ihola \u02bbo N\u0101makaokaha\u02bbi i ke kino ahi ona. Pau a\u02bbela ka \u02bb\u0101ina i ke ahi a puni, \u02bba\u02bbohe wahi i koe. A \u02bbo ke k\u0101ne ho\u02bbi \u02bbo \u02bbAukelenuia\u02bb\u012bk\u016b, aia i loko o ka lapalapa o ke ahi kahi i noho ai. A laila, n\u012bnau iho ka wahine, \u201cE aha ana \u02bboe e \u02bbAukelenuia\u02bb\u012bk\u016b?\u201d \u201cE mahalo a\u02bbe ana au i k\u0113ia mea maika\u02bbi \u0101u, \u02bbo ke ahi.\u201d<\/p>\n<p>\u02bbO k\u0113ia mau mea \u02bbekolu, \u02bbo ka pali, \u02bbo ke kai, \u02bbo ke ahi, he mau kino l\u0101kou no N\u0101makaokaha\u02bbi ma kona \u02bbano akua. Koe na\u02bbe ke kino lele ona, ua h\u0101\u02bbawi aku ia i k\u0101na k\u0101ne i ia mau mea a pau. A \u02bbo ke kino lele o N\u0101makaokaha\u02bbi, ua \u02bbau\u02bba ia i k\u0101na k\u0101ne. \u02bbA\u02bbole i h\u0101\u02bbawi aku, no kona mana\u02bbo, o lele auane\u02bbi, nele ia i ke k\u0101ne \u02bbole, no laila, \u02bbau\u02bba ia. Ak\u0101, \u02bbo n\u0101 kaikun\u0101ne ona, ua mana\u02bbo l\u0101kou e h\u014d\u02bbike mal\u016b i ko l\u0101kou kaiko\u02bbeke i ia kino.<\/p>\n<\/div>\n<\/div>\n<\/div>\n<\/div>\n<\/div>\n<\/div>\n<\/div>\n\n","protected":false},"excerpt":{"rendered":"","protected":false},"author":1,"featured_media":0,"parent":65,"menu_order":0,"comment_status":"closed","ping_status":"closed","template":"","meta":[],"_links":{"self":[{"href":"https:\/\/ehooululahui.maui.hawaii.edu\/index.php?rest_route=\/wp\/v2\/pages\/582"}],"collection":[{"href":"https:\/\/ehooululahui.maui.hawaii.edu\/index.php?rest_route=\/wp\/v2\/pages"}],"about":[{"href":"https:\/\/ehooululahui.maui.hawaii.edu\/index.php?rest_route=\/wp\/v2\/types\/page"}],"author":[{"embeddable":true,"href":"https:\/\/ehooululahui.maui.hawaii.edu\/index.php?rest_route=\/wp\/v2\/users\/1"}],"replies":[{"embeddable":true,"href":"https:\/\/ehooululahui.maui.hawaii.edu\/index.php?rest_route=%2Fwp%2Fv2%2Fcomments&post=582"}],"version-history":[{"count":1,"href":"https:\/\/ehooululahui.maui.hawaii.edu\/index.php?rest_route=\/wp\/v2\/pages\/582\/revisions"}],"predecessor-version":[{"id":583,"href":"https:\/\/ehooululahui.maui.hawaii.edu\/index.php?rest_route=\/wp\/v2\/pages\/582\/revisions\/583"}],"up":[{"embeddable":true,"href":"https:\/\/ehooululahui.maui.hawaii.edu\/index.php?rest_route=\/wp\/v2\/pages\/65"}],"wp:attachment":[{"href":"https:\/\/ehooululahui.maui.hawaii.edu\/index.php?rest_route=%2Fwp%2Fv2%2Fmedia&parent=582"}],"curies":[{"name":"wp","href":"https:\/\/api.w.org\/{rel}","templated":true}]}}