{"id":584,"date":"2018-12-21T11:16:07","date_gmt":"2018-12-21T21:16:07","guid":{"rendered":"http:\/\/ehooululahui.maui.hawaii.edu\/?page_id=584"},"modified":"2018-12-21T11:16:07","modified_gmt":"2018-12-21T21:16:07","slug":"%ca%bbaukelenuia%ca%bbiku-mokuna-%ca%bbumi","status":"publish","type":"page","link":"https:\/\/ehooululahui.maui.hawaii.edu\/?page_id=584","title":{"rendered":"\u02bbAukelenuia\u02bb\u012bk\u016b: Mokuna \u02bbUmi"},"content":{"rendered":"<style type=\"text\/css\"> \n#cmsmasters_row_6a075aa3f2ba5 { \n\tbackground-color:#f8ecc2;\n} \n\n#cmsmasters_row_6a075aa3f2ba5 .cmsmasters_row_outer_parent { \n\tpadding-top: 50px; \n} \n\n#cmsmasters_row_6a075aa3f2ba5 .cmsmasters_row_outer_parent { \n\tpadding-bottom: 50px; \n} \n\n \n#cmsmasters_divider_6a075aa3f2f43 { \n\tborder-bottom-width:1px; \n\tborder-bottom-style:solid; \n\tpadding-top:5px; \n\tmargin-bottom:30px; \n\tborder-bottom-color:rgba(0,0,0,0.5);\n} \n<\/style><div id=\"cmsmasters_row_6a075aa3f2ba5\" class=\"cmsmasters_row cmsmasters_color_scheme_default cmsmasters_row_top_default cmsmasters_row_bot_default cmsmasters_row_boxed\">\n<div class=\"cmsmasters_row_outer_parent\">\n<div class=\"cmsmasters_row_outer\">\n<div class=\"cmsmasters_row_inner\">\n<div class=\"cmsmasters_row_margin\">\n<div class=\"cmsmasters_column one_first\">\n<div class=\"custom_html\">\n<iframe width=\"100%\" height=\"20\" scrolling=\"no\" frameborder=\"no\" allow=\"autoplay\" src=\"https:\/\/w.soundcloud.com\/player\/?url=https%3A\/\/api.soundcloud.com\/tracks\/436205001&color=%23ff5500&inverse=false&auto_play=false&show_user=false\"><\/iframe>\n<\/div>\n\n<div id=\"cmsmasters_divider_6a075aa3f2f43\" class=\"cmsmasters_divider cmsmasters_divider_width_long cmsmasters_divider_pos_center\"><\/div>\n<div class=\"cmsmasters_text\">\n<p>Ma \u02bbane\u02bbi, e ho\u02bbolohe k\u0101kou i n\u0101 \u02bb\u014dlelo n\u012bnau a n\u0101 kaiko\u02bbeke o \u02bbAukelenuia\u02bb\u012bk\u016b \u02bbeh\u0101, a e n\u0101n\u0101 k\u0101kou i ko l\u0101kou aloha i ko l\u0101kou kaiko\u02bbeke. A e ho\u02bbomana\u02bbo iho i n\u0101 \u02bb\u014dlelo mua i hala, penei: \u201cI k\u0113ia l\u0101 e \u02bbike ai \u02bboe i ka pono o ke akua.\u201d N\u012bnau maila n\u0101 kaiko\u02bbeke o \u02bbAukelenuia\u02bb\u012bk\u016b, \u201c \u02bbE\u0101! Ua h\u0101\u02bbawi mai anei ko wahine i\u0101 \u02bboe i n\u0101 kino ona a pau loa?\u201d \u201c \u02bbAe.\u201d P\u0113l\u0101 \u02bbo \u02bbAukelenuia\u02bb\u012bk\u016b. \u201cN\u0101 kino hea ka mea a ko wahine i h\u0101\u02bbawi mai ai i\u0101 \u02bboe?\u201d \u201c \u02bbO ke kino pali, \u02bbo ke kino kai, \u02bbo ke kino ahi.\u201d \u02bb\u012a aku n\u0101 kaiko\u02bbeke, \u201c \u02bbA\u02bbole i pau loa maila n\u0101 kino o ko wahine. Koe akula ke kino lele i\u0101 \u02bboe.\u201d \u201c \u02bbAe, ua \u02bbau\u02bba ku\u02bbu wahine i ia mea, \u02bba\u02bbole i h\u0101\u02bbawi mai ia\u02bbu.\u201d \u02bb\u012a aku n\u0101 kaiko\u02bbeke, \u201cNo ka mana\u02bbo o ko wahine, o lele loa \u02bboe a nalowale, \u02bba\u02bbole e ho\u02bbi hou mai. No laila, \u02bbau\u02bba k\u0113l\u0101.\u201d Ma hope o k\u0113ia mau \u02bb\u014dlelo, \u02bb\u012b aku n\u0101 kaiko\u02bbeke, \u201cE a\u02bbo k\u0101kou i\u0101 \u02bboe i ke kino lele o ko wahine, i \u02bbike \u02bboe. Eia na\u02bbe, mai \u02bb\u014dlelo \u02bboe i ko wahine.\u201d<\/p>\n<p>I ka p\u014d, moe ihola \u02bbo N\u0101makaokaha\u02bbi i ko l\u0101ua wahi, \u02bbo \u02bbAukelenuia\u02bb\u012bk\u016b ho\u02bbi, a me n\u0101 kaiko\u02bbeke, he hale \u02bb\u0113 aku. A ma ia hale, ma laila l\u0101kou i a\u02bbo ai i\u0101 \u02bbAukelenuia\u02bb\u012bk\u016b i ka lele. \u02bb\u012a aku l\u0101kou i\u0101 \u02bbAukelenuia\u02bb\u012bk\u016b, \u201cE lele \u02bboe a luna o ka ipu, kau.\u201d Lele a\u02bbela \u02bbo \u02bbAukelenuia\u02bb\u012bk\u016b a kau ana i luna o ka ipu. \u201cE lele hou \u02bboe a kau i luna o ka lohelau o ka hale.\u201d Lele a\u02bbela n\u014d \u02bbo \u02bbAukelenuia\u02bb\u012bk\u016b a kau ana i luna o laila, a mai laila iho, h\u0101\u02bbule hou ana i lalo.<\/p>\n<p>Ma k\u0113ia h\u0101\u02bbule \u02bbana o \u02bbAukelenuia\u02bb\u012bk\u016b, ua lohe \u02bbo N\u0101makaokaha\u02bbi. Ala maila a kahi a n\u0101 kaikun\u0101ne e a\u02bbo ana i\u0101 \u02bbAukelenuia\u02bb\u012bk\u016b, n\u012bnau maila, \u201cE aha ana \u02bboukou?\u201d \u201cE ku\u02bbi ana m\u0101kou.\u201d \u201cPehea ia mea?\u201d \u201cPenei: \u02bbO K\u0101nemoe ma \u02bb\u014d mai e k\u016b ai, ku\u02bbi mai, a \u02bbo K\u0101ne\u02bb\u0101pua ma \u02bbane\u02bbi aku e ku\u02bbi ai. A hina iho nei \u02bbo K\u0101ne\u02bb\u0101pua, \u02bbo ia ka halulu \u0101u i lohe akula.\u201d A lohe \u02bbo N\u0101makaokaha\u02bbi, \u02bb\u012b maila, \u201c \u02bb\u016a! Eia n\u014d k\u0101 ho\u02bbi he mea maika\u02bbi aku n\u014d koe a ku\u02bbu k\u0101ne, \u02bbo ka h\u016bn\u0101 mai nei k\u0101 ia ia\u02bbu; \u02bba\u02bbohe ha\u02bbi mai. Hoeha\u02bba n\u014d ho\u02bbi \u02bboe e ke k\u0101ne l\u0101.\u201d<\/p>\n<p>Ma hope o laila, ho\u02bbi akula \u02bbo N\u0101makaokaha\u02bbi i ko l\u0101ua hale e moe ai. A ho\u02bbi k\u0113l\u0101, lele hou a\u02bbela \u02bbo \u02bbAukelenuia\u02bb\u012bk\u016b i luna o ka lohelau. \u02bbA\u02bbohe kau, h\u0101\u02bbule ihola i lalo, pah\u016b ana. Lohe hou \u02bbo N\u0101makaokaha\u02bbi i ka halulu. Hele maila ia a hiki, \u02bb\u014dlelo maila i n\u0101 kaikun\u0101ne, \u201cE o\u02bbu po\u02bbe kaikun\u0101ne, e a\u02bbo ana paha \u02bboukou i ku\u02bbu k\u0101ne i ka lele i luna?\u201d \u201c \u02bbA\u02bbole, e h\u0101k\u014dk\u014d ana m\u0101kou.\u201d \u201cPehea ia mea?\u201d \u201cPenei: Ma \u02bb\u014d mai kekahi, ma \u02bbane\u02bbi aku kekahi. \u02bbApo n\u0101 lima, a laila, kula\u02bbi. A \u02bbo ka mea e hina ana, \u02bbo ia ka halulu \u0101u e lohe l\u0101.\u201d<\/p>\n<p>Ma k\u0113ia mau \u02bb\u014dlelo, ho\u02bbi akula n\u014d \u02bbo N\u0101makaokaha\u02bbi, moe i ko l\u0101ua hale. Lele hou a\u02bbela \u02bbo \u02bbAukelenuia\u02bb\u012bk\u016b ma loko a\u02bbe o ka hale a h\u014d\u02bbea ma luna o kaupoku, a puka i waho o ka hale. Ma k\u0113ia puka \u02bbana, lele n\u014d \u02bbo \u02bbAukelenuia\u02bb\u012bk\u016b a nalowale i ka lewa ki\u02bbeki\u02bbe loa. \u02bbA\u02bbole hiki i n\u0101 kaiko\u02bbeke ke \u02bbike a\u02bbe. Ma hope o k\u0113ia lele \u02bbana, ho\u02bbi ihola \u02bbo \u02bbAukelenuia\u02bb\u012bk\u016b, a hiki i lalo. \u02bb\u012a aku n\u0101 kaiko\u02bbeke, \u201cUa \u02bbike \u02bboe i ka lele.\u201d A loa\u02bba ke kino lele i\u0101 \u02bbAukelenuia\u02bb\u012bk\u016b, \u02bba\u02bbohe mea i koe me k\u0101na wahine, me N\u0101makaokaha\u02bbi, ua pau loa i ke k\u0101ne.<\/p>\n<p>I\u0101 l\u0101ua e noho p\u016b ana, he k\u0101ne a he wahine, ua \u02bba\u02bbaki ke aloha me ka ho\u02bbopa\u02bba i ko l\u0101ua mau kino, a ua ak\u0101ka loa ka h\u0101pai keiki o k\u0101na wahine akua, o N\u0101makaokaha\u02bbi. Eia na\u02bbe, \u02bba\u02bbole i h\u0101nau, e h\u0101pai ana n\u014d i loko o ka \u02bb\u014dp\u016b. Ua kapa \u02bbo N\u0101makaokaha\u02bbi i ka inoa ke h\u0101nau a\u02bbe, \u02bbo Kauilanuimaka\u02bbehaikalani. \u02bbO ia k\u0113l\u0101 uila a k\u0101kou e \u02bbike nei i loko o ka w\u0101 ua. A \u02bbo k\u0101 \u02bbAukelenuia\u02bb\u012bk\u016b inoa ho\u02bbi i kapa iho ai no ua keiki nei, \u02bbo ka inoa o ke akua ona, \u02bbo Lonoikouali\u02bbi.<\/p>\n<p>A no ka nui loa o ko N\u0101makaokaha\u02bbi aloha i ke k\u0101ne, i\u0101 \u02bbAukelenuia\u02bb\u012bk\u016b, no laila, pili pa\u02bba loa l\u0101ua i ke kau a me ka ho\u02bboili, i ka l\u0101 a me ka ua, i ka w\u0101 w\u012b a me ka w\u0101 m\u0101\u02bbona, i ka p\u014d a me ke ao, i n\u0101 l\u0101 a pau loa. No laila, ua ho\u02bboili aku \u02bbo N\u0101makaokaha\u02bbi i kona waiwai a pau loa, mai luna a lalo, mai uka a kai, mai ka mea \u02bbu\u02bbuku a ka mea nui, mai loko a waho, ma luna o k\u0101na k\u0101ne.<\/p>\n<\/div>\n<\/div>\n<\/div>\n<\/div>\n<\/div>\n<\/div>\n<\/div>\n\n","protected":false},"excerpt":{"rendered":"","protected":false},"author":1,"featured_media":0,"parent":65,"menu_order":0,"comment_status":"closed","ping_status":"closed","template":"","meta":[],"_links":{"self":[{"href":"https:\/\/ehooululahui.maui.hawaii.edu\/index.php?rest_route=\/wp\/v2\/pages\/584"}],"collection":[{"href":"https:\/\/ehooululahui.maui.hawaii.edu\/index.php?rest_route=\/wp\/v2\/pages"}],"about":[{"href":"https:\/\/ehooululahui.maui.hawaii.edu\/index.php?rest_route=\/wp\/v2\/types\/page"}],"author":[{"embeddable":true,"href":"https:\/\/ehooululahui.maui.hawaii.edu\/index.php?rest_route=\/wp\/v2\/users\/1"}],"replies":[{"embeddable":true,"href":"https:\/\/ehooululahui.maui.hawaii.edu\/index.php?rest_route=%2Fwp%2Fv2%2Fcomments&post=584"}],"version-history":[{"count":2,"href":"https:\/\/ehooululahui.maui.hawaii.edu\/index.php?rest_route=\/wp\/v2\/pages\/584\/revisions"}],"predecessor-version":[{"id":586,"href":"https:\/\/ehooululahui.maui.hawaii.edu\/index.php?rest_route=\/wp\/v2\/pages\/584\/revisions\/586"}],"up":[{"embeddable":true,"href":"https:\/\/ehooululahui.maui.hawaii.edu\/index.php?rest_route=\/wp\/v2\/pages\/65"}],"wp:attachment":[{"href":"https:\/\/ehooululahui.maui.hawaii.edu\/index.php?rest_route=%2Fwp%2Fv2%2Fmedia&parent=584"}],"curies":[{"name":"wp","href":"https:\/\/api.w.org\/{rel}","templated":true}]}}