{"id":593,"date":"2018-12-21T11:53:25","date_gmt":"2018-12-21T21:53:25","guid":{"rendered":"http:\/\/ehooululahui.maui.hawaii.edu\/?page_id=593"},"modified":"2018-12-21T11:53:25","modified_gmt":"2018-12-21T21:53:25","slug":"%ca%bbaukelenuia%ca%bbiku-mokuna-%ca%bbumi-kumaha","status":"publish","type":"page","link":"https:\/\/ehooululahui.maui.hawaii.edu\/?page_id=593","title":{"rendered":"\u02bbAukelenuia\u02bb\u012bk\u016b: Mokuna \u02bbUmi K\u016bm\u0101h\u0101"},"content":{"rendered":"<style type=\"text\/css\"> \n#cmsmasters_row_69feeedf6f37f { \n\tbackground-color:#f8ecc2;\n} \n\n#cmsmasters_row_69feeedf6f37f .cmsmasters_row_outer_parent { \n\tpadding-top: 50px; \n} \n\n#cmsmasters_row_69feeedf6f37f .cmsmasters_row_outer_parent { \n\tpadding-bottom: 50px; \n} \n\n \n#cmsmasters_divider_69feeedf6f8ae { \n\tborder-bottom-width:1px; \n\tborder-bottom-style:solid; \n\tpadding-top:5px; \n\tmargin-bottom:30px; \n\tborder-bottom-color:rgba(0,0,0,0.5);\n} \n<\/style><div id=\"cmsmasters_row_69feeedf6f37f\" class=\"cmsmasters_row cmsmasters_color_scheme_default cmsmasters_row_top_default cmsmasters_row_bot_default cmsmasters_row_boxed\">\n<div class=\"cmsmasters_row_outer_parent\">\n<div class=\"cmsmasters_row_outer\">\n<div class=\"cmsmasters_row_inner\">\n<div class=\"cmsmasters_row_margin\">\n<div class=\"cmsmasters_column one_first\">\n<div class=\"custom_html\">\n<iframe width=\"100%\" height=\"20\" scrolling=\"no\" frameborder=\"no\" allow=\"autoplay\" src=\"https:\/\/w.soundcloud.com\/player\/?url=https%3A\/\/api.soundcloud.com\/tracks\/436204974&color=%23ff5500&inverse=false&auto_play=false&show_user=false\"><\/iframe>\n<\/div>\n\n<div id=\"cmsmasters_divider_69feeedf6f8ae\" class=\"cmsmasters_divider cmsmasters_divider_width_long cmsmasters_divider_pos_center\"><\/div>\n<div class=\"cmsmasters_text\">\n<p>A hiki \u02bbo \u02bbAukelenuia\u02bb\u012bk\u016b i ka moana i make ai ke keiki me n\u0101 kaikua\u02bbana, nini ihola ia i ka wai ola i loko o ke kai a kokoke e pau ka wai, he hapalua ke koe. I\u0101 \u02bbAukelenuia\u02bb\u012bk\u016b e nini ana, \u02bbike akula \u02bbo N\u0101makaokaha\u02bbi i ke k\u0101ne e nini ana i luna o ke kai, \u02bba\u02bbole na\u02bbe he ola o ke keiki a me n\u0101 kaikua\u02bbana. K\u0101hea akula ka wahine, \u201cE \u02bbAukelenuia\u02bb\u012bk\u016b \u0113, ho\u02bbi mai.\u201d A hiki maila \u02bbo \u02bbAukelenuia\u02bb\u012bk\u016b, \u02bb\u014dlelo aku ka wahine, \u201cHala\u02bbo\u02bba \u02bboe, e ke k\u0101ne.\u201d Ke \u02bbano o ia, maha\u02bboi \u02bboe e ke k\u0101ne.<\/p>\n<p>Wahi a ka wahine, \u201cKain\u014d \u02bbo ka \u02bbimi k\u0101u a loa\u02bba. Na\u02bbu e hana aku, a laila, ola ko keiki me ou kaikua\u02bbana. \u02bbA\u02bbole k\u0101! \u02bbO ka ho\u02bbi mai n\u014d k\u0101u a hana na\u02bbaup\u014d e pau loa akula ka wai, \u02bba\u02bbole e ola ko keiki a me ou kaikua\u02bbana.\u201d<\/p>\n<p>Eia ka mea hou, i\u0101 \u02bbAukelenuia\u012bk\u016b i hiki ai ma ka hale, a launa me ka mea aloha he wahine, ma hope o laila, h\u0101nau k\u0101 l\u0101ua keiki \u02bbo ia \u02bbo Kauilanuimaka\u02bbehai kalani. \u02bbElua \u02bbano o ke keiki, he \u02bbano akua, a he \u02bbano kanaka. Ma ke kua o ua keiki l\u0101, he p\u014dhaku mai luna o ke po\u02bbo a lalo o n\u0101 w\u0101wae. A ma ke alo ho\u02bbi, he kanaka mai luna a lalo o ke kino.<\/p>\n<p>\u02bb\u012a aku \u02bbo N\u0101makaokaha\u02bbi i ke k\u0101ne, \u201cH\u014d mai na\u02bbu e ho\u02bb\u014dla ko keiki a me ou mau kaikua\u02bbana.\u201d \u02bbAe maila \u02bbo \u02bbAukelenuia\u02bb\u012bk\u016b. Holo akula l\u0101kou a ka moana i make nui ai, lana ihola l\u0101kou i laila. \u02bb\u014clelo aku ka wahine i ke k\u0101ne, \u201cE ninini iho \u02bboe i ka wai ola a ka poho o ko lima, na\u02bbu ia e l\u0101lau a k\u0101p\u012b aku i luna o ke kai.\u201d Ma hope o k\u0113ia \u02bb\u014dlelo, ho\u02bbok\u014d ihola \u02bbo \u02bbAukelenuia\u02bb\u012bk\u016b. L\u0101lau akula \u02bbo N\u0101makaokaha\u02bbi me ka manamana o kona lima a k\u0101p\u012b a\u02bbela. A pau ke k\u0101p\u012b \u02bbana, ho\u02bbi maila l\u0101kou me ka n\u0101n\u0101 \u02bbole i hope a pae i uka, a laila, huli akula l\u0101kou a n\u0101n\u0101 i hope. Aia ho\u02bbi e k\u016b mai ana ka wa\u02bba i ia manawa, a e pi\u02bbi ana n\u0101 k\u0101naka i luna o ke kia, e lawelawe ana i ke kaula a me n\u0101 pe\u02bba.<\/p>\n<p>Ma hope na\u02bbe o ka pae \u02bbana o \u02bbAukelenuia\u02bb\u012bk\u016b m\u0101 i uka, \u02bb\u014dlelo aku \u02bbo \u02bbAukelenuia\u02bb\u012bk\u016b i k\u0101 l\u0101ua keiki pono\u02bb\u012b me N\u0101makaokaha\u02bbi, \u02bbo ia \u02bbo Kauilanuima ka\u02bbehaikalani, \u201c \u02bb\u0112! I pae mai ou makuak\u0101ne me ko kaikua\u02bbana, a i hakak\u0101 \u02bbolua \u02bbe\u0101, mai \u02bb\u014dlelo \u02bbino \u02bboe. No ka mea, he keiki leo kapu, he keiki punahele, pane ka leo, make ke kanaka, kau i ka lele. No ka mea, \u02bbo o\u02bbu kaikua\u02bbana l\u0101, he manene wale ke lohe i n\u0101 \u02bb\u014dlelo pono \u02bbole. No laila, e noho m\u0101lie loa \u02bboe, mai pane iki. \u02bbO ka noho \u02bbolu\u02bbolu ko \u02bbolua pono. P\u0113l\u0101 ho\u02bbi m\u0101kou, ko \u02bbolua mau m\u0101kua.\u201d Ma k\u0113ia mau \u02bb\u014dlelo a ka makuak\u0101ne, he \u02bbae wale n\u014d k\u0101 ke keiki.<\/p>\n<p>I\u0101 \u02bbAukelenuia\u02bb\u012bk\u016b e \u02bb\u014dlelo ana no ke keiki, pae maila n\u0101 kaikua\u02bbana a me ke keiki i uka o ka \u02bb\u0101ina. U\u0113 ihola l\u0101kou a pau me ke aloha, ho\u02bbi akula a ka hale, noho ihola. Mai ka make \u02bbana a ke ola hou \u02bbana, \u02bbekolu makahiki ka l\u014d\u02bbihi.<\/p>\n<p>Ma hope o ko l\u0101kou hui \u02bbana, h\u0101\u02bbawi aku \u02bbo \u02bbAukelenuia\u02bb\u012bk\u016b i ka \u02bb\u0101ina a pau i n\u0101 kaikua\u02bbana. Eia ka lua, \u02bbo ka wahine \u02bbo N\u0101makaokaha\u02bbi, h\u0101\u02bbawi akula ia i kona mau kaikua\u02bbana, \u02bbo l\u0101kou ka mea mana ma luna o ka wahine. Me l\u0101kou ka moe \u02bbana, ka hele \u02bbana, ka noho \u02bbana. Penei ke \u02bbano o ka wahine i n\u0101 kaikua\u02bbana: ho\u02bbokahi p\u014d, ho\u02bbokahi ao, e moe ai me kekahi kaikua\u02bbana. P\u0113l\u0101 a pau like l\u0101kou. Ak\u0101, \u02bbo ko l\u0101kou mua loa, \u02bbo ia \u02bbo Kekamakahinuia\u02bb\u012bk\u016b, ke kaikua\u02bbana huh\u016b o \u02bbAukelenuia\u02bb\u012bk\u016b, \u02bbelua ona p\u014d, \u02bbelua ao e moe ai me ka wahine a l\u0101kou, a laila pau.<\/p>\n<p>Mai ka ho\u02bbomaka \u02bbana o k\u0113ia mo\u02bbolelo e m\u0101lama \u02bbia a hiki i k\u0113ia l\u0101, \u02bbo wai l\u0101 ka mea like me ka mea hala \u02bbole, me \u02bbAukelenuia\u02bb\u012bk\u016b, ka h\u0101\u02bbawi wale aku i kona p\u016bn\u0101wai momona no ha\u02bbi? \u02bbA\u02bbole he mea like.<\/p>\n<p>Ma loko o k\u0113ia mau \u02bb\u014dlelo h\u0101\u02bbawi a \u02bbAukelenuia\u02bb\u012bk\u016b i ka \u02bb\u0101ina a me ka wahine, \u02bba\u02bbohe ona kuleana pono i koe. Ua lilo ia i kuewa ho\u02bbopili wale. I\u0101 ia e noho ha\u02bbaha\u02bba ana, ho\u02bbokahi \u0101na hana; he k\u0101m\u0101koi ma n\u0101 lae kahakai i n\u0101 manawa a pau loa, a ua lilo loa ia i mea m\u0101kaukau i ia hana. I\u0101 ia e hana mau ana i ke k\u0101m\u0101koi, ua h\u0101l\u0101wai mai \u02bbo Pele l\u0101ua \u02bbo Hi\u02bbiaka me ia. He mau kaikaina l\u0101ua no N\u0101makaokaha\u02bbi. I\u0101 l\u0101kou e h\u0101l\u0101wai ana ma kahi o \u02bbAukelenuia\u02bb\u012bk\u016b e k\u0101m\u0101koi ana, ua h\u014d\u02bbaluaalu loa \u02bbia ko \u02bbAukelenuia\u02bb\u012bk\u016b mana\u02bbo e ko l\u0101ua mau helehelena kino, \u02bbo ia \u02bbo Pele a me Hi\u02bbiaka. A he mea poina \u02bbole i ko \u02bbAukelenuia\u02bb\u012bk\u016b mana\u02bbo ko Pele helehelena a me ko Hi\u02bbiaka. Ua lilo ia mea he mea hana\u02bbino i ka mana\u02bbo, a he mea hia\u02bb\u0101 loa i ka noho \u02bbana ma ka hale.<\/p>\n<p>Ma ka \u02bb\u014dlelo mua a k\u0101kou i \u02bb\u014dlelo a\u02bbe nei, ua lilo loa \u02bbo N\u0101makaokaha\u02bbi i n\u0101 kaikua\u02bbana, a ua nele \u02bbo \u02bbAukelenuia\u02bb\u012bk\u016b i ka wahine \u02bbole. Ak\u0101, \u02bbo ko N\u0101makaokaha\u02bbi mana\u02bbo, \u02bba\u02bbole i pau kona aloha i\u0101 \u02bbAukelenuia\u02bb\u012bk\u016b; e mau ana n\u014d e like me ma mua.<\/p>\n<p>I\u0101 \u02bbAukelenuia\u02bb\u012bk\u016b ma ka hale i ka p\u014d, \u02bba\u02bbole \u0101na mea \u02bb\u0113 a\u02bbe e mana\u02bbolana ai, a e no\u02bbono\u02bbo mau ai, \u02bbo n\u0101 mea palupalu mau wale n\u014d a k\u0113l\u0101 mau kaikamahine pu\u02bbu kuolo. No laila, ho\u02bbolalau k\u0101 \u02bbAukelenuia\u02bb\u012bk\u016b hana i ke aho, ka makau, ke k\u0101m\u0101koi, e hamo ai me ka lohi\u02bbau, a me ka \u02bbapa.<\/p>\n<p>Ma k\u0113ia mau hana a \u02bbAukelenuia\u02bb\u012bk\u016b, he mau hana ho\u02bbonalonalo i k\u0101na wahine, i\u0101 N\u0101makaokaha\u02bbi i \u02bbike \u02bbole \u02bbia mai kona mana\u02bbo h\u016bn\u0101 o loko. \u02bbEkolu l\u0101 o ko \u02bbAukelenuia\u02bb\u012bk\u016b hele \u02bbana i ka lawai\u02bba, a laila, komo maila ka no\u02bbono\u02bbo i k\u0101na wahine no k\u0113ia mau hana \u0101na. He mea mau i\u0101 ia ka hele \u02bbana e lawai\u02bba i ka w\u0101 kakahiaka nui o ka l\u0101, a hiki i ka w\u0101 p\u014d\u02bbele\u02bbele o ke ahiahi, ho\u02bbi mai. Ma k\u0113ia hele \u02bbana a \u02bbAukelenuia\u02bb\u012bk\u016b, ua poina i\u0101 ia ke kaula\u02bbi \u02bbana i k\u0101na aho, \u02bba\u02bbole i hana e like me ma mua ke kaula\u02bbi i ke aho a malo\u02bbo. A no ka malo\u02bbo \u02bbole o ke aho, ua lilo ia i mea na k\u0101na wahine e no\u02bbono\u02bbo ai. No k\u0113ia mea, ua lilo ia i mea kaumaha no \u02bbAukelenuia\u02bb\u012bk\u016b.<\/p>\n<p>A hala k\u0113ia l\u0101, hiki hou mai kekahi l\u0101, he mea mau n\u014d ko \u02bbAukelenuia\u02bb\u012bk\u016b iho \u02bbana i ka m\u0101koikoi i kai a hiki i ke ahiahi, ho\u02bbi akula me ka wahine. Ma mua a\u02bbe na\u02bbe o kona ho\u02bbi \u02bbana me ka wahine, hou ihola i ke aho a me ka makau i loko o ka wai, i mea e mana\u02bbo mai ai ka wahine i ka lawai\u02bba. A hiki \u02bbo \u02bbAukelenuia\u02bb\u012bk\u016b i ka hale, ho\u02bbokahi \u0101na hana; \u02bbo ka milika\u02bba i ke aho me ka makau. No kona hana mau i ia mea he milimili, \u02bb\u012b aku ka wahine, penei: \u201cAia n\u014d ho\u02bbi ka mili a ke k\u0101ne i ke aho, a he loa\u02bba ka i\u02bba e hele nei, ola l\u0101 ho\u02bbi ke kia\u02bbi hale. \u02bbO k\u0101u hana n\u014d ka milika\u02bba i ke aho me ka makau, \u02bba\u02bbole na\u02bbe he i\u02bba ke ho\u02bbi mai. Poh\u014d ka l\u0101 i\u0101 \u02bboe.\u201d \u02bb\u012a aku ke k\u0101ne, \u201cUa mana\u02bbo anei \u02bboe, e ka wahine, he mea hopuhopu wale ka i\u02bba o ka moana? O ki\u02bbi aku a lawe mai. Kain\u014d \u02bbo ke aho, ka makau, \u02bbo ko\u02bbu kuleana n\u014d ia. \u02bbA\u02bbohe \u02bbo ke ki\u02bbi aku a lawe mai. Aia i ko ka i\u02bba mana\u02bbo ka \u02bbai a\u02bbe i ka\u02bbu a me ka \u02bbole.\u201d A ma hope o k\u0113ia kama\u02bbilio, hele hou n\u014d \u02bbo \u02bbAukelenuia\u02bb\u012bk\u016b e lawai\u02bba a ahiahia p\u014d\u02bbele\u02bbele, ho\u02bbi maila. \u02bbElua n\u014d wahi i\u02bba, he mau wahi \u02bb\u0101lo\u02bbilo\u02bbi. \u02bb\u012a aku ka wahine, \u201cKupanaha \u02bboe! P\u014d ka l\u0101 ke hele, \u02bbo n\u0101 wahi i\u02bba ihola n\u014d ia.\u201d<\/p>\n<p>A hele hou \u02bbo \u02bbAukelenuia\u02bb\u012bk\u016b i ka lawai\u02bba, loa\u02bba hou i\u0101 ia ka \u02bb\u0101piki ma k\u0113ia hele \u02bbana. Ua pau loa kona kino i ke nahu \u02bbia. A \u02bbo kona \u02bb\u0101\u02bb\u012b, ua uwa\u02bbu \u02bbia a weluwelu. A ahiahi, ho\u02bbi maila me n\u0101 wahi i\u02bba \u02bbelua. A hiki i ka hale, n\u0101n\u0101 akula \u02bbo N\u0101makaokaha\u02bbi i ke kino a me ka \u02bb\u0101\u02bb\u012b; ua pau loa i ka uwa\u02bbu \u02bbia. \u02bb\u014clelo nanenane akula, \u201c \u02bbAe, \u02bbelua n\u014d i\u02bba nanahu o ke kai, he man\u014d, he puhi. E ke k\u0101ne, kupanaha ka pau o kou \u02bbili i ke nahu \u02bbia, a me kou \u02bb\u0101\u02bb\u012b i ka uwa\u02bbu \u02bbia. \u02bbA\u02bbole ho\u02bbi \u0101u man\u014d me ka puhi e ho\u02bbi mai nei.\u201d A laila, \u02bb\u014dlelo mai \u02bbo \u02bbAukelenuia\u02bb\u012bk\u016b me ka ma\u02bbalea loa, \u201cHe mea kupanaha. Ia\u02bbu i hiki ai i kai, hana ihola au i ka makau a pa\u02bba i ka maunu, ku\u02bbu akula i loko o ke kai. Ma k\u0113ia ku\u02bbu \u02bbana, ua mau i ke \u02bb\u0101ko\u02bbako\u02bba o lalo. E lu\u02bbu aku ana au a hiki i lalo. A ea i luna, \u02bba\u02bbole au i \u02bbeha i k\u0113ia lu\u02bbu \u02bbana. Ho\u02bbi au a luna, ku\u02bbu hou i ka makau, e mau hou iho ana. Ma k\u0113ia mau \u02bbana o ku\u02bbu makau, lu\u02bbu hou n\u014d au, \u02bbo ka lua ia. A ma hope, mau hou n\u014d; \u02bbo ke kolu ia o ka mau \u02bbana. Ma k\u0113ia lu\u02bbu \u02bbana, loa\u02bba mai ia\u02bbu ka \u02bbeha. Ia\u02bbu i ho\u02bbomaka ai e lu\u02bbu, e mio aku ana ke kai ia\u02bbu a hala i lalo loa. Loa\u02bba au i ke \u02bb\u0101ko\u02bbako\u02bba, kuolo \u02bbia ku\u02bbu kua a weluwelu. A pau ke kuolo \u02bbana, pi\u02bbi a\u02bbela au a komo i k\u0113ia halehale pupuhi. I laila, kuolo \u02bbia au e ka nalu i \u02bb\u014d a i \u02bbane\u02bbi a pau ku\u02bbu aho. In\u0101 \u02bbo au a he keiki no ka uka lae l\u0101\u02bbau, in\u0101 ua make. \u02bbA\u02bbole l\u0101 \u02bboe e \u02bbike i ko\u02bbu make \u02bbana. \u02bbEhia k\u0101 ho\u02bbi mea aloha \u02bbo ko k\u0101ua noho \u02bbana o ke ao.\u201d<\/p>\n<p>Ma k\u0113ia kama\u02bbilio \u02bbana, ua maopopo loa i n\u0101 kole maka palupalu a pau loa e n\u0101n\u0101 ana i k\u0113ia mo\u02bbolelo, he kalohe \u02bbi\u02bbo n\u014d \u02bbo \u02bbAukelenuia\u02bb\u012bk\u016b. A ua pili mai n\u014d ia hana mua i ka po\u02bbe o neia mau l\u0101 e ho\u02bboipoipo ana. A no laila, he hana n\u014d ia a ke keiki \u02bbAukelenuia\u02bb\u012bk\u016b e loa\u02bba ana i kona mau ho\u02bboilina o k\u0113ia mau l\u0101 hope nei. A ma \u02bbane\u02bbi n\u014d ho\u02bbi e \u02bbike ai k\u0101kou i ko ka wahine puni \u02bbole.<\/p>\n<\/div>\n<\/div>\n<\/div>\n<\/div>\n<\/div>\n<\/div>\n<\/div>\n\n","protected":false},"excerpt":{"rendered":"","protected":false},"author":1,"featured_media":0,"parent":65,"menu_order":0,"comment_status":"closed","ping_status":"closed","template":"","meta":[],"_links":{"self":[{"href":"https:\/\/ehooululahui.maui.hawaii.edu\/index.php?rest_route=\/wp\/v2\/pages\/593"}],"collection":[{"href":"https:\/\/ehooululahui.maui.hawaii.edu\/index.php?rest_route=\/wp\/v2\/pages"}],"about":[{"href":"https:\/\/ehooululahui.maui.hawaii.edu\/index.php?rest_route=\/wp\/v2\/types\/page"}],"author":[{"embeddable":true,"href":"https:\/\/ehooululahui.maui.hawaii.edu\/index.php?rest_route=\/wp\/v2\/users\/1"}],"replies":[{"embeddable":true,"href":"https:\/\/ehooululahui.maui.hawaii.edu\/index.php?rest_route=%2Fwp%2Fv2%2Fcomments&post=593"}],"version-history":[{"count":2,"href":"https:\/\/ehooululahui.maui.hawaii.edu\/index.php?rest_route=\/wp\/v2\/pages\/593\/revisions"}],"predecessor-version":[{"id":595,"href":"https:\/\/ehooululahui.maui.hawaii.edu\/index.php?rest_route=\/wp\/v2\/pages\/593\/revisions\/595"}],"up":[{"embeddable":true,"href":"https:\/\/ehooululahui.maui.hawaii.edu\/index.php?rest_route=\/wp\/v2\/pages\/65"}],"wp:attachment":[{"href":"https:\/\/ehooululahui.maui.hawaii.edu\/index.php?rest_route=%2Fwp%2Fv2%2Fmedia&parent=593"}],"curies":[{"name":"wp","href":"https:\/\/api.w.org\/{rel}","templated":true}]}}