{"id":598,"date":"2018-12-21T12:02:22","date_gmt":"2018-12-21T22:02:22","guid":{"rendered":"http:\/\/ehooululahui.maui.hawaii.edu\/?page_id=598"},"modified":"2018-12-21T12:02:22","modified_gmt":"2018-12-21T22:02:22","slug":"%ca%bbaukelenuia%ca%bbiku-mokuna-%ca%bbumi-kumaono","status":"publish","type":"page","link":"https:\/\/ehooululahui.maui.hawaii.edu\/?page_id=598","title":{"rendered":"\u02bbAukelenuia\u02bb\u012bk\u016b: Mokuna \u02bbUmi K\u016bm\u0101ono"},"content":{"rendered":"<style type=\"text\/css\"> \n#cmsmasters_row_69f37a87deb9b { \n\tbackground-color:#f8ecc2;\n} \n\n#cmsmasters_row_69f37a87deb9b .cmsmasters_row_outer_parent { \n\tpadding-top: 50px; \n} \n\n#cmsmasters_row_69f37a87deb9b .cmsmasters_row_outer_parent { \n\tpadding-bottom: 50px; \n} \n\n \n#cmsmasters_divider_69f37a87df08d { \n\tborder-bottom-width:1px; \n\tborder-bottom-style:solid; \n\tpadding-top:5px; \n\tmargin-bottom:30px; \n\tborder-bottom-color:rgba(0,0,0,0.5);\n} \n<\/style><div id=\"cmsmasters_row_69f37a87deb9b\" class=\"cmsmasters_row cmsmasters_color_scheme_default cmsmasters_row_top_default cmsmasters_row_bot_default cmsmasters_row_boxed\">\n<div class=\"cmsmasters_row_outer_parent\">\n<div class=\"cmsmasters_row_outer\">\n<div class=\"cmsmasters_row_inner\">\n<div class=\"cmsmasters_row_margin\">\n<div class=\"cmsmasters_column one_first\">\n<div class=\"custom_html\">\n<iframe width=\"100%\" height=\"20\" scrolling=\"no\" frameborder=\"no\" allow=\"autoplay\" src=\"https:\/\/w.soundcloud.com\/player\/?url=https%3A\/\/api.soundcloud.com\/tracks\/436204995&color=%23ff5500&inverse=false&auto_play=false&show_user=false\"><\/iframe>\n<\/div>\n\n<div id=\"cmsmasters_divider_69f37a87df08d\" class=\"cmsmasters_divider cmsmasters_divider_width_long cmsmasters_divider_pos_center\"><\/div>\n<div class=\"cmsmasters_text\">\n<p>Ma hope o ko N\u0101makaokaha\u02bbi \u02bbae \u02bbana i\u0101 \u02bbAukelenuia\u02bb\u012bk\u016b e holo i Kuaihelani, hele akula \u02bbo \u02bbAukelenuia\u02bb\u012bk\u016b e ha\u02bbi i n\u0101 kaiko\u02bbeke i kona hele. \u02bbO ia \u02bbo K\u0101nemoe, K\u0101ne\u02bb\u0101pua, L\u0113\u02bb\u0101pua, Kahaum\u0101na. \u02bb\u012a aku \u02bbo \u02bbAukelenuia\u02bb\u012bk\u016b i n\u0101 kaiko\u02bbeke, \u201cE hele ana au i ka \u02bb\u0101ina \u02bbo Kuaihelani e \u02bbike ai i n\u0101 m\u0101kua o k\u0101kou.\u201d A lohe n\u0101 kaiko\u02bbeke, \u02bbae maila. A \u02bbo K\u0101nemoe, \u02bbo ka mua loa, \u02bbo ia kai \u02bb\u014dlelo mai e holo p\u016b me \u02bbAukelenuia\u02bb\u012bk\u016b i Kuaihelani.<\/p>\n<p>E pono na\u02bbe e \u02bb\u014dlelo k\u0101kou no K\u0101nemoe ma mua, i \u02bbole \u02bboukou e ha\u02bboha\u02bbo, e ka po\u02bbe e heluhelu ana. Ua \u02bb\u014dlelo \u02bbia ma loko o k\u0113ia mo\u02bbolelo, ua hana \u02bbo K\u0101nemoe ma kona ma\u02bbalea. He mea maka\u02bbu loa ia i ko N\u0101makaokaha\u02bbi leo i kona mau kaikun\u0101ne. A no ka maka\u02bbu o K\u0101nemoe i\u0101 N\u0101makaokaha\u02bbi, no laila, no\u02bbono\u02bbo ihola ia penei: e hiki i\u0101 ia ke hana i kona \u02bbuhane i kino \u02bboko\u02bba, i pani nona e noho ai ma hope i ka w\u0101 e hea mai ai \u02bbo N\u0101makaokaha\u02bbi. No laila, ua hana \u02bbia ko K\u0101nemoe \u02bbuhane ma \u02bbane\u02bbi i kino maoli. No laila, e ho\u02bbolohe k\u0101kou i ka mo\u02bbolelo.<\/p>\n<p>Unuhi a\u02bbela \u02bbo K\u0101nemoe i kona \u02bbuhane, a noho ihola me he kino kanaka ala. K\u0101hea akula \u02bbo K\u0101nemoe e like me k\u0101 N\u0101makaokaha\u02bbi k\u0101hea \u02bbana, penei: \u201cK\u0101nemoe, K\u0101ne\u02bb\u0101pua, L\u0113\u02bb\u0101pua, Kahaum\u0101na.\u201d \u014c like maila l\u0101kou a pau loa, \u02bbo n\u0101 kino maoli \u02bbekolu, \u02bbo ke kino \u02bbuhane ho\u02bbokahi. Ua like n\u014d n\u0101 leo o l\u0101kou \u02bba\u02bbole na\u02bbe i ikaika loa. No laila, noho hou l\u0101ua ma muli o k\u0101 K\u0101nemoe \u02bb\u014dlelo, e \u02bb\u014dlelo ana, \u201cA ikaika ka leo o ka \u02bbuhane, a laila, holo k\u0101ua i Kuaihelani.\u201d<\/p>\n<p>A pau k\u0113ia mau mea i\u0101 l\u0101ua, holo akula l\u0101ua a noho i Kuaihelani. \u02bbElua p\u014d, \u02bbelua ao, hiki l\u0101ua i Kuaihelani. Ma ko l\u0101ua hiki \u02bbana i Kuaihelani, n\u0101n\u0101 akula l\u0101ua. \u02bbA\u02bbohe k\u016b mai o ka hale, \u02bba\u02bbohe kanaka m\u0101\u02bbalo mai, \u02bba\u02bbohe mea kani, \u02bba\u02bbohe maika\u02bbi o ka \u02bb\u0101ina; he n\u0101helehele wale n\u014d. A \u02bbike l\u0101ua i ke kanaka \u02bbole, iho akula l\u0101ua i lalo i ka lua o ka mo\u02bbo e noho ana, \u02bbo ia \u02bbo Kamo\u02bbo\u02bb\u012bnanea, k\u0113l\u0101 kupunawahine o \u02bbAukelenuia\u02bb\u012bk\u016b a k\u0101kou i \u02bb\u014dlelo mua ai ma ka ho\u02bbomaka \u02bbana o k\u0113ia mo\u02bbolelo.<\/p>\n<p>A hiki l\u0101ua i ka lua, k\u0101hea ihola \u02bbo \u02bbAukelenuia\u02bb\u012bk\u016b, \u201cE Kamo\u02bbo\u02bb\u012bnanea \u0113!\u201d \u02bbA\u02bbole he leo i \u02bb\u014dlelo mai, no laila, mana\u02bbo l\u0101ua ua make. \u02bbO ke kumu na\u02bbe o k\u0113ia lohe \u02bbole o Kamo\u02bbo\u02bb\u012bnanea, ua ho\u02bboku\u02bbi ke ko\u02bba o ka honua me ke ko\u02bba o kona lae. No laila, lohe \u02bbole i ka leo k\u0101hea o ka mo\u02bbopuna o \u02bbAukelenuia\u02bb\u012bk\u016b. I ia w\u0101, k\u016b a\u02bbela \u02bbo \u02bbAukelenuia\u02bb\u012bk\u016b a hehi ihola me kona ikaika loa i luna o ke ko\u02bba e pili ana i ka honua a me ka lae o kona kupunawahine, a ha\u02bbiha\u02bbi ihola, a waiho wale ke kino o ke kupunawahine o Kamo\u02bbo\u02bb\u012bnanea.<\/p>\n<p>A \u02bbike \u02bbia ke kino o Kamo\u02bbo\u02bb\u012bnanea, ua hele a w\u012bw\u012b, \u02bba\u02bbohe kino. K\u0101hea ihola \u02bbo \u02bbAukelenuia\u02bb\u012bk\u016b, \u201cE Kamo\u02bbo\u02bb\u012bnanea \u0113!\u201d<\/p>\n<p>\u014c a\u02bbela \u02bbo Kamo\u02bbo\u02bb\u012bnanea, \u201c\u014c.\u201d N\u0101n\u0101 a\u02bbela ia, \u02bbo k\u0101na mo\u02bbopuna \u02bbo \u02bbAukelenuia\u02bb\u012bk\u016b. Aloha a\u02bbela ia, \u201cE walina \u02bboe.\u201d<\/p>\n<p>\u02bb\u014clelo a\u02bbe ke kupunawahine, \u201cHe aha ka huaka\u02bbi i hiki mai ai?\u201d<\/p>\n<p>\u201cI ho\u02bbi mai e \u02bbike i\u0101 \u02bboukou.\u201d N\u012bnau hou aku \u02bbo \u02bbAukelenuia\u02bb\u012bk\u016b, \u201c \u02bbAuhea \u02bbo \u02bb\u012ak\u016b m\u0101?\u201d<\/p>\n<p>\u02bb\u012a mai \u02bbo Kamo\u02bbo\u02bb\u012bnanea, \u201cAia i Kaua\u02bbi kahi i noho ai. \u02bbO ke kumu o ka hele, \u02bbo ka na\u02bbau\u02bbau\u0101 i\u0101 \u02bboukou, i n\u0101 keiki, no ka pau loa i ka hele. I ka hiki \u02bbana aku nei o ko makuak\u0101ne, o \u02bb\u012ak\u016b, i Kaua\u02bbi, kaua ihola me ko Kaua\u02bbi ali\u02bbi, me K\u016bkoa\u02bbe. A lanakila \u02bbo \u02bb\u012ak\u016b, noho ihola ia he ali\u02bbi no Kaua\u02bbi. A ma hope o k\u0113ia noho \u02bbana, ua kaua hou l\u0101ua no ko kaikuahine, i ka wahine maika\u02bbi, a ua pio ko makuak\u0101ne, \u02bbo \u02bb\u012ak\u016b, i\u0101 M\u0101k\u016bkoa\u02bbe.\u201d<\/p>\n<p>\u02bbO ia ka pau \u02bbana o k\u0113ia mo\u02bbolelo.<\/p>\n<\/div>\n<\/div>\n<\/div>\n<\/div>\n<\/div>\n<\/div>\n<\/div>\n\n","protected":false},"excerpt":{"rendered":"","protected":false},"author":1,"featured_media":0,"parent":65,"menu_order":0,"comment_status":"closed","ping_status":"closed","template":"","meta":[],"_links":{"self":[{"href":"https:\/\/ehooululahui.maui.hawaii.edu\/index.php?rest_route=\/wp\/v2\/pages\/598"}],"collection":[{"href":"https:\/\/ehooululahui.maui.hawaii.edu\/index.php?rest_route=\/wp\/v2\/pages"}],"about":[{"href":"https:\/\/ehooululahui.maui.hawaii.edu\/index.php?rest_route=\/wp\/v2\/types\/page"}],"author":[{"embeddable":true,"href":"https:\/\/ehooululahui.maui.hawaii.edu\/index.php?rest_route=\/wp\/v2\/users\/1"}],"replies":[{"embeddable":true,"href":"https:\/\/ehooululahui.maui.hawaii.edu\/index.php?rest_route=%2Fwp%2Fv2%2Fcomments&post=598"}],"version-history":[{"count":1,"href":"https:\/\/ehooululahui.maui.hawaii.edu\/index.php?rest_route=\/wp\/v2\/pages\/598\/revisions"}],"predecessor-version":[{"id":599,"href":"https:\/\/ehooululahui.maui.hawaii.edu\/index.php?rest_route=\/wp\/v2\/pages\/598\/revisions\/599"}],"up":[{"embeddable":true,"href":"https:\/\/ehooululahui.maui.hawaii.edu\/index.php?rest_route=\/wp\/v2\/pages\/65"}],"wp:attachment":[{"href":"https:\/\/ehooululahui.maui.hawaii.edu\/index.php?rest_route=%2Fwp%2Fv2%2Fmedia&parent=598"}],"curies":[{"name":"wp","href":"https:\/\/api.w.org\/{rel}","templated":true}]}}