{"id":601,"date":"2018-12-21T14:00:15","date_gmt":"2018-12-22T00:00:15","guid":{"rendered":"http:\/\/ehooululahui.maui.hawaii.edu\/?page_id=601"},"modified":"2018-12-21T14:00:15","modified_gmt":"2018-12-22T00:00:15","slug":"lonoikamakahiki-mokuna-%ca%bbekahi","status":"publish","type":"page","link":"https:\/\/ehooululahui.maui.hawaii.edu\/?page_id=601","title":{"rendered":"Lonoikamakahiki: Mokuna \u02bbEkahi"},"content":{"rendered":"<style type=\"text\/css\"> \n#cmsmasters_row_69e87d0164c65 { \n\tbackground-color:#f8ecc2;\n} \n\n#cmsmasters_row_69e87d0164c65 .cmsmasters_row_outer_parent { \n\tpadding-top: 50px; \n} \n\n#cmsmasters_row_69e87d0164c65 .cmsmasters_row_outer_parent { \n\tpadding-bottom: 50px; \n} \n\n \n#cmsmasters_divider_69e87d0164efd { \n\tborder-bottom-width:1px; \n\tborder-bottom-style:solid; \n\tpadding-top:5px; \n\tmargin-bottom:30px; \n\tborder-bottom-color:rgba(0,0,0,0.5);\n} \n<\/style><div id=\"cmsmasters_row_69e87d0164c65\" class=\"cmsmasters_row cmsmasters_color_scheme_default cmsmasters_row_top_default cmsmasters_row_bot_default cmsmasters_row_boxed\">\n<div class=\"cmsmasters_row_outer_parent\">\n<div class=\"cmsmasters_row_outer\">\n<div class=\"cmsmasters_row_inner\">\n<div class=\"cmsmasters_row_margin\">\n<div class=\"cmsmasters_column one_first\">\n<div class=\"custom_html\">\n<iframe width=\"100%\" height=\"20\" scrolling=\"no\" frameborder=\"no\" allow=\"autoplay\" src=\"https:\/\/w.soundcloud.com\/player\/?url=https%3A\/\/api.soundcloud.com\/tracks\/483028560&color=%23ff5500&inverse=false&auto_play=false&show_user=false\"><\/iframe>\n<\/div>\n\n<div id=\"cmsmasters_divider_69e87d0164efd\" class=\"cmsmasters_divider cmsmasters_divider_width_long cmsmasters_divider_pos_center\"><\/div>\n<div class=\"cmsmasters_text\">\n<p style=\"text-align: center;\">KONA A\u02bbO \u02bbIA \u02bbANA I KA W\u0100 \u02bb\u014cPIOPIO<\/p>\n<p>He Ali\u02bbi nui \u02bbo Lonoikamakahiki no ka mokupuni \u02bbo Hawai\u02bbi ma hope iho o ko Keawenuia\u02bbumi make \u02bbana; he kanaonokumam\u0101h\u0101 hanauna mai\u0101 W\u0101kea mai. \u02bbO Keawenuia\u02bbumi kona makua k\u0101ne, a \u02bbo Kaih\u0101l\u0101wai kona makuahine; ma N\u0101po\u02bbopo\u02bbo kona wahi i h\u0101nau ai, a ma laila n\u014d \u02bbo ia i h\u0101nai \u02bbia ai a nui, e kona mau kahu, e H\u0101una l\u0101ua me Loli, a me k\u0101 l\u0101ua wahine \u02bbo Kohenemonemo.<\/p>\n<p>I ko Lonoikamakahiki w\u0101 \u02bb\u014dpiopio, \u02bboiai ua ho\u02bbomaka a\u02bbe kona no\u02bbono\u02bbo \u02bbana, i ia manawa n\u0101n\u0101 a\u02bbela \u02bbo Lonoikamakahiki, e kau ana n\u0101 mea le\u02bbale\u02bba a kona makua k\u0101ne he nui ma loko o ka hale ali\u02bbi. \u02bbIke a\u02bbela \u02bbo ia e kau ana n\u0101 ihe pahe\u02bbe. N\u0101n\u0101 l\u014d\u02bbihi a\u02bbela \u02bbo ia, a li\u02bbuli\u02bbu, a laila, n\u012bnau akula \u02bbo ia i kona mau kahu: \u201cHe aha k\u0113ia mau mea loloa e kau nei i luna o ka hale?\u201d<\/p>\n<p>\u02bb\u012a akula n\u0101 kahu: \u201cHe ihe pahe\u02bbe.\u201d<\/p>\n<p>N\u012bnau hou akula \u02bbo Lonoikamakahiki: \u201cHe aha kona waiwai?\u201d<\/p>\n<p>A laila ha\u02bbi akula n\u0101 kahu: \u201c \u02bbElua mau k\u0101naka e mana\u02bbo ana e le\u02bbale\u02bba pili waiwai, a laila hele l\u0101ua i ke kahua pahe\u02bbe. I ka hiki \u02bbana ma laila, a laila, \u02bb\u014dlelo ka pili a holo. In\u0101 he mau waiwai ka pili, a i\u02bbole, he mau \u02bb\u0101ina paha, a in\u0101 \u02bba\u02bbole i pili \u02bbia ma ia mau waiwai, a laila, \u02bbo ka pili n\u014d i n\u0101 iwi ka pili, a laila, pahe\u02bbe. In\u0101 he \u02bbumikumam\u0101lima ka \u02bbai (ka helu), a in\u0101 ua hiki \u02bb\u0113 aku kekahi i ka \u02bbai eo (i ka helu pau) a emi mai paha kona hoa pahe\u02bbe, a laila, \u02bbo ke eo a\u02bbela n\u014d ia. In\u0101 paha \u02bbo ka waiwai ke kumu pili, a laila, \u02bbo ke eo a\u02bbela n\u014d ia o ka waiwai. In\u0101 ua nui ka waiwai o ka pili \u02bbana, \u02bbekolu, \u02bbeh\u0101 hale e piha i ka waiwai. Ak\u0101, in\u0101 \u02bbo n\u0101 kino o l\u0101ua ka pili, a laila, \u02bbo ka make n\u014d o kekahi o l\u0101ua ka hope. \u02bbA\u02bbole na\u02bbe he pili nui \u02bbia o ia mea; aia n\u014d a k\u016b ka ho\u02bbopa\u02bbapa\u02bba ma waena o n\u0101 \u02bbao\u02bbao \u02bbelua, e h\u014d\u02bbole ana kekahi a me kekahi i n\u0101 akamai o l\u0101ua, a laila, pili kino \u02bbia. A \u02bbo ia l\u0101, p\u0113l\u0101 ihola ka waiwai o ia mea.\u201d<\/p>\n<p>A lohe \u02bbo Lonoikamakahiki i k\u0113ia mea, \u02bb\u014dlelo a\u02bbela \u02bbo ia: \u201c \u02bbA\u02bbole ona waiwai. Ho\u02bbokahi n\u014d hewa, \u02bbo ka pili \u02bbana i n\u0101 iwi, ke hiki mai i ka manawa e ho\u02bbopa\u02bbapa\u02bba ai n\u0101 mea pahe\u02bbe i ko l\u0101ua mau \u02bbike, no laila ka waiwai \u02bbole o ia mea.\u201d<\/p>\n<p>\u02bb\u012a akula n\u0101 kahu: \u201c \u02bbO ia ihola n\u014d ka waiwai o ia mea (pahe\u02bbe) i malama \u02bbia ai e kou makua k\u0101ne.\u201d<\/p>\n<p>I ia manawa, n\u0101n\u0101 hou a\u02bbela \u02bbo ia, a \u02bbike i ka \u02bboloh\u016b (\u02bbulu maika), n\u012bnau hou a\u02bbela \u02bbo ia: \u201cHe aha k\u0113l\u0101 mea?\u201d<\/p>\n<p>Ha\u02bbi akula n\u014d n\u0101 kahu: \u201cHe \u02bboloh\u016b.\u201d<\/p>\n<p>N\u012bnau aku \u02bbo Lonoikamakahiki: \u201cHe aha ho\u02bbi ka waiwai o ia mea?\u201d A laila ha\u02bbi akula n\u014d n\u0101 kahu e like me ka \u02bb\u014dlelo \u02bbana no ka ihe pahe\u02bbe. \u02bb\u012a hou aku \u02bbo Lonoikamakahiki: \u201cE kiola, \u02bba\u02bbole ona waiwai.\u201d<\/p>\n<p>N\u0101n\u0101 hou a\u02bbela n\u014d ua \u02bbo Lonoikamakahiki, a \u02bbike i ka pua ke\u02bba, n\u012bnau hou akula n\u014d i n\u0101 kahu: \u201cHe aha ho\u02bbi k\u0113l\u0101?\u201d<\/p>\n<p>Ha\u02bbi akula n\u0101 kahu: \u201cHe pua ke\u02bba.\u201d<\/p>\n<p>N\u012bnau hou n\u014d ua \u02bbo Lonoikamakahiki: \u201cA pehea ho\u02bbi k\u0101na hana?\u201d<\/p>\n<p>Ha\u02bbi akula n\u014d n\u0101 kahu: \u201cHe mea le\u02bbale\u02bba n\u014d ia. In\u0101 \u02bbelua a \u02bbekolu paha mau mea e ke\u02bba pua ana, a in\u0101 i lele k\u0101 kekahi a \u02bboi loa ma mua o kekahi mea, a laila, \u02bbo ke eo a\u02bbela n\u014d ia. A in\u0101 he pili ma ka waiwai, ua like n\u014d ka waiwai me ko ka pahe\u02bbe \u02bbana, ke nui n\u014d ho\u02bbi ka pili \u02bbana.\u201d<\/p>\n<p>\u02bb\u012a akula \u02bbo Lonoikamakahiki: \u201c \u02bbA\u02bbole ona waiwai, e pono ke ha\u02bbiha\u02bbi a kiola aku.\u201d<\/p>\n<p>N\u0101n\u0101 hou a\u02bbela n\u014d ua \u02bbo Lonoikamakahiki, a \u02bbike a\u02bbela i ka l\u0101\u02bbau p\u0101lau, n\u012bnau a\u02bbela: \u201cHe aha ho\u02bbi k\u0113l\u0101?\u201d<\/p>\n<p>\u02bb\u012a aku n\u0101 kahu: \u201cHe l\u0101\u02bbau p\u0101lau.\u201d<\/p>\n<p>N\u012bnau hou akula \u02bbo Lonoikamakahiki: \u201cHe aha k\u0101na hana?\u201d<\/p>\n<p>Ha\u02bbi akula n\u0101 kahu: \u201cHe mea pepehi aku i n\u0101 k\u0101naka in\u0101 paha he ho\u02bbouka kaua mai ko kekahi \u02bbao\u02bbao, a ho\u02bbouka aku ko kekahi \u02bbao\u02bbao, a laila, \u02bbo ka l\u0101\u02bbau p\u0101lau ka mea e luku aku ai. A in\u0101 e kaua aku me ua l\u0101\u02bbau p\u0101lau nei, a laila, he kanah\u0101 kanaka e make i ka l\u0101\u02bbau p\u0101lau ho\u02bbokahi, a in\u0101 n\u014d he nui aku, \u02bbo ia n\u014d.\u201d<\/p>\n<p>\u02bb\u012a akula ua \u02bbo Lonikamakahiki: \u201c \u02bbA\u02bbole n\u014d ona waiwai, ho\u02bbokahi ona waiwai, he ulu imu.\u201d<\/p>\n<p>N\u0101n\u0101 hou a\u02bbela n\u014d ua \u02bbo Lonoikamakahiki nei, e kau ana ka ihe kaua, n\u012bnau a\u02bbela: \u201cHe aha k\u0113l\u0101?\u201d<\/p>\n<p>\u02bb\u012a aku n\u0101 kahu: \u201cHe mea luku kanaka n\u014d. He mea luku aku i n\u0101 k\u0101naka ke kaua mai. In\u0101 i kahi \u02bb\u0113 e hou aku ai, k\u016b akula n\u014d ke kanaka. A in\u0101 he akamai mai kekahi \u02bbao\u02bbao i ka pale \u02bbana o ka ihe, a laila, \u02bba\u02bbole e k\u016b.\u201d<\/p>\n<p>\u02bb\u012a aku \u02bbo Lonoikamakahiki: \u201c \u02bbAe, he mea waiwai ia, ak\u0101, \u02bbo ka mea akamai i ka \u02bbalo ihe ke kanaka waiwai; no laila, he hana waiwai ia a ku\u02bbu makua k\u0101ne. No laila, in\u0101 eia n\u014d ku\u02bbu (kaula) piko ke waiho nei, a laila, e n\u012bki\u02bbi p\u016b i ku\u02bbu piko me ka p\u016b\u02bb\u0101 ihe a ku\u02bbu makua k\u0101ne.\u201d<\/p>\n<p>N\u0101n\u0101 hou a\u02bbela n\u014d \u02bbo Lonoikamakahiki, a \u02bbo ke kau a ke kaula ma\u02bba, n\u012bnau a\u02bbela: \u201cHe aha ka waiwai o k\u0113l\u0101 mau kaula e lewalewa mai nei?\u201d<\/p>\n<p>Ha\u02bbi akula n\u0101 kahu: \u201cHe ma\u02bba.\u201d<\/p>\n<p>N\u012bnau hou aku \u02bbo Lonoikamakahiki: \u201cHe aha ho\u02bbi kona waiwai?\u201d<\/p>\n<p>Ha\u02bbi akula n\u0101 kahu: \u201cE ho\u02bbokomo i ka p\u014dhaku ma ka puka o ka ma\u02bba. A laila, e pelu mai i n\u0101 piko \u02bbelua o ua ma\u02bba l\u0101, a e ho\u02bbopa\u02bba a\u02bbe i ka piko o n\u0101 kaula o ua ma\u02bba l\u0101 i ka poho o ka lima e m\u0101kaukau ana i ka hana. A laila, e wili a\u02bbe, a koali a\u02bbe, a e like me kona manawa i mana\u02bbo ai e ho\u02bbolele aku i ka p\u014dhaku, a laila, e ha\u02bbalele loa aku i kekahi piko o ka ma\u02bba, a laila, e lele aku ka p\u014dhaku. He kanah\u0101 a \u02bboi aku n\u0101 anana e lele ai. A in\u0101 i p\u0101 aku i ka p\u014dhaku, make loa kekahi kanaka. I hana \u02bbia n\u014d na\u02bbe no ke kaua.\u201d<\/p>\n<p>\u02bb\u012a akula \u02bbo Lonoikamakahiki: \u201c \u02bbAlua mea waiwai a ku\u02bbu makua k\u0101ne. N\u0101ki\u02bbi p\u016b \u02bbia aku me ka p\u016b\u02bb\u0101 ihe.\u201d P\u0113l\u0101 kona n\u012bnau \u02bbana i n\u0101 mea le\u02bbale\u02bba a pau a kona makua k\u0101ne. Ua h\u014d\u02bbole \u02bbia ka waiwai o n\u0101 mea a pau, a \u02bbelua wale n\u014d mau mea a Lonoikamakahiki i mahalo ai.<\/p>\n<p>I kekahi manawa a\u02bbe, hele akula n\u014d \u02bbo Lonoikamakahiki a ka hale i waiho ai n\u0101 mea le\u02bbale\u02bba, n\u0101n\u0101 a\u02bbela, e kau ana n\u014d n\u0101 mea \u0101na i \u02bb\u014dlelo ai i n\u0101 kahu, e ha\u02bbiha\u02bbi a kiola. No laila, ho\u02bbi akula \u02bbo ia a kona mau kahu, \u02bb\u014dlelo akula: \u201cKain\u014d, ua kiola \u02bbolua i n\u0101 mea a\u02bbu i \u02bb\u014dlelo aku ai i\u0101 \u02bbolua?\u201d<\/p>\n<p>\u02bb\u012a akula kona mau kahu: \u201c \u02bbA\u02bbole hiki i\u0101 m\u0101ua ke kiola i n\u0101 mea a ko makua k\u0101ne. Make mai paha m\u0101ua, no ka mea, \u02bbo ka l\u0101\u02bbau p\u0101lau a ko makua k\u0101ne, he l\u0101\u02bbau ha\u02bbi kanaka ia.\u201d A no ka pa\u02bbakik\u012b loa o Lonoikamakahiki, no laila, hele akula n\u0101 kahu, a ha\u02bbi akula i\u0101 Keawenuia\u02bbumi i k\u0113ia mau hana a k\u0101na keiki.<\/p>\n<p>I ia manawa, lohe a\u02bbela \u02bbo Keawenuia\u02bbumi, a laila, ha\u02bboha\u02bbo ihola \u02bbo ia i k\u0113ia hana kupanaha a k\u0101na keiki. No laila, hele akula \u02bbo ia e n\u012bnau maopopo i\u0101 Lonoikamakahiki i ke kumu o ko ke keiki mana\u02bbo \u02bbana p\u0113l\u0101. No laila i ka hiki \u02bbana aku o Keawenuia\u02bbumi i kahi i h\u0101nai \u02bbia ai e n\u0101 kahu, aia na\u02bbe ua \u02bbo Lonoikamakahiki i ka ho\u02bboholo wa\u02bba me kekahi mau kahu ona. A ho\u02bbi maila ua \u02bbo Lonoikamakahiki, e noho aku ana \u02bbo Keawenuia\u02bbumi. Hele maila ke keiki a noho ihola i luna o n\u0101 \u02bb\u016bh\u0101 o ka makua k\u0101ne. A laila, i mea e maopopo ai i\u0101 Keawenuia\u02bbumi ko Lonoikamakahiki mana\u02bbo, no laila, lawe a\u02bbela kona makua k\u0101ne i\u0101 ia i kahi i waiho ai n\u0101 mea le\u02bbale\u02bba. A hiki akula l\u0101ua, me n\u0101 kahu p\u016b ma ka hale i waiho ai n\u0101 mea le\u02bbale\u02bba, n\u012bnau akula \u02bbo Keawenuia\u02bbumi: \u201cHe aha kou mana\u02bbo no n\u0113ia mau mea (n\u0101 mea le\u02bbale\u02bba a me n\u0101 mea kaua) e kau nei?\u201d<\/p>\n<p>\u02bb\u012a a\u02bbela ke keiki (Lonoikamakahiki): \u201c \u02bbA\u02bbole he waiwai iki o k\u0113ia mau mea. Ua \u02bb\u014dlelo aku wau i\u0101 l\u0101ua ala [H\u0101una a me Loli] e kiola k\u0113ia mau mea a pau, a \u02bbo ka ihe kaua a me ka ma\u02bba n\u0101 mea waiwai.\u201d<\/p>\n<p>\u02bb\u012a akula \u02bbo Keawenuia\u02bbumi: \u201c \u02bbA\u02bbole p\u0113l\u0101 ko\u02bbu mana\u02bbo. Aia n\u014d a hiki i kou noho \u02bbai moku \u02bbana, a laila, n\u0101u n\u014d e kiola, ke \u02bbike akula \u02bboe, he mea waiwai \u02bbole k\u0113l\u0101.\u201d<\/p>\n<p>Ma ia hope mai, nalu wale ihola n\u014d \u02bbo Keawenuia\u02bbumi i ka hope o k\u0113ia keiki ke nui a\u02bbe. \u02bb\u012a ihola ka makua k\u0101ne: \u201cHe \u02bbane kipi wale aku n\u014d koe o k\u0113ia keiki ma kona noho \u02bbai \u02bb\u0101ina \u02bbana, a he aha l\u0101 ka hana a k\u0113ia ali\u02bbi ke kanaka makua aku?\u201d<\/p>\n<p>I kekahi manawa ma ia hope mai, komo a\u02bbela ua \u02bbo Lonoikamakahiki i loko o ka heiau me kona mau kahu, a \u02bbike akula i n\u0101 ki\u02bbi e k\u016b mai ana ma k\u016b\u02bbono o ka heiau. N\u012bnau akula i n\u0101 kahu: \u201c \u02bbO wai k\u0113l\u0101 mau k\u0101naka e k\u016b maila i loko o ka p\u0101?\u201d<\/p>\n<p>\u02bb\u012a akula n\u0101 m\u0101kua a me n\u0101 kahu: \u201c \u02bbA\u02bbole ia he kanaka, he akua ia o ko m\u0101kou mau m\u0101kua, n\u0101 k\u016bpuna ho\u02bbi ou.\u201d<\/p>\n<p>A lohe \u02bbo Lonoikamakahiki he Akua ia mau ki\u02bbi, a laila, p\u016bliki ikaika akula i n\u0101 m\u0101kua, no ka mea, ua maka\u02bbu \u02bbo Lonoikamakahiki, a no ka mea ho\u02bbi, ua lohe mua \u02bbo ia i ka ho\u02bbom\u0101ka\u02bbuka\u02bbu \u02bbia e n\u0101 hoa p\u0101\u02bbani ona. A no laila \u02bbo ia i p\u016bliki pa\u02bba ai i n\u0101 m\u0101kua, no kona mana\u02bbo o pau mai i ke Akua. No ka mea, ua \u02bb\u014dlelo \u02bbia e kona mau hoa kamali\u02bbi: \u201cE Lono \u0113! A pau. A pau i ke Akua lapu.\u201d<\/p>\n<p>A no ko Lonoikamakahiki p\u016bliki \u02bbana aku, \u02bb\u012b akula n\u0101 m\u0101kua: \u201cMai maka\u02bbu \u02bboe. \u02bbA\u02bbole ia he Akua lapu. He Akua ia nona k\u0113ia wahi.\u201d<\/p>\n<p>\u02bb\u012a aku \u02bbo Lonoikamakahiki i n\u0101 m\u0101kua: \u201cHe aha kona waiwai?\u201d<\/p>\n<p>\u02bb\u012a akula n\u0101 m\u0101kua: \u201cEia kona mea i m\u0101lama \u02bbia ai; in\u0101 he kaua a pio paha, a laila, ho\u02bbomanamana aku i ke Akua, a laila, na ua Akua l\u0101 e alaka\u02bbi i kahi e pakele ai. A in\u0101 he wa\u02bba kahuli ma ka moana, pule n\u014d i ke Akua, ola n\u014d. In\u0101 he kau w\u012b, a pule n\u014d i ke Akua, a laila, ea mai n\u014d ka \u02bbai. \u02bbO ia ka waiwai o ke Akua i m\u0101lama \u02bbia ai.\u201d<\/p>\n<p>\u02bb\u012a aku \u02bbo Lonoikamakahiki i\u0101 Keawenuia\u02bbumi: \u201c \u02bbAkolu wale n\u014d \u0101u mea waiwai i m\u0101lama ai; \u02bbo k\u0113ia mau mea \u0101u ka\u02bbu e m\u0101lama.\u201d<\/p>\n<p>Ma hope mai o ko Lonoikamakahiki mau l\u0101 \u02bb\u014dpiopio, ma ka ho\u02bbokanakamakua iki \u02bbana a\u02bbe, a\u02bbo a\u02bbela \u02bbo ia i ka \u02bbalo ihe a me ka \u02bb\u014d\u02bb\u014d ihe \u02bbana, a a\u02bbo a\u02bbela n\u014d ho\u02bbi \u02bbo ia i ke ku\u02bbi a me ka mokomoko. A akamai a\u02bbela \u02bbo ia ma ia mau hana. A i ka manawa i akamai ai, a laila, hailona akula n\u0101 kumu n\u0101na i a\u02bbo i k\u0113l\u0101 mau hana ma ka \u02bbailolo \u02bbana. A i ka \u02bbailolo \u02bbana, ua k\u016b k\u0101na mau hana a pau i ka pono me ke akamai. A \u02bbo ka hailona o ke ku\u02bbi ma ka lolo \u02bbana, \u02bbo ia ka lolo i \u02bbino. No laila \u02bb\u014dlelo akula ke kumu ku\u02bbi: \u201c \u02bbA\u02bbole \u02bboe e pono ke a\u02bbo i ke ku\u02bbi, no ka mea, ua k\u016b k\u0101u lolo i ka pono \u02bbole, a no laila, e pono ke ha\u02bbalele.\u201d No laila, ha\u02bbalele ihola \u02bbo Lonoikamakaiki i ke a\u02bbo \u02bbana i ke ku\u02bbi. Ak\u0101, ma ka mokomoko, \u02bbo ia ka \u02bboihana i \u02bboi ko Lonoikamakahiki \u02bbike a me ke akamai maoli.<\/p>\n<\/div>\n<\/div>\n<\/div>\n<\/div>\n<\/div>\n<\/div>\n<\/div>\n\n","protected":false},"excerpt":{"rendered":"","protected":false},"author":1,"featured_media":0,"parent":67,"menu_order":0,"comment_status":"closed","ping_status":"closed","template":"","meta":[],"_links":{"self":[{"href":"https:\/\/ehooululahui.maui.hawaii.edu\/index.php?rest_route=\/wp\/v2\/pages\/601"}],"collection":[{"href":"https:\/\/ehooululahui.maui.hawaii.edu\/index.php?rest_route=\/wp\/v2\/pages"}],"about":[{"href":"https:\/\/ehooululahui.maui.hawaii.edu\/index.php?rest_route=\/wp\/v2\/types\/page"}],"author":[{"embeddable":true,"href":"https:\/\/ehooululahui.maui.hawaii.edu\/index.php?rest_route=\/wp\/v2\/users\/1"}],"replies":[{"embeddable":true,"href":"https:\/\/ehooululahui.maui.hawaii.edu\/index.php?rest_route=%2Fwp%2Fv2%2Fcomments&post=601"}],"version-history":[{"count":2,"href":"https:\/\/ehooululahui.maui.hawaii.edu\/index.php?rest_route=\/wp\/v2\/pages\/601\/revisions"}],"predecessor-version":[{"id":603,"href":"https:\/\/ehooululahui.maui.hawaii.edu\/index.php?rest_route=\/wp\/v2\/pages\/601\/revisions\/603"}],"up":[{"embeddable":true,"href":"https:\/\/ehooululahui.maui.hawaii.edu\/index.php?rest_route=\/wp\/v2\/pages\/67"}],"wp:attachment":[{"href":"https:\/\/ehooululahui.maui.hawaii.edu\/index.php?rest_route=%2Fwp%2Fv2%2Fmedia&parent=601"}],"curies":[{"name":"wp","href":"https:\/\/api.w.org\/{rel}","templated":true}]}}