{"id":606,"date":"2018-12-21T14:13:43","date_gmt":"2018-12-22T00:13:43","guid":{"rendered":"http:\/\/ehooululahui.maui.hawaii.edu\/?page_id=606"},"modified":"2018-12-21T14:13:43","modified_gmt":"2018-12-22T00:13:43","slug":"lonoikamakahiki-mokuna-%ca%bbekolu","status":"publish","type":"page","link":"https:\/\/ehooululahui.maui.hawaii.edu\/?page_id=606","title":{"rendered":"Lonoikamakahiki: Mokuna \u02bbEkolu"},"content":{"rendered":"<style type=\"text\/css\"> \n#cmsmasters_row_69e7e0238577c { \n\tbackground-color:#f8ecc2;\n} \n\n#cmsmasters_row_69e7e0238577c .cmsmasters_row_outer_parent { \n\tpadding-top: 50px; \n} \n\n#cmsmasters_row_69e7e0238577c .cmsmasters_row_outer_parent { \n\tpadding-bottom: 50px; \n} \n\n \n#cmsmasters_divider_69e7e02385ff0 { \n\tborder-bottom-width:1px; \n\tborder-bottom-style:solid; \n\tpadding-top:5px; \n\tmargin-bottom:30px; \n\tborder-bottom-color:rgba(0,0,0,0.5);\n} \n<\/style><div id=\"cmsmasters_row_69e7e0238577c\" class=\"cmsmasters_row cmsmasters_color_scheme_default cmsmasters_row_top_default cmsmasters_row_bot_default cmsmasters_row_boxed\">\n<div class=\"cmsmasters_row_outer_parent\">\n<div class=\"cmsmasters_row_outer\">\n<div class=\"cmsmasters_row_inner\">\n<div class=\"cmsmasters_row_margin\">\n<div class=\"cmsmasters_column one_first\">\n<div class=\"custom_html\">\n<iframe width=\"100%\" height=\"20\" scrolling=\"no\" frameborder=\"no\" allow=\"autoplay\" src=\"https:\/\/w.soundcloud.com\/player\/?url=https%3A\/\/api.soundcloud.com\/tracks\/483028551&color=%23ff5500&inverse=false&auto_play=false&show_user=false\"><\/iframe>\n<\/div>\n\n<div id=\"cmsmasters_divider_69e7e02385ff0\" class=\"cmsmasters_divider cmsmasters_divider_width_long cmsmasters_divider_pos_center\"><\/div>\n<div class=\"cmsmasters_text\">\n<p style=\"text-align: center;\">KA ILI MUA \u02bbANA O KA \u02bb\u0100INA I\u0100 LONOIKAMAKAHIKI<\/p>\n<p>Ma hope iho o ko Kanaloakua\u02bbana ho\u02bb\u0101\u02bbo \u02bbana i\u0101 Lonoikamakahiki, no laila \u02bb\u014dlelo akula \u02bbo Kanaloakua\u02bbana i\u0101 Kaikilani: \u201cE ho\u02bbiho\u02bbi ka \u02bb\u0101ina i\u0101 Lonoikamakahiki.\u201d No ka mea ua maopopo i\u0101 Kanaloakua\u02bbana ke akamai ma n\u0101 mea e pili ana i ke aupuni, no laila, \u02bb\u014dlelo akula \u02bbo Kanaloakua\u02bbana i\u0101 Lonoikamakahiki e pani ma ka hakahaka o Keawenuia\u02bbumi; a noho ihola \u02bbo Lonoikamakahiki ma ka noho ali\u02bbi o kona makua k\u0101ne. Noho ihola \u02bbo Lonoikamakahiki me k\u0101na wahine ma n\u0101 \u02bb\u0101ina a pau o Hawai\u02bbi, he mau po\u02bbo no ke aupuni.<\/p>\n<p>A li\u02bbuli\u02bbu ko Lonoikamakahiki noho ali\u02bbi \u02bbana, \u02bba\u02bbole he kaua a kipi ho\u02bbi ma ia hope mai, \u02bba\u02bbole n\u014d ho\u02bbi i k\u016blanalana kona noho \u02bbana me k\u0101na wahine, ak\u0101, \u02bbo Kaikilani, \u02bbo ia \u02bbo l\u0101ua ka mea i hana i ka hewa, no ka mea, ua lawe a\u02bbe \u02bbo ia i\u0101 Heakekoa, ke keiki a Kal\u0101ulipali me Uli i k\u0101ne moe kolohe n\u0101na, me ka \u02bbike \u02bbole o Lonoikamakahiki.<\/p>\n<p>A i ka manawa i mana\u02bbo ai \u02bbo Lonoikamakahiki e holo m\u0101ka\u02bbika\u02bbi i\u0101 Maui a hiki i Kaua\u02bbi; no laila, lawe a\u02bbela \u02bbo ia i k\u0101na wahine i\u0101 Kaikilani, e hele p\u016b ma ia huaka\u02bbi hele a ke Ali\u02bbi. A i ka manawa i m\u0101kaukau ai \u02bbo ka huaka\u02bbi a ke Ali\u02bbi, lawe a\u02bbela \u02bbo ia i kona mau hoe wa\u02bba, a me kona kahu me Loli. \u02bbO ka mana\u02bbo nui o Lonoikamakahiki ma ia huaka\u02bbi, i mea e h\u014d\u02bbike aku ai i k\u0101na mau hana ho\u02bbop\u0101p\u0101 ma kahi \u0101na e hele ai. A no ia mea, lawe a\u02bbela \u02bbo ia i k\u0101na h\u014dkeo. \u02bbO K\u016bwalawala ka inoa o ua h\u014dkeo l\u0101 n\u0101 mea ho\u02bbop\u0101p\u0101 a pau, n\u0101 ukana o k\u0113l\u0101 \u02bbano k\u0113ia \u02bbano. A lawe a\u02bbela n\u014d ho\u02bbi i kona k\u0101hili \u02bbo \u02bbEle\u02bbeleualani. He k\u0101hili nui ia.<\/p>\n<p>A m\u0101kaukau ka huaka\u02bbi a ke Ali\u02bbi, a laila, holo akula l\u0101kou a Maui. \u02bbA\u02bbole i li\u02bbuliu ma Maui, a laila, holo akula ma Moloka\u02bbi. A ma Ko\u02bbolau k\u0101 l\u0101kou holo \u02bbana, a noho ma Kalaupapa. I ia kau \u02bbana o l\u0101kou nei ma laila, \u02bba\u02bbole i mana\u02bbo \u02bbo Lonoikamakahiki e li\u02bbuli\u02bbu ka noho \u02bbana ma laila, ak\u0101 no ka lo\u02bbohia \u02bbana o l\u0101kou e ka makani \u02bbino, no laila, i li\u02bbuli\u02bbu ai l\u0101kou ma laila he mau malama paha \u02bbeh\u0101. I ia manawa n\u014d a l\u0101ua i noho ai ma Kalaupapa, he k\u014dnane k\u0101 l\u0101ua hana nui i ia mau malama.<\/p>\n<p>I k\u0113l\u0101 manawa ho\u02bbi a ua \u02bbo Lonoikamakahiki m\u0101 i ha\u02bbalele aku ai a holo mai ai ka m\u0101ka\u02bbika\u02bbi, i ia manawa he mea nui loa ia no ko Heakekoa aloha no Kaikilani,a hiki \u02bbole ke ho\u02bbomanawanui. No laila, huli maila \u02bbo ua \u02bbo Heakekoa ma hope o Lonoikamakahiki m\u0101. Ma ia huli \u02bbana mai a hiki i Maui, \u02bba\u02bbole i h\u0101l\u0101wai, ma laila mai a kau ma Kala\u02bbe i Moloka\u02bbi. I ia w\u0101 lohe \u02bbo ia, aia n\u014d n\u0101 Ali\u02bbi i Kalaupapa kahi i noho ai. Noho ihola \u02bbo Heakekoa ma Kala\u02bbe no kekahi mau l\u0101, me ke ake e loa\u02bba ka mea n\u0101na e lawe aku ka lohe i\u0101 Kaikilani, ak\u0101, \u02bba\u02bbole he kanaka k\u016bpono.<\/p>\n<p>I kekahi l\u0101, hiki maila kekahi mau k\u0101naka no Kalaupapa mai; a i ka w\u0101 i ho\u02bbi ai k\u0113l\u0101 po\u02bbe ma Kalaupapa, no laila n\u012bnau akula ua \u02bbo Heakekoa i n\u0101 k\u0101naka me ka \u02bb\u012b aku: \u201cE ho\u02bbi ana anei \u02bboukou i Kalaupapa?\u201d \u02bbAe, maila n\u0101 k\u0101naka.<\/p>\n<p>N\u012bnau hou akula n\u014d ua \u02bbo Heakekoa: \u201c \u02bbA\u02bbole anei n\u0101 Ali\u02bbi o Hawai\u02bbi i laila?\u201d<\/p>\n<p>A laila ha\u02bbi maopopo akula ua mau k\u0101naka nei: \u201cAia n\u014d ke noho l\u0101.\u201d<\/p>\n<p>\u02bb\u012a akula \u02bbo Heakekoa: \u201cI ho\u02bbi auane\u02bbi \u02bboukou a luna o ka pali l\u0101, hea wale iho auane\u02bbi \u02bboukou penei l\u0101: \u201cE Kaikilani Ali\u02bbi Wahine o Puna \u0113, e a\u02bba mai ana \u02bboe ke k\u016b a ka l\u0101uli pali o Uli o Hea?\u201d A in\u0101 i lohe \u02bbole mai, a laila k\u0101hea hou aku \u02bboukou:<\/p>\n<blockquote>\n<p>\u201cE Kaikilani Ali\u02bbi Wahine o Puna \u0113,<\/p>\n<p>E a\u02bba mai ana ko ipo i\u0101 \u02bboe,<\/p>\n<p>\u02bbO ke k\u016b a ka l\u0101uli pali o Uli o Heakekoa<\/p>\n<\/blockquote>\n<p>P\u0113l\u0101 auane\u02bbi \u02bboukou e hea aku ai?\u201d<\/p>\n<p>A lohe a\u02bbela l\u0101kou i k\u0113ia \u02bb\u014dlelo a Heakekoa, a laila, ho\u02bbi akula ua mau k\u0101naka nei. I ia ho\u02bbi \u02bbana a hiki i luna o ka pali o Kalaupapa, ma Kaomilani, a laila, k\u0101hea akula ua mau k\u0101naka nei e like me ke kauoha a Heakekoa. Ma ia k\u0101hea mua \u02bbana, i ia manawa, lohe akula n\u014d \u02bbo Kaikilani i k\u0113ia leo k\u0101hea ma ka pali, a laila, mana\u02bbo a\u02bbela \u02bbo ia, ua hiki mai k\u0101na ipo. I ia manawa na\u02bbe a ua \u02bbo Kaikilani i lohe aku ai, e k\u014dnane ana l\u0101ua, ak\u0101, i mea e nalo ai ke \u02bbano o keia leo e pa\u02bb\u0113 nei i luna o ka pali i\u0101 Lonoikamakahiki, no laila, ho\u02bbonalonalo a\u02bbela ua \u02bbo Kaikilani me ka wala\u02bbau \u02bbano \u02bb\u0113 ma ke k\u014dnane \u02bbana, ma ka ho\u02bbopuka \u02bbana i k\u0113ia mau hua\u02bb\u014dlelo: \u201c \u02bbO ke ku\u02bbi k\u0113ia, \u02bbo ka holo k\u0113l\u0101, mau k\u0101w\u0101, n\u012bnole ka luna, h\u0101pala ka \u02bbele, na ke kea ka \u02bbai.\u201d<\/p>\n<p>A no ka mana\u02bbo o n\u0101 k\u0101naka n\u0101na i k\u0101hea aku \u02bba\u02bbole i lohe \u02bbo Kaikilani, no laila, k\u0101hea hou akula ua po\u02bbe k\u0101naka nei:<\/p>\n<blockquote>\n<p>\u201cE Kaikilani Ali\u02bbi Wahine o Puna,<\/p>\n<p>E a\u02bba mai ana ko ipo i\u0101 \u02bboe,<\/p>\n<p>\u02bbO ke k\u016b a ka l\u0101uli pali o Uli o Heakekoa.\u201d<\/p>\n<\/blockquote>\n<p>I ia manawa, lohe a\u02bbela \u02bbo Lonoikamakahiki, he k\u0101ne \u02bbo Heakekoa na Kaikilani, me ka mana\u02bbo n\u014d ua pae mai ma kekahi wahi o Moloka\u02bbi.<\/p>\n<p>Ma hope iho o ka lohe \u02bbana o Lonoikamakahiki i k\u0113ia leo, a laila, n\u012bnau aku \u02bbo ia i ka wahine kaikuahine ona: \u201c \u02bb\u0112, aloha maila na\u02bbe ho\u02bbi ko ipo i\u0101 \u02bboe \u02bbo Heakekoa.\u201d \u02bbA\u02bbole na\u02bbe he \u02bbekemu aku o Kaikilani, ak\u0101, ua lohe n\u014d i ka n\u012bnau mai a ke k\u0101ne, ho\u02bbolalau wale ihola n\u014d ua \u02bbo Kaikilani: \u201c \u02bbO ke ku\u02bbi k\u0113ia, a \u02bbo ka holo k\u0113l\u0101, mau k\u0101w\u0101, n\u012bnole ka luna, h\u0101pala ka \u02bbele, na ke kea ka \u02bbai.\u201d I ia manawa, l\u0101lau akula ua \u02bbo Lonoikamakahiki i ka papa k\u014dnane, a hahau akula i ke po\u02bbo o ka wahine, a \u02bbeha akula \u02bbo Kaikilani, ak\u0101, ua koe n\u014d na\u02bbe ke ola.<\/p>\n<p>No laila, huh\u016b nui loa ihola \u02bbo Lonoikamakahiki, a pono \u02bbole kona mana\u02bbo, me ka mana\u02bbo e ho\u02bbohiki, \u02bba\u02bbole e launa hou me Kaikilani; ak\u0101, i loko wale iho n\u014d ia ona, \u02bba\u02bbole i ho\u02bbopuka ma ke \u0101kea. A laila, ho\u02bboma\u02bbau a\u02bbela \u02bbo ia i k\u0101na wahine, a ho\u02bboka\u02bbawale akula. A no k\u0113ia mea, ho\u02bbi akula \u02bbo Kaikilani i Hawai\u02bbi, \u02bba\u02bbole i launa hou me Heakekoa, no ka mea, \u02bb\u012b ihola \u02bbo Kaikilani, \u02bba\u02bbole e launa hou me Heakekoa; a no ka mea ho\u02bbi, in\u0101 e launa hou me Heakekoa, a laila, \u02bbo ka make ka hope a ke k\u0101ne (Lonoikamakahiki) ke hana mai ma hope, no laila ha\u02bbalele loa \u02bbo Kaikilani i\u0101 Heakekoa.<\/p>\n<p>A no k\u0113ia hana \u02bbana a Lonoikamakahiki i ka wahine, no laila, ua ku\u02bbi aku ka lono a lohe \u02bbo Kanaloakua\u02bbana, no laila, mana\u02bbo a\u02bbela n\u0101 ali\u02bbi o Hawai\u02bbi e kipi aku i\u0101 Lonoikamakahiki. A i ka ho\u02bbi \u02bbana aku o Kaikilani mai Moloka\u02bbi aku, a hiki ma Hawai\u02bbi, i ia hiki \u02bbana aku, a ho\u02bbonoho a\u02bbela \u02bbo Kanaloakua\u02bbana i n\u0101 ali\u02bbi a puni n\u0101 awa pae wa\u02bba o Hawai\u02bbi, ma muli o ke kauoha a Kanaloakua\u02bbana a me n\u0101 ali\u02bbi a pau, no ka mea, ua menemene a\u02bbela n\u0101 ali\u02bbi i ka lohe \u02bbana, mai make \u02bbo Kaikilani.<\/p>\n<p>Ho\u02bbi loa akula \u02bbo Kaikilani a N\u0101po\u02bbopo\u02bbo, ua hao a\u02bbela n\u0101 ali\u02bbi a pau o Hawai\u02bbi e kipi i\u0101 Lonoikamakahiki. A no ia mea, he nui loa ko Kaikilani mana\u02bbo aloha no Lonoikamakahiki, no ka mea, \u02bba\u02bbole he like o kona mana\u02bbo me ko Kanaloakua\u02bbana m\u0101 a me n\u0101 ali\u02bbi \u02bb\u0113 a\u02bbe. A no laila mana\u02bbo a\u02bbela ua \u02bbo Kaikilani, e \u02bbimi hou i\u0101 Lonoikamakahiki i ha\u02bbi aku ai \u02bbo ia i ka \u02bb\u014dlelo kipi a n\u0101 ali\u02bbi o Hawai\u02bbi. Ma ia \u02bbimi \u02bbana a Kaikilani, ua hala aku \u02bbo Lonoikamakahiki i O\u02bbahu.<\/p>\n<\/div>\n<\/div>\n<\/div>\n<\/div>\n<\/div>\n<\/div>\n<\/div>\n\n","protected":false},"excerpt":{"rendered":"","protected":false},"author":1,"featured_media":0,"parent":67,"menu_order":0,"comment_status":"closed","ping_status":"closed","template":"","meta":[],"_links":{"self":[{"href":"https:\/\/ehooululahui.maui.hawaii.edu\/index.php?rest_route=\/wp\/v2\/pages\/606"}],"collection":[{"href":"https:\/\/ehooululahui.maui.hawaii.edu\/index.php?rest_route=\/wp\/v2\/pages"}],"about":[{"href":"https:\/\/ehooululahui.maui.hawaii.edu\/index.php?rest_route=\/wp\/v2\/types\/page"}],"author":[{"embeddable":true,"href":"https:\/\/ehooululahui.maui.hawaii.edu\/index.php?rest_route=\/wp\/v2\/users\/1"}],"replies":[{"embeddable":true,"href":"https:\/\/ehooululahui.maui.hawaii.edu\/index.php?rest_route=%2Fwp%2Fv2%2Fcomments&post=606"}],"version-history":[{"count":1,"href":"https:\/\/ehooululahui.maui.hawaii.edu\/index.php?rest_route=\/wp\/v2\/pages\/606\/revisions"}],"predecessor-version":[{"id":607,"href":"https:\/\/ehooululahui.maui.hawaii.edu\/index.php?rest_route=\/wp\/v2\/pages\/606\/revisions\/607"}],"up":[{"embeddable":true,"href":"https:\/\/ehooululahui.maui.hawaii.edu\/index.php?rest_route=\/wp\/v2\/pages\/67"}],"wp:attachment":[{"href":"https:\/\/ehooululahui.maui.hawaii.edu\/index.php?rest_route=%2Fwp%2Fv2%2Fmedia&parent=606"}],"curies":[{"name":"wp","href":"https:\/\/api.w.org\/{rel}","templated":true}]}}