{"id":620,"date":"2018-12-27T11:30:09","date_gmt":"2018-12-27T21:30:09","guid":{"rendered":"http:\/\/ehooululahui.maui.hawaii.edu\/?page_id=620"},"modified":"2018-12-27T11:30:56","modified_gmt":"2018-12-27T21:30:56","slug":"lonoikamakahiki-mokuna-%ca%bbehiku","status":"publish","type":"page","link":"https:\/\/ehooululahui.maui.hawaii.edu\/?page_id=620","title":{"rendered":"Lonoikamakahiki: Mokuna \u02bbEhiku"},"content":{"rendered":"<style type=\"text\/css\"> \n#cmsmasters_row_69e865f527d29 { \n\tbackground-color:#f8ecc2;\n} \n\n#cmsmasters_row_69e865f527d29 .cmsmasters_row_outer_parent { \n\tpadding-top: 50px; \n} \n\n#cmsmasters_row_69e865f527d29 .cmsmasters_row_outer_parent { \n\tpadding-bottom: 50px; \n} \n\n \n#cmsmasters_divider_69e865f52804f { \n\tborder-bottom-width:1px; \n\tborder-bottom-style:solid; \n\tpadding-top:5px; \n\tmargin-bottom:30px; \n\tborder-bottom-color:rgba(0,0,0,0.5);\n} \n<\/style><div id=\"cmsmasters_row_69e865f527d29\" class=\"cmsmasters_row cmsmasters_color_scheme_default cmsmasters_row_top_default cmsmasters_row_bot_default cmsmasters_row_boxed\">\n<div class=\"cmsmasters_row_outer_parent\">\n<div class=\"cmsmasters_row_outer\">\n<div class=\"cmsmasters_row_inner\">\n<div class=\"cmsmasters_row_margin\">\n<div class=\"cmsmasters_column one_first\">\n<div class=\"custom_html\">\n<iframe width=\"100%\" height=\"20\" scrolling=\"no\" frameborder=\"no\" allow=\"autoplay\" src=\"https:\/\/w.soundcloud.com\/player\/?url=https%3A\/\/api.soundcloud.com\/tracks\/483028515&color=%23ff5500&inverse=false&auto_play=false&show_user=false\"><\/iframe>\n<\/div>\n\n<div id=\"cmsmasters_divider_69e865f52804f\" class=\"cmsmasters_divider cmsmasters_divider_width_long cmsmasters_divider_pos_center\"><\/div>\n<div class=\"cmsmasters_text\">\n<p style=\"text-align: center;\">KA HO\u02bbOP\u0100P\u0100 HOU \u02bbANA O K\u0100KUHIHEWA ME LONOIKAMAKAHIKI NO H\u0100UNA<\/p>\n<p>\u02bbO ka ho\u02bbop\u0101p\u0101 \u02bbana a ke ali\u02bbi o O\u02bbahu me ke ali\u02bbi o Hawai\u02bbi, i \u02bb\u014dlelo \u02bbia ma k\u0113ia mokuna, \u02bbo k\u0113ia k\u0101 l\u0101ua ho\u02bbop\u0101p\u0101 hope loa. A ho\u02bbi p\u016b akula \u02bbo Lonoikamakahiki me Kaikilani i Hawai\u02bbi.<\/p>\n<p>\u02bbO ke kumu o k\u0113ia ho\u02bbop\u0101p\u0101, no H\u0101una wale n\u014d. No ka mea, ma hope iho o ka lilo \u02bbana o O\u02bbahu i\u0101 Lonoikamakahiki ma n\u0101 pili mua \u02bbana, ua noi mai \u02bbo K\u0101kuhihewa i\u0101 Lonoikamakahiki, e ho\u02bbiho\u02bbi hou \u02bbo O\u02bbahu i\u0101 ia, a penei k\u0101 K\u0101kuhihewa \u02bb\u014dlelo: \u201cE ke ali\u02bbi o Hawai\u02bbi, e aho e ho\u02bbiho\u02bbi ka \u02bb\u0101ina ia\u02bbu, a e ho\u02bbopau k\u0113l\u0101 pili mua, a me k\u0113l\u0101 eo mua \u02bbana. E no\u02bbono\u02bbo hou mai \u02bboe i kumu ho\u02bbop\u0101p\u0101 hou na k\u0101ua, a in\u0101 e eo wau ma ke kumu ho\u02bbop\u0101p\u0101 hope, a laila, lilo pau loa \u02bbo O\u02bbahu nei i\u0101 \u02bboe, mai k\u0101naka nui a k\u0101naka li\u02bbili\u02bbi.\u201d<\/p>\n<p>\u02bbO k\u0113ia \u02bb\u014dlelo \u02bbana a K\u0101kuhihewa p\u0113l\u0101, no L\u0101nahu\u02bbimihaku m\u0101, no ka mea, ua \u02bb\u014dlelo \u02bbo Lonoikamakahiki, e koli ola i\u0101 L\u0101nahu\u02bbimihaku m\u0101. A \u02bbo ia wale n\u014d ke kumu i \u02bb\u014dlelo aku ai ua \u02bbo L\u0101nahu\u02bbimihaku i\u0101 K\u0101kuhihewa, e noi aku i\u0101 Lonoikamakahiki e \u02bbimi hou i kumu ho\u02bbop\u0101p\u0101. Ak\u0101, \u02bba\u02bbole na\u02bbe \u02bbo Lonoikamakahiki i ha\u02bbi aku i kumu ho\u02bbop\u0101p\u0101 na l\u0101ua.<\/p>\n<p>Ak\u0101, ma hope koke iho o ia w\u0101 n\u014d, lawe a\u02bbela \u02bbo Lonoikamakahiki i kona h\u014dkeo a k\u016b i mua o kona alo. A, \u02bb\u014dlelo akula i\u0101 K\u0101kuhihewa: \u201cE ke ali\u02bbi o O\u02bbahu nei, \u02bbo k\u0113ia h\u014dkeo l\u0101, ua piha i ka iwi o n\u0101 ali\u02bbi i make i ke kaua i luna o Pu\u02bbumane\u02bbo, no ka mea, \u02bbeono ali\u02bbi \u02bbai moku i make i ke kaua a ku\u02bbu makua k\u0101ne e waiho nei i loko o ka h\u014dkeo.\u201d<\/p>\n<p>\u02bb\u014clelo akula \u02bbo K\u0101kuhihewa: \u201cWahahe\u02bbe wale! \u02bbO wai kai a\u02bbo mai i\u0101 \u02bboe, he pau n\u0101 ali\u02bbi \u02bbeono i loko o n\u0101 h\u014dkeo?\u201d<\/p>\n<p>\u02bb\u012a aku \u02bbo Lonoikamakahiki: \u201c \u02bbO wau n\u014d. Aia a \u02bbap\u014dp\u014d hiki mai ku\u02bbu makua k\u0101ne \u02bbo H\u0101una, n\u0101na e ha\u02bbi aku i\u0101 \u02bboukou.\u201d<\/p>\n<p>\u02bb\u012a aku \u02bbo K\u0101kuhihewa: \u201cA na wai mai nei ho\u02bbi n\u0101 \u02bb\u014dlelo \u0101u e puka mai ana \u02bbo H\u0101una i ka l\u0101 \u02bbap\u014dp\u014d?\u201d<\/p>\n<p>\u02bb\u012a aku \u02bbo Lonoikamakahiki: \u201cNa\u02bbu n\u014d, a na ku\u02bbu \u02bbike.\u201d<\/p>\n<p>I ia manawa n\u012bnau a\u02bbela \u02bbo K\u0101kuhihewa i\u0101 L\u0101nahu\u02bbimihaku m\u0101: \u201c \u02bbE\u0101, he \u02bboia\u02bbi\u02bbo anei k\u0113l\u0101 a ke ali\u02bbi o Hawai\u02bbi e \u02bb\u014dlelo maila? He \u02bbike kona? A e hiki \u02bbi\u02bbo mai ana anei \u02bbo H\u0101una i ka l\u0101 \u02bbap\u014dp\u014d?\u201d<\/p>\n<p>\u02bb\u012a aku \u02bbo L\u0101nahu\u02bbimihaku: \u201cHe wahahe\u02bbe. Na wai kona \u02bbike? \u02bbO m\u0101ua n\u014d paha kona mau k\u0101naka \u02bbike, mai kona makua k\u0101ne mai, a \u02bbo ua \u02bbo H\u0101una e noho maila i Hawai\u02bbi. A, \u02bbo ke kahu n\u014d ona i pepehi ai i\u0101 k\u0101kou i kai, pau a\u02bbela n\u014d n\u0101 k\u0101naka \u02bbike, a\u02bb o ua ali\u02bbi l\u0101 \u02bbe\u0101 he \u02bbole loa.\u201d<\/p>\n<p>\u02bb\u012a hou aku \u02bbo K\u0101kuhihewa: \u201cHe \u02bboia\u02bbi\u02bbo, e puka mai ana anei \u02bbo H\u0101una i ka l\u0101 \u02bbap\u014dp\u014d?\u201d<\/p>\n<p>\u02bb\u012a aku ua \u02bbo L\u0101nahu\u02bbimihaku m\u0101: \u201cHe wahahe\u02bbe. Pili \u02bbia aku.\u201d<\/p>\n<p>\u02bb\u012a aku \u02bbo K\u0101kuhihewa i\u0101 Lonoikamakahiki: \u201cE ke ali\u02bbi o Hawai\u02bbi \u0113. He nani ia, ua loa\u02bba a\u02bbela k\u0101 k\u0101ua ho\u02bbop\u0101p\u0101 \u02bbo H\u0101una, \u02bbo kona hiki mai i ka l\u0101 \u02bbap\u014dp\u014d.\u201d<\/p>\n<p>\u02bb\u012a aku \u02bbo Lonoikamakahiki: \u201c \u02bbAuhea k\u0101u kumu e pili ai? I k\u016b ho\u02bbi nei mea \u02bbo ka pili i ka loa\u02bba o ke kumu e pili mai ai.\u201d<\/p>\n<p>\u02bb\u012a mai \u02bbo K\u0101kuhihewa: \u201cKain\u014d n\u014d ho\u02bbi \u02bbo O\u02bbahu nei n\u014d a mau i\u0101 Hawai\u02bbi?\u201d<\/p>\n<p>\u02bb\u012a aku \u02bbo Lonoikamakahiki: \u201cAia k\u0101 a lilo \u02bbo O\u02bbahu nei ia\u02bbu, pili mai n\u014d?\u201d<\/p>\n<p>\u02bb\u012a hou mai \u02bbo K\u0101kuhihewa: \u201cAlia ho\u02bbi ia mana\u02bbo ou e ke ali\u02bbi o Hawai\u02bbi. Kain\u014d \u02bbo O\u02bbahu iki k\u0101 k\u0101ua i pili iho nei, koe n\u014d \u02bbo O\u02bbahu nui?\u201d<\/p>\n<p>\u02bb\u012a aku \u02bbo Lonoikamakahiki: \u201cUa pono. Ma n\u0101 moku \u02bbokana na\u02bbe ka pili. \u02bbEono moku o O\u02bbahu nei, \u02bbeono n\u014d ho\u02bbi o Hawai\u02bbi.\u201d<\/p>\n<p>A holo a\u02bbela k\u0101 l\u0101ua \u02bb\u014dlelo, i ia p\u014d iho, hiki a\u02bbela \u02bbo H\u0101una i Kailua. A ao a\u02bbe, ha\u02bbi akula \u02bbo Lonoikamakahiki i\u0101 K\u0101kuhihewa: \u201cUa hiki a\u02bbela \u02bbo H\u0101una, eia i O\u02bbahu nei.\u201d<\/p>\n<p>A lohe \u02bbo K\u0101kuhihewa i k\u0113ia \u02bb\u014dlelo a Lonoikamakahiki, a laila, k\u0113n\u0101 a\u02bbela \u02bbo ia i k\u0101na \u02bbelele i\u0101 K\u016bleonui, he kanaka kaulana \u02bbo ia i ka m\u0101m\u0101, a \u02bb\u014dlelo akula: \u201cE hele \u02bboe e n\u0101n\u0101 a puni \u02bbo O\u02bbahu nei, a in\u0101 i \u02bbike \u02bboe i\u0101 H\u0101una, a laila e pepehi iho, a hao a\u02bbe i ka waiwai, i eo ke ali\u02bbi o Hawai\u02bbi i\u0101 k\u0101kou.\u201d<\/p>\n<p>A laila, holo a\u02bbela \u02bbo K\u016bleonui a puni \u02bbo O\u02bbahu nei, \u02bba\u02bbole i loa\u02bba \u02bbo H\u0101una. Ho\u02bbi akula, a \u02bb\u014dlelo akula i\u0101 K\u0101kuhihewa: \u201cHele aku nei wau a puni \u02bbo O\u02bbahu nei, \u02bba\u02bbole i loa\u02bba \u02bbo H\u0101una, \u02bba\u02bbole n\u014d i puka mai, \u02bba\u02bbole he wa\u02bba holo mai ma ka moana, \u02bba\u02bbole n\u014d ho\u02bbi he wa\u02bba hekau i ke kai, \u02bba\u02bbole he wa\u02bba kau i uka, he \u02bbole loa n\u014d.\u201d<\/p>\n<p>I ia manawa i mana\u02bbo ai \u02bbo K\u0101kuhihewa e eo ana \u02bbo Lonoikamakahiki. A laila, hele akula \u02bbo K\u0101kuhihewa a \u02bb\u014dlelo aku i\u0101 Lonoikamakahiki, me ka n\u012bnau aku: \u201cUa hiki mai nei anei \u02bbo H\u0101una?\u201d<\/p>\n<p>\u02bb\u012a aku \u02bbo Lonoikamakahiki: \u201cUa hiki a\u02bbela.\u201d<\/p>\n<p>Lohe a\u02bbela n\u014d \u02bbo K\u0101kuhihewa i k\u0113ia \u02bb\u014dlelo a Lonoikamakahiki, k\u0113n\u0101 hou akula n\u014d i\u0101 K\u016bleonui, e holo a puni \u02bbo O\u02bbahu. A laila, holo hou akula n\u014d, a ho\u02bbi akula, ha\u02bbi akula i ke ali\u02bbi, me ka h\u014d\u02bbole aku: \u201c \u02bbA\u02bbole i loa\u02bba, \u02bba\u02bbole n\u014d i hiki mai.\u201d E like n\u014d me k\u0101na \u02bb\u014dlelo mua.<\/p>\n<p>Ak\u0101, ma ke ka\u02bbapuni mua \u02bbana a K\u016bleonui i ua l\u0101 l\u0101, ua hiki mua a\u02bbe \u02bbo H\u0101una ma Kailua, e k\u014dnane ana me n\u0101 w\u0101hine. \u02bbIke aku na\u02bbe \u02bbo H\u0101una i\u0101 K\u016bleonui e holo ana, me ka \u02bbalawa o n\u0101 maka, ma \u02bb\u014d a ma \u02bb\u014d, i \u02bbike aku ai \u02bbo ia i kona mea i ho\u02bbouna \u02bbia mai ai, \u02bba\u02bbole na\u02bbe \u02bbo ia i \u02bbike aku i\u0101 H\u0101una, ak\u0101, \u02bbo H\u0101una kai \u02bbike mua aku i\u0101 K\u016bleonui, a no laila \u02bbo ia i pe\u02bbe ai, a pakele akula i n\u0101 maka o ka \u02bbelele a K\u0101kuhihewa.<\/p>\n<p style=\"text-align: center;\"><strong>HE WAHI \u02bb\u014cLELO NO H\u0100UNA<\/strong><\/p>\n<p>I\u0101 H\u0101una e noho ana i Hawai\u02bbi, mana\u02bbo a\u02bbela \u02bbo ia e imi mai i\u0101 Lonoikamakahiki, a no laila ho\u02bbom\u0101kaukau a\u02bbela \u02bbo ia i n\u0101 ukana a pau e ho\u02bboili ma luna o kona mau wa\u02bba. A ka ukana nui o luna o n\u0101 wa\u02bba o H\u0101una, he \u02bbahu\u02bbula. Ua ho\u02bbopiha \u02bbia n\u0101 wa\u02bba mai mua a hope i ka \u02bbahu\u02bbula, a \u02bbo ia ho\u02bbokahi n\u014d ka ukana.<\/p>\n<p>I ia holo \u02bbana mai, mai Hawai\u02bbi mai a kau ma Kailua, \u02bbike akula \u02bbo ia e k\u014dnane ana \u02bbelua wahine me k\u0101 l\u0101ua mau k\u0101ne. I ia \u02bbike \u02bbana aku a H\u0101una, ua honu ka papa k\u014dnane, a laila, \u02bb\u012b aku \u02bbo H\u0101una: \u201cUa make \u02bbolua, in\u0101 \u02bbo wau ko \u02bbolua hoa k\u014dnane, make \u02bbolua ia\u02bbu.\u201d<\/p>\n<p>\u02bb\u012a mai ua mau w\u0101hine l\u0101: \u201cEia mai n\u014d ho\u02bbi ka papa k\u014dnane, k\u014dnane mai.\u201d<\/p>\n<p>\u02bb\u012a aku \u02bbo H\u0101una: \u201cAlia k\u0101kou e k\u014dnane, aia a hala akula ka \u02bbelele a K\u0101kuhihewa, a laila, k\u014dnane k\u0101kou. E pono na\u02bbe ke uhi i ke kapa ka papa k\u014dnane, a laila, \u02bb\u014dlelo ka pili ma mua, a holo, a laila, k\u014dnane.\u201d<\/p>\n<p>A hala akula \u02bbo K\u016bleonui, \u02bb\u014dlelo a\u02bbela l\u0101kou no ka pili, a ho\u02bboholo a\u02bbela l\u0101kou. A penei ka pili \u02bbana. \u02bb\u014clelo mai n\u0101 w\u0101hine i\u0101 H\u0101una: \u201c \u02bbA\u02bbole a m\u0101ua kumu \u02bb\u0113 a\u02bbe e pili aku ai, \u02bbo n\u0101 kino wale n\u014d o m\u0101ua. A in\u0101 n\u014d ho\u02bbi, ua make m\u0101ua i\u0101 \u02bboe ma ka h\u0101una o ka papa mua, a laila, lilo n\u014d ho\u02bbi m\u0101ua n\u0101u.\u201d<\/p>\n<p>\u02bb\u012a akula \u02bbo H\u0101una: \u201cHe mau wa\u02bba kaulua ko\u02bbu \u02bbelua, ua piha i ka waiwai. \u02bbO ka waiwai nui na\u02bbe o luna, he \u02bbahu\u02bbula, a in\u0101 i make wau i\u0101 \u02bbolua, no \u02bbolua ka wa\u02bba a me ka ukana o luna a pau, a me n\u0101 k\u0101naka p\u016b o luna.\u201d<\/p>\n<p>\u02bb\u012a maila n\u0101 w\u0101hine: \u201cUa mau.\u201d<\/p>\n<p>\u02bb\u014clelo akula \u02bbo H\u0101una: \u201cIa\u02bbu ka uhau mua i koe.\u201d<\/p>\n<p>He \u02bboia\u02bbi\u02bbo, ma ko l\u0101kou hahau mua \u02bbana, ma mua o ko l\u0101kou pili \u02bbana, a me ka uhi \u02bbana i ke kapa, ua maopopo i\u0101 H\u0101una e make ana \u02bbo ia. Ak\u0101, no ka \u02bbike \u02bbana aku i\u0101 K\u016bleonui, no laila \u02bbo ia i \u02bb\u014dlelo ai , alia e uhau a hala aku ka \u02bbelele a K\u0101kuhihewa, e uhi \u02bbia ka papa i ke kapa. Ak\u0101, i ka ho\u02bbomaka \u02bbana e lawe a\u02bbe i ke kapa, lilo p\u016b a\u02bbela me ka \u02bbili\u02bbili a n\u0101 w\u0101hine i \u02bbike ai he maika\u02bbi, ma ka lima o H\u0101una. A laila, hahau a\u02bbela \u02bbo H\u0101una, make ihola n\u0101 w\u0101hine.<\/p>\n<p>\u02bb\u012a akula \u02bbo H\u0101una: \u201cUa lilo \u02bbolua ia\u02bbu.\u201d<\/p>\n<p>\u02bb\u012a aku ua mau w\u0101hine nei: \u201c He mau k\u0101ne k\u0101 m\u0101ua, pehea l\u0101 auane\u02bbi m\u0101ua e pono ai?\u201d<\/p>\n<p>\u02bb\u012a aku n\u0101 k\u0101ne: \u201c \u02bbA\u02bbole a \u02bbolua \u02bb\u014dlelo kuhikuhi no m\u0101ua, no ka mea, ua lilo \u02bbolua.\u201d<\/p>\n<p>A laila, k\u0101hea a\u02bbela n\u0101 k\u0101ne a ua mau w\u0101hine l\u0101 i\u0101 H\u0101una: \u201cLawe \u02bbia n\u0101 w\u0101hine n\u0101u, ua eo i\u0101 \u02bboe, no ka mea, \u02bba\u02bbole na ha\u02bbi aku k\u0101 l\u0101ua mea i pili ai, na l\u0101ua n\u014d.\u201d<\/p>\n<p>A no ia mea, l\u0101lau akula \u02bbo H\u0101una i n\u0101 w\u0101hine a n\u0101ki\u02bbi a\u02bbela i ka malo i kekahi wahine a me kekahi wahine, kau\u014d akula i kahi a n\u0101 wa\u02bba e kau ana. A no ia kau\u014d \u02bbana o H\u0101una i n\u0101 w\u0101hine, no laila, ua kapa \u02bbia ka inoa o k\u0113l\u0101 wahi \u02bbo Ka\u02bb\u014dhao, ma Kailua, Ko\u02bbolaupoko, O\u02bbahu, a hiki mai i k\u0113ia l\u0101.<\/p>\n<p>Hele p\u016b akula ua mau w\u0101hine nei me H\u0101una a hiki i n\u0101 wa\u02bba, \u02bb\u014dlelo akula i kekahi wahine: \u201cEia ko\u02bbu wa\u02bba a me n\u0101 ukana o luna mai mua a hope, a eia ko\u02bbu mau k\u0101naka, he mau k\u0101naka lawelawe nou; \u02bba\u02bbole he mau k\u0101naka moe aku n\u0101u.\u201d<\/p>\n<p>A e like me ka \u02bb\u014dlelo i k\u0113l\u0101 wahine, p\u0113l\u0101 n\u014d ka ia nei \u02bb\u014dlelo \u02bbana i ka lua o ka wahine. A ha\u02bbalele ihola \u02bbo ia i n\u0101 w\u0101hine, a hele akula e h\u0101l\u0101wai me Lonoikamakahiki.<\/p>\n<\/div>\n<\/div>\n<\/div>\n<\/div>\n<\/div>\n<\/div>\n<\/div>\n\n","protected":false},"excerpt":{"rendered":"","protected":false},"author":1,"featured_media":0,"parent":67,"menu_order":0,"comment_status":"closed","ping_status":"closed","template":"","meta":[],"_links":{"self":[{"href":"https:\/\/ehooululahui.maui.hawaii.edu\/index.php?rest_route=\/wp\/v2\/pages\/620"}],"collection":[{"href":"https:\/\/ehooululahui.maui.hawaii.edu\/index.php?rest_route=\/wp\/v2\/pages"}],"about":[{"href":"https:\/\/ehooululahui.maui.hawaii.edu\/index.php?rest_route=\/wp\/v2\/types\/page"}],"author":[{"embeddable":true,"href":"https:\/\/ehooululahui.maui.hawaii.edu\/index.php?rest_route=\/wp\/v2\/users\/1"}],"replies":[{"embeddable":true,"href":"https:\/\/ehooululahui.maui.hawaii.edu\/index.php?rest_route=%2Fwp%2Fv2%2Fcomments&post=620"}],"version-history":[{"count":3,"href":"https:\/\/ehooululahui.maui.hawaii.edu\/index.php?rest_route=\/wp\/v2\/pages\/620\/revisions"}],"predecessor-version":[{"id":623,"href":"https:\/\/ehooululahui.maui.hawaii.edu\/index.php?rest_route=\/wp\/v2\/pages\/620\/revisions\/623"}],"up":[{"embeddable":true,"href":"https:\/\/ehooululahui.maui.hawaii.edu\/index.php?rest_route=\/wp\/v2\/pages\/67"}],"wp:attachment":[{"href":"https:\/\/ehooululahui.maui.hawaii.edu\/index.php?rest_route=%2Fwp%2Fv2%2Fmedia&parent=620"}],"curies":[{"name":"wp","href":"https:\/\/api.w.org\/{rel}","templated":true}]}}