{"id":627,"date":"2018-12-27T11:44:18","date_gmt":"2018-12-27T21:44:18","guid":{"rendered":"http:\/\/ehooululahui.maui.hawaii.edu\/?page_id=627"},"modified":"2018-12-27T11:44:18","modified_gmt":"2018-12-27T21:44:18","slug":"lonoikamakahiki-mokuna-%ca%bbeiwa","status":"publish","type":"page","link":"https:\/\/ehooululahui.maui.hawaii.edu\/?page_id=627","title":{"rendered":"Lonoikamakahiki: Mokuna \u02bbEiwa"},"content":{"rendered":"<style type=\"text\/css\"> \n#cmsmasters_row_69e866375db09 { \n\tbackground-color:#f8ecc2;\n} \n\n#cmsmasters_row_69e866375db09 .cmsmasters_row_outer_parent { \n\tpadding-top: 50px; \n} \n\n#cmsmasters_row_69e866375db09 .cmsmasters_row_outer_parent { \n\tpadding-bottom: 50px; \n} \n\n \n#cmsmasters_divider_69e866375dd47 { \n\tborder-bottom-width:1px; \n\tborder-bottom-style:solid; \n\tpadding-top:5px; \n\tmargin-bottom:30px; \n\tborder-bottom-color:rgba(0,0,0,0.5);\n} \n<\/style><div id=\"cmsmasters_row_69e866375db09\" class=\"cmsmasters_row cmsmasters_color_scheme_default cmsmasters_row_top_default cmsmasters_row_bot_default cmsmasters_row_boxed\">\n<div class=\"cmsmasters_row_outer_parent\">\n<div class=\"cmsmasters_row_outer\">\n<div class=\"cmsmasters_row_inner\">\n<div class=\"cmsmasters_row_margin\">\n<div class=\"cmsmasters_column one_first\">\n<div class=\"custom_html\">\n<iframe width=\"100%\" height=\"20\" scrolling=\"no\" frameborder=\"no\" allow=\"autoplay\" src=\"https:\/\/w.soundcloud.com\/player\/?url=https%3A\/\/api.soundcloud.com\/tracks\/483028509&color=%23ff5500&inverse=false&auto_play=false&show_user=false\"><\/iframe>\n<\/div>\n\n<div id=\"cmsmasters_divider_69e866375dd47\" class=\"cmsmasters_divider cmsmasters_divider_width_long cmsmasters_divider_pos_center\"><\/div>\n<div class=\"cmsmasters_text\">\n<p style=\"text-align: center;\">N\u0100 HO\u02bbOUKA KAUA A LONOIKAMAKAHIKI<\/p>\n<p>Ma hope iho o ke kaua a Lonoikamakahiki i Kahe\u0101wai, ma ke kakahiaka nui, \u02bbike \u02bbia maila \u02bbo Lonoikamakahiki e ka \u02bbao\u02bbao kipi e hele aku ana i ke \u02bb\u0101 o Kanik\u016b. A laila, ho\u02bbi akula n\u0101 k\u0101naka o ka \u02bbao\u02bbao kipi a ha\u02bbi akula i ko l\u0101kou p\u016bkaua (\u02bbalihikaua) i\u0101 Kanaloap\u016blehu, me ka \u02bb\u012b aku:<\/p>\n<p>\u201cEia a\u02bbe \u02bbo Lonoikamakahiki me Pupuakea m\u0101, ua pau mai nei kekahi po\u02bbe i ka make, ua he\u02bbe mai nei k\u0101kou (n\u0101 kipi).\u201d<\/p>\n<p>No laila, \u02bb\u014dlelo a\u02bbela \u02bbo Kanaloap\u016blehu i\u0101 Kanaloak\u016bakawaiea ko Hilo ali\u02bbi: \u201cH\u014d aku ke kaua i Kauna\u02bboa i ke one nui, i ho\u02bbouka ai ke kaua i laila, i hiki a\u02bbe ai ia \u02bbo Lonoikamakahiki i laila, ua pa\u02bba mua i\u0101 k\u0101kou ke one, na l\u0101kou ia e hele a\u02bbe, kanu mai ke one i n\u0101 maka, lilo l\u0101kou i laila e \u02bb\u0101na\u02bbanai ai, hao aku n\u0101 p\u014dhaku, \u02bbo ka lanakila n\u014d ia.\u201d E like me ka \u02bb\u014dlelo a Kanaloap\u016blehu i\u0101 Kanaloak\u016bakawaiea, a laila, lawe \u02bbia akula n\u0101 k\u0101naka o ka \u02bbao\u02bbao kipi a ho\u02bbonoho ma Kauna\u02bboa (aia n\u014d k\u0113l\u0101 wahi ma waena o Puak\u014d a me Kawaihae). Ma ke ehu awakea (\u02bbaina awakea), h\u0101l\u0101wai akula \u02bbo Lonoikamakahiki me n\u0101 kipi, a \u02bbo ka ho\u02bbouka ihola n\u014d ia o ke kaua, a lanakila ihola \u02bbo Lonoikamakahiki ma ia ho\u02bbouka kaua \u02bbana, a he\u02bbe akula \u02bbo Kanaloap\u016blehu m\u0101 me n\u0101 kipi a pau, ma ka \u02bbehu ahiahi.<\/p>\n<p>I\u0101 Kanaloap\u016blehu m\u0101 i he\u02bbe aku ai me n\u0101 kipi, loa\u02bba akula ko Kohala po\u02bbe kipi mai a me ko H\u0101m\u0101kua mai, ma kahi i kapa \u02bbia \u02bbo Nakikiaianihau. \u02bb\u012a akula \u02bbo Kanaloap\u016blehu m\u0101 i ko Kohala po\u02bbe kipi mai a me ko H\u0101m\u0101kua: \u201cHo\u02bbi hou aku k\u0101kou i hope, a i Haleokapuni k\u0101kou e ho\u02bbomoana ai. \u02bbA\u02bbole auane\u02bbi he mea pi\u02bbi aku o k\u0101kou i luna o Pu\u02bbukohol\u0101. Aia a \u02bbike aku k\u0101kou i\u0101 Lonoikamakahiki e hele mai ana i Nakikiaianihau m\u0101, a laila, ho\u02bbi aku k\u0101kou a luna o Pu\u02bbukohol\u0101, i ho\u02bbolu\u02bbe iho n\u0101 p\u014dhaku o luna, a laila, make ko l\u0101kou kaua (ko Lonoikamakahiki m\u0101).\u201d<\/p>\n<p>E like me ka mea i \u02bb\u014dlelo \u02bbia e ka p\u016bkaua nui, p\u0113l\u0101 n\u014d i ho\u02bbolohe aku ai n\u0101 ali\u02bbi a pau. No laila, ho\u02bbi akula l\u0101kou a ho\u02bbomoana ihola ma Kaleokapuni, ma lalo pono o ka heiau \u02bbo Pu\u02bbukohol\u0101 a me Mailekini, ma Kawaihae, a e like me ka mana\u02bbo o ka \u02bbao\u02bbao kipi. Ak\u0101, \u02bba\u02bbole \u02bbo Lonoikamakahiki i hele e like me k\u0101 n\u0101 kipi mana\u02bbo wale \u02bbana.<\/p>\n<p>Ma hope iho o ko Lonoikamakahiki lanakila \u02bbana i ke kaua ma Kauna\u02bboa, a laila, n\u012bnau a\u02bbela \u02bbo Lonoikamakahiki i k\u0101na mau k\u0101huna i kahi e hiki ai ke hele a lanakila. \u02bb\u014clelo akula n\u0101 k\u0101huna i\u0101 Lonoikamakahiki: \u201cMa uka ke hele ma ke pili a hiki i Pu\u02bbup\u0101, ma laila ka ho\u02bbouka kaua nui, no ka mea, \u02bbo Kona wale n\u014d k\u0101 k\u0101kou i ho\u02bbouka aku nei, \u02bba\u02bbole k\u0101kou i \u02bbike aku i\u0101 Hilo a me Puna, \u02bba\u02bbole k\u0101kou i \u02bbike aku i\u0101 H\u0101m\u0101kua, \u02bba\u02bbole \u02bbo Kohala, he wahi moku \u02bbu\u02bbuku ia i kaua hope \u02bbia, e pono ke ki\u02bbi mua i n\u0101 kolu, i\u0101 Puna, Hilo, a me H\u0101m\u0101kua.\u201d A, e like me ka \u02bb\u014dlelo a n\u0101 k\u0101huna a ua \u02bbo Lonoikamakahiki, p\u0113l\u0101 n\u014d \u02bbo ia i ho\u02bbolohe aku ai.<\/p>\n<p>I ia pi\u02bbi \u02bbana a Lonoikamakahiki m\u0101 mai Kauna\u02bboa aku, a waena pili ma ke aumoe, \u02bbike akula l\u0101kou i ke ahi a n\u0101 kipi e \u02bb\u0101 mai ana i Pu\u02bbup\u0101. N\u012bnau a\u02bbe \u02bbo Lonoikamakahiki i n\u0101 k\u0101huna: \u201c He aha k\u0113l\u0101 ahi?\u201d<\/p>\n<p>\u02bb\u012a maila ke kahuna: \u201cHe kaua, he ahi na n\u0101 kipi \u02bb\u0101ina.\u201d<\/p>\n<p>N\u012bnau aku \u02bbo Lonoikamakahiki: \u201cA pehea k\u0101kou?\u201d<\/p>\n<p>\u02bb\u012a akula n\u0101 k\u0101huna: \u201cHo\u02bbouna \u02bbia aku i ho\u02bbokahi kanah\u0101 kanaka, me n\u0101 lama ma ko l\u0101kou lima, i \u02bbeh\u0101 lama a ka mea ho\u02bbokahi e h\u014d\u02bba\u02bb\u0101 ai, a laila, ho\u02bb\u0101 a\u02bbe i ke ahi i hiki aku ai k\u0101kou i kahi a l\u0101kou i ho\u02bbomoana ai. A laila, \u02bbo ka ho\u02bbomaka n\u014d ia o ke kaua, i alualu aku ma hope nei a, \u02bbo k\u0113l\u0101 po\u02bbe mai ho\u02bbi, he kanah\u0101, \u02bbo ko l\u0101kou he\u02bbe n\u014d ia.\u201d<\/p>\n<p>I ia manawa a ke kahuna i \u02bb\u014dlelo ai, ho\u02bbouna akula \u02bbo Lonoikamakahiki i ho\u02bbokahi kanah\u0101 kanaka me Pupuakea p\u016b, \u02bbo ia ke kanah\u0101 kumam\u0101kahi. A, hana a\u02bbela l\u0101kou e like me ka \u02bb\u014dlelo a ke kahuna, \u02bbeh\u0101 lama p\u0101kahi a n\u0101 k\u0101naka, a hele akula ma kahi a ke kahuna i kuhikuhi ai. A hala akula l\u0101kou a ma waho pono aku o kahi a ka po\u02bbe kipi e ho\u02bbomoana ana, h\u014d\u02bba\u02bb\u0101 maila l\u0101kou i n\u0101 lama \u02bbeh\u0101 kanah\u0101. A ho\u02bb\u014dho a\u02bbela me ka leo nui: \u201c I luna o ke kipi \u02bb\u0101ina! I luna o ke kipi \u02bb\u0101ina!!\u201d A p\u0113l\u0101 aku. A, \u02bbike a\u02bbela n\u0101 kipi i n\u0101 lama e \u02bb\u0101 ana, a me n\u0101 leo ho\u02bb\u014dho, a helu akula l\u0101kou (n\u0101 kipi) i ka nui o n\u0101 lama, p\u0101kahi, ua like me \u02bbeh\u0101 kanah\u0101, a alualu akula. I\u0101 l\u0101kou (n\u0101 kipi) i hala aku ai, hiki akula \u02bbo Lonoikamakahiki me kona p\u016b\u02bbali kaua, a i ka ho\u02bbouka kaua \u02bbana me ko Pupuakea p\u016b\u02bbali, lanakila maila \u02bbo Pupuakea, a \u02bbemi hope maila n\u0101 kipi. A, i loko o ia emi hope \u02bbana, e ho\u02bbomoana aku ana \u02bbo Lonoikamakahiki me kona p\u016b\u02bbali, a \u02bbo ka ho\u02bbouka ihola n\u014d ia, a ma ia ho\u02bbouka \u02bbana, hui a\u02bbela n\u0101 p\u016b\u02bbali \u02bbelua; \u02bbo ko Lonoikamakahiki me ko Pupuakea p\u016b\u02bbali, a pau ihola n\u0101 kipi i ka luku \u02bbia. A \u02bbo ke koena, he\u02bbe akula a uka o \u02bb\u014culi ma Waimea i ua p\u014d nei, a luku \u02bbia maila n\u014d e kekahi po\u02bbe kipi o l\u0101kou, me ka mana\u02bbo o ko Lonoikamakahiki po\u02bbe k\u0113ia e he\u02bbe nei. No laila, pau loa ke koena o n\u0101 kipi i pakele mai i ke kaua ma Pu\u02bbup\u0101. No laila, ma k\u0113ia kaua \u02bbana, ua kapa \u02bbia k\u0113ia kaua a Lonoikamakahiki \u02bbo Pu\u02bbup\u0101, \u02bbo ia ke kolu o k\u0101 Lonoikamakahiki ho\u02bbouka kaua \u02bbana.<\/p>\n<p>Ma ke ao \u02bbana a\u02bbe, i k\u0113l\u0101 p\u014d i ho\u02bbouka kaua ai ma Pu\u02bbup\u0101, ku\u02bbi akula ka lono i n\u0101 wahi \u02bb\u0113 a\u02bbe, aia \u02bbo Lonoikamakahiki i Pu\u02bbup\u0101. No laila, \u02bbo ka po\u02bbe e ho\u02bbomoana ana ma Haleokapuni i Kawaihae, a, e like ho\u02bbi me ka mana\u02bbo mua o ka po\u02bbe e ho\u02bbomoana ana ma Haleokapuni. \u02bbA\u02bbole l\u0101kou e pi\u02bbi i luna o Pu\u02bbukohol\u0101, aia a make kekahi kanaka o ko Lonoikamakahiki \u02bbao\u02bbao, a laila, pi\u02bbi \u02bbia \u02bbo Pu\u02bbukohol\u0101 no ka hai kanaka. A no ia mea, ua noho mana\u02bbolana wale l\u0101kou (n\u0101 kipi) ma k\u0101 l\u0101kou mana\u02bbo i k\u016bk\u0101 mua ai, a ua hilina\u02bbi wale l\u0101kou me ka mana\u02bbo e lanakila ana l\u0101kou. No ka mea, ua kaulana \u02bbo Kanaloap\u016blehu, he kanaka ikaika, a me Kanaloak\u016bakawaiea.<\/p>\n<p>Ak\u0101, ma kekahi p\u014d, hiki akula \u02bbo Lonoikamakahiki i Kawaihae me kona p\u016b\u02bbali, a \u02bbo ko Pupuakea p\u016b\u02bbali ho\u02bbi iho \u02bbia a\u02bbe a ma Nakikiainihau, ho\u02bb\u0101\u02bbia\u02bbi \u02bbia mai. Ak\u0101, \u02bbo Kanaloap\u016blehu, \u02bbike akula l\u0101kou i ke kaua a Pupuakea, ho\u02bbouna akula \u02bbo ia he ho\u02bbokahi lau kanaka e hele aku e kaua me Pupuakea. Ak\u0101, i ia po\u02bbe i ho\u02bbomaka aku ai e hele e kaua me Pupuakea, ma ua p\u014d nei, ua hiki a\u02bbela \u02bbo Lonoikamakahiki i luna o Pu\u02bbukohol\u0101, kawa p\u014d \u02bbia maila e Lonoikamakahiki, pa\u02bba \u02bbo luna o ka pu\u02bbu o Pu\u02bbukohol\u0101. I ia manawa, \u02bbo ka ho\u02bbouka koke ihola n\u014d ia o ke kaua, a pa\u02bba maila \u02bbo Kanaloap\u016blehu ma ka lima o ko Lonoikamakahiki po\u02bbe kaua. A, \u02bbo Kanaloak\u016bakawaiea, he\u02bbe akula \u02bbo ia me ke koena o n\u0101 kipi, a lanakila ihola \u02bbo Lonoikamakahiki i ia p\u014d. \u02bbO ka h\u0101 k\u0113ia o k\u0101 Lonoikamakahiki kaua p\u014d \u02bbana.<\/p>\n<p>A, ua kapa \u02bbia ia kaua \u02bbana a Lonoikamakahiki i Pu\u02bbukohol\u0101 \u02bbo Kawaluna, no ke kawa p\u014d \u02bbana mai a Lonoikamakahiki ma k\u0113l\u0101 ho\u02bbouka kaua \u02bbana. Pa\u02bba ihola \u02bbo Kanaloap\u016blehu i ia p\u014d a ao, pepehi \u02bbia ihola, a kau \u02bbia akula i ka lele. P\u0113l\u0101 i make ai ka p\u016bkaua o n\u0101 kipi.<\/p>\n<\/div>\n<\/div>\n<\/div>\n<\/div>\n<\/div>\n<\/div>\n<\/div>\n\n","protected":false},"excerpt":{"rendered":"","protected":false},"author":1,"featured_media":0,"parent":67,"menu_order":0,"comment_status":"closed","ping_status":"closed","template":"","meta":[],"_links":{"self":[{"href":"https:\/\/ehooululahui.maui.hawaii.edu\/index.php?rest_route=\/wp\/v2\/pages\/627"}],"collection":[{"href":"https:\/\/ehooululahui.maui.hawaii.edu\/index.php?rest_route=\/wp\/v2\/pages"}],"about":[{"href":"https:\/\/ehooululahui.maui.hawaii.edu\/index.php?rest_route=\/wp\/v2\/types\/page"}],"author":[{"embeddable":true,"href":"https:\/\/ehooululahui.maui.hawaii.edu\/index.php?rest_route=\/wp\/v2\/users\/1"}],"replies":[{"embeddable":true,"href":"https:\/\/ehooululahui.maui.hawaii.edu\/index.php?rest_route=%2Fwp%2Fv2%2Fcomments&post=627"}],"version-history":[{"count":1,"href":"https:\/\/ehooululahui.maui.hawaii.edu\/index.php?rest_route=\/wp\/v2\/pages\/627\/revisions"}],"predecessor-version":[{"id":628,"href":"https:\/\/ehooululahui.maui.hawaii.edu\/index.php?rest_route=\/wp\/v2\/pages\/627\/revisions\/628"}],"up":[{"embeddable":true,"href":"https:\/\/ehooululahui.maui.hawaii.edu\/index.php?rest_route=\/wp\/v2\/pages\/67"}],"wp:attachment":[{"href":"https:\/\/ehooululahui.maui.hawaii.edu\/index.php?rest_route=%2Fwp%2Fv2%2Fmedia&parent=627"}],"curies":[{"name":"wp","href":"https:\/\/api.w.org\/{rel}","templated":true}]}}