{"id":629,"date":"2018-12-27T11:47:35","date_gmt":"2018-12-27T21:47:35","guid":{"rendered":"http:\/\/ehooululahui.maui.hawaii.edu\/?page_id=629"},"modified":"2018-12-27T11:47:35","modified_gmt":"2018-12-27T21:47:35","slug":"lonoikamakahiki-mokuna-%ca%bbumi","status":"publish","type":"page","link":"https:\/\/ehooululahui.maui.hawaii.edu\/?page_id=629","title":{"rendered":"Lonoikamakahiki: Mokuna \u02bbUmi"},"content":{"rendered":"<style type=\"text\/css\"> \n#cmsmasters_row_69e3cc9d16fd8 { \n\tbackground-color:#f8ecc2;\n} \n\n#cmsmasters_row_69e3cc9d16fd8 .cmsmasters_row_outer_parent { \n\tpadding-top: 50px; \n} \n\n#cmsmasters_row_69e3cc9d16fd8 .cmsmasters_row_outer_parent { \n\tpadding-bottom: 50px; \n} \n\n \n#cmsmasters_divider_69e3cc9d17782 { \n\tborder-bottom-width:1px; \n\tborder-bottom-style:solid; \n\tpadding-top:5px; \n\tmargin-bottom:30px; \n\tborder-bottom-color:rgba(0,0,0,0.5);\n} \n<\/style><div id=\"cmsmasters_row_69e3cc9d16fd8\" class=\"cmsmasters_row cmsmasters_color_scheme_default cmsmasters_row_top_default cmsmasters_row_bot_default cmsmasters_row_boxed\">\n<div class=\"cmsmasters_row_outer_parent\">\n<div class=\"cmsmasters_row_outer\">\n<div class=\"cmsmasters_row_inner\">\n<div class=\"cmsmasters_row_margin\">\n<div class=\"cmsmasters_column one_first\">\n<div class=\"custom_html\">\n<iframe width=\"100%\" height=\"20\" scrolling=\"no\" frameborder=\"no\" allow=\"autoplay\" src=\"https:\/\/w.soundcloud.com\/player\/?url=https%3A\/\/api.soundcloud.com\/tracks\/483028497&color=%23ff5500&inverse=false&auto_play=false&show_user=false\"><\/iframe>\n<\/div>\n\n<div id=\"cmsmasters_divider_69e3cc9d17782\" class=\"cmsmasters_divider cmsmasters_divider_width_long cmsmasters_divider_pos_center\"><\/div>\n<div class=\"cmsmasters_text\">\n<p style=\"text-align: center;\">KA HE\u02bbE \u02bbANA O KANALOAK\u016aAKAWAIEA ME N\u0100 KIPI; KA LANAKILA \u02bbANA O LONOIKAMAKAHIKI<\/p>\n<p>Ma hope iho o ka lanakila \u02bbana o Lonoikamakahiki i ka ho\u02bbouka kaua \u02bbana ma Pu\u02bbukohol\u0101, he\u02bbe akula \u02bbo Kanaloak\u016bakawaiea, ka p\u016bkaua nui i koe o n\u0101 kipi \u02bb\u0101ina; he\u02bbe akula a noho i luna o P\u016b\u02bb\u0101inak\u014d. (Aia k\u0113l\u0101 \u02bboi\u02bboina ma ka \u02bb\u0101kau a\u02bbe o Kawaihae, \u02bbane\u02bbane \u02bbeh\u0101 mile mai Kawaihae aku.)<\/p>\n<p>Ma ua p\u014d ho\u02bbouka kaua l\u0101 i Pu\u02bbukohol\u0101, ma ke kakahiaka \u02bbana a\u02bbe, ma hope iho ho\u02bbi o ka pau \u02bbana o ka hai kanaka (Kanaloap\u016blehu) ma Pu\u02bbukohol\u0101, i ia manawa, ho\u02bbomaka akula k\u0101 Lonoikamakahiki po\u02bbe kaua e hele. Ak\u0101, ua hiki mua akula \u02bbo Pupuakea me k\u0101na po\u02bbe kaua i ka pali o Honokoa i ka manawa p\u014d\u02bbele\u02bbele o ke kakahiaka nui, me ka mana\u02bbo e loa\u02bba aku ke pio, ak\u0101, \u02bba\u02bbole he pio i loa\u02bba aku. No laila, ho\u02bbi hope maila ua \u02bbo Pupuakea, a loa\u02bba \u02bbo Lonoikamakahiki e iho mai ana i P\u0101honu. \u02bbAkahi n\u014d a hui n\u0101 p\u016b\u02bbali \u02bbelua; k\u0101 Pupuakea me k\u0101 Lonoikamakahiki. I ia manawa, k\u016bk\u0101 a\u02bbela l\u0101kou i kahi e hele ai. Ma ka mana\u02bbo \u02bbo Pupuakea l\u0101ua \u02bbo Lonoikamakahiki ma uka o Waimea ke pi\u02bbi; a ma ka mana\u02bbo ho\u02bbi o ke kahuna, \u02bbo H\u0101una, ma Kohala ke hele i Pu\u02bbumane\u02bbo e ho\u02bbonoho ai ke kaua. No laila, ho\u02bbolohe n\u014d \u02bbo Lonoikamakahiki e like me k\u0101 ke kahuna \u02bb\u014dlelo.<\/p>\n<p>Ma ia ho\u02bboholo \u02bbana, hele akula l\u0101kou mai Kawaihae aku, a hiki i ka pali o Honokoa, a kau ma luna o ka \u02bbao\u02bbao ma Kohala. I ia manawa, \u02bbike akula \u02bbo Lonoikamakahiki i ka meheu w\u0101wae o n\u0101 kipi, a laila, ho\u02bbomaka hou akula ka lanakila e huli i ka meheu. Aia na\u02bbe, e ahu ana n\u0101 meheu he nui, ua mae ke pili.<\/p>\n<p>No laila, ho\u02bbokolo akula ko Lonoikamakahiki mau p\u016b\u02bbali ma kahi e meheu ana. Aia na\u02bbe n\u0101 kipi he nui e ho\u02bbomoana ana ma P\u016b\u02bb\u0101inak\u014d. \u02bbIke mua maila na\u02bbe n\u0101 kipi i k\u0113ia kaua e hele aku ana, a laila, \u02bbo ka he\u02bbe akula n\u014d ia ma k\u0113l\u0101 wahi k\u0113ia wahi. Ak\u0101 na\u02bbe, ma mua o ka pau o ka ho\u02bboholo \u02bbana i ka \u02bb\u014dlelo i Puha\u02bbukole, ua ho\u02bbouna mua aku \u02bbo Pupuakea i ka \u02bbelele e hele aku e n\u0101n\u0101 i ka po\u02bbe kipi i \u02bbauhe\u02bbe ai i ke kaua i Pu\u02bbukohol\u0101.<\/p>\n<p>A ma k\u0113ia ukali \u02bbana a Lonoikamakahiki m\u0101, h\u0101l\u0101wai akula l\u0101kou ma kahakai o Kahu\u0101, a luku akula \u02bbo Pupuakea i n\u0101 kipi mai ke pili aku a hiki ma kahakai. \u02bbAuhe\u02bbe akula, a puehu li\u02bbili\u02bbi akula ma \u02bb\u014d a ma \u02bb\u014d. A, \u02bbo Kanaloak\u016bakawaiea, holo akula \u02bbo ia a ma ke awa pae wa\u02bba, a kauoha akula i n\u0101 k\u0101naka e uhi i n\u0101 \u02bbili\u02bbili (p\u014dhaku \u02bbili\u02bbili) ma luna ona. Ak\u0101 na\u02bbe, \u02bba\u02bbole i nalo ua \u02bbo Kanaloak\u016bakawaiea, hiki \u02bb\u0113 aku \u02bbo Lonoikamakahiki me kona po\u02bbe p\u016b\u02bbali, a pepehi \u02bbia ihola \u02bbo Kanaloak\u016bakawaiea. A \u02bbike maila n\u0101 k\u0101naka o Hilo, ua make ko l\u0101kou ali\u02bbi, ho\u02bbomake p\u016b maila n\u0101 maka\u02bb\u0101inana ma muli ona, a luku akula ka lanakila a pau loa kekahi mau kipi, a \u02bbo kekahi po\u02bbe kipi, \u02bb\u012bnana akula l\u0101kou ma luna o ke \u02bba\u02bb\u0101 o n\u0101 kahakai o Kahu\u0101, me he \u02bb\u014dpae l\u0101 ka p\u014dhaku kahawai, a no laila, k\u0101hea mai \u02bbo Pupuakea:<\/p>\n<blockquote>\n<p>Ke he\u02bbe l\u0101 k\u0101 ho\u02bbi e he\u02bbe ai,<\/p>\n<p>Ke pio l\u0101 k\u0101 ho\u02bbi e pio ai,<\/p>\n<p>Ka ua pio kipi \u02bb\u0101ina,<\/p>\n<p>Ke \u02bb\u012bnana l\u0101 k\u0101 ho\u02bbi,<\/p>\n<p>Me he \u02bb\u014dpae \u02bboeha\u02bba l\u0101,<\/p>\n<p>I luna ke \u02bba\u02bb\u0101 hao\u02bba,<\/p>\n<p>E kala ka he\u02bbe,<\/p>\n<p>Ua kahe\u0101wai ke kaua,<\/p>\n<p>Ke kaua kuehu one i Kauna\u02bboa,<\/p>\n<p>Ke kawa p\u014d i Pu\u02bbup\u0101,<\/p>\n<p>I kaua huli moku i Kawaluna,<\/p>\n<p>He\u02bbe honua kipi \u02bb\u0101ina,<\/p>\n<p>I ka \u02bbehu makani o ka l\u0101\u02bbau,<\/p>\n<p>Hai kanaka na\u02bbe ho\u02bbi, Lono \u0113,<\/p>\n<p>He lanakila l\u0101,<\/p>\n<p>E n\u0101 ali\u02bbi hana \u02bbino o l\u0101kou \u0113!<\/p>\n<\/blockquote>\n<p>Ua kapa \u02bbia k\u0113ia kaua a Lonoikamakahiki, \u02bbo Kai\u02bb\u014dpae, a no laila, ua kapa \u02bbia ka inoa o ia awa pae wa\u02bba ma muli o ia kaua. A, \u02bbo kona inoa, mau ia a hiki i k\u0113ia l\u0101.<\/p>\n<p>Ma hope iho o k\u0113ia pio \u02bbana i ke kaua ma Kai\u02bb\u014dpae, hele akula ka lanakila a hiki i Kohala. I\u0101 l\u0101kou na\u02bbe i hiki aku ai, e ho\u02bbopa\u02bba mai ana ke kaua a n\u0101 kipi i Hinakahua, ma Kapa\u02bbau i Kohala. I n\u0101 kipi i n\u0101n\u0101 mai ai i ka lanakila e hele aku ana ma uka, he mea \u02bb\u0113 ka \u02bbu\u02bbuku. A n\u014d ia \u02bbu\u02bbuku, \u02bba\u02bba n\u014d n\u0101 kipi e kaua mai i ko Lonoikamakahiki po\u02bbe kaua. Ak\u0101 i ka ho\u02bbokokoke \u02bbana aku o ka lanakila, ua \u02bbauhe\u02bbe honua n\u0101 kipi, a luku aku, luku mai n\u0101 kipi i\u0101 l\u0101kou iho, a holo akula me ka mana\u02bbo e pe\u02bbe ma n\u0101 pali o Polol\u016b a me Honok\u0101ne.<\/p>\n<p>A Halelua, loa\u02bba akula n\u0101 kipi i laila, a luku \u02bbia ihola e Pupuakea me k\u0101na l\u0101\u02bbau p\u0101lau. A make ihola ko Kohala p\u016bkaua \u02bbo Kai\u02bbopihi, a lanakila a\u02bbela \u02bbo Lonoikamakahiki ma ia kaua \u02bbana. Ua kapa \u02bbia ia kaua a Lonoikamakahiki \u02bbo Kai\u02bbopihi, no ka make \u02bbana o Kai\u02bbopihi ma laila, a \u02bbo ka inoa o ia wahi a hiki mai keia l\u0101.<\/p>\n<p>Ma hope iho o k\u0113ia kaua, ho\u02bbi akula \u02bbo Lonoikamakahiki a noho ma uka o Polol\u016b, ma luna o k\u0113la pu\u02bbu kaua i \u02bb\u014dlelo \u02bbia \u02bbo Pu\u02bbumane\u02bbo, e like me ke kuhikuhi a H\u0101una, kona kahu a kahuna ho\u02bbi. A luna o Pu\u02bbumane\u02bbo, hiki hou maila n\u014d n\u0101 kipi o H\u0101m\u0101kua, \u02bbo Hilo, \u02bbo Puna a me Kona. A lanakila loa a\u02bbela \u02bbo Lonoikamakahiki; i laila pau loa n\u0101 ali\u02bbi kipi i ka make, \u02bba\u02bbole kekahi o n\u0101 ali\u02bbi i ola. A puni a\u02bbela \u02bbo Hawai\u02bbi a pau i\u0101 Lonoikamakahiki.<\/p>\n<p>Ma hope iho o k\u0113ia lanakila \u02bbana, ho\u02bbi akula \u02bbo Lonoikamakahiki a kapu heiau ihola ma \u02bb\u0100puak\u0113hau, Kohala, aia ma laila ka heiau i \u02bb\u014dlelo \u02bbia \u02bbo Mulei\u02bbula. A pau ke kapu heiau \u02bbana a Lonoikamakahiki, a laila ho\u02bbi akula a kapu heiau hou i Pu\u02bbukohol\u0101. A pau ke kapu heiau \u02bbana ma laila, a laila, ho\u02bbi akula a ma Kahalu\u02bbu i Kona, kapu heiau hou, ma ka heiau i kapa \u02bbia \u02bbo M\u0101kole\u02bb\u0101. A pau ia, ho\u02bbi akula a loa\u02bba \u02bbo Kapulani, kekahi ali\u02bbi o n\u0101 kipi, ma n\u0101 aw\u0101wa e pe\u02bbe ana. A lilo a\u02bbela \u02bbo ia ma ka lima o ka lanakila, no ka mea, ua \u02bb\u014dlelo \u02bbia, \u02bbo ia kekahi ali\u02bbi i hui p\u016b e kipi aku i\u0101 Lonoikamakahiki. A no ia mea, ua ho\u02bboholo \u02bbia ka make o Kapulani. I ka p\u014d i ka\u02bbi ai ka \u02bbaha, ua mana\u02bbo \u02bbia ma ia ao \u02bbana a\u02bbe e kau ai i ka lele. Ak\u0101, ma ia p\u014d iho, ho\u02bbomahuka \u02bbia akula e Kalanio\u02bbumi, a lilo akula \u02bbo Kapulani a noho ma Ka\u02bb\u016b, a pakele akula \u02bbo ia i ka lima o ka lanakila.<\/p>\n<\/div>\n<\/div>\n<\/div>\n<\/div>\n<\/div>\n<\/div>\n<\/div>\n\n","protected":false},"excerpt":{"rendered":"","protected":false},"author":1,"featured_media":0,"parent":67,"menu_order":0,"comment_status":"closed","ping_status":"closed","template":"","meta":[],"_links":{"self":[{"href":"https:\/\/ehooululahui.maui.hawaii.edu\/index.php?rest_route=\/wp\/v2\/pages\/629"}],"collection":[{"href":"https:\/\/ehooululahui.maui.hawaii.edu\/index.php?rest_route=\/wp\/v2\/pages"}],"about":[{"href":"https:\/\/ehooululahui.maui.hawaii.edu\/index.php?rest_route=\/wp\/v2\/types\/page"}],"author":[{"embeddable":true,"href":"https:\/\/ehooululahui.maui.hawaii.edu\/index.php?rest_route=\/wp\/v2\/users\/1"}],"replies":[{"embeddable":true,"href":"https:\/\/ehooululahui.maui.hawaii.edu\/index.php?rest_route=%2Fwp%2Fv2%2Fcomments&post=629"}],"version-history":[{"count":1,"href":"https:\/\/ehooululahui.maui.hawaii.edu\/index.php?rest_route=\/wp\/v2\/pages\/629\/revisions"}],"predecessor-version":[{"id":630,"href":"https:\/\/ehooululahui.maui.hawaii.edu\/index.php?rest_route=\/wp\/v2\/pages\/629\/revisions\/630"}],"up":[{"embeddable":true,"href":"https:\/\/ehooululahui.maui.hawaii.edu\/index.php?rest_route=\/wp\/v2\/pages\/67"}],"wp:attachment":[{"href":"https:\/\/ehooululahui.maui.hawaii.edu\/index.php?rest_route=%2Fwp%2Fv2%2Fmedia&parent=629"}],"curies":[{"name":"wp","href":"https:\/\/api.w.org\/{rel}","templated":true}]}}