{"id":636,"date":"2018-12-27T12:45:18","date_gmt":"2018-12-27T22:45:18","guid":{"rendered":"http:\/\/ehooululahui.maui.hawaii.edu\/?page_id=636"},"modified":"2018-12-27T12:45:18","modified_gmt":"2018-12-27T22:45:18","slug":"lonoikamakahiki-mokuna-%ca%bbumi-kumakolu","status":"publish","type":"page","link":"https:\/\/ehooululahui.maui.hawaii.edu\/?page_id=636","title":{"rendered":"Lonoikamakahiki: Mokuna \u02bbUmi K\u016bm\u0101kolu"},"content":{"rendered":"<style type=\"text\/css\"> \n#cmsmasters_row_69f028d374a30 { \n\tbackground-color:#f8ecc2;\n} \n\n#cmsmasters_row_69f028d374a30 .cmsmasters_row_outer_parent { \n\tpadding-top: 50px; \n} \n\n#cmsmasters_row_69f028d374a30 .cmsmasters_row_outer_parent { \n\tpadding-bottom: 50px; \n} \n\n \n#cmsmasters_divider_69f028d3753fe { \n\tborder-bottom-width:1px; \n\tborder-bottom-style:solid; \n\tpadding-top:5px; \n\tmargin-bottom:30px; \n\tborder-bottom-color:rgba(0,0,0,0.5);\n} \n<\/style><div id=\"cmsmasters_row_69f028d374a30\" class=\"cmsmasters_row cmsmasters_color_scheme_default cmsmasters_row_top_default cmsmasters_row_bot_default cmsmasters_row_boxed\">\n<div class=\"cmsmasters_row_outer_parent\">\n<div class=\"cmsmasters_row_outer\">\n<div class=\"cmsmasters_row_inner\">\n<div class=\"cmsmasters_row_margin\">\n<div class=\"cmsmasters_column one_first\">\n<div class=\"custom_html\">\n<iframe width=\"100%\" height=\"20\" scrolling=\"no\" frameborder=\"no\" allow=\"autoplay\" src=\"https:\/\/w.soundcloud.com\/player\/?url=https%3A\/\/api.soundcloud.com\/tracks\/483028485&color=%23ff5500&inverse=false&auto_play=false&show_user=false\"><\/iframe>\n<\/div>\n\n<div id=\"cmsmasters_divider_69f028d3753fe\" class=\"cmsmasters_divider cmsmasters_divider_width_long cmsmasters_divider_pos_center\"><\/div>\n<div class=\"cmsmasters_text\">\n<p style=\"text-align: center;\">KA HO\u02bbOUKA KAUA \u02bbANA MA WAIMEA; KA LANAKILA \u02bbANA O LONOIKAMAKAHIKI; \u02bbAUHE\u02bbE \u02bbO KAMAL\u0100L\u0100WALU ME KONA MAKE \u02bbANA<\/p>\n<p>Ma hope iho o ka make \u02bbana o Kanaloakua\u02bbana i\u0101 Kamal\u0101l\u0101walu m\u0101, a e like ho\u02bbi me ka \u02bb\u014dlelo a n\u0101 \u02bbelem\u0101kule, e ho\u02bbi i uka o Waimea, ma Pu\u02bbu\u02bbo\u0101\u02bboaka a me H\u014dk\u016b\u02bbula e ho\u02bbonoho ai ko Maui po\u02bbe kaua, a no laila, ua ho\u02bbi akula \u02bbo Kamal\u0101l\u0101walu m\u0101 a ma kahi a ua mau \u02bbelem\u0101kule nei i kuhikuhi ai.<\/p>\n<p>Ho\u02bbi akula ko Maui po\u02bbe a noho ma H\u014dk\u016b\u02bbula e kali ana no ka ho\u02bbouka kaua \u02bbana. I ka l\u0101 a Kamal\u0101l\u0101walu m\u0101 i pi\u02bbi ai i uka o Waimea a noho ma H\u014dk\u016b\u02bbula, a \u02bbo ua mau \u02bbelem\u0101kule nolunolu l\u0101 n\u014d kekahi me Kamal\u0101l\u0101walu m\u0101 i k\u0113l\u0101 manawa. A ma ia p\u014d a ao a\u02bbe, ma ke kakahiaka nui i ka manawa i ala a\u02bbe ai ko Kamal\u0101l\u0101walu hiamoe, aia ho\u02bbi, ua kuahaua \u02bbia maila n\u0101 k\u0101naka o Kona, ko Ka\u02bb\u016b a \u02bbo Puna a me Hilo, \u02bbo H\u0101m\u0101kua ho\u02bbi a me Kohala.<\/p>\n<p>N\u0101n\u0101 akula \u02bbo Kamal\u0101l\u0101walu he \u02bbula wale l\u0101 n\u014d na ke \u02bb\u0101, mai Keohe a Kanik\u016b. I ia manawa ha\u02bboha\u02bbo n\u014d \u02bbo Kamal\u0101l\u0101walu i k\u0113ia mea, no ka mea, i k\u0101 Kamal\u0101l\u0101walu \u02bbike \u02bbana i ka l\u0101 mua he uliuli ke \u02bb\u0101. A, i k\u0113ia kakahiaka ho\u02bbi, he \u02bbula p\u016b wale l\u0101 n\u014d i n\u0101 k\u0101naka.<\/p>\n<p>No laila, n\u012bnau a\u02bbela \u02bbo Kamal\u0101l\u0101walu: \u201c \u02bbE\u0101, e K\u016bmaikeau m\u0101, \u02bbula p\u016b ho\u02bbi ke \u02bb\u0101, he aha k\u0113ia \u02bbula, he kaua paha?\u201d<\/p>\n<p>\u02bb\u012a aku \u02bbo K\u016bmaikeau m\u0101: \u201c \u02bbA\u02bbole paha ia \u02bbula \u0101u e \u02bbike l\u0101, he \u02bbula \u02bb\u0113 a\u02bbe, a mana\u02bbo aku \u02bboe he kaua ia. \u02bbA\u02bbole ia he kaua. \u02bbO ia \u02bbula l\u0101 \u02bbea, he makani p\u0101 akula ka makani \u02bb\u014clauniu a pili akula, hui akula me ko Wain\u0101n\u0101li\u02bbi makani, k\u016b a\u02bbela ke ehu o ka lepo, uhia akula nalowale ke \u02bb\u0101 \u0101u i \u02bbike ai i ka l\u0101 i nehinei.\u201d<\/p>\n<p>A, no k\u0113l\u0101 \u02bb\u014dlelo nolu a k\u0113l\u0101 mau \u02bbelem\u0101kule, \u02bboki wale ihola n\u014d \u02bbo Kamal\u0101l\u0101walu, a waiho wale i loko ona i ia mana\u02bbo, no ka mea, \u02bba\u02bbole he hilina\u02bbi nui i k\u0113l\u0101 \u02bb\u014dlelo a K\u016bmaikeau m\u0101, no ka mea, ua mau ka pa\u02bba \u02bbana o ke \u02bb\u0101 i n\u0101 k\u0101naka a hiki i ka n\u0101po\u02bbo \u02bbana o ka l\u0101. Ma ia p\u014d iho, a ao a\u02bbe, hiki maila ko Kona po\u02bbe a ho\u02bbonoho maila mai kai o Pu\u02bbup\u0101 a hiki i Haleapala. A, \u02bbo ko Ka\u02bb\u016b ho\u02bbi a me ko Puna, ho\u02bbonoho a\u02bbela k\u0101 l\u0101kou po\u02bbe mai Holoholok\u016b a Waikoloa. A, \u02bbo ko Hilo a me ko H\u0101m\u0101kua mai, ho\u02bbonoho maila ko l\u0101kou po\u02bbe kaua mai Mahiki a Pu\u02bbukanikanihia. A, \u02bbo ko Kohala ho\u02bbi, pania \u02bbia maila e n\u0101 k\u0101naka mai Momoualoa a Waihaka.<\/p>\n<p>I ia kakahiaka, n\u0101n\u0101 akula \u02bbo Kamal\u0101l\u0101walu, ua uhi pa\u02bba p\u016b \u02bbia mai o lalo i n\u0101 k\u0101naka, \u02bba\u02bbole o kana mai. A laila, n\u0101n\u0101 a\u02bbela \u02bbo Kamal\u0101l\u0101walu i\u0101 l\u0101kou, ua \u02bbu\u02bbuku loa. A laila, \u02bb\u014dlelo akula \u02bbo Kamal\u0101l\u0101walu i\u0101 K\u016bmaikeau m\u0101: \u201c \u02bbE\u0101! E K\u016bmaikeau m\u0101, pehea k\u0113ia? He aha k\u0113ia lehulehu o lalo?\u201d<\/p>\n<p>\u02bb\u012a aku \u02bbo K\u016bmaikeau m\u0101: \u201c \u02bbAkahi n\u014d au a \u02bbike i ka nui o n\u0101 k\u0101naka o Hawai\u02bbi nei. Mai mana\u02bbo na\u02bbe \u02bboe i ia nui, e pakele ana i\u0101 k\u0101kou. \u02bbA\u02bbole e pakele, aia k\u0101 l\u0101kou kaua ma lalo, he nui l\u0101kou, \u02bbo ko l\u0101kou ka\u02bba ma lalo, make n\u014d ia k\u0101kou.\u201d<\/p>\n<p>I kekahi l\u0101 a\u02bbe, hele akula \u02bbo Lonoikamakahiki e h\u0101l\u0101wai me Kamal\u0101l\u0101walu e k\u016bk\u0101 no ke kaua. A i ko l\u0101ua kama\u02bbilio \u02bbana, \u02bb\u014dlelo aku \u02bbo Kamal\u0101l\u0101walu<\/p>\n<p>i\u0101 Lonoikamakahiki, e ho\u02bbopau wale ke kaua, no ka mea, ua hopo maila \u02bbo Kamal\u0101l\u0101walu no ka nui loa o k\u0101 Lonoikamakahiki kaua. Ak\u0101, ma k\u0113l\u0101 \u02bb\u014dlelo kaua a Kamal\u0101l\u0101walu e ho\u02bbopau wale ke kaua, \u02bba\u02bbohe mana\u02bbo o Lonoikamakahiki e ho\u02bbopau, e like me k\u0101 Kamal\u0101l\u0101walu \u02bb\u014dlelo, no ka mea, ua wela ko Lonoikamakahiki huh\u016b no Kamal\u0101l\u0101walu, no ka pepehi ho\u02bbom\u0101inoino \u02bbana i\u0101 Kanaloakua\u02bbana. \u02bbO ia ho\u02bbi, ua p\u014d\u02bbalo \u02bbia n\u0101 maka, a ua ho\u02bbom\u0101inoino \u02bbia i ko Kanaloakua\u02bbana w\u0101 e ola \u02bboko\u02bba ana.<\/p>\n<p>Ak\u0101 ho\u02bbi, \u02bbo Makak\u016bikalani, i kona lohe \u02bbana i\u0101 Kamal\u0101l\u0101walu, ua \u02bb\u014dlelo aku \u02bbo ia i\u0101 Lonoikamakahiki e ho\u02bbopau i ke kaua, he mea makemake \u02bbole na\u02bbe ia i\u0101 Makak\u016bikalani. \u02bbO ia ho\u02bbi, ua \u02bb\u014dlelo aku \u02bbo ua \u02bbo Makak\u016bikalani nei i\u0101 Kamal\u0101l\u0101walu, \u02bba\u02bbole e ho\u02bbopau i ke kaua. \u201cH\u014d aku i mua a kau i ka lananu\u02bbu. A laila, \u02bbike \u02bbia n\u0101 keiki makua o k\u0101kou.\u201d<\/p>\n<p>A no ia mana\u02bbo pa\u02bba o Makak\u016bikalani, h\u014d\u02bbike mau a\u02bbela \u02bbo ia i mua o ko Hawai\u02bbi kaua i k\u0113l\u0101 l\u0101 k\u0113ia l\u0101 pau n\u0101 l\u0101 \u02bbekolu. Ma hope iho o n\u0101 l\u0101 \u02bbekolu, ho\u02bbomaka ihola n\u0101 \u02bbao\u02bbao \u02bbelua e kaua, a i loko n\u014d o ua l\u0101, ho\u02bbouka kaua l\u0101, lanakila a\u02bbela \u02bbo Lonoikamakahiki ma luna o ko Kamal\u0101l\u0101walu p\u016b\u02bbali holo\u02bboko\u02bba, a \u02bbauhe\u02bbe akula ko Maui a pau.<\/p>\n<p>A penei ho\u02bbi ka mo\u02bbolelo o ia ho\u02bbouka kaua \u02bbana i \u02bb\u014dlelo \u02bbia e ka po\u02bbe kahiko, ma k\u0101 l\u0101kou m\u0101lama mo\u02bbolelo \u02bbana. Ma mua o ka ho\u02bbouka kaua \u02bbana, he mea mau i n\u0101 \u02bbelem\u0101kule ka paipai \u02bbana i\u0101 Kamal\u0101l\u0101walu e kaua. Aia a lohe ua mau \u02bbelem\u0101kule nei i n\u0101 \u02bb\u014dlelo a Kamal\u0101l\u0101walu m\u0101, no n\u0101 mea a l\u0101kou e hana aku ai i\u0101 Lonoikamakahiki, ma n\u0101 mea e pili ana i ke kaua e lanakila ai ko l\u0101kou \u02bbao\u02bbao, a e pio ai ho\u02bbi ko Lonoikamakahiki, a laila, e hele aku auane\u02bbi ua mau \u02bbelem\u0101kule nei e ha\u02bbi aku i\u0101 Lonoikamakahiki m\u0101, ma kekahi manawa ka\u02bbawale o ka p\u014d. No ka mea, na ua mau \u02bbelem\u0101kule nei n\u014d e kuhikuhi aku i\u0101 Kamal\u0101l\u0101walu m\u0101 i ke kahua, kahi e ho\u02bbouka ai ke kaua \u02bbana. A, e like me ke kuhikuhi \u02bbana a k\u0113l\u0101 mau \u02bbelem\u0101kule, e lilo auane\u02bbi ia i \u02bb\u014dlelo na Kamal\u0101l\u0101walu e hilina\u02bbi nui ai.<\/p>\n<p>A, no ia mea, hele aku n\u014d \u02bbo K\u016bmaikeau m\u0101, ua mau \u02bbelem\u0101kule nolu (\u02bb\u0101puka) nei a ha\u02bbi aku i\u0101 Lonoikamakahiki. \u02bbA\u02bbole n\u014d e kuhikuhi ana ua mau \u02bbelem\u0101kule nei i ke kahua kaua ma kahi e lanakila ai ko Kamal\u0101l\u0101walu mau p\u016b\u02bbali, ak\u0101, ma kahi e pio ai \u02bbo Kamal\u0101l\u0101walu m\u0101, ma laila n\u014d k\u0101 ua mau \u02bbelem\u0101kule nei kahua kaua e ho\u02bbonoho ai.<\/p>\n<p>I ka l\u0101 o ka ho\u02bbouka kaua, ma ke kakahiaka nui, hele akula \u02bbo Makak\u016bikalani ma mua, a \u02bbo kona po\u02bbe kaua ma hope ona, a ma Waikakanilua, ma lalo aku o H\u014dk\u016b\u02bbula a me Pu\u02bbu\u02bbo\u0101\u02bboaka, ma ka hulei e n\u0101n\u0101 iho ana i\u0101 Waikoloa. Ak\u0101 ho\u02bbi, \u02bbo Pupuakea, i kona \u02bbike \u02bbana mai i\u0101 Makak\u016bikalani, e ho\u02bbonoho aku ana me kona po\u02bbe koa, a laila, hele maila \u02bbo Pupuakea me kona po\u02bbe kaua, me ka m\u0101kaukau ho\u02bbi no ke kaua. Ak\u0101, ua m\u0101kaukau n\u014d n\u0101 \u02bbao\u02bbao a \u02bbelua no ke kaua.<\/p>\n<p>He kanaka nui a l\u014d\u02bbihi \u02bbo Makak\u016bikalani, ka p\u016bkaua ikaika kaulana o Maui, ko Kamal\u0101l\u0101walu kaikaina. A, \u02bbo Pupuakea hoi, ko Hawai\u02bbi p\u016bkaua ikaika kaulana, ko Lonoikamakahiki kaikaina, he wahi kanaka \u02bbu\u02bbuku n\u014d ia, a ha\u02bbaha\u02bba ho\u02bbi. Ua a\u02bbo \u02bbia n\u014d l\u0101ua a \u02bbelua i ke k\u0101k\u0101 l\u0101\u02bbau p\u0101lau, a ua akamai n\u014d l\u0101ua a \u02bbelua, ak\u0101, he kumu \u02bboko\u02bba k\u0101 kekahi a me kekahi, a ua a\u02bbo \u02bbia n\u014d l\u0101ua ma n\u0101 wahi ka\u02bbawale. Ak\u0101, i ka l\u0101 o ka ho\u02bbouka kaua \u02bbana, ua weliweli maila ko Lonoikamakahiki po\u02bbe kaua, no ka \u02bbike \u02bbana mai i\u0101 Makak\u016bikalani.<\/p>\n<p>Ak\u0101, \u02bbo Pupuakea, i loko o kona manawa i \u02bbike aku ai i\u0101 Makak\u016bikalani, \u02bba\u02bbole i komo mai i loko ona ka maka\u02bbu, \u02bba\u02bbole n\u014d ho\u02bbi \u02bbo ia i weliweli, ak\u0101, k\u016bpa\u02bba mau n\u014d \u02bbo ia e kaua aku i\u0101 Makak\u016bikalani.<\/p>\n<p>I\u0101 Makak\u016bikalani a me Pupuakea e k\u016b ana ma ke kahua kaua, i ia manawa, lawe a\u02bbela \u02bbo Makak\u016bikalani i k\u0101na l\u0101\u02bbau p\u0101lau a ki\u02bbeki\u02bbe, a hahau ihola ma luna iho o Pupuakea, a no ka ha\u02bbaha\u02bba o Pupuakea, ua p\u0101 lihi akula \u02bbo Pupuakea, ak\u0101, h\u0101\u02bbule akula \u02bbo Pupuakea i lalo i ka honua. A, \u02bbo ka w\u0113lau o ua l\u0101\u02bbau p\u0101lau l\u0101 a Makak\u016bikalani, i loko ho\u02bbi o kona manawa i hahau aku ai i\u0101 Pupuakea, n\u0101po\u02bbo p\u016b akula i ka lepo. I ka manawa i p\u0101 aku ai \u02bbo Pupuakea i ka l\u0101\u02bbau p\u0101lau a Makak\u016bikalani, a h\u0101\u02bbule i lalo, mana\u02bbo a\u02bbela ua \u02bbo Makak\u016bikalani, ua make loa \u02bbo Pupuakea. Ak\u0101, \u02bbo ke kumu k\u0101k\u0101 l\u0101\u02bbau a Makak\u016bikalani, ka mea n\u0101na i a\u02bbo \u02bbo Makak\u016bikalani, \u02bbo ia ka mea n\u0101na i \u02bbike mai \u02bbo Pupuakea, \u02bba\u02bbole i make.<\/p>\n<p>No laila, \u02bb\u014dlelo aku ua kumu k\u0101k\u0101 l\u0101\u02bbau l\u0101 a Makak\u016bikalani: \u201cE ho\u02bbi hou \u02bbia aku e ho\u02bbomake, \u02bba\u02bbole i make ka hoa kaua, no ka mea, he l\u0101\u02bbau kau i luna, p\u0101 kano akula k\u0101u uhau \u02bbana.\u201d<\/p>\n<p>A lohe \u02bbo Makak\u016bikalani i k\u0113ia \u02bb\u014dlelo \u02bbana aku a k\u0101na kumu, a laila, huli a\u02bbela \u02bbo ia (Makak\u016bikalani) a wala hope a\u02bbela i ke kumu o ka l\u0101\u02bbau p\u0101lau me ka \u02bb\u014dlelo aku: \u201cKuli! I ka hale pau ke a\u02bbo \u02bbana. \u02bbA\u02bbole e pakele, ua make akula, no ka mea \u02bbo ka \u02bbi\u02bbo ka l\u0101\u02bbau.\u201d<\/p>\n<p>A \u02bbo ua kumu nei ho\u02bbi a ua \u02bbo Makak\u016bikalani make loa akula ia, i ka manawa n\u014d a ua \u02bbo Makak\u016bikalani i huli aku ai a kama\u02bbilio.<\/p>\n<p>I ka manawa a Pupuakea e waiho ana i ka honua, ua ma\u02bbule akula \u02bbo ia, a ma hope, loa\u02bba maila ka m\u0101m\u0101 iki \u02bbana a\u02bbe. I ia manawa, ala a\u02bbela \u02bbo Pupuakea mai ka honua a\u02bbe, i ia manawa \u02bbike maila \u02bbo Makak\u016bikalani ua ola hou \u02bbo Pupuakea, a laila, holo hou maila \u02bbo Makak\u016bikalani i mua o Pupuakea, me ka mana\u02bbo e ho\u02bbomake loa i\u0101 Pupuakea.<\/p>\n<p>A, \u02bbike akula \u02bbo Pupuakea i\u0101 Makak\u016bikalani e hele mai ana e k\u016b \u02bb\u0113 hou i\u0101 ia, a laila ho\u02bbom\u0101kaukau a\u02bbela \u02bbo ia e pepehi aku i\u0101 Makak\u016bikalani. A i ke kokoke \u02bbana mai \u02bbo ua \u02bbo Makak\u016bikalani nei, lawe a\u02bbela \u02bbo Pupuakea i k\u0101na l\u0101\u02bbau p\u0101lau a wili ma kona \u02bbao\u02bbao \u02bb\u0101kau, a i ka ho\u02bbomaka hou \u02bbana o Makak\u016bikalani e ho\u02bbouka hou i k\u0101na l\u0101\u02bbau p\u0101lau ma luna o Pupuakea, a laila, i ia manawa, wili a\u02bbela \u02bbo Pupuakea i k\u0101na l\u0101\u02bbau, a hu\u02bbalepo akula ma n\u0101 w\u0101wae o Makak\u016bikalani , a p\u0101 akula i\u0101 Makak\u016b, h\u0101\u02bbule akula i ka honua, a i ka wili \u02bbana mai i k\u0101na l\u0101\u02bbau mai ka \u02bbao\u02bbao hema mai, p\u0101 maila ma ka hono, make ihola \u02bbo Makak\u016bikalani. I ia manawa, emi hope akula \u02bbo Pupuakea a h\u0101l\u0101wai me k\u0101na kumu k\u0101k\u0101 l\u0101\u02bbau n\u0101na i a\u02bbo. \u02bb\u012a maila ke kumu i\u0101 Pupuakea: \u201cHo\u02bbi hou \u02bbia aku e ho\u02bbomake i make.\u201d<\/p>\n<p>A no ka \u02bb\u014dlelo \u02bbana a ke kumu a ua \u02bbo Pupuakea p\u0113l\u0101, a laila, \u02bb\u014dlelo akula \u02bbo Pupuakea i k\u0101na \u02bb\u014dlelo kaena i mua o k\u0101na kumu: \u201c \u02bbA\u02bbole e ola! Ua make!!\u201d<\/p>\n<p>N\u0101n\u0101 ihola \u02bbo ia i ka poho o kona lima, a \u02bb\u014dlelo a\u02bbela i ke kumu \u0101na: \u201c \u02bbA\u02bbole ia e ola, no ka mea, ua k\u016bka\u02bbi a\u02bbe nei ka ila o Pupuakea. Make akula i ka l\u0101\u02bbau a k\u0101ua i ka hu\u02bbalepo.\u201d<\/p>\n<p>A h\u0101\u02bbule akula ka p\u016bkaua nui kaulana o Maui, a laila luku akula k\u0101 Hawai\u02bbi i\u0101 Kamal\u0101l\u0101walu m\u0101, a make akula \u02bbo Kamal\u0101l\u0101walu. I ia make \u02bbana o ua \u02bbo Kamal\u0101l\u0101walu, luku \u02bbia akula \u02bbo Maui \u02bbekolu l\u0101, a he\u02bbe akula \u02bbo Maui, a holo akula, a n\u0101 wa\u02bba o l\u0101kou. Ak\u0101, \u02bba\u02bbole he \u02bbiako, \u02bba\u02bbole he ama, no ka mea, ua pau i ka ha\u02bbiha\u02bbi \u02bbia. No laila, holo akula ke pio a ma Puak\u014d. A, \u02bbo ka \u02bbike i ke pa\u02bbimalau, kuhi he wa\u02bba, a i ka ho\u02bbolana \u02bbana i loko o ke kai, me ka mana\u02bbo, \u02bbo ka wa\u02bba ia, aia na\u02bbe ua k\u0101hulihuli, a loa\u02bba hou akula i ka lanakila, luku \u02bbia akula n\u0101 koena o k\u0101 Maui, a pau loa i ka make. A, \u02bbo Kauhiakama ho\u02bbi, ke keiki a Kamal\u0101l\u0101walu, holo pio akula \u02bbo ia, a pakele akula. A penei ka mo\u02bbolelo o kona pakele \u02bbana.<\/p>\n<p>I ka l\u0101 o ka he\u02bbe \u02bbana o ko Maui po\u02bbe kaua, holo mal\u016b akula \u02bbo ia a hiki i Kawaihae, a ma laila mai e holo ana me ka mana\u02bbo e pe\u02bbe ma n\u0101 ana, a hiki i ka w\u0101 e lanakila ai, a laila, h\u014d\u02bbike a\u02bbe.<\/p>\n<p>A, \u02bbo H\u012bnau, kekahi o n\u0101 p\u016bkaua o Lonoikamakahiki, he \u02bbelele n\u014d na Lonoikamakahiki, ak\u0101, ua nui loa ke aloha o H\u012bnau i\u0101 Kauhiakama. No laila, ma mua o ko H\u012bnau mana\u02bbo \u02bbana e ho\u02bbomahuka i\u0101 Kauhiakama, p\u016blehu a\u02bbela \u02bbo ia i mau kalo a mo\u02bba, a pa\u02bba p\u016b a\u02bbela me n\u0101 \u02bbo\u02bbopu malo\u02bbo i p\u016blehu \u02bbia, a \u02bbimi akula i\u0101 Kauhiakama. Ma Kawaihae \u02bbo ko H\u012bnau hiki mua \u02bbana, a ma laila aku a hiki i Kai\u02bb\u014dpae, \u02bbike mua akula \u02bbo H\u012bnau i\u0101 Kauhiakama, a laila, k\u0101hea akula: \u201cE Kauhiakama \u0113! Ma laila iho \u02bboe a loa\u02bba aku ia\u02bbu.\u201d<\/p>\n<p>I \u02bbalawa a\u02bbe ka hana o Kauhiakama, e hele aku ana \u02bbo H\u012bnau, a laila, mana\u02bbo a\u02bbela \u02bbo Kauhiakama: \u201cMake, eia ka lanakila.\u201d<\/p>\n<p>A laila p\u0101lulu a\u02bbela ua \u02bbo Kauhiakama i n\u0101 lima i ke po\u02bbo me ka mana\u02bbo kaumaha i ka make, e u\u0113 ana. Ak\u0101, hele akula \u02bbo H\u012bnau a honi akula i ka ihu o Kauhiakama, a u\u0113 ihola, me ka \u02bb\u012b aku: \u201cUa noho au me ka aloha i\u0101 \u02bboe, a no laila, p\u016blehu mai nei i n\u0101 wahi kalo, a me n\u0101 wahi \u02bbo\u02bbopu malo\u02bbo, a \u02bbimi mai nei i\u0101 \u02bboe.\u201d<\/p>\n<p>A no k\u0113ia \u02bb\u014dlelo a H\u012bnau, \u02bbakahi n\u014d a \u02bbolu\u02bbolu ihola \u02bbo Kauhiakama, a mana\u02bbo a\u02bbela n\u014d ho\u02bbi i ke alo.<\/p>\n<p>I ia manawa, \u02bbo ke kalo a H\u012bnau i ho\u02bbom\u0101kaukau ai, \u02bbai ihola \u02bbo Kauhiakama. A pau ia, ho\u02bbomahuka akula \u02bbo H\u012bnau i\u0101 Kauhiakama, a hala akula i Maui, a p\u0113l\u0101 i pakele ai \u02bbo Kauhiakama i n\u0101 lima o kona po\u02bbe \u02bbenemi.<\/p>\n<p>I\u0101 Kauhiakama i ho\u02bbi ai a Maui, h\u0101pai nui a\u02bbela \u02bbo ia i\u0101 H\u012bnau, a kapa a\u02bbela i ka inoa o ka hale o H\u012bnau, n\u0101 \u02bbumeke a me n\u0101 ipukai, \u02bbo H\u012bnau. A kapa akula i ka inoa o n\u0101 mahina\u02bbai k\u014d\u02bbele \u02bbo H\u012bnau. Ua kapa \u02bbia n\u0101 mea a pau a Kauhiakama \u02bbo H\u012bnau; he mau mea e ho\u02bbomana\u02bbo ana i n\u0101 mea a pau a H\u012bnau i hana maika\u02bbi aku ai i\u0101 i\u0101 (Kauhiakama).<\/p>\n<p>A he mau makahiki he nui ma ia hope mai, ku\u02bbi akula ka lono i\u0101 Lonoikamakahiki, a lohe \u02bbo ia i k\u0113ia mau hana a Kauhiakama, ma ke kapa \u02bbana i n\u0101 mea a pau \u0101na, ma muli o ka inoa H\u012bnau. No laila, ho\u02bbouna \u02bbia akula kekahi mau \u02bbelele mai ke alo aku o Lonoikamakahiki, e holo i Maui, e ki\u02bbi i\u0101 H\u012bnau. Ma mua o ka holo \u02bbana a na luna ki\u02bbi i\u0101 H\u012bnau, \u02bb\u014dlelo akula \u02bbo ia i ua mau luna nei:<\/p>\n<p>\u201cE ki\u02bbi \u02bboukou i\u0101 H\u012bnau, ma muli o ku\u02bbu kauoha, a i h\u0101l\u0101wai \u02bboukou me ia, e \u02bb\u014dlelo aku \u02bboukou, e ho\u02bbi mai i Hawai\u02bbi nei, e ho\u02bboponopono ai i ka \u02bb\u0101ina, no ka mea, ke holo nei wau i Kaua\u02bbi, i \u02bbike aku au i ka l\u0101\u02bbau koa kumu \u02bbole o Kahikikolo. A, e noho \u02bbo ia e pani ma ku\u02bbu hakahaka; p\u0113l\u0101 \u02bboukou e \u02bb\u014dlelo aku ai. A, i kau mai k\u0113l\u0101 ma luna o n\u0101 wa\u02bba o \u02bboukou, a laila, e lawe mai a ka moana o \u02bbAlenuih\u0101h\u0101, e moku ola aku i\u0101 ia i loko o ke kai, no ka mea, ua hewa k\u0101na hana \u02bbana no kona ho\u02bbomahuka \u02bbana i\u0101 Kauhiakama, ka mea a\u02bbu i \u02bb\u014dlelo ai, \u02bba\u02bbole e koe i ho\u02bbokahi pua ali\u02bbi o Maui.\u201d<\/p>\n<p>A pau k\u0101 Lonoikamakahiki \u02bb\u014dlelo \u02bbana i n\u0101 luna \u0101na e ho\u02bbouna ai, holo akula ua mau luna nei i Maui.<\/p>\n<p>A, i ka h\u0101l\u0101wai \u02bbana o ua mau luna nei me H\u012bnau, \u02bbike akula na\u02bbe ua mau luna nei, \u02bbo H\u012bnau ke kanaka ko\u02bbiko\u02bbi o Maui i mua o Kauhiakama, a \u02bbo ia ho\u02bbokahi n\u014d ka punahele \u02bboi i mua o ko Kauhiakama alo. Ak\u0101, ma n\u0101 mea i kauoha \u02bbia i\u0101 l\u0101kou n\u0101 luna e hana aku, a laila, hana akula n\u014d l\u0101kou e like me k\u0101 Lonoikamakahiki \u02bb\u014dlelo.<\/p>\n<p>A, i ka lohe \u02bbana o H\u012bnau i k\u0113ia mau \u02bb\u014dlelo a Lonoikamakahiki ma ka waha aku o ua mau luna nei, a \u02bbike maila \u02bbo H\u012bnau, ua \u02bbano \u02bboia\u02bbi\u02bbo n\u0101 \u02bb\u014dlelo a pau i ha\u02bbi \u02bbia aku i\u0101 ia, a laila, ho\u02bboholo a\u02bbela \u02bbo ia i kona mana\u02bbo a\u02bbe no n\u0101 mea i ha\u02bbi \u02bbia aku ai. Ak\u0101, \u02bba\u02bbole na\u02bbe i mana\u02bbo \u02bbo Kauhiakama e ho\u02bboku\u02bbu aku i\u0101 H\u012bnau e holo i Hawai\u02bbi, me ka mana\u02bbo ona, \u02bba\u02bbole e ho\u02bbi hou mai ana i Maui. Ak\u0101, ma ko H\u012bnau mana\u02bbo, he ho\u02bboponopono wale n\u014d no ka manawa e holo ai \u02bbo Lonoikamakahiki a ho\u02bbi mai, a laila ho\u02bbi mai i Maui. Ak\u0101, i ke kau \u02bbana o H\u012bnau ma luna o n\u0101 wa\u02bba a holo aku i Hawai\u02bbi ua moku ola \u02bbia \u02bbo H\u012bnau i ka moana, e like me k\u0101 Lonoikamakahiki kauoha. A make akula \u02bbo H\u012bnau. A make akula \u02bbo H\u012bnau, ho\u02bbi akula n\u0101 luna a ha\u02bbi akula i ka make \u02bbana o H\u012bnau. A laila, ua loa\u02bba ka \u02bbolu\u02bbolu i\u0101 Lonoikamakahiki.<\/p>\n<\/div>\n<\/div>\n<\/div>\n<\/div>\n<\/div>\n<\/div>\n<\/div>\n\n","protected":false},"excerpt":{"rendered":"","protected":false},"author":1,"featured_media":0,"parent":67,"menu_order":0,"comment_status":"closed","ping_status":"closed","template":"","meta":[],"_links":{"self":[{"href":"https:\/\/ehooululahui.maui.hawaii.edu\/index.php?rest_route=\/wp\/v2\/pages\/636"}],"collection":[{"href":"https:\/\/ehooululahui.maui.hawaii.edu\/index.php?rest_route=\/wp\/v2\/pages"}],"about":[{"href":"https:\/\/ehooululahui.maui.hawaii.edu\/index.php?rest_route=\/wp\/v2\/types\/page"}],"author":[{"embeddable":true,"href":"https:\/\/ehooululahui.maui.hawaii.edu\/index.php?rest_route=\/wp\/v2\/users\/1"}],"replies":[{"embeddable":true,"href":"https:\/\/ehooululahui.maui.hawaii.edu\/index.php?rest_route=%2Fwp%2Fv2%2Fcomments&post=636"}],"version-history":[{"count":1,"href":"https:\/\/ehooululahui.maui.hawaii.edu\/index.php?rest_route=\/wp\/v2\/pages\/636\/revisions"}],"predecessor-version":[{"id":637,"href":"https:\/\/ehooululahui.maui.hawaii.edu\/index.php?rest_route=\/wp\/v2\/pages\/636\/revisions\/637"}],"up":[{"embeddable":true,"href":"https:\/\/ehooululahui.maui.hawaii.edu\/index.php?rest_route=\/wp\/v2\/pages\/67"}],"wp:attachment":[{"href":"https:\/\/ehooululahui.maui.hawaii.edu\/index.php?rest_route=%2Fwp%2Fv2%2Fmedia&parent=636"}],"curies":[{"name":"wp","href":"https:\/\/api.w.org\/{rel}","templated":true}]}}