{"id":65,"date":"2018-06-12T23:43:26","date_gmt":"2018-06-12T23:43:26","guid":{"rendered":"http:\/\/166.122.240.74\/?page_id=65"},"modified":"2018-12-21T12:02:37","modified_gmt":"2018-12-21T22:02:37","slug":"%ca%bbaukelenuia%ca%bbiku","status":"publish","type":"page","link":"https:\/\/ehooululahui.maui.hawaii.edu\/?page_id=65","title":{"rendered":"\u02bbAukelenuia\u02bb\u012bk\u016b"},"content":{"rendered":"<style type=\"text\/css\"> \n#cmsmasters_row_69f594746c81a { \n\tbackground-color:#b57f52;\n} \n\n#cmsmasters_row_69f594746c81a .cmsmasters_row_outer_parent { \n\tpadding-top: 50px; \n} \n\n#cmsmasters_row_69f594746c81a .cmsmasters_row_outer_parent { \n\tpadding-bottom: 50px; \n} \n\n \n#cmsmasters_heading_69f594746caa2 { \n\ttext-align:left; \n\tmargin-top:100px; \n\tmargin-bottom:20px; \n} \n\n#cmsmasters_heading_69f594746caa2 .cmsmasters_heading { \n\ttext-align:left; \n} \n\n#cmsmasters_heading_69f594746caa2 .cmsmasters_heading, #cmsmasters_heading_69f594746caa2 .cmsmasters_heading a { \n\tfont-size:40px; \n\tfont-weight:bold; \n\tfont-style:normal; \n} \n\n#cmsmasters_heading_69f594746caa2 .cmsmasters_heading_divider { \n} \n\n \n#cmsmasters_row_69f594746cfba .cmsmasters_row_outer_parent { \n\tpadding-top: 50px; \n} \n\n#cmsmasters_row_69f594746cfba .cmsmasters_row_outer_parent { \n\tpadding-bottom: 50px; \n} \n\n \n#cmsmasters_divider_69f594746d8d6 { \n\tborder-bottom-width:1px; \n\tborder-bottom-style:solid; \n\tpadding-top:5px; \n\tmargin-bottom:30px; \n} \n \n#cmsmasters_divider_69f594746d9f0 { \n\tborder-bottom-width:1px; \n\tborder-bottom-style:solid; \n\tpadding-top:5px; \n\tmargin-bottom:30px; \n} \n \n#cmsmasters_divider_69f594746db0f { \n\tborder-bottom-width:1px; \n\tborder-bottom-style:solid; \n\tpadding-top:5px; \n\tmargin-bottom:30px; \n} \n \n#cmsmasters_divider_69f594746dc36 { \n\tborder-bottom-width:1px; \n\tborder-bottom-style:solid; \n\tpadding-top:5px; \n\tmargin-bottom:30px; \n} \n \n#cmsmasters_divider_69f594746dd2a { \n\tborder-bottom-width:1px; \n\tborder-bottom-style:solid; \n\tpadding-top:5px; \n\tmargin-bottom:30px; \n} \n \n#cmsmasters_divider_69f594746de17 { \n\tborder-bottom-width:1px; \n\tborder-bottom-style:solid; \n\tpadding-top:5px; \n\tmargin-bottom:30px; \n} \n \n#cmsmasters_divider_69f594746df14 { \n\tborder-bottom-width:1px; \n\tborder-bottom-style:solid; \n\tpadding-top:5px; \n\tmargin-bottom:30px; \n} \n \n#cmsmasters_divider_69f594746e029 { \n\tborder-bottom-width:1px; \n\tborder-bottom-style:solid; \n\tpadding-top:5px; \n\tmargin-bottom:30px; \n} \n \n#cmsmasters_divider_69f594746e115 { \n\tborder-bottom-width:1px; \n\tborder-bottom-style:solid; \n\tpadding-top:5px; \n\tmargin-bottom:30px; \n} \n \n#cmsmasters_divider_69f594746e1f7 { \n\tborder-bottom-width:1px; \n\tborder-bottom-style:solid; \n\tpadding-top:5px; \n\tmargin-bottom:30px; \n} \n \n#cmsmasters_divider_69f594746e2f4 { \n\tborder-bottom-width:1px; \n\tborder-bottom-style:solid; \n\tpadding-top:5px; \n\tmargin-bottom:30px; \n} \n \n#cmsmasters_divider_69f594746e40b { \n\tborder-bottom-width:1px; \n\tborder-bottom-style:solid; \n\tpadding-top:5px; \n\tmargin-bottom:30px; \n} \n \n#cmsmasters_divider_69f594746e4f0 { \n\tborder-bottom-width:1px; \n\tborder-bottom-style:solid; \n\tpadding-top:5px; \n\tmargin-bottom:30px; \n} \n \n#cmsmasters_divider_69f594746e5ce { \n\tborder-bottom-width:1px; \n\tborder-bottom-style:solid; \n\tpadding-top:5px; \n\tmargin-bottom:30px; \n} \n \n#cmsmasters_divider_69f594746e6be { \n\tborder-bottom-width:1px; \n\tborder-bottom-style:solid; \n\tpadding-top:5px; \n\tmargin-bottom:30px; \n} \n \n#cmsmasters_divider_69f594746e7ca { \n\tborder-bottom-width:1px; \n\tborder-bottom-style:solid; \n\tpadding-top:5px; \n\tmargin-bottom:30px; \n} \n<\/style><div id=\"cmsmasters_row_69f594746c81a\" class=\"cmsmasters_row cmsmasters_color_scheme_default cmsmasters_row_top_default cmsmasters_row_bot_default cmsmasters_row_boxed\">\n<div class=\"cmsmasters_row_outer_parent\">\n<div class=\"cmsmasters_row_outer\">\n<div class=\"cmsmasters_row_inner\">\n<div class=\"cmsmasters_row_margin\">\n<div class=\"cmsmasters_column two_third\">\n\n<div id=\"cmsmasters_heading_69f594746caa2\" class=\"cmsmasters_heading_wrap cmsmasters_heading_align_left\">\n\t<h1 class=\"cmsmasters_heading\">\u02bbAukelenuia\u02bb\u012bk\u016b<\/h1>\n<\/div><div class=\"cmsmasters_text\">\n<h3><span style=\"color: #000000;\">E\u00a0<\/span><a href=\"http:\/\/ehooululahui.maui.hawaii.edu\/wp-content\/uploads\/2018\/12\/Binder1-Aukele.pdf\" target=\"_blank\" rel=\"noopener\">kaomi<\/a>\u00a0<span style=\"color: #000000;\">e ho\u02bboili i kekahi palapala PDF o k\u0113ia mo\u02bbolelo<\/span><\/h3>\n<\/div>\n<\/div>\n<div class=\"cmsmasters_column one_third\">\n<div class=\"cmsmasters_text\">\n<h2><span style=\"color: #000000;\">E ho\u02bbolohe i ka mo\u02bbolelo<\/span><\/h2>\n<\/div>\n<div class=\"custom_html\">\n<iframe width=\"100%\" height=\"300\" scrolling=\"no\" frameborder=\"no\" allow=\"autoplay\" src=\"https:\/\/w.soundcloud.com\/player\/?url=https%3A\/\/api.soundcloud.com\/playlists\/507723246&color=%23ff5500&auto_play=false&hide_related=false&show_comments=true&show_user=true&show_reposts=false&show_teaser=true&visual=true\"><\/iframe>\n<\/div>\n<\/div>\n<\/div>\n<\/div>\n<\/div>\n<\/div>\n<\/div>\n<div id=\"cmsmasters_row_69f594746cfba\" class=\"cmsmasters_row cmsmasters_color_scheme_default cmsmasters_row_top_default cmsmasters_row_bot_default cmsmasters_row_boxed\">\n<div class=\"cmsmasters_row_outer_parent\">\n<div class=\"cmsmasters_row_outer\">\n<div class=\"cmsmasters_row_inner\">\n<div class=\"cmsmasters_row_margin\">\n<div class=\"cmsmasters_column one_first\">\n<div class=\"cmsmasters_text\">\n<h3 style=\"text-align: center;\"><a href=\"http:\/\/ehooululahui.maui.hawaii.edu\/?page_id=311\">Mo\u02bbolelo Holo\u02bboko\u02bba<\/a><\/h3>\n<\/div>\n\n<div id=\"cmsmasters_divider_69f594746d8d6\" class=\"cmsmasters_divider cmsmasters_divider_width_medium cmsmasters_divider_pos_center\"><\/div>\n<div class=\"cmsmasters_text\">\n<h3 style=\"text-align: center;\"><a href=\"http:\/\/ehooululahui.maui.hawaii.edu\/?page_id=558\">Mokuna \u02bbEkahi<\/a><\/h3>\n<\/div>\n\n\n<div id=\"cmsmasters_divider_69f594746d9f0\" class=\"cmsmasters_divider cmsmasters_divider_width_medium cmsmasters_divider_pos_center\"><\/div>\n<div class=\"cmsmasters_text\">\n<h3 style=\"text-align: center;\"><a href=\"http:\/\/ehooululahui.maui.hawaii.edu\/?page_id=566\">Mokuna \u02bbElua<\/a><\/h3>\n<\/div>\n\n\n<div id=\"cmsmasters_divider_69f594746db0f\" class=\"cmsmasters_divider cmsmasters_divider_width_medium cmsmasters_divider_pos_center\"><\/div>\n<div class=\"cmsmasters_text\">\n<h3 style=\"text-align: center;\"><a href=\"http:\/\/ehooululahui.maui.hawaii.edu\/?page_id=568\">Mokuna \u02bbEkolu<\/a><\/h3>\n<\/div>\n\n\n<div id=\"cmsmasters_divider_69f594746dc36\" class=\"cmsmasters_divider cmsmasters_divider_width_medium cmsmasters_divider_pos_center\"><\/div>\n<div class=\"cmsmasters_text\">\n<h3 style=\"text-align: center;\"><a href=\"http:\/\/ehooululahui.maui.hawaii.edu\/?page_id=571\">Mokuna \u02bbEh\u0101<\/a><\/h3>\n<\/div>\n\n\n<div id=\"cmsmasters_divider_69f594746dd2a\" class=\"cmsmasters_divider cmsmasters_divider_width_medium cmsmasters_divider_pos_center\"><\/div>\n<div class=\"cmsmasters_text\">\n<h3 style=\"text-align: center;\"><a href=\"http:\/\/ehooululahui.maui.hawaii.edu\/?page_id=573\">Mokuna \u02bbElima<\/a><\/h3>\n<\/div>\n\n\n<div id=\"cmsmasters_divider_69f594746de17\" class=\"cmsmasters_divider cmsmasters_divider_width_medium cmsmasters_divider_pos_center\"><\/div>\n<div class=\"cmsmasters_text\">\n<h3 style=\"text-align: center;\"><a href=\"http:\/\/ehooululahui.maui.hawaii.edu\/?page_id=575\">Mokuna \u02bbEono<\/a><\/h3>\n<\/div>\n\n\n<div id=\"cmsmasters_divider_69f594746df14\" class=\"cmsmasters_divider cmsmasters_divider_width_medium cmsmasters_divider_pos_center\"><\/div>\n<div class=\"cmsmasters_text\">\n<h3 style=\"text-align: center;\"><a href=\"http:\/\/ehooululahui.maui.hawaii.edu\/?page_id=578\">Mokuna \u02bbEhiku<\/a><\/h3>\n<\/div>\n\n\n<div id=\"cmsmasters_divider_69f594746e029\" class=\"cmsmasters_divider cmsmasters_divider_width_medium cmsmasters_divider_pos_center\"><\/div>\n<div class=\"cmsmasters_text\">\n<h3 style=\"text-align: center;\"><a href=\"http:\/\/ehooululahui.maui.hawaii.edu\/?page_id=580\">Mokuna \u02bbEwalu<\/a><\/h3>\n<\/div>\n\n\n<div id=\"cmsmasters_divider_69f594746e115\" class=\"cmsmasters_divider cmsmasters_divider_width_medium cmsmasters_divider_pos_center\"><\/div>\n<div class=\"cmsmasters_text\">\n<h3 style=\"text-align: center;\"><a href=\"http:\/\/ehooululahui.maui.hawaii.edu\/?page_id=582\">Mokuna \u02bbEiwa<\/a><\/h3>\n<\/div>\n\n\n<div id=\"cmsmasters_divider_69f594746e1f7\" class=\"cmsmasters_divider cmsmasters_divider_width_medium cmsmasters_divider_pos_center\"><\/div>\n<div class=\"cmsmasters_text\">\n<h3 style=\"text-align: center;\"><a href=\"http:\/\/ehooululahui.maui.hawaii.edu\/?page_id=584\">Mokuna \u02bbUmi<\/a><\/h3>\n<\/div>\n\n\n<div id=\"cmsmasters_divider_69f594746e2f4\" class=\"cmsmasters_divider cmsmasters_divider_width_medium cmsmasters_divider_pos_center\"><\/div>\n<div class=\"cmsmasters_text\">\n<h3 style=\"text-align: center;\"><a href=\"http:\/\/ehooululahui.maui.hawaii.edu\/?page_id=587\">Mokuna \u02bbUmi K\u016bm\u0101kahi<\/a><\/h3>\n<\/div>\n\n\n<div id=\"cmsmasters_divider_69f594746e40b\" class=\"cmsmasters_divider cmsmasters_divider_width_medium cmsmasters_divider_pos_center\"><\/div>\n<div class=\"cmsmasters_text\">\n<h3 style=\"text-align: center;\"><a href=\"http:\/\/ehooululahui.maui.hawaii.edu\/?page_id=589\">Mokuna \u02bbUmi K\u016bm\u0101lua<\/a><\/h3>\n<\/div>\n\n\n<div id=\"cmsmasters_divider_69f594746e4f0\" class=\"cmsmasters_divider cmsmasters_divider_width_medium cmsmasters_divider_pos_center\"><\/div>\n<div class=\"cmsmasters_text\">\n<h3 style=\"text-align: center;\"><a href=\"http:\/\/ehooululahui.maui.hawaii.edu\/?page_id=591\">Mokuna \u02bbUmi K\u016bm\u0101kolu<\/a><\/h3>\n<\/div>\n\n\n<div id=\"cmsmasters_divider_69f594746e5ce\" class=\"cmsmasters_divider cmsmasters_divider_width_medium cmsmasters_divider_pos_center\"><\/div>\n<div class=\"cmsmasters_text\">\n<h3 style=\"text-align: center;\"><a href=\"http:\/\/ehooululahui.maui.hawaii.edu\/?page_id=593\">Mokuna \u02bbUmi K\u016bm\u0101h\u0101<\/a><\/h3>\n<\/div>\n\n\n<div id=\"cmsmasters_divider_69f594746e6be\" class=\"cmsmasters_divider cmsmasters_divider_width_medium cmsmasters_divider_pos_center\"><\/div>\n<div class=\"cmsmasters_text\">\n<h3 style=\"text-align: center;\"><a href=\"http:\/\/ehooululahui.maui.hawaii.edu\/?page_id=596\">Mokuna \u02bbUmi K\u016bm\u0101lima<\/a><\/h3>\n<\/div>\n\n\n<div id=\"cmsmasters_divider_69f594746e7ca\" class=\"cmsmasters_divider cmsmasters_divider_width_medium cmsmasters_divider_pos_center\"><\/div>\n<div class=\"cmsmasters_text\">\n<h3 style=\"text-align: center;\"><a href=\"http:\/\/ehooululahui.maui.hawaii.edu\/?page_id=598\">Mokuna \u02bbUmi K\u016bm\u0101ono<\/a><\/h3>\n<\/div>\n<\/div>\n<\/div>\n<\/div>\n<\/div>\n<\/div>\n<\/div>\n\n","protected":false},"excerpt":{"rendered":"","protected":false},"author":1,"featured_media":0,"parent":14,"menu_order":0,"comment_status":"closed","ping_status":"closed","template":"","meta":[],"_links":{"self":[{"href":"https:\/\/ehooululahui.maui.hawaii.edu\/index.php?rest_route=\/wp\/v2\/pages\/65"}],"collection":[{"href":"https:\/\/ehooululahui.maui.hawaii.edu\/index.php?rest_route=\/wp\/v2\/pages"}],"about":[{"href":"https:\/\/ehooululahui.maui.hawaii.edu\/index.php?rest_route=\/wp\/v2\/types\/page"}],"author":[{"embeddable":true,"href":"https:\/\/ehooululahui.maui.hawaii.edu\/index.php?rest_route=\/wp\/v2\/users\/1"}],"replies":[{"embeddable":true,"href":"https:\/\/ehooululahui.maui.hawaii.edu\/index.php?rest_route=%2Fwp%2Fv2%2Fcomments&post=65"}],"version-history":[{"count":8,"href":"https:\/\/ehooululahui.maui.hawaii.edu\/index.php?rest_route=\/wp\/v2\/pages\/65\/revisions"}],"predecessor-version":[{"id":1331,"href":"https:\/\/ehooululahui.maui.hawaii.edu\/index.php?rest_route=\/wp\/v2\/pages\/65\/revisions\/1331"}],"up":[{"embeddable":true,"href":"https:\/\/ehooululahui.maui.hawaii.edu\/index.php?rest_route=\/wp\/v2\/pages\/14"}],"wp:attachment":[{"href":"https:\/\/ehooululahui.maui.hawaii.edu\/index.php?rest_route=%2Fwp%2Fv2%2Fmedia&parent=65"}],"curies":[{"name":"wp","href":"https:\/\/api.w.org\/{rel}","templated":true}]}}