{"id":760,"date":"2019-01-02T15:58:39","date_gmt":"2019-01-03T01:58:39","guid":{"rendered":"http:\/\/ehooululahui.maui.hawaii.edu\/?page_id=760"},"modified":"2019-05-10T12:36:47","modified_gmt":"2019-05-10T22:36:47","slug":"punia-mokuna-%ca%bbekahi","status":"publish","type":"page","link":"https:\/\/ehooululahui.maui.hawaii.edu\/?page_id=760","title":{"rendered":"Punia: Mokuna \u02bbEkahi"},"content":{"rendered":"<style type=\"text\/css\"> \n#cmsmasters_row_69f3aabf61ac2 { \n\tbackground-color:#f8ecc2;\n} \n\n#cmsmasters_row_69f3aabf61ac2 .cmsmasters_row_outer_parent { \n\tpadding-top: 50px; \n} \n\n#cmsmasters_row_69f3aabf61ac2 .cmsmasters_row_outer_parent { \n\tpadding-bottom: 50px; \n} \n\n \n#cmsmasters_divider_69f3aabf6224f { \n\tborder-bottom-width:1px; \n\tborder-bottom-style:solid; \n\tpadding-top:5px; \n\tmargin-bottom:30px; \n\tborder-bottom-color:rgba(0,0,0,0.5);\n} \n<\/style><div id=\"cmsmasters_row_69f3aabf61ac2\" class=\"cmsmasters_row cmsmasters_color_scheme_default cmsmasters_row_top_default cmsmasters_row_bot_default cmsmasters_row_boxed\">\n<div class=\"cmsmasters_row_outer_parent\">\n<div class=\"cmsmasters_row_outer\">\n<div class=\"cmsmasters_row_inner\">\n<div class=\"cmsmasters_row_margin\">\n<div class=\"cmsmasters_column one_first\">\n<div class=\"custom_html\">\n<iframe width=\"100%\" height=\"20\" scrolling=\"no\" frameborder=\"no\" allow=\"autoplay\" src=\"https:\/\/w.soundcloud.com\/player\/?url=https%3A\/\/api.soundcloud.com\/tracks\/586641099&color=%23ff5500&inverse=false&auto_play=false&show_user=true\"><\/iframe>\n<\/div>\n\n<div id=\"cmsmasters_divider_69f3aabf6224f\" class=\"cmsmasters_divider cmsmasters_divider_width_long cmsmasters_divider_pos_center\"><\/div>\n<div class=\"cmsmasters_text\">\n<p>E noho ana ma kekahi wahi ma uka o Kohala, i k\u0113l\u0101 au kahiko loa o ka \u02bb\u0101ina, he k\u0101ne me k\u0101na wahine. \u02bbO ka inoa o ke k\u0101ne, \u02bbo ia n\u014d \u02bbo Leimakani. A \u02bbo ka inoa ho\u02bbi o ka wahine, \u02bbo ia \u02bbo Hina. He l\u014d\u02bbihi n\u0101 l\u0101 o ko l\u0101ua noho \u02bbana me ka loa\u02bba \u02bbole o ka hua o ko l\u0101ua noho ho\u02bb\u0101o \u02bbana. \u02bbO ka hana ma\u02bbamau i k\u0113ia kanaka, \u02bbo ia n\u014d ka mahi\u02bbai \u02bbuala ma uka paha o Honoipu. A \u02bbo k\u0101na lawai\u02bba mau e hele ai, \u02bbo ia n\u014d ka lu\u02bbu ula i kai o ia kahakai.<\/p>\n<p>I\u0101 l\u0101ua e noho ana me ka maika\u02bbi, ua ho\u02bbomaka maila \u02bbo Hina e \u02bbono i ka niu. A \u02bbo ka pilikia o k\u0113ia \u02bbono a k\u0101na wahine, he kapu loa ka \u02bbai \u02bbana o n\u0101 w\u0101hine i ia au o ka \u02bb\u0101ina i ka niu. A ua hiki \u02bbole n\u014d i\u0101 Leimakani ke ho\u02bbok\u014d i ka \u02bbono a k\u0101na wahine, \u02bboiai, he kanaka m\u0101lama \u02bbo ia i ke kapu o n\u0101 akua o ia au kahiko o ka \u02bb\u0101ina. A ma muli n\u014d o ia k\u016blana o Leimakani, ua hiki \u02bbole i\u0101 ia ke \u02bbae aku e ho\u02bbok\u014d i ka \u02bbono a k\u0101na wahine.<\/p>\n<p>Ua ulu maila na\u02bbe ke \u02bbano ho\u02bbohuoi i loko o Leimakani, he \u02bbano ho\u02bbokauhua keiki paha k\u0113ia a k\u0101na wahine e \u02bbono nei, a ua waiho wale ihola n\u014d na\u02bbe i ia mea i loko ona. \u02bbA\u02bbole n\u014d ho\u02bbi i l\u014d\u02bbihi n\u0101 l\u0101 ma hope o k\u0113l\u0101 \u02bbono \u02bbana o Hina i ka niu, ua kama\u02bbilio hou maila n\u014d \u02bbo ia i k\u0101na k\u0101ne.<\/p>\n<p>\u201cE ku\u02bbu k\u0101ne aloha, he mau l\u0101 l\u014d\u02bbihi loa a\u02bbe nei n\u014d ho\u02bbi k\u0113ia o ko k\u0101ua noho ho\u02bb\u0101o \u02bbana, a he mea kupanaha n\u014d ho\u02bbi ko\u02bbu \u02bbono \u02bbana i ka niu hiwa ma mua aku nei. A i k\u0113ia manawa ho\u02bbi, ua hele mai nei ko\u02bbu \u02bbono i ka mai\u02bba p\u014dp\u014d\u02bbulu a kau i ku\u02bbu maka. Ua \u02bbike n\u014d ho\u02bbi au he mea kapu ka \u02bbai \u02bbana o n\u0101 w\u0101hine i ka niu a me ka mai\u02bba, a he aha l\u0101 ke \u02bbano o k\u0113ia \u02bbono kupanaha o\u02bbu i k\u0113ia mau mea?\u201d<\/p>\n<p>\u201cE ku\u02bbu wahine aloha, eia paha n\u0101 \u02bbaum\u0101kua o k\u0101ua, ke ho\u02bb\u0101\u02bbo nei i ko k\u0101ua mana\u02bbo k\u016bpa\u02bba ma hope o ke kapu o n\u0101 akua. A ke mana\u02bbo nei n\u014d au i ka w\u0101 \u0101u e uha\u02bbi ai i ke kapu akua o n\u0101 k\u016bpuna, e p\u014d\u02bbino ana paha \u02bboe ku\u02bbu Hina aloha, no laila, \u02bbu\u02bbumi \u02bbia ka \u02bbono mai\u02bba ou e ku\u02bbu wahine. \u02bbO ke kapu akua n\u014d ka mea nui e m\u0101lama ai k\u0101ua.\u201d<\/p>\n<p>Ma muli o k\u0113ia mau \u02bb\u014dlelo a\u02bbo a k\u0101na k\u0101ne aloha, ua ho\u02bbomanawa-nui ihola n\u014d \u02bbo Hina i ka \u02bbono o n\u0101 mea \u0101na e \u02bbono ho\u02bbokauhua ana. \u02bbA\u02bbole n\u014d i l\u014d\u02bbihi iho\u00a0 n\u0101 l\u0101 ma hope mai, ua \u02bbono hou ihola n\u014d \u02bbo Hina i kahi mea n\u014d i ho\u02bbokapu \u02bbia n\u014d i n\u0101 w\u0101hine o ia au kahiko o ka \u02bb\u0101ina, a ua \u02bb\u014dlelo hou aku n\u014d \u02bbo ia i k\u0101na k\u0101ne i\u0101 Leimakani.<\/p>\n<p>\u201cE Leimakani \u0113, hele mai nei k\u0101 ho\u02bbi ku\u02bbu \u02bbono a nui i ka i\u02bba k\u016bm\u016b o ke kai. Ua hele mai nei k\u0101 ho\u02bbi ka \u02bbono a kau i ka pu\u02bbu. A ua \u02bbike n\u014d na\u02bbe au he i\u02bba kapu n\u014d ia, a i ho\u02bbokapu \u02bbia ho\u02bbi ma ke k\u0101n\u0101wai kapu o n\u0101 akua o ko k\u0101kou mau k\u016bpuna. A he aha l\u0101 ke \u02bbano o k\u0113ia mau hana ho\u02bbop\u016bhili a \u00a0ka p\u014d ia\u02bbu?\u201d<\/p>\n<p>Ma muli o k\u0113ia mau \u02bb\u014dlelo a Hina i k\u0101na k\u0101ne i\u0101 Leimakani, ua komo iho ke \u02bbano \u02bb\u0101noninoni i loko o Leimakani. A ua ho\u02bboholo ihola \u02bbo ia e hele i mua o ka mak\u0101ula o ko l\u0101kou wahi e n\u012bnau ai i ke \u02bbano o k\u0113ia mau \u02bbono \u02bbano \u02bb\u0113 a k\u0101na wahine. A ua ui akula \u02bbo ia i ka mana\u02bbo o k\u0101na wahine no k\u0113ia mea.<\/p>\n<p>Ua \u02bbae koke maila n\u014d k\u0101na wahine no k\u0113ia mana\u02bbo o k\u0101na k\u0101ne. A ua ki\u02bbi akula n\u014d \u02bbo Leimakani i ka mak\u0101ula e hele mai e n\u0101n\u0101 i k\u0113ia \u02bbano \u02bbono \u02bb\u0101piki a k\u0101na wahine, a Hina. A ua lawe p\u016b aku n\u014d ho\u02bbi \u02bbo Leimakani i n\u0101 m\u014dhai\u00a0 k\u016bpono i ke k\u016blana o ka mak\u0101ula, e like n\u014d ho\u02bbi me ke \u02bbano ma\u02bbamau o ia au kahiko o ka \u02bb\u0101ina.<\/p>\n<p>I ka h\u014d\u02bbea \u02bbana aku o Leimakani i mua o ka mak\u0101ula, ua ho\u02bbomao-popo\u00a0 koke maila n\u014d ka mak\u0101ula i ke \u02bbano o k\u0101na huaka\u02bbi, a ua kama\u02bbilio \u02bb\u0113 maila n\u014d i\u0101 Leimakani. \u201cE Leimakani \u0113, hele maila n\u014d \u02bboe ma mua, hahai maila n\u014d ko \u02bbaumakua e ho\u02bbop\u016bnini nei i\u0101 Hina, k\u0101u wahine. A ma ka\u02bbu \u02bbike no k\u0113ia mau \u02bbono \u02bbano \u02bb\u0113 a Hina, eia i mua o\u02bbu ka hi\u02bbohi\u02bbona o ke keiki a Hina. \u02bbA\u02bbole k\u0113ia mau \u02bbono \u02bbano \u02bb\u0113 a Hina, k\u0101u wahine, a he \u02bbono \u02bboko\u02bba a\u02bbe, ak\u0101, he ho\u02bbokauhua keiki. A e loa\u02bba ana he keikik\u0101ne na \u02bbolua. Eia na\u02bbe, e lilo ana ua keiki nei a \u02bbolua i keiki ho\u02bbop\u0101p\u0101 i ka mana o kahi mau kupua ho\u02bbop\u014d\u02bbino o ka \u02bb\u0101ina. A e nui ana n\u014d ho\u02bbi k\u0101na mau hana \u02bbano ho\u02bbokalakupua i n\u0101 po\u02bbe \u02bbe\u02bbepa o ka \u02bb\u0101ina nei, a h\u014d\u02bbea loa aku n\u014d ho\u02bbi i ko ka moana mau po\u02bbe \u02bbe\u02bbepa.<\/p>\n<p>\u201cEia p\u016b n\u014d ho\u02bbi \u02bbolua ke ho\u02bb\u0101\u02bbo \u02bbia nei e n\u0101 \u02bbaum\u0101kua akua o ko \u02bbolua mau k\u016bpuna. A i mea e \u02bbike \u02bbia ai ko \u02bbolua m\u0101lama i n\u0101 kapu k\u0101n\u0101wai akua o n\u0101 akua o n\u0101 k\u016bpuna o k\u0101kou, e ho\u02bboikaika e Leimakani me k\u0101u wahine e m\u0101lama i ke kapu akua, a e ho\u02bbop\u014dmaika\u02bbi \u02bbia mai ana n\u014d \u02bbolua me ka hua o ko \u02bbolua p\u016bhaka. \u02bbO k\u0101u wahine n\u014d paha, e Leimakani, ke \u02bbai i ka loa\u02bba a k\u0101 \u02bbolua keiki, a na ua keiki nei na\u02bbe \u0101u e ho\u02bbopa\u02bbi ka mea n\u0101na e ho\u02bbop\u014d\u02bbino i kou ola, e Leimakani.\u201d<\/p>\n<p>\u201cE ho\u02bbi e Leimakani, a no\u02bbono\u02bbo i k\u0113ia mau mea a\u02bbu e kama\u02bbilio nei i\u0101 \u02bboe, a mai ho\u02bbopua wale aku na\u02bbe \u02bboe i kou p\u014d\u02bbino i k\u0101u wahine, i\u0101 Hina, o lilo auane\u02bbi ia i mea e ho\u02bbop\u014d\u02bbino ai ho\u02bbi i ka hua o kona \u02bb\u014dp\u016b.\u201d<\/p>\n<p>Me k\u0113ia mau \u02bb\u014dlelo a\u02bbo a ka mak\u0101ula, ua ho\u02bboku\u02bbu maila \u02bbo ia i\u0101 Leimakani e ho\u02bbi no kona wahi i hele mai ai. A i kona h\u014d\u02bbea \u02bbana aku i mua o k\u0101na wahine, ua\u00a0\u00a0 ka\u02bba \u02bb\u0113 maila n\u014d ka n\u012bnau ma ka \u02bbao\u02bbao o Hina no n\u0101 \u02bb\u014dlelo a ka mak\u0101ula. A ua h\u014d\u02bbike akula n\u014d ho\u02bbi \u02bbo Leimakani, e like n\u014d ho\u02bbi me n\u0101 \u02bb\u014dlelo i h\u014d\u02bbike \u02bbia a\u02bbe nei ma luna, a koe n\u014d ho\u02bbi n\u0101 mea a ka mak\u0101ula i p\u0101p\u0101 mai ai.<\/p>\n<p>I ka lohe \u02bbana o Hina i n\u0101 \u02bb\u014dlelo a ka mak\u0101ula i h\u014d\u02bbike \u02bbia mai e k\u0101na k\u0101ne, a ua lilo ihola ia i mea hau\u02bboli i kona mana\u02bbo, \u02bboiai, e loa\u02bba ana ho\u02bbi ko l\u0101ua mea n\u0101na e m\u0101lama i ko l\u0101ua mau l\u0101 palupalu. \u02bbA\u02bbole na\u02bbe \u02bbo Hina i no\u02bbono\u02bbo mua, e ha\u02bbalele mai ana k\u0101na k\u0101ne ma mua o ka w\u0101 e nui pono a\u02bbe ai k\u0101 l\u0101ua keiki. A in\u0101 paha e lohe mua \u02bbo Hina i ia mea, \u02bba\u02bbole paha e nele kona hana na\u02bbaup\u014d, i mea e p\u014d\u02bbino ai ke ola o ke keiki \u0101na e k\u014dk\u014d ana i loko o kona \u02bb\u014dp\u016b. \u02bbOiai, ua nui n\u014d kona aloha i k\u0101na k\u0101ne i\u0101 Leimakani, a he k\u0101ne ho\u02bbi i pili aloha \u02bbia mai n\u0101 l\u0101 \u02bb\u014dpio mai.<\/p>\n<p>Na mua aku na\u02bbe e h\u014d\u02bbike mai i ka ho\u02bbok\u014d \u02bbia o n\u0101 \u02bb\u014dlelo w\u0101nana a ka mak\u0101ula, no ka mea pili i ka mo\u02bbolelo o ka mea nona k\u0113ia ho\u02bbonanea o k\u0101kou.<\/p>\n<\/div>\n<\/div>\n<\/div>\n<\/div>\n<\/div>\n<\/div>\n<\/div>\n\n","protected":false},"excerpt":{"rendered":"","protected":false},"author":1,"featured_media":0,"parent":69,"menu_order":0,"comment_status":"closed","ping_status":"closed","template":"","meta":[],"_links":{"self":[{"href":"https:\/\/ehooululahui.maui.hawaii.edu\/index.php?rest_route=\/wp\/v2\/pages\/760"}],"collection":[{"href":"https:\/\/ehooululahui.maui.hawaii.edu\/index.php?rest_route=\/wp\/v2\/pages"}],"about":[{"href":"https:\/\/ehooululahui.maui.hawaii.edu\/index.php?rest_route=\/wp\/v2\/types\/page"}],"author":[{"embeddable":true,"href":"https:\/\/ehooululahui.maui.hawaii.edu\/index.php?rest_route=\/wp\/v2\/users\/1"}],"replies":[{"embeddable":true,"href":"https:\/\/ehooululahui.maui.hawaii.edu\/index.php?rest_route=%2Fwp%2Fv2%2Fcomments&post=760"}],"version-history":[{"count":3,"href":"https:\/\/ehooululahui.maui.hawaii.edu\/index.php?rest_route=\/wp\/v2\/pages\/760\/revisions"}],"predecessor-version":[{"id":1307,"href":"https:\/\/ehooululahui.maui.hawaii.edu\/index.php?rest_route=\/wp\/v2\/pages\/760\/revisions\/1307"}],"up":[{"embeddable":true,"href":"https:\/\/ehooululahui.maui.hawaii.edu\/index.php?rest_route=\/wp\/v2\/pages\/69"}],"wp:attachment":[{"href":"https:\/\/ehooululahui.maui.hawaii.edu\/index.php?rest_route=%2Fwp%2Fv2%2Fmedia&parent=760"}],"curies":[{"name":"wp","href":"https:\/\/api.w.org\/{rel}","templated":true}]}}