{"id":762,"date":"2019-01-02T16:03:18","date_gmt":"2019-01-03T02:03:18","guid":{"rendered":"http:\/\/ehooululahui.maui.hawaii.edu\/?page_id=762"},"modified":"2019-05-10T12:47:57","modified_gmt":"2019-05-10T22:47:57","slug":"punia-mokuna-%ca%bbelua","status":"publish","type":"page","link":"https:\/\/ehooululahui.maui.hawaii.edu\/?page_id=762","title":{"rendered":"Punia: Mokuna \u02bbElua"},"content":{"rendered":"<style type=\"text\/css\"> \n#cmsmasters_row_69e0e7cc05e6d { \n\tbackground-color:#f8ecc2;\n} \n\n#cmsmasters_row_69e0e7cc05e6d .cmsmasters_row_outer_parent { \n\tpadding-top: 50px; \n} \n\n#cmsmasters_row_69e0e7cc05e6d .cmsmasters_row_outer_parent { \n\tpadding-bottom: 50px; \n} \n\n \n#cmsmasters_divider_69e0e7cc061c6 { \n\tborder-bottom-width:1px; \n\tborder-bottom-style:solid; \n\tpadding-top:5px; \n\tmargin-bottom:30px; \n\tborder-bottom-color:rgba(0,0,0,0.5);\n} \n<\/style><div id=\"cmsmasters_row_69e0e7cc05e6d\" class=\"cmsmasters_row cmsmasters_color_scheme_default cmsmasters_row_top_default cmsmasters_row_bot_default cmsmasters_row_boxed\">\n<div class=\"cmsmasters_row_outer_parent\">\n<div class=\"cmsmasters_row_outer\">\n<div class=\"cmsmasters_row_inner\">\n<div class=\"cmsmasters_row_margin\">\n<div class=\"cmsmasters_column one_first\">\n<div class=\"custom_html\">\n<iframe width=\"100%\" height=\"20\" scrolling=\"no\" frameborder=\"no\" allow=\"autoplay\" src=\"https:\/\/w.soundcloud.com\/player\/?url=https%3A\/\/api.soundcloud.com\/tracks\/586641090&color=%23ff5500&inverse=false&auto_play=false&show_user=true\"><\/iframe>\n<\/div>\n\n<div id=\"cmsmasters_divider_69e0e7cc061c6\" class=\"cmsmasters_divider cmsmasters_divider_width_long cmsmasters_divider_pos_center\"><\/div>\n<div class=\"cmsmasters_text\">\n<p>I ka hala \u02bbana a\u02bbe o n\u0101 mahina lehulehu, ua ho\u02bbomaopopo loa akula \u02bbo Leimakani i ka h\u0101pai \u02bbi\u02bbo o Hina i ke keiki. A ua lilo \u02bbi\u02bbo n\u014d ia i mea hau\u02bboli nui no kona mana\u02bbo, \u02bboiai, eia ho\u02bbi l\u0101ua i n\u0101 l\u0101 e mana\u02bbo \u02bbia ai, ua hala ka w\u0101 loa\u02bba o ke keiki.<\/p>\n<p>I ke kokoke loa \u02bbana mai i ka w\u0101 e h\u014d\u02bbea mai ai ka mea nona k\u0113ia mo\u02bbolelo\u00a0\u00a0 i ke ao m\u0101lamalama, ua ho\u02bbomaopopo akula \u02bbo Leimakani i ke \u02bbano \u02bb\u0113 o n\u0101 \u02bb\u014duli o ka lewa lani. A ua ho\u02bbomaopopo ihola \u02bbo ia he keiki \u02bbi\u02bbo aku ana n\u014d k\u0113ia o n\u0101 hana kupanaha e like me ka \u02bb\u014dlelo a ka mak\u0101ula i\u0101 ia.<\/p>\n<p>I ka h\u014d\u02bbea \u02bbi\u02bbo \u02bbana maio ka w\u0101e h\u0101nau ai ua keiki nei, aia ho\u02bbi, ua ho\u02bbomaopopo \u02bbia ka puni \u02bbana i ka \u02bbino mai \u02bb\u014d a\u02bb\u014d o ka \u02bb\u0101ina. A ua kaiko\u02bbo ka moana. A ua h\u0101\u02bbule maila n\u0101 paka ua \u02bbelo\u02bbelo ma ka \u02bb\u0101ina. Ua kahe ka wai o n\u0101 kahawai, a hu\u02bbe \u02bbia maila n\u0101 piha\u02bb\u0101 moe wai o uka, a e popo\u02bbi ana ho\u02bbi n\u0101 nalu o ka moana laul\u0101 a i ka ho\u02bbomaopopo \u02bbia aku e n\u0101 kama\u02bb\u0101ina o ua \u02bb\u0101ina ha\u02bbaheo nei \u02bbo Kohala, \u02bbo kekahi k\u0113ia o n\u0101 \u02bbino nui i ho\u02bbomaopopo mua \u02bbole \u02bbia e n\u0101 k\u0101naka.<\/p>\n<p>I k\u0113ia w\u0101 e uhi puni ana ka \u02bbino ma luna o ka \u02bb\u0101ina, a \u02bbo ia ihola ka w\u0101 i h\u0101nau mai ai ka mea nona k\u0113ia mo\u02bbolelo. A ma muli o k\u0113l\u0101 \u02bbino nui e p\u0101hola ana\u00a0 ma luna o ka \u02bb\u0101ina, ua kapa ihola \u02bbo Leimakani i k\u0101na h\u0101nau kahi, \u02bbo \u201cPunia\u201d. \u02bbO ia ho\u02bbi no ka punia \u02bbana o ka \u02bb\u0101ina a me ka moana i ka \u02bbino.<\/p>\n<p>I ka h\u0101nau \u02bbana o Hina i k\u0101na keiki, ua ho\u02bbomaopopo koke ihola n\u014d l\u0101ua i ke \u02bbano \u02bbo\u02bbole\u02bba o k\u0113ia keiki, me he keiki ala o \u02bbeono mahina. A ua ho\u02bbomaopopo p\u016b ihola n\u014d ho\u02bbi l\u0101ua i ke \u02bbano kanaka u\u02bbi o kona mau helehelena. A ua lilo loa ia i mea ho\u02bbohau\u02bboli maoli mai i ko l\u0101ua mana\u02bbo. A \u02bbo kekahi mea o l\u0101ua i hau\u02bboli nui loa ai, \u02bbo ia n\u014d ka loa\u02bba \u02bbana o ke keiki i\u0101 l\u0101ua, ma hope iho o ko l\u0101ua noho k\u0101ne wahine \u02bbana no ka manawa l\u014d\u02bbihi loa, me ka ho\u02bbop\u014dmaika\u02bbi \u02bbole \u02bbia mai me ke keiki i n\u0101 l\u0101 \u02bb\u014dpio.<\/p>\n<p>Ua h\u0101nai \u02bbia ihola ua keiki nei me ke \u02bbano punahele loa. A ua kia\u02bbi \u02bbia ho\u02bbi k\u0101na mau mea e \u02bbai ai, \u02bboiai, ua make\u02bbe nui loa \u02bbia ke ola o ke kama kahi punahele\u00a0 e k\u0113ia mau m\u0101kua make\u02bbe keiki. I ka h\u014d\u02bbea \u02bbana o n\u0101 makahiki o Punia i ka \u02bbekolu paha, ua hahai aku ke keiki i kona makuak\u0101ne ma k\u0101na mau hana ma ka waena k\u012bh\u0101pai. A i ko Leimakani w\u0101 e ki\u02bbi ai i k\u0101na lua ula ma kai o ia kaha, aia p\u016b n\u014d ua keiki nei \u0101na me ia. A ua lilo n\u014d ho\u02bbi ka pili aloha mau o ka makua me ke keiki, i mea e h\u014d\u02bboi loa \u02bbia ai ka pumehana o ke aloha ma waena o l\u0101ua.<\/p>\n<p>No k\u0113ia pili mau o ke keiki me ka makuak\u0101ne, a ua ho\u02bbomaka p\u016b akula n\u014d ho\u02bbi e lawelawe p\u016b i n\u0101 hana mahi\u02bbai me kona makuak\u0101ne. Ua kama\u02bbilio akula \u02bbo Leimakani i k\u0101na wahine i\u0101 Hina, \u201cE ku\u02bbu Hina aloha \u0113, ke ho\u02bbomaopopo nei au i ke \u02bbano maka\u02bbala hana o k\u0101 k\u0101ua keiki. \u02bbA\u02bbole \u02bbo ia i like me n\u0101 kamali\u02bbi \u02bb\u0113 a\u02bbe, ka lilo nui o ka mana\u02bbo i ka p\u0101\u02bbani. A ua maopopo \u02bb\u0113 n\u014d ia\u02bbu e ola ana k\u0101 k\u0101ua keiki, a ua aloha n\u014d n\u0101 akua o ko k\u0101ua mau k\u016bpuna ma ka h\u0101\u02bbawi \u02bbana mai i\u0101 k\u0101ua he\u00a0 keiki maika\u02bbi, a he keiki hana a aloha makua. A in\u0101 paha e h\u014d\u02bbea mai ka w\u0101 o\u02bbu e hele mua ai i ka \u02bb\u0101ina polikua a K\u0101ne, a laila, \u02bba\u02bbole o\u02bbu hopohopo \u02bbana no ko \u02bbolua noho \u02bbana iho. \u02bbOiai, ua ho\u02bbomaopopo au i ke \u02bbano miki maoli o k\u0101 k\u0101ua lei kama i n\u0101 hana e pono ai ka noho \u02bbana.\u201d<\/p>\n<p>Ua lilo k\u0113ia mau \u02bb\u014dlelo a Leimakani i k\u0101na wahine i mea ho\u02bbohau\u02bboli i ka mana\u02bbo o Hina. \u02bbA\u02bbole na\u02bbe l\u0101ua i mana\u02bbo mua no ke \u02bbano \u02bb\u014dlelo a Leimakani no kona hele mua i ka \u201c \u02bb\u0101ina polikua a K\u0101ne\u201d, e h\u014d\u02bbea \u02bbi\u02bbo mai ana n\u014d ka ho\u02bbok\u014d \u02bbia o ia mau \u02bb\u014dlelo. \u02bbA\u02bbole n\u014d \u02bbo Leimakani i ho\u02bbomana\u02bbo a\u02bbe i n\u0101 \u02bb\u014dlelo w\u0101nana a ka mak\u0101ula i\u0101 ia, i kona w\u0101 i hele mua ai e n\u012bnau no n\u0101 \u02bbono \u02bbano \u02bb\u0113 a k\u0101na wahine, a i \u02bbike \u02bbia ho\u02bbi e k\u0101ua, e ka mea heluhelu, ma ka mokuna mua aku nei o k\u0113ia mo\u02bbolelo.<\/p>\n<p>Ua h\u014d\u02bbike mua aku nei n\u014d ho\u02bbi ma ia mokuna mua o k\u0113ia mo\u02bbolelo, \u02bbo kekahi o n\u0101 hana a Leimakani e lawelawe mau ai, \u02bbo ia n\u014d ka lu\u02bbu ula ma ka lae kahakai, a he lua ula ma\u02bbamau k\u0101na e ki\u02bbi mau ai, a ua lilo ho\u02bbi ia lua ula i ipu kai n\u0101na me k\u0101na wahine. A i ka w\u0101 a Leimakani e ki\u02bbi ai i ula \u02bbai na l\u0101kou, e k\u0113n\u0101 mua ana \u02bbo ia i k\u0101na wahine e ho\u02bb\u0101 i ke ahi p\u016blehu ula, \u02bboiai, \u02bba\u02bbole loa he w\u0101 \u0101na i ki\u02bbi ai i k\u0101na lua ula a ho\u02bbi nele mai \u02bbo ia. A \u02bbo kekahi mea kupanaha n\u014d ho\u02bbi i\u0101 Leimakani, \u02bba\u02bbole loa \u02bbo ia e ki\u02bbi e lu\u02bbu i k\u0101na lua ula punahele, a lawe mai paha a \u02bboi wale aku ma mua o ka mea k\u016bpono i\u0101 l\u0101kou e \u02bbai. I ka w\u0101 o l\u0101ua wale n\u014d me k\u0101na wahine, e lu\u02bbu ana n\u014d \u02bbo ia a lawe mai i \u02bbelua ula wale n\u014d. A i k\u0113ia w\u0101 ho\u02bbi i nui k\u016bpono loa a\u02bbe ai \u02bbo Punia, a \u02bbike ka makuak\u0101ne i ka ikaika o ua keiki nei i ka \u02bbai \u02bbana, ua lawe mau mai \u02bbo ia he \u02bbekolu ula na l\u0101kou.<\/p>\n<p>He hale p\u014dloli \u02bbole ko Leimakani i ka \u02bbai. \u02bbA\u02bbole n\u014d ho\u02bbi e nele kona \u02bbai \u02bbana\u00a0\u00a0\u00a0 i ke k\u014dko\u02bbolua o ka \u02bbai, \u02bboiai, \u02bba\u02bbole \u02bbo ia i a\u02bbo i ka palaualelo a moe wale paha i ka hale, a helu i n\u0101 \u02bbaho o kona hale. Ua \u02bbike mau \u02bbia ka uliuli o n\u0101 lau \u02bbuala ma kona waena, a ma muli n\u014d o ia \u02bbano ma\u02bbamau i ka makuak\u0101ne i ka hana, no laila, \u02bba\u02bbole \u02bbo ia i ho\u02bbomailani na\u02bbaup\u014d wale aku i k\u0101na keiki. A i kona \u02bbike \u02bbana i ke ake hana o k\u0101na keiki h\u0101naukahi, ua k\u014dkua p\u016b akula \u02bbo ia i n\u0101 hana e mau ai ka hoihoi hana o\u00a0\u00a0\u00a0\u00a0 k\u0101na keiki. A ma muli n\u014d ho\u02bbi o ia \u02bbike o ka makuak\u0101ne i ke \u02bbano hana o k\u0101na keiki, ke kumu o k\u0101na \u02bb\u014dlelo \u02bbana i k\u0101na wahine \u02bbo Hina.<\/p>\n<p>I ka h\u014d\u02bbea \u02bbana o n\u0101 makahiki o Punia i ka \u02bbehiku, ua m\u0101kaukau p\u016b \u02bbo ia i ka lu\u02bbu \u02bbana me kona makuak\u0101ne ma k\u0113l\u0101 lua ula a l\u0101ua me kona makua. A i kekahi manawa ua lu\u02bbu aku \u02bbo ia me ka n\u0101n\u0101 aku o kona makuak\u0101ne i\u0101 ia, a ua loa\u02bba n\u014d i\u0101 ia n\u0101 ula me ka ma\u02bbalahi. \u02bbA\u02bbole n\u014d na\u02bbe \u02bbo Leimakani i ho\u02bboku\u02bbu ho\u02bbokahi i k\u0101na keiki e hele ho\u02bbokahi me kona hele p\u016b \u02bbole me ia i k\u0113l\u0101 wahi o ka lua ula a l\u0101ua.<\/p>\n<p>I ka h\u014d\u02bbea \u02bbana o n\u0101 makahiki o Punia i ka \u02bbumi, ua lilo maoli \u02bbo ia i keiki ikaika ma ka hana, a ua like kona ikaika me he keiki ala o 17 a 18 makahiki. A \u02bbo n\u0101 keiki o 15 a h\u014d\u02bbea i ka 18 o n\u0101 makahiki, \u02bba\u02bbole loa kahi o l\u0101kou e lanakila ma luna o ke keiki a Hina me Leimakani. I ia manawa n\u014d ho\u02bbi i a\u02bbo p\u016b ai \u02bbo Leimakani i k\u0101na keiki i ka \u02bb\u014d\u02bb\u014d ihe, a i ka mokomoko, a i ke k\u016bkini, a i ke k\u0101k\u0101 l\u0101\u02bbau, \u02bboiai, he kanaka m\u0101kaukau \u02bbo Leimakani i ia mau hana ho\u02bboikaika kino o ia au kahiko o ka \u02bb\u0101ina.<\/p>\n<p>I kekahi l\u0101 ma hope iho o ka pau \u02bbana o ka hana ma ka waena \u02bbuala, ua hele akula \u02bbo Leimakani i ka lae kahakai me k\u0101na keiki, no ka lu\u02bbu ula \u02bbana, a i\u0101 l\u0101ua i h\u014d\u02bbea ai ma kahi o ka lua punahele a l\u0101ua, ua \u02bb\u014dlelo maila \u02bbo Leimakani i k\u0101na keiki, \u02bbo ia ke lu\u02bbu i mau ula na l\u0101kou, a e noho ho\u02bbi \u02bbo Punia i kula. Ua \u02bbano ho\u02bbol\u0101\u02bbau akula n\u014d ke keiki, \u02bbo l\u0101ua p\u016b n\u014d ke lu\u02bbu, ak\u0101, \u02bba\u02bbole i \u02bbae mai \u02bbo Leimakani i k\u0113ia noi a k\u0101na keiki. \u02bbA\u02bbole n\u014d i maopopo i\u0101 Punia ke kumu o k\u0113ia h\u014d\u02bbole \u02bbana o kona makuak\u0101ne i\u0101 ia, a e \u02bbike ana paha k\u0101ua i ke kumu nui o k\u0113ia hana a Leimakani.<\/p>\n<\/div>\n<\/div>\n<\/div>\n<\/div>\n<\/div>\n<\/div>\n<\/div>\n\n","protected":false},"excerpt":{"rendered":"","protected":false},"author":1,"featured_media":0,"parent":69,"menu_order":0,"comment_status":"closed","ping_status":"closed","template":"","meta":[],"_links":{"self":[{"href":"https:\/\/ehooululahui.maui.hawaii.edu\/index.php?rest_route=\/wp\/v2\/pages\/762"}],"collection":[{"href":"https:\/\/ehooululahui.maui.hawaii.edu\/index.php?rest_route=\/wp\/v2\/pages"}],"about":[{"href":"https:\/\/ehooululahui.maui.hawaii.edu\/index.php?rest_route=\/wp\/v2\/types\/page"}],"author":[{"embeddable":true,"href":"https:\/\/ehooululahui.maui.hawaii.edu\/index.php?rest_route=\/wp\/v2\/users\/1"}],"replies":[{"embeddable":true,"href":"https:\/\/ehooululahui.maui.hawaii.edu\/index.php?rest_route=%2Fwp%2Fv2%2Fcomments&post=762"}],"version-history":[{"count":3,"href":"https:\/\/ehooululahui.maui.hawaii.edu\/index.php?rest_route=\/wp\/v2\/pages\/762\/revisions"}],"predecessor-version":[{"id":1309,"href":"https:\/\/ehooululahui.maui.hawaii.edu\/index.php?rest_route=\/wp\/v2\/pages\/762\/revisions\/1309"}],"up":[{"embeddable":true,"href":"https:\/\/ehooululahui.maui.hawaii.edu\/index.php?rest_route=\/wp\/v2\/pages\/69"}],"wp:attachment":[{"href":"https:\/\/ehooululahui.maui.hawaii.edu\/index.php?rest_route=%2Fwp%2Fv2%2Fmedia&parent=762"}],"curies":[{"name":"wp","href":"https:\/\/api.w.org\/{rel}","templated":true}]}}