{"id":765,"date":"2019-01-02T16:10:47","date_gmt":"2019-01-03T02:10:47","guid":{"rendered":"http:\/\/ehooululahui.maui.hawaii.edu\/?page_id=765"},"modified":"2019-05-10T12:49:40","modified_gmt":"2019-05-10T22:49:40","slug":"punia-mokuna-%ca%bbekolu","status":"publish","type":"page","link":"https:\/\/ehooululahui.maui.hawaii.edu\/?page_id=765","title":{"rendered":"Punia: Mokuna \u02bbEkolu"},"content":{"rendered":"<style type=\"text\/css\"> \n#cmsmasters_row_69f3ba235a4b5 { \n\tbackground-color:#f8ecc2;\n} \n\n#cmsmasters_row_69f3ba235a4b5 .cmsmasters_row_outer_parent { \n\tpadding-top: 50px; \n} \n\n#cmsmasters_row_69f3ba235a4b5 .cmsmasters_row_outer_parent { \n\tpadding-bottom: 50px; \n} \n\n \n#cmsmasters_divider_69f3ba235a738 { \n\tborder-bottom-width:1px; \n\tborder-bottom-style:solid; \n\tpadding-top:5px; \n\tmargin-bottom:30px; \n\tborder-bottom-color:rgba(0,0,0,0.5);\n} \n<\/style><div id=\"cmsmasters_row_69f3ba235a4b5\" class=\"cmsmasters_row cmsmasters_color_scheme_default cmsmasters_row_top_default cmsmasters_row_bot_default cmsmasters_row_boxed\">\n<div class=\"cmsmasters_row_outer_parent\">\n<div class=\"cmsmasters_row_outer\">\n<div class=\"cmsmasters_row_inner\">\n<div class=\"cmsmasters_row_margin\">\n<div class=\"cmsmasters_column one_first\">\n<div class=\"custom_html\">\n<iframe width=\"100%\" height=\"20\" scrolling=\"no\" frameborder=\"no\" allow=\"autoplay\" src=\"https:\/\/w.soundcloud.com\/player\/?url=https%3A\/\/api.soundcloud.com\/tracks\/586641075&color=%23ff5500&inverse=false&auto_play=false&show_user=true\"><\/iframe>\n<\/div>\n\n<div id=\"cmsmasters_divider_69f3ba235a738\" class=\"cmsmasters_divider cmsmasters_divider_width_long cmsmasters_divider_pos_center\"><\/div>\n<div class=\"cmsmasters_text\">\n<p>I ke au kahiko o Hawai\u02bbi nei, ua ma\u02bba kekahi po\u02bbe i ka ho\u02bbomana \u02bbana ma ke \u02bbano \u02bbaumakua i ka man\u014d o ke kai, a i ka manu pueo, a i kekahi mau mea \u02bb\u0113 a\u02bbe n\u014d paha a l\u0101kou i mana\u02bbo ai. A ua lilo n\u014d ho\u02bbi ka man\u014d i mea h\u0101nai \u02bbia e kehahi po\u02bbe, a i mea k\u0101 e ho\u02bbohana \u02bbia ai no ko l\u0101kou mau mana\u02bbo ho\u02bbomauhala. A ua lilo n\u014d ho\u02bbi kekahi po\u02bbe i mea mana\u02bbo \u02bbino \u02bbia e kekahi po\u02bbe ma muli paha o kekahi mau kumu.<\/p>\n<p>\u02bbO ka lako mau o ko Leimakani noho \u02bbana i n\u0101 mea e pono ai ka noho \u02bbana, ka \u02bbai me ka i\u02bba a me n\u0101 lako \u02bba\u02bbahu, \u02bboiai n\u014d ho\u02bbi, he wahine ma\u02bba ma\u02bbamau \u02bbo Hina i ke kuku kapa, a ua lako maoli n\u014d ko l\u0101kou noho \u02bbana. A ma muli n\u014d ho\u02bbi o ka ikaika kupanaha o Punia i ka hakak\u0101, \u02bbeha ka po\u02bbe keiki a kahi mau m\u0101kua. No laila, ua hu\u0101hu\u0101 \u02bbia \u02bbo Leimakani a me kona \u02bbohana, a ua \u02bbimi nui \u02bbia n\u0101 kumu e p\u014d\u02bbino ai \u02bbo Leimakani.<\/p>\n<p>E waiho a\u02bbe k\u0101ua, e ka mea heluhelu i\u0101 Leimakani a me k\u0101na keiki, ka mea nona k\u0113ia mo\u02bbolelo, a e huli a\u02bbe ho\u02bbi k\u0101ua e n\u0101n\u0101 no ka p\u014d\u02bbino o Leimakani \u0101na na\u02bbe i ho\u02bbomaopopo mua \u02bbole ai.<\/p>\n<p>Ua h\u014d\u02bbea a\u02bbe i n\u0101 kapakai o Kohala i ia mau l\u0101, he man\u014d ali\u02bbi \u02bbae\u02bba wale. Aia\u00a0 ma lalo o k\u0113ia man\u014d nona ka inoa \u02bbo Kai\u02bbale\u02bbale, he \u02bbumi mau man\u014d ukali. Ma muli\u00a0\u00a0\u00a0\u00a0\u00a0 o ke \u02bbano \u02bbai kanaka o k\u0113ia man\u014d a me kona mau ukali, ua kipaku \u02bbia mai \u02bbo ia e\u00a0 n\u0101 man\u014d maika\u02bbi o n\u0101 wahi like \u02bbole. I kona h\u014d\u02bbea \u02bbana n\u014d i n\u0101 kapa kahakai o n\u0101 Kohala, ua ho\u02bbomaka koke n\u014d ua Kai\u02bbale\u02bbale nei i k\u0101na hana ma\u02bbamau, \u02bbo ia ho\u02bbi ka ho\u02bbop\u014d\u02bbino \u02bbana i ke ola o ka po\u02bbe hele kahakai. I k\u0113ia w\u0101 na\u02bbe e hana nei \u02bbo ia i k\u0101na hana \u02bbino, a i ho\u02bbop\u014d\u02bbino ho\u02bbi i ke ola o kahi po\u02bbe lehulehu, \u02bba\u02bbole i h\u014d\u02bbea aku k\u0113ia lono i\u0101 Leimakani. No laila, i ka w\u0101 i hele ai \u02bbo Leimakani me k\u0101na keiki i k\u0101 l\u0101ua hana ma\u02bbamau \u02bbo ka lu\u02bbu ula, \u02bba\u02bbole loa he wahi mea i mana\u02bbo mua \u02bbia, e h\u0101l\u0101wai\u00a0\u00a0\u00a0 mai ana me kekahi p\u014d\u02bbino weliweli.<\/p>\n<p>I ka m\u0101kaukau \u02bbana o Leimakani e lu\u02bbu aku, ua lohe maila n\u014d ua Kai\u02bbale\u02bbale nei i n\u0101 kama\u02bbilio \u02bbana ma waena o Leimakani a me k\u0101na keiki. \u02bbOiai, he man\u014d k\u0113ia o ke \u02bbano i ho\u02bbomanamana \u02bbia e kekahi po\u02bbe, a i kapa \u02bbia paha e ka po\u02bbe kahiko o ia au kahiko o ka \u02bb\u0101ina, \u201che man\u014d kanaka\u201d, a e kapa \u02bbia ai ho\u02bbi e kekahi po\u02bbe, \u201che man\u014d kupua\u201d, a ua hiki n\u014d i\u0101 ia ke lohe i n\u0101 \u02bb\u014dlelo a pau a Leimakani m\u0101 e kama\u02bbilio ana. A ua minamina loa ihola ua Kai\u02bbale\u02bbale nei i ka lele p\u016b \u02bbole \u02bbana mai o Punia me kona makuak\u0101ne, \u02bboiai, in\u0101 l\u0101ua i lele p\u016b mai in\u0101 l\u0101 ua m\u0101\u02bbona pono ko l\u0101kou p\u0101\u02bbina o ia l\u0101 p\u014dloli.<\/p>\n<p>Eia n\u014d ua Kai\u02bbale\u02bbale nei ke pe\u02bbe m\u0101lie nei ma ka \u02bbao\u02bbao o ka lua ula a Leimakani e lu\u02bbu mau ai, a e kali ana ho\u02bbi me ka m\u0101kaukau no ka \u02bbai \u02bbana aku i\u0101 Leimakani. I ka w\u0101 n\u014d i lele aku ai \u02bbo Leimakani i loko o ke kai, ua lu\u02bbu loa akula\u00a0 n\u014d \u02bbo ia no ka lua ula. A i ka loa\u02bba \u02bbana o n\u0101 ula \u02bbekolu i\u0101 ia, ua emi maila \u02bbo ia i hope me ka mana\u02bbo e ea a\u02bbe i luna, a i ia manawa n\u014d \u02bbo ia i loa\u02bba mai ai i\u0101 Kai\u02bbale\u02bbale. A no ka maopopo mua \u02bbole n\u014d ho\u02bbi paha i\u0101 Leimakani no k\u0113ia p\u014d\u02bbino, \u02bba\u02bbole \u02bbo ia i m\u0101kaukau mua no ke pale \u02bbana aku. A \u02bbo ka mea i \u02bbike \u02bbia, ua moku p\u016b maila \u02bbo ia i ka waha o ka man\u014d loko\u02bbino, a i ia manawa p\u016b n\u014d, ua loa\u02bba p\u016b maila \u02bbo ia i n\u0101 man\u014d \u02bb\u0113 a\u02bbe. A he manawa pokole wale n\u014d, ua pau a\u02bbela kona kino holo\u02bboko\u02bba i ka \u02bbai \u02bbia e ua po\u02bbe man\u014d nei, a koe wale n\u014d ke po\u02bbo o Leimakani. A i ia manawa \u02bbo Kai\u02bbale\u02bbale i pa\u02bba a\u02bbe ai i ke po\u02bbo o Leimakani, ma kona waha, a lana a\u02bbela \u02bbo ia i luna o ka \u02bbili kai me ka \u02bb\u014dk\u016bk\u016b aku i mua o ke alo o k\u0101na keiki e n\u0101n\u0101 mai ana. Ua \u02bbula p\u016b a\u02bbela n\u014d ho\u02bbi ke kai o ia wahi i ke koko o Leimakani.<\/p>\n<p>A ua lilo k\u0113ia hana a k\u0113ia man\u014d kupua i mea h\u014d\u02bbeha\u02bbeha loa mai i ka mana\u02bbo o Punia, a ua u\u0113 pa\u02bbi\u0101uma a\u02bbela \u02bbo ia i kona \u02bbike aku i ke po\u02bbo o kona makuak\u0101ne e \u02bb\u014dk\u016bk\u016b ho\u02bbom\u0101ewaewa \u02bbia mai ana e ua man\u014d Kai\u02bbale\u02bbale nei a me ka waimaka aloha makua e helele\u02bbi ana ma kona mau p\u0101p\u0101lina \u02bb\u014dpio, ua \u02bb\u014dlelo akula \u02bbo ia me ka leo ha\u02bbuha\u02bbu, \u201c \u02bbO k\u0101u hana ho\u02bbom\u0101ewaewa k\u0113n\u0101 e Kai\u02bbale\u02bbale i ku\u02bbu makuak\u0101ne. Aia n\u014d ho\u02bbi he l\u0101 e h\u014d\u02bbea mai ana, e p\u0101na\u02bbi aku ana au i k\u0113n\u0101 mau hana \u0101u. A e \u02bbike auane\u02bbi \u02bboe i ka hana\u02bbi\u02bbo a ke keiki a Leimakani me Hina.\u201d<\/p>\n<p>Ua ha\u02bbalele akula \u02bbo ia i ua wahi nei me ka u\u0113 pa\u02bbi\u0101uma \u02bbana no kona makuak\u0101ne. A i\u0101 ia n\u014d i kokoke aku ai i ko l\u0101kou wahi pupupu hale, ua lohe koke maila n\u014d \u02bbo Hina i ka leo u\u0113 pa\u02bbi\u0101uma o k\u0101na keiki, a ho\u02bbomana\u02bbo koke a\u02bbela n\u014d \u02bbo ia, ua h\u0101l\u0101wai paha k\u0101na k\u0101ne me ka p\u014d\u02bbino. A i ke kokoke loa \u02bbana mai o ke keiki, ua n\u012bnau koke akula n\u014d \u02bbo Hina i k\u0101na keiki, \u201c \u02bbAuhea k\u0101 ho\u02bbi ko makuak\u0101ne? A he waimaka aha k\u0113ia ou, e ku\u02bbu lei aloha he\u00a0 keiki?\u201d\u00a0 \u201cE\u00a0 ku\u02bbu\u00a0 makuahine\u00a0 aloha \u0113, \u02bba\u02bbole k\u0101ua e \u02bbike hou ana i\u0101 ia. Ua make \u02bbo ia me ka m\u0101ewaewa i ka waha loko\u02bbino o ka man\u014d Kai\u02bbale\u02bbale. A ua pu\u02bbunaue \u02bbia kona kino ma ka waha o ka p\u016b\u02bbali man\u014d a Kai\u02bbale\u02bbale.\u201d<\/p>\n<p>I ka lohe \u02bbana n\u014d o Hina i k\u0113ia lono p\u014d\u02bbino o k\u0101na k\u0101ne, ua ho\u02bbomaka a\u02bbela \u02bbo ia e u\u0113 pa\u02bbi\u0101uma, a e u\u0113 helu ana ho\u02bbi no n\u0101 wahi a l\u0101ua e pili aloha ai. A i ia manawa p\u016b n\u014d, ua ulu a\u02bbela ka mana\u02bbo i loko o Hina e iho n\u014d i ka lae kahakai a lele n\u014d i loko o ke kai, a i ho\u02bbokahi n\u014d ho\u02bbi ko l\u0101ua make p\u016b \u02bbana me k\u0101na k\u0101ne aloha. A ma muli wale n\u014d o n\u0101 k\u0101ua aloha \u02bbana a ke keiki i maliu mai ai \u02bbo Hina, a hana \u02bbole ai \u02bbo ia i k\u0101na mea i mana\u02bbo ai e make p\u016b i ka waha o Kai\u02bbale\u02bbale, e like n\u014d ho\u02bbi me ka make \u02bbana o k\u0101na k\u0101ne aloha \u02bbo Leimakani.<\/p>\n<p>Ua noho ihola l\u0101ua i ia mau l\u0101 me ke kanikau \u02bbana no k\u0101 l\u0101ua mea aloha i hala aku ma k\u0113l\u0101 \u02bbao\u02bbao. A ua lilo n\u014d na\u02bbe \u02bbo Punia i mea h\u014d\u02bbolu\u02bbolu aku i n\u0101 kaumaha o kona makuahine\u00a0 aloha. A ua h\u014d\u02bbike aku n\u014d ho\u02bbi \u02bbo Punia i kona makuahine, \u02bba\u02bbole loa \u02bbo ia e ho\u02bbopoina ana i n\u0101 hana ho\u02bbom\u0101-ewaewa a Kai\u02bbale\u02bbale i ke po\u02bbo o kona makuak\u0101ne. A he w\u0101 n\u014d e h\u014d\u02bbea mai ana e k\u016b ai k\u0101na m\u0101kaia ma luna o k\u0113l\u0101 po\u02bbe\u00a0 p\u016b\u02bbulu man\u014d.<\/p>\n<p>A e \u02bbike aku ana n\u014d paha k\u0101ua e ka mea heluhelu ma k\u0113ia hope aku, i ka hana a ke keiki \u0101iwaiwa a Hina no kona \u02bbenemi. A \u02bbo ka mea ho\u02bbi n\u0101na i ho\u02bbop\u014d\u02bbino ke ola o kona makuak\u0101ne aloha.<\/p>\n<p>I ia mau l\u0101, ua h\u0101pai a\u02bbela \u02bbo Punia i ka hana ma\u02bbamau a kona makuak\u0101ne, \u02bbo ia n\u014d ho\u02bbi ka mahi\u02bbai \u02bbana ma ko l\u0101kou k\u012bh\u0101pai. A ma kahi na\u02bbe o ka hele i ka lawai\u02bba lu\u02bbu ula, ua p\u0101p\u0101 loa maila kona makuahine, \u02bbo Hina, i\u0101 ia, \u02bba\u02bbole loa \u02bbo ia e hele hou e lu\u02bbu i ka lua ula a kona makuak\u0101ne. No kekahi mau l\u0101, ua ho\u02bbolohe n\u014d \u02bbo Punia\u00a0\u00a0\u00a0\u00a0 i k\u0113ia mana\u02bbo o kona makuahine, \u02bbo Hina, \u02bboiai, ua ho\u02bbomaopopo n\u014d \u02bbo ia he mea maika\u02bbi \u02bbole i\u0101 ia ka h\u014d\u02bbeha\u02bbeha \u02bbana aku i ka mana\u02bbo o kona makuahine, \u02bboiai \u02bbo ia e noho kaumaha ana no k\u0101 l\u0101ua mea aloha i hala.<\/p>\n<p>I ka hala \u02bbana na\u02bbe o n\u0101 l\u0101 kaumaha loa no Leimakani, ua ho\u02bbomao-popo ihola \u02bbo Punia i ko l\u0101ua pilikia a ka i\u02bba, a i kohu aku n\u014d ho\u02bbi kahi m\u0101na \u02bbai i ka loa\u02bba o kona k\u014dko\u02bbolua a ka i\u02bba, ua ho\u02bboholo ihola n\u014d \u02bbo ia i kona mana\u02bbo e hele n\u014d e \u02bbimi i\u02bba na l\u0101ua, a ua h\u014d\u02bbike aku n\u014d \u02bbo ia i k\u0113ia mana\u02bbo ona i\u0101 Hina, kona makuahine. I kinohi, ua k\u016b\u02bb\u0113 ikaika loa maila \u02bbo Hina no k\u0113ia mea, a ua \u02bb\u014dlelo maila n\u014d i k\u0101na keiki, \u201cE ku\u02bbu keiki, in\u0101 \u02bboe e hele ana e \u02bbimi i\u02bba na k\u0101ua, a i loa\u02bba p\u016b k\u0113l\u0101 p\u014d\u02bbino i\u0101 \u02bboe e like me kou makuak\u0101ne, a laila, pehea ihola ko\u02bbu pono e ku\u02bbu keiki? A na wai au e m\u0101lama mai ma k\u0113ia mua aku? Ua lawa n\u014d k\u0101ua i ka mea loa\u02bba i\u0101 k\u0101ua\u00a0\u00a0\u00a0 ma ka \u02bb\u0101ina nei. He aha auane\u02bbi ko k\u0101ua pilikia ke \u02bbai k\u0101ua i ka lau \u02bbananu\u02bbu, ka lau palula n\u014d ho\u02bbi o ko k\u0101ua waena? A i ka w\u0101 n\u014d ho\u02bbi o ke kau \u02bb\u016bhini, a laila, loa\u02bba n\u014d ke k\u014dko\u02bbolua o ka \u02bbai. Mai ha\u02bbalele mai \u02bboe ia\u02bbu e ku\u02bbu keiki, \u02bboiai, \u02bbo \u02bboe wale n\u014d ko\u02bbu wahi k\u014dkua e pono ai au.\u201d<\/p>\n<p>I ka lohe \u02bbana n\u014d ho\u02bbi o Punia i n\u0101 \u02bb\u014dlelo a kona makuahine, ua \u02bbano kaumaha \u02bbi\u02bbo ihola n\u014d \u02bbo ia, a mana\u02bbo \u02bbi\u02bbo a\u02bbela n\u014d e ho\u02bbopau i kona mana\u02bbo hele i kahakai.\u00a0 Ak\u0101 na\u02bbe, a hala kekahi mau l\u0101 hou aku, hele maila kona \u02bbono i\u02bba a hiki \u02bbole i\u0101 ia ke \u02bbu\u02bbumi iho. A kama\u02bbilio hou akula n\u014d \u02bbo ia i kona makuahine e ho\u02bboku\u02bbu mai n\u014d i\u0101 ia e hele n\u014d ho\u02bbi \u02bbo ia ma ka lae kahakai e ho\u02bb\u0101\u02bbo ai e lawai\u02bba me kona lu\u02bbu \u02bbole aku\u00a0 n\u014d ho\u02bbi i loko o ke kai.<\/p>\n<p>I kinohi, ua \u02bbano h\u014d\u02bbole loa maila n\u014d kona makuahine, ak\u0101, ma muli o ke noi ho\u02bbouluhua mau a k\u0101na keiki, ua \u02bbae maila \u02bbo ia e hele \u02bbi\u02bbo k\u0101na keiki i ke k\u0101m\u0101koi ma ka lae kahakai. Ua hele \u02bbi\u02bbo n\u014d \u02bbo Punia e k\u0101m\u0101koi ma n\u0101 lae kahakai, a ua loa\u02bba n\u014d i\u0101 l\u0101ua kahi i\u02bba e k\u0101mau ai me kahi pa\u02bbi \u02bbuala. I ka hala \u02bbana a\u02bbe o kekahi mau l\u0101, ua kama\u02bbilio akula \u02bbo Punia i kona makuahine, \u201cE Hina ku\u02bbu makuahine aloha, \u02bbai aku nei n\u014d ho\u02bbi k\u0101ua i k\u0113ia i\u02bba e loa\u02bba nei ia\u02bbu, a ua wela ka waha i ka iwi. Aloha a\u02bbela n\u014d ho\u02bbi au i ka i\u02bba punahele a ku\u02bbu makuak\u0101ne. E \u02bbolu\u02bbolu mai \u02bboe, e Hina, e ho\u02bboku\u02bbu e hele n\u014d ho\u02bbi au e lu\u02bbu ula na k\u0101ua. Mea n\u014d ho\u02bbi paha ua ha\u02bbalele n\u014d ho\u02bbi ua man\u014d Kai\u02bbale\u02bbale nei i ka noho \u02bbana i ka lua ula punahele a ku\u02bbu makuak\u0101ne, a loa\u02bba n\u014d ho\u02bbi k\u0101 k\u0101ua \u02bb\u012bna\u02bbi k\u016bpono o ka \u02bbai. E \u02bbolu\u02bbolu mai \u02bboe, e Hina, ku\u02bbu makuahine, e \u02bbae mai ia\u02bbu e hele wale n\u014d ho\u02bbi e n\u0101n\u0101, a in\u0101 n\u014d ho\u02bbi paha au e \u02bbike i ka noho n\u014d o Kai\u02bbale\u02bbale i ka lua ula, a laila, \u02bba\u02bbole n\u014d ho\u02bbi au e lu\u02bbu aku.\u201d<\/p>\n<p>I kinohi, ua \u02bbano h\u014d\u02bbole maila n\u014d \u02bbo Hina i k\u0113ia noi a k\u0101na keiki, ak\u0101, ma muli o ke noi ho\u02bbomano loa o ke keiki, ua \u02bbae maila \u02bbo ia me ke \u02bbano k\u0101n\u0101lua n\u014d na\u02bbe, a ua \u02bb\u014dlelo maila n\u014d i\u0101 Punia, k\u0101na keiki, e m\u0101lama loa a mai lu\u02bbu na\u02bbaup\u014d me ka ho\u02bbomaopopo mua \u02bbole i ka man\u014d o lalo a me ka \u02bbole.<\/p>\n<p>I ka \u02bbae \u02bbana o ka makuahine o Punia, ua ho\u02bbom\u0101kaukau koke ihola n\u014d \u02bbo ia i\u0101 ia iho no k\u0101na huaka\u02bbi i ka lae kahakai,\u00a0 a i kona m\u0101kaukau \u02bbana, ua honi akula \u02bbo ia i kona makuahine, a ua noi p\u016b akula n\u014d ho\u02bbi i\u0101 Hina, kona makuahine, mai hopohopo wale \u02bbo ia nona, \u02bboiai, e maka\u02bbala loa ana n\u014d \u02bbo ia i k\u0101na mea e hana ai.<\/p>\n<p>I ka hala \u02bbana aku o ke keiki, ua noho ihola n\u014d \u02bbo Hina me ka ho\u02bbomana\u02bbo mau \u02bbana no k\u0101na keiki, a ua kalokalo mau akula \u02bbo ia i n\u0101 \u02bbaum\u0101kua kia\u02bbi o kona \u02bbohana. \u02bbO wai n\u014d ho\u02bbi o k\u0101kou e \u02bb\u0101hewa wale aku i\u0101 Hina, \u02bboiai, ua ho\u02bbomaopopo n\u014d k\u0101kou i ke aloha po\u02bbokela o n\u0101 m\u0101kuahine no k\u0101 l\u0101kou mau keiki? A i ia w\u0101 kahiko n\u014d o ka \u02bb\u0101ina, aia n\u014d he mau m\u0101kuahine i waena o n\u0101 m\u0101kuahine Hawai\u02bbi, i make\u02bbe nui i ke ola o k\u0101 l\u0101kou mau keiki. E waiho iki a\u02bbe k\u0101ua, e ka mea heluhelu, i\u0101 Hina e noho ho\u02bbomana\u02bbo no k\u0101na lei h\u0101naukahi, a e huli a\u02bbe ho\u02bbi k\u0101ua e ukali ma hope o ka meheu o ka mea nona k\u0113ia mo\u02bbolelo.<\/p>\n<\/div>\n<\/div>\n<\/div>\n<\/div>\n<\/div>\n<\/div>\n<\/div>\n\n","protected":false},"excerpt":{"rendered":"","protected":false},"author":1,"featured_media":0,"parent":69,"menu_order":0,"comment_status":"closed","ping_status":"closed","template":"","meta":[],"_links":{"self":[{"href":"https:\/\/ehooululahui.maui.hawaii.edu\/index.php?rest_route=\/wp\/v2\/pages\/765"}],"collection":[{"href":"https:\/\/ehooululahui.maui.hawaii.edu\/index.php?rest_route=\/wp\/v2\/pages"}],"about":[{"href":"https:\/\/ehooululahui.maui.hawaii.edu\/index.php?rest_route=\/wp\/v2\/types\/page"}],"author":[{"embeddable":true,"href":"https:\/\/ehooululahui.maui.hawaii.edu\/index.php?rest_route=\/wp\/v2\/users\/1"}],"replies":[{"embeddable":true,"href":"https:\/\/ehooululahui.maui.hawaii.edu\/index.php?rest_route=%2Fwp%2Fv2%2Fcomments&post=765"}],"version-history":[{"count":3,"href":"https:\/\/ehooululahui.maui.hawaii.edu\/index.php?rest_route=\/wp\/v2\/pages\/765\/revisions"}],"predecessor-version":[{"id":1312,"href":"https:\/\/ehooululahui.maui.hawaii.edu\/index.php?rest_route=\/wp\/v2\/pages\/765\/revisions\/1312"}],"up":[{"embeddable":true,"href":"https:\/\/ehooululahui.maui.hawaii.edu\/index.php?rest_route=\/wp\/v2\/pages\/69"}],"wp:attachment":[{"href":"https:\/\/ehooululahui.maui.hawaii.edu\/index.php?rest_route=%2Fwp%2Fv2%2Fmedia&parent=765"}],"curies":[{"name":"wp","href":"https:\/\/api.w.org\/{rel}","templated":true}]}}