{"id":767,"date":"2019-01-02T16:34:17","date_gmt":"2019-01-03T02:34:17","guid":{"rendered":"http:\/\/ehooululahui.maui.hawaii.edu\/?page_id=767"},"modified":"2019-05-10T12:55:48","modified_gmt":"2019-05-10T22:55:48","slug":"punia-mokuna-%ca%bbeha","status":"publish","type":"page","link":"https:\/\/ehooululahui.maui.hawaii.edu\/?page_id=767","title":{"rendered":"Punia: Mokuna \u02bbEh\u0101"},"content":{"rendered":"<style type=\"text\/css\"> \n#cmsmasters_row_69f8ce71565a0 { \n\tbackground-color:#f8ecc2;\n} \n\n#cmsmasters_row_69f8ce71565a0 .cmsmasters_row_outer_parent { \n\tpadding-top: 50px; \n} \n\n#cmsmasters_row_69f8ce71565a0 .cmsmasters_row_outer_parent { \n\tpadding-bottom: 50px; \n} \n\n \n#cmsmasters_divider_69f8ce7156780 { \n\tborder-bottom-width:1px; \n\tborder-bottom-style:solid; \n\tpadding-top:5px; \n\tmargin-bottom:30px; \n\tborder-bottom-color:rgba(0,0,0,0.5);\n} \n<\/style><div id=\"cmsmasters_row_69f8ce71565a0\" class=\"cmsmasters_row cmsmasters_color_scheme_default cmsmasters_row_top_default cmsmasters_row_bot_default cmsmasters_row_boxed\">\n<div class=\"cmsmasters_row_outer_parent\">\n<div class=\"cmsmasters_row_outer\">\n<div class=\"cmsmasters_row_inner\">\n<div class=\"cmsmasters_row_margin\">\n<div class=\"cmsmasters_column one_first\">\n<div class=\"custom_html\">\n<iframe width=\"100%\" height=\"20\" scrolling=\"no\" frameborder=\"no\" allow=\"autoplay\" src=\"https:\/\/w.soundcloud.com\/player\/?url=https%3A\/\/api.soundcloud.com\/tracks\/586641060&color=%23ff5500&inverse=false&auto_play=false&show_user=true\"><\/iframe>\n<\/div>\n\n<div id=\"cmsmasters_divider_69f8ce7156780\" class=\"cmsmasters_divider cmsmasters_divider_width_long cmsmasters_divider_pos_center\"><\/div>\n<div class=\"cmsmasters_text\">\n<p>I ka h\u014d\u02bbea \u02bbana aku n\u014d o Punia i ka lua ula punahele a l\u0101ua me ka makuak\u0101ne, ua no\u02bbono\u02bbo mua n\u014d \u02bbo ia i k\u0101na mea e hana ai e ho\u02bbop\u016bhili ai i\u0101 Kai\u02bbale\u02bbale a me kona p\u016b\u02bbali man\u014d. I kona h\u014d\u02bbea \u02bbana ma ka lae kahakai, ua n\u0101n\u0101 ihola \u02bbo ia i ka lua ula a l\u0101ua me Leimakani, kona makuak\u0101ne i hala ma k\u0113l\u0101 \u02bbao\u02bbao, a ua ulu maila ke aloha i ka makuak\u0101ne. Na wai n\u014d ho\u02bbi e \u02bbole ke aloha? Ua pili aloha \u02bbia k\u0101 ho\u02bbi ko l\u0101ua ola \u02bbana mai ka w\u0101 \u02bbu\u02bbuku mai o Punia.<\/p>\n<p>I\u0101 ia e n\u0101n\u0101 ana i lalo i ka lua ula, ua \u02bbike koke ihola n\u014d \u02bbo Punia i ka moe l\u0101lani a\u02bbe o ua man\u014d Kai\u02bbale\u02bbale nei me kona p\u016b\u02bbulu man\u014d. A i ia w\u0101 \u02bbo Punia i k\u0101hea a\u02bbe ai me ka leo nui, \u201cEia n\u014d paha \u02bbo Kai\u02bbale\u02bbale ke moe nei, a ua pau p\u016b n\u014d paha i ka hiamoe me kona p\u016b\u02bbulu man\u014d. Ke moe nei \u02bbo Kai\u02bbale\u02bbale e ho\u02bbok\u016bk\u016b ana, e ho\u02bbon\u0101n\u0101 ana, i ka m\u0101\u02bbona o n\u0101 l\u0101 i hala a\u02bbe nei, a i\u0101 ia auane\u02bbi e hiamoe ana, a laila, e lu\u02bbu n\u014d au i ula na m\u0101ua me ku\u02bbu makuahine. Aia i k\u0113l\u0101 lae ma \u02bb\u014d l\u0101 ku\u02bbu wahi e lu\u02bbu ai. A lu\u02bbu auane\u02bbi au a loa\u02bba n\u014d n\u0101 ula \u02bbelua. A laila, ho\u02bbi n\u014d au i uka me ku\u02bbu makuahine, me Hina. A \u02bbo kahi \u02bbuala a\u02bbe n\u014d o ka m\u0101la \u02bbuala a ku\u02bbu makuak\u0101ne i kanu ai, a ola n\u014d ko m\u0101ua l\u0101 p\u014dloli me ku\u02bbu makuahine, me Hina \u0113.\u201d<\/p>\n<p>I\u00a0 ka pau \u02bbana n\u014d o\u00a0 k\u0113ia leo k\u0101hea o Punia, ke \u0101iwaiwa, ua lohe akula n\u014d \u02bbo Kai\u02bbale\u02bbale. A i ia w\u0101 i k\u0101hea like aku ai \u02bbo ia i kona p\u016b\u02bbulu man\u014d, \u201cE ala a\u02bbe e ho\u02bbom\u0101kaukau. E maka\u02bbala k\u0101kou a pau loa. Eia a\u02bbe ka \u02bb\u012bna\u02bbi ola o k\u0113ia l\u0101 p\u014dloli o k\u0101kou. Ua noho mai nei a ua \u02bbono i ka ula o ka lua ula a l\u0101ua. A ki\u02bbi\u00a0 mai nei me\u00a0\u00a0\u00a0\u00a0 ka mana\u02bbo paha, ua moe n\u0101 maka \u02bba\u02bb\u0101 mau o Kai\u02bbale\u02bbale. \u02bbOno \u02bbino k\u0101 ho\u02bbi ka \u02bbi\u02bbo palupalu o ke keiki a Leimakani. E ho\u02bbolohe pono loa i kahi \u0101na e lu\u02bbu ai. A i\u0101 ia n\u014d auane\u02bbi a lu\u02bbu, \u02bbo ka w\u0101 maika\u02bbi loa n\u014d ia e nahu aku ai, \u02bboiai, e pouli ana n\u014d ke kai no kona lu\u02bbu \u02bbana mai. E maka\u02bbala, e a\u02bbu po\u02bbe punahele, \u02bboiai, ua lawe \u02bbia mai ka \u02bb\u012bna\u02bbi i mua o ko k\u0101kou maka!\u201d<\/p>\n<p>I\u0101 Kai\u02bbale\u02bbale e a\u02bbo ho\u02bbom\u0101kaukau ana i kona p\u016b\u02bbali man\u014d, aia n\u014d \u02bbo Punia ke k\u016b m\u0101kaukau maila me ka p\u014dhaku e pa\u02bba ana ma kona lima ma kahi \u0101na i \u02bb\u014dlelo mua ai. A i ka poh\u0101 \u02bbana n\u014d o ke kai ma ia wahi, \u02bbo ka pau akula n\u014d ia o ua p\u016b\u02bbulu man\u014d nei i ka holo i laila.\u00a0A i h\u0101k\u0101lia n\u014d a hala n\u0101 man\u014d ma k\u0113l\u0101 wahi a Punia i ho\u02bbolei ai i ka p\u014dhaku, \u02bbo ko ia nei lu\u02bbu akula n\u014d ia i ka lua ula a l\u0101ua me ka makuak\u0101ne e lu\u02bbu mau ai. A \u02bboiai n\u014d ho\u02bbi, \u02bba\u02bbole i ki\u02bbi iki \u02bbia ua lua ula nei, ua hele\u00a0\u00a0\u00a0 n\u014d ho\u02bbi a piha pono, a ua ma\u02bbalahi wale k\u0101 ia nei lu\u02bbu \u02bbana aku. Loa\u02bba n\u014d i\u0101 Punia n\u0101 ula \u02bbelua. \u02bbO ko ia nei ea a\u02bbela n\u014d ia me ka \u02bb\u0101w\u012bw\u012b a kau n\u014d k\u0113ia i kula. H\u014d\u02bbea hou ana ua p\u016b\u02bbulu man\u014d nei ma kahi a ia nei i lu\u02bbu\u00a0 ai, a i ia w\u0101 k\u0113ia i k\u0101hea aku ai me ka leo p\u0101henehene.<\/p>\n<p>\u201c\u0100-h\u0101-h\u0101 l\u0101, e Kai\u02bbale\u02bbale \u0113. Lu\u02bbu iho nei n\u014d \u02bbo Punia a loa\u02bba n\u014d n\u0101 ula \u02bbelua. A ola n\u014d m\u0101ua me Hina, ku\u02bbu makuahine. Na ke kahi, na ka lua, na ke kolu, na ka h\u0101, na ka lima, na ke ono, na\u00a0 ka hiku, na ka walu, na ka iwa,\u00a0 a na\u00a0 ka \u02bbumi l\u0101, a na ka man\u014d \u02bbumikumam\u0101kahi l\u0101. A n\u0101na n\u014d i haha\u02bbi mal\u016b mai nei i ka mea e hana ai,\u00a0 i pakele ai au i\u0101 Kai\u02bbale\u02bbale. \u02bbA\u02bbole auane\u02bbi e nalo ia man\u014d l\u0101, he man\u014d hi\u02bbu w\u012bw\u012b!\u201d<\/p>\n<p>I ka lohe \u02bbana o Kai\u02bbale\u02bbale i k\u0113ia \u02bb\u014dlelo a Punia i ia w\u0101, ua kauoha a\u02bbela \u02bbo ia i kona p\u016b\u02bbulu man\u014d e moe l\u0101lani like l\u0101kou. A i\u0101 l\u0101kou i moe l\u0101lani like ai, ua hele a\u02bbela ua ali\u02bbi nei o n\u0101 man\u014d e n\u0101n\u0101 i ka hi\u02bbu o kona po\u02bbe man\u014d, a ua loa\u02bba \u02bbi\u02bbo ihola n\u014d kekahi man\u014d hi\u02bbu w\u012bw\u012b, a \u02bbo ko Kai\u02bbale\u02bbale pepehi akula n\u014d ia i ua man\u014d hi\u02bbu w\u012bw\u012b nei a make loa, a pau a\u02bbela n\u014d i ka \u02bbai \u02bbia e l\u0101kou p\u016b\u02bbulu man\u014d. I ka \u02bbike \u02bbana mai o Punia ua pepehi \u02bbia ka man\u014d o ua p\u016b\u02bbulu man\u014d nei, a laila, \u02bb\u014dlelo ihola \u02bbo ia i\u0101 ia iho, \u201c\u0100-h\u0101-h\u0101! Loa\u02bba ia moepu\u02bbu o ku\u02bbu makuak\u0101ne.\u201d<\/p>\n<p>\u02bbO kona huli ho\u02bbi n\u014d ia me n\u0101 ula i kona lima, a i ka \u02bbike \u02bbana mai n\u014d o ka makuahine i ka ho\u02bbi ola aku o k\u0101na keiki me n\u0101 ula \u02bbelua i ka lima, ua lilo loa ia i mea hau\u02bboli loa no ka makuahine. A ua hele koke akula \u02bbo ia e ho\u02bb\u0101 ahi p\u016blehu no n\u0101 ula a l\u0101ua. I ka mo\u02bba \u02bbana o n\u0101 ula, ua p\u0101\u02bbina ihola l\u0101ua, \u02bbo ia ho\u02bbi e p\u0101\u02bbina \u02bboko\u02bba ana n\u014d ho\u02bbi \u02bbo Hina ma kahi ka\u02bbawale a e p\u0101\u02bbina \u02bboko\u02bba ana n\u014d ho\u02bbi \u02bbo Punia ma kahi \u02bboko\u02bba, e like n\u014d ho\u02bbi me ke \u02bbano o ka \u02bbai \u02bbana o ia manawai, \u02bbo ia ho\u02bbi, he kapu ka \u02bbai p\u016b \u02bbana o ke k\u0101ne me ka wahine.<\/p>\n<p>I ka hala \u02bbana a\u02bbe o kekahi mau l\u0101, ua \u02bb\u014dlelo hou akula n\u014d \u02bbo Punia i\u0101 Hina,\u00a0 kona makuahine, e hele hou n\u014d \u02bbo ia i ka lu\u02bbu ula i kai. A i ka lohe \u02bbana o ka makua- hine, ua h\u014d\u02bbole maila \u02bbo ia me ka \u02bb\u014dlelo p\u016b mai i k\u0101na keiki, \u201cMea paha \u02bbo kou hana pakele \u02bbana akula ia, a hele hou aku \u02bboe, make mai \u02bboe i\u0101 Kai\u02bbale\u02bbale a me kona\u00a0\u00a0 p\u016b\u02bbulu man\u014d. E noho mai n\u014d k\u0101ua, e ku\u02bbu keiki, e \u02bbike aku n\u014d ho\u02bbi au i\u0101 \u02bboe, a e \u02bbike mai n\u014d ho\u02bbi ia\u02bbu. A \u02bbo n\u0101 wahi mea \u02bbu\u02bbuku n\u014d i loa\u02bba i\u0101 k\u0101ua, \u02bbai p\u016b a\u02bbe n\u014d k\u0101ua. A i hiki mai n\u014d ho\u02bbi ko\u02bbu hopena, a laila, h\u016bn\u0101 iho n\u014d ho\u02bbi \u02bboe i ko\u02bbu mau iwi.\u201d<\/p>\n<p>I ka lohe \u02bbana n\u014d o Punia i n\u0101 \u02bb\u014dlelo a kona makuahine, ua \u02bb\u014dlelo maila n\u014d \u02bbo\u00a0 ia i\u0101 Hina, \u201cE ku\u02bbu makuahine aloha, mai \u02bbau\u02bba \u02bboe ia\u02bbu, \u02bboiai, ua pa\u02bba ku\u02bbu mana\u02bbo e ho\u02bbokau i ka make ma luna o Kai\u02bbale\u02bbale a me kona p\u016b\u02bbulu man\u014d a i k\u016b ai ho\u02bbi\u00a0 ku\u02bbu m\u0101kaia ma luna o k\u0113l\u0101 po\u02bbe man\u014d n\u0101na i ho\u02bbop\u014d\u02bbino ku\u02bbu makuak\u0101ne. A e ho\u02bbomana\u02bbo \u02bboe, e ku\u02bbu makuahine, \u02bba\u02bbole e k\u014d ia mana\u02bbo o\u02bbu, ke noho wale au i\u00a0 uka nei a he kohu wahine ko\u02bbu \u02bbano. E \u02bbolu\u02bbolu \u02bboe e ho\u02bboku\u02bbu maika\u02bbi mai ia\u02bbu, a i ho\u02bbokau ai ho\u02bbi au i ka ho\u02bbopa\u02bbi i luna o n\u0101 po\u02bbe n\u0101na i pepehi ho\u02bbom\u0101inoino i ku\u02bbu makuak\u0101ne.\u201d<\/p>\n<p>I ka lohe \u02bbana n\u014d o Hina i k\u0113ia mau \u02bb\u014dlelo a k\u0101na keiki, ua ho\u02bbopau koke a\u02bbela n\u014d \u02bbo ia i kona mana\u02bbo \u02bbau\u02bba i k\u0101na keiki, a ua ho\u02bboku\u02bbu maika\u02bbi akula i\u0101 ia me ke noi p\u016b n\u014d na\u02bbe i\u0101 ia e m\u0101lama pono loa i\u0101 ia, a e no\u02bbono\u02bbo ho\u02bbi i kona makuahine. Ua iho akula n\u014d \u02bbo Punia a h\u014d\u02bbea n\u014d i kahi n\u014d \u0101na i k\u016b mua ai. A i kona n\u0101n\u0101 \u02bbana iho n\u014d i lalo o ka lua ula a l\u0101ua me ka makuak\u0101ne, ua \u02bbike ihola n\u014d \u02bbo ia i\u0101 Kai\u02bbale\u02bbale e moe like ana n\u014d me kona p\u016b\u02bbulu man\u014d. Ua k\u0101hea ihola n\u014d \u02bbo ia i ua man\u014d \u02bbai\u00a0 kanaka\u00a0 nei, \u201cHe moe k\u0101 e Kai\u02bbale\u02bbale. \u02bbA\u02bbole ho\u02bbi he ala a\u02bbe a ho\u02bbom\u0101kaukau no ka \u02bbai \u02bbana i\u0101 Punia. Eia \u02bbo Punia l\u0101, ke keiki lu\u02bbu ula a Hina, i iho mai nei n\u014d i ka lu\u02bbu ula i loa\u02bba n\u014d ka \u02bb\u012bna\u02bbi o ka \u02bbuala \u02bbono a m\u0101ua me ku\u02bbu makuak\u0101ne i kanu ai. \u02bbA\u02bbole n\u014d au e lu\u02bbu ana ma ka lua ula nei a m\u0101ua e lu\u02bbu ai me ku\u02bbu makuak\u0101ne, ak\u0101, e lu\u02bbu ana au ma\u00a0 ka lua ula a ku\u02bbu makuahine, a Hina, i kuhikuhi mai nei ia\u02bbu. Aia ia lua ula a ku\u02bbu makuahine ma k\u0113l\u0101 \u02bbao\u02bbao o ka lae. E lu\u02bbu ana au me ka \u02bb\u0101w\u012bw\u012b ma mua o ka h\u014d\u02bbea \u02bbana a\u02bbe o Kai\u02bbale\u02bbale i ku\u02bbu wahi e lu\u02bbu ai. A lu\u02bbu l\u0101, ea. A lu\u02bbu ho\u02bbi au l\u0101 i ka lua ula a ku\u02bbu makuahine.\u201d<\/p>\n<\/div>\n<\/div>\n<\/div>\n<\/div>\n<\/div>\n<\/div>\n<\/div>\n\n","protected":false},"excerpt":{"rendered":"","protected":false},"author":1,"featured_media":0,"parent":69,"menu_order":0,"comment_status":"closed","ping_status":"closed","template":"","meta":[],"_links":{"self":[{"href":"https:\/\/ehooululahui.maui.hawaii.edu\/index.php?rest_route=\/wp\/v2\/pages\/767"}],"collection":[{"href":"https:\/\/ehooululahui.maui.hawaii.edu\/index.php?rest_route=\/wp\/v2\/pages"}],"about":[{"href":"https:\/\/ehooululahui.maui.hawaii.edu\/index.php?rest_route=\/wp\/v2\/types\/page"}],"author":[{"embeddable":true,"href":"https:\/\/ehooululahui.maui.hawaii.edu\/index.php?rest_route=\/wp\/v2\/users\/1"}],"replies":[{"embeddable":true,"href":"https:\/\/ehooululahui.maui.hawaii.edu\/index.php?rest_route=%2Fwp%2Fv2%2Fcomments&post=767"}],"version-history":[{"count":3,"href":"https:\/\/ehooululahui.maui.hawaii.edu\/index.php?rest_route=\/wp\/v2\/pages\/767\/revisions"}],"predecessor-version":[{"id":1314,"href":"https:\/\/ehooululahui.maui.hawaii.edu\/index.php?rest_route=\/wp\/v2\/pages\/767\/revisions\/1314"}],"up":[{"embeddable":true,"href":"https:\/\/ehooululahui.maui.hawaii.edu\/index.php?rest_route=\/wp\/v2\/pages\/69"}],"wp:attachment":[{"href":"https:\/\/ehooululahui.maui.hawaii.edu\/index.php?rest_route=%2Fwp%2Fv2%2Fmedia&parent=767"}],"curies":[{"name":"wp","href":"https:\/\/api.w.org\/{rel}","templated":true}]}}