{"id":770,"date":"2019-01-03T08:43:34","date_gmt":"2019-01-03T18:43:34","guid":{"rendered":"http:\/\/ehooululahui.maui.hawaii.edu\/?page_id=770"},"modified":"2019-05-10T12:57:53","modified_gmt":"2019-05-10T22:57:53","slug":"punia-mokuna-%ca%bbelima","status":"publish","type":"page","link":"https:\/\/ehooululahui.maui.hawaii.edu\/?page_id=770","title":{"rendered":"Punia: Mokuna \u02bbElima"},"content":{"rendered":"<style type=\"text\/css\"> \n#cmsmasters_row_69f6213a97963 { \n\tbackground-color:#f8ecc2;\n} \n\n#cmsmasters_row_69f6213a97963 .cmsmasters_row_outer_parent { \n\tpadding-top: 50px; \n} \n\n#cmsmasters_row_69f6213a97963 .cmsmasters_row_outer_parent { \n\tpadding-bottom: 50px; \n} \n\n \n#cmsmasters_divider_69f6213a97d84 { \n\tborder-bottom-width:1px; \n\tborder-bottom-style:solid; \n\tpadding-top:5px; \n\tmargin-bottom:30px; \n\tborder-bottom-color:rgba(0,0,0,0.5);\n} \n<\/style><div id=\"cmsmasters_row_69f6213a97963\" class=\"cmsmasters_row cmsmasters_color_scheme_default cmsmasters_row_top_default cmsmasters_row_bot_default cmsmasters_row_boxed\">\n<div class=\"cmsmasters_row_outer_parent\">\n<div class=\"cmsmasters_row_outer\">\n<div class=\"cmsmasters_row_inner\">\n<div class=\"cmsmasters_row_margin\">\n<div class=\"cmsmasters_column one_first\">\n<div class=\"custom_html\">\n<iframe width=\"100%\" height=\"20\" scrolling=\"no\" frameborder=\"no\" allow=\"autoplay\" src=\"https:\/\/w.soundcloud.com\/player\/?url=https%3A\/\/api.soundcloud.com\/tracks\/586641042&color=%23ff5500&inverse=false&auto_play=false&show_user=true\"><\/iframe>\n<\/div>\n\n<div id=\"cmsmasters_divider_69f6213a97d84\" class=\"cmsmasters_divider cmsmasters_divider_width_long cmsmasters_divider_pos_center\"><\/div>\n<div class=\"cmsmasters_text\">\n<p>Me k\u0113ia mau \u02bb\u014dlelo a Punia, ua nou akula \u02bbo ia me ka ikaika i ka p\u014dhaku ma\u00a0\u00a0 k\u0113l\u0101 \u02bbao\u02bbao o ka lae p\u014dhaku. A i ka poh\u0101 \u02bbana n\u014d o ke kai o ka p\u014dhaku a Punia ma\u00a0\u00a0\u00a0\u00a0\u00a0\u00a0\u00a0\u00a0 ia wahi, \u02bbo ka holo \u02bb\u0101w\u012bw\u012b akula n\u014d ia o ua po\u02bbe man\u014d nei i ia wahi. A e alaka\u02bbi \u02bbia\u00a0\u00a0\u00a0 ana n\u014d ho\u02bbi e Kai\u02bbale\u02bbale. I h\u0101k\u0101lia n\u014d a hala ua po\u02bbe man\u014d nei, \u02bbo ko Punia lu\u02bbu ihola n\u014d ia me ka \u02bbeleu a loa\u02bba n\u014d n\u0101 ula \u02bbelua. A \u02bbo kona ea koke a\u02bbela n\u014d ia i luna, a kau akula i kula me ka palekana. Aia n\u014d ua po\u02bbe man\u014d nei ke h\u014d\u02bb\u0101\u02bb\u0101 hele maila i kahi a Punia i nou ai i ka p\u014dhaku.<\/p>\n<p>Ua k\u0101hea akula \u02bbo Punia me ka leo p\u0101henehene i\u0101 Kai\u02bbale\u02bbale, \u201cE Kai\u02bbale\u02bbale\u00a0\u00a0 \u0113. Lu\u02bbu aku nei n\u014d au me ka \u02bbeleu nui a loa\u02bba n\u014d ka\u02bbu\u00a0 mau ula mai ka lua ula a m\u0101ua\u00a0 me ku\u02bbu makuahine, a ea koke a\u02bbe nei n\u014d au i luna ma mua o ka h\u014d\u02bbea \u02bbana a\u02bbe o Kai\u02bbale\u02bbale. A pakele n\u014d au. A na ka man\u014d \u02bb\u014dp\u016b nui n\u014d au i a\u02bboa\u02bbo mai p\u0113l\u0101 e hana\u00a0\u00a0\u00a0 ai.\u201d<\/p>\n<p>I ka lohe \u02bbana n\u014d o Kai\u02bbale\u02bbale i k\u0113ia mau \u02bb\u014dlelo a Punia, \u02bbo kona kauoha a\u02bbela n\u014d ia i n\u0101 man\u014d ona e moe like l\u0101kou. A laila, n\u0101n\u0101 a\u02bbela \u02bbo ia i kona p\u016b\u02bbulu man\u014d a i ka \u02bbike \u02bbana n\u014d ona i ka man\u014d \u02bb\u014dp\u016b nui, \u02bbo kona \u02bb\u014dlelo akula n\u014d ia i ia man\u014d. \u201c \u02bbE\u0101,\u00a0 eia k\u0101 n\u0101u i a\u02bboa\u02bbo aku nei i\u0101 Punia i ka mea e hana ai. E pono \u02bboe e make.\u201d A \u02bbo ka pepehi \u02bbia akula n\u014d o ia man\u014d e Kai\u02bbale\u02bbale ke ali\u02bbi o n\u0101 man\u014d.<\/p>\n<p>A i ka \u02bbike \u02bbana mai o Punia i ka make o ia man\u014d, a laila, k\u0101hea maila n\u014d \u02bbo ia me ka leo p\u0101henehene i\u0101 Kai\u02bbale\u02bbale, \u201c\u0100-h\u0101-h\u0101! Loa\u02bba hou n\u014d ia moepu\u02bbu o ku\u02bbu makuak\u0101ne \u0101u, e Kai\u02bbale\u02bbale, i pepehi ai. Eia n\u014d au ke ho\u02bbi nei, e Kai\u02bbale\u02bbale, me n\u0101 ula o ka lua ula a ku\u02bbu makuahine n\u014d i kuhikuhi mai ai. A \u02bbo ka \u02bbuala a\u02bbe n\u014d o ka waena a m\u0101ua me ku\u02bbu makuak\u0101ne i kanu ai, a ola n\u014d ko m\u0101ua l\u0101 p\u014dloli me Hina, ku\u02bbu makuahine.\u201d Me k\u0113ia mau \u02bb\u014dlelo, ua huliho\u02bbi aku \u02bbo Punia no ko l\u0101ua home ma uka. A i ka \u02bbike \u02bbana mai o ka makuahine i ka ho\u02bbi ola aku o k\u0101na keiki, ua lilo loa ia i mea hau\u02bboli nona. A \u02bbo kona ho\u02bbom\u0101kaukau maila n\u014d ia i ke ahi e p\u016blehu ai\u00a0 i n\u0101 ula a l\u0101ua. A i ka mo\u02bba \u02bbana n\u014d ho\u02bbi, ua \u02bbai ihola l\u0101ua e like n\u014d ho\u02bbi me n\u0101 mea i h\u014d\u02bbike mua \u02bbia aku nei.<\/p>\n<p>Noho hou ihola n\u014d \u02bbo Punia a \u02bbono hou n\u014d i ka ula o ka lua ula a kona makuak\u0101ne, a e like n\u014d ho\u02bbi me k\u0101na hana mau, \u02bbo ke noi ho\u02bbouluhua mau i kona makuahine, p\u0113l\u0101 n\u014d ho\u02bbi \u02bbo ia i hana hou ai. \u02bbA\u02bbole na\u02bbe ho\u02bbi i \u02bbau\u02bba loa mai kona makuahine i\u0101 ia, a \u02bbo ke kauoha wale mai n\u014d i\u0101 Punia e maka\u02bbala loa o make auane\u02bbi\u00a0\u00a0\u00a0\u00a0 i\u0101 Kai\u02bbale\u02bbale, ka man\u014d n\u0101na i pepehi kona makuak\u0101ne.<\/p>\n<p>I ka h\u014d\u02bbea \u02bbana n\u014d o Punia i ka lae kahakai, ua n\u0101n\u0101 ihola n\u014d \u02bbo Punia i lalo o ka lua ula a l\u0101ua me kona makuak\u0101ne. A \u02bbike ihola n\u014d i ka moe a\u02bbe o ua Kai\u02bbale\u02bbale nei me kona p\u016b\u02bbulu man\u014d i koe iho, hana hou ihola n\u014d k\u0113ia e like n\u014d ho\u02bbi me n\u0101 hana mua i h\u014d\u02bbike \u02bbia a\u02bbe nei. A i ka loa\u02bba \u02bbana n\u014d o k\u0101 ia nei mau ula, a laila, kuhi- kuhi n\u014d k\u0113ia, na ka man\u014d hi\u02bbu momona i a\u02bboa\u02bbo mai i\u0101 ia e hana p\u0113l\u0101, a \u02bbo ka hope o n\u0101 hana a Punia, ua pepehi \u02bbia n\u0101 p\u016b\u02bbulu\u00a0 man\u014d ukali o ua Kai\u02bbale\u02bbale\u00a0 nei, a hiki i ka pau loa \u02bbana, a koe ho\u02bbokahi ihola ua man\u014d Kai\u02bbale\u02bbale nei. A no\u02bbono\u02bbo ihola \u02bbo Punia i k\u0101na mea e hana ai, a i k\u016b ai ho\u02bbi k\u0101na m\u0101kaia ma luna o Kai\u02bbale\u02bbale. A \u02bbo ke alahele wale n\u014d paha \u0101na e hana ai, aia n\u014d a loa\u02bba i\u0101 ia ka mea e hana aku ai i ua\u00a0\u00a0 man\u014d nei. A e \u02bbike ana paha k\u0101ua i n\u0101 mea a ua Punia nei i hana ai. A ma ia mea e\u00a0\u00a0\u00a0\u00a0\u00a0\u00a0 \u02bbike ai k\u0101ua, e ka mea heluhelu, i ke k\u016b \u02bbi\u02bbo a k\u016b \u02bbole paha o ka m\u0101kaia a Punia ma\u00a0\u00a0 luna o Kai\u02bbale\u02bbale.<\/p>\n<p>Ua \u02bb\u014dlelo akula \u02bbo Punia i kona makuahine, e nala i moena makali\u02bbi loa, a e p\u0101lua ho\u02bbi ka maka o ka moena. A ua \u02bbae maila n\u014d ka makuahine i k\u0113ia kauoha a k\u0101na keiki i\u0101 ia. I ia manawa p\u016b n\u014d ho\u02bbi \u02bbo Punia i k\u0101lai ai i mau l\u0101\u02bbau \u02bbelua, he iwilei ka l\u014d\u02bbihi, a ho\u02bbom\u0101kaukau p\u016b ihola n\u014d ho\u02bbi i ka n\u0101nahu, ka pulupulu, pa\u02bbakai, i\u00a0 loko o ka ipu li\u02bbili\u02bbi a ho\u02bbom\u0101kaukau p\u016b ihola n\u014d ho\u02bbi i \u014d nona e pono ai. A ua lawe p\u016b a\u02bbela n\u014d ho\u02bbi i iwi \u02bbopihi e wa\u02bbu ai, a he p\u0101hoa ho\u02bbi, \u02bbo ia n\u014d ho\u02bbi ka pahi \u02bboki o ia manawa.<\/p>\n<p>I ka m\u0101kaukau \u02bbana o k\u0113ia mau mea a pau, ua ho\u02bb\u014d ihola \u02bbo ia i ua mau mea nei a pau i loko o ke \u02bbeke moena, a laila, \u02bb\u014dlelo akula \u02bbo ia i\u0101 Hina, kona makua- hine, \u201cE ku\u02bbu makuahine aloha, eia au e hele ana no kekahi huaka\u02bbi l\u014d\u02bbihi. A e hala ana paha ia\u02bbu n\u0101 anahulu \u02bbelua ma k\u0113ia huaka\u02bbi a\u02bbu. A \u02bbo ka\u02bbu wale n\u014d i\u0101 \u02bboe e ku\u02bbu makuahine, mai p\u012bhoihoi \u02bboe e ku\u02bbu makua-hine no ko\u02bbu nalowale l\u014d\u02bbihi. E noho n\u014d \u02bboe ma ke \u02bbano maika\u02bbi. A \u02bbo ka\u02bbu n\u014d e noi \u02bb\u0113 aku nei i\u0101 \u02bboe, mai n\u012bnau mai \u02bboe i kahi a\u02bbu e hele nei ma k\u0113ia huaka\u02bbi hele l\u014d\u02bbihi a\u02bbu. E noho n\u014d \u02bboe me ka ho\u02bbomana\u02bbo mau n\u014d i ko k\u0101ua mau \u02bbaum\u0101kua mai n\u0101 k\u016bpuna mai.\u201d<\/p>\n<p>Me k\u0113ia mau \u02bb\u014dlelo a ua Punia nei, ua lele akula \u02bbo ia a honi i ka makuahine, a huli a\u02bbela, h\u0101pai i ke \u02bbeke lauhala \u0101na, a pa\u02bba p\u016b a\u02bbela i n\u0101 l\u0101\u02bbau \u02bbelua \u0101na i k\u0101lai maika\u02bbi ai, a \u02bbo kona kaha akula n\u014d ia a iho no ka pali kahakai, kahi ho\u02bbi o ka lua ula a l\u0101ua me kona makuak\u0101ne. A i kona h\u014d\u02bbea \u02bbana n\u014d i ia wahi, ua n\u0101n\u0101 ihola k\u0113ia i lalo o ka lua ula, a \u02bbike ihola n\u014d i ka moe a\u02bbe o Kai\u02bbale\u02bbale. A i ia w\u0101 k\u0113ia i k\u0101hea a\u02bbe ai me ka leo nui, a i kumu n\u014d ho\u02bbi no Kai\u02bbale\u02bbale e lohe mai ai i k\u0101 ia nei \u02bb\u014dlelo \u02bbana.<\/p>\n<p>\u201cEia n\u014d paha \u02bbo Man\u014d Nui Kai\u02bbale\u02bbale ke moe mai nei. A in\u0101 n\u014d wau e lu\u02bbu aku ana, e make ana n\u014d au i\u0101 Kai\u02bbale\u02bbale. E make ana wau i\u0101 ia ke ale \u02bboko\u02bba \u02bbia au e\u00a0\u00a0 ia i loko o kona \u02bb\u014dp\u016b. Ak\u0101 ho\u02bbi, in\u0101 \u02bbo ia e nahu \u02bb\u0113 ana ia\u02bbu a moku au i\u0101 ia, a laila, \u02bbike \u02bbia n\u014d ka lana o ku\u02bbu koko i luna nei. A laila, loa\u02bba n\u014d ke kuleana o ku\u02bbu makuahine, \u02bbo Hina, e ho\u02bb\u014dla hou ai ia\u02bbu a ola hou n\u014d au ma ka mana o ku\u02bbu koko e ho\u02bbohana aku ai \u02bbo Hina i kona mana lapa\u02bbau. Ak\u0101 i ale \u02bboko\u02bba \u02bbo Kai\u02bbale\u02bbale ia\u02bbu i loko o kona \u02bb\u014dp\u016b, a laila k\u0101 ho\u02bbi, make \u02bbi\u02bbo au i\u0101 Kai\u02bbale\u02bbale.\u201d I ka lohe \u02bbana o Kai\u02bbale\u02bbale i k\u0113ia mau \u02bb\u014dlelo a Punia, ua ho\u02bboholo koke ihola n\u014d \u02bbo ia i loko iho ona, e ale \u02bboko\u02bba \u02bbia\u00a0\u00a0 ana \u02bbo Punia e ia.<\/p>\n<p>I ka pau \u02bbana n\u014d o k\u0113l\u0101 mau \u02bb\u014dlelo a Punia, ua ho\u02bbom\u0101kaukau ihola n\u014d kona\u00a0 lu\u02bbu aku. A ma mua n\u014d ho\u02bbi o kona lu\u02bbu \u02bbana aku, ua k\u0101hea hou a\u02bbela n\u014d \u02bbo ia me ka\u00a0 leo nui, \u201cA lu\u02bbu au \u0113, a lu\u02bbu l\u0101. A in\u0101 n\u014d e ale \u02bboko\u02bba \u02bbia ana au e Kai\u02bbale\u02bbale, a laila, e make ana au. \u02bbA\u02bbole o\u02bbu mea e pakele ai. A in\u0101 ho\u02bbi \u02bbo ia e nahu ana ia\u02bbu, a laila, e ola ana au i\u0101 Hina, ku\u02bbu makuahine, ma ku\u02bbu koko e kahe ana.\u201d<\/p>\n<\/div>\n<\/div>\n<\/div>\n<\/div>\n<\/div>\n<\/div>\n<\/div>\n\n","protected":false},"excerpt":{"rendered":"","protected":false},"author":1,"featured_media":0,"parent":69,"menu_order":0,"comment_status":"closed","ping_status":"closed","template":"","meta":[],"_links":{"self":[{"href":"https:\/\/ehooululahui.maui.hawaii.edu\/index.php?rest_route=\/wp\/v2\/pages\/770"}],"collection":[{"href":"https:\/\/ehooululahui.maui.hawaii.edu\/index.php?rest_route=\/wp\/v2\/pages"}],"about":[{"href":"https:\/\/ehooululahui.maui.hawaii.edu\/index.php?rest_route=\/wp\/v2\/types\/page"}],"author":[{"embeddable":true,"href":"https:\/\/ehooululahui.maui.hawaii.edu\/index.php?rest_route=\/wp\/v2\/users\/1"}],"replies":[{"embeddable":true,"href":"https:\/\/ehooululahui.maui.hawaii.edu\/index.php?rest_route=%2Fwp%2Fv2%2Fcomments&post=770"}],"version-history":[{"count":3,"href":"https:\/\/ehooululahui.maui.hawaii.edu\/index.php?rest_route=\/wp\/v2\/pages\/770\/revisions"}],"predecessor-version":[{"id":1316,"href":"https:\/\/ehooululahui.maui.hawaii.edu\/index.php?rest_route=\/wp\/v2\/pages\/770\/revisions\/1316"}],"up":[{"embeddable":true,"href":"https:\/\/ehooululahui.maui.hawaii.edu\/index.php?rest_route=\/wp\/v2\/pages\/69"}],"wp:attachment":[{"href":"https:\/\/ehooululahui.maui.hawaii.edu\/index.php?rest_route=%2Fwp%2Fv2%2Fmedia&parent=770"}],"curies":[{"name":"wp","href":"https:\/\/api.w.org\/{rel}","templated":true}]}}