{"id":780,"date":"2019-01-03T09:30:50","date_gmt":"2019-01-03T19:30:50","guid":{"rendered":"http:\/\/ehooululahui.maui.hawaii.edu\/?page_id=780"},"modified":"2019-05-10T13:10:04","modified_gmt":"2019-05-10T23:10:04","slug":"punia-mokuna-%ca%bbeiwa","status":"publish","type":"page","link":"https:\/\/ehooululahui.maui.hawaii.edu\/?page_id=780","title":{"rendered":"Punia: Mokuna \u02bbEiwa"},"content":{"rendered":"<style type=\"text\/css\"> \n#cmsmasters_row_69f612d6c0999 { \n\tbackground-color:#f8ecc2;\n} \n\n#cmsmasters_row_69f612d6c0999 .cmsmasters_row_outer_parent { \n\tpadding-top: 50px; \n} \n\n#cmsmasters_row_69f612d6c0999 .cmsmasters_row_outer_parent { \n\tpadding-bottom: 50px; \n} \n\n \n#cmsmasters_divider_69f612d6c0f83 { \n\tborder-bottom-width:1px; \n\tborder-bottom-style:solid; \n\tpadding-top:5px; \n\tmargin-bottom:30px; \n\tborder-bottom-color:rgba(0,0,0,0.5);\n} \n<\/style><div id=\"cmsmasters_row_69f612d6c0999\" class=\"cmsmasters_row cmsmasters_color_scheme_default cmsmasters_row_top_default cmsmasters_row_bot_default cmsmasters_row_boxed\">\n<div class=\"cmsmasters_row_outer_parent\">\n<div class=\"cmsmasters_row_outer\">\n<div class=\"cmsmasters_row_inner\">\n<div class=\"cmsmasters_row_margin\">\n<div class=\"cmsmasters_column one_first\">\n<div class=\"custom_html\">\n<iframe width=\"100%\" height=\"20\" scrolling=\"no\" frameborder=\"no\" allow=\"autoplay\" src=\"https:\/\/w.soundcloud.com\/player\/?url=https%3A\/\/api.soundcloud.com\/tracks\/586640982&color=%23ff5500&inverse=false&auto_play=false&show_user=true\"><\/iframe>\n<\/div>\n\n<div id=\"cmsmasters_divider_69f612d6c0f83\" class=\"cmsmasters_divider cmsmasters_divider_width_long cmsmasters_divider_pos_center\"><\/div>\n<div class=\"cmsmasters_text\">\n<p>Ua lilo \u02bbi\u02bbo n\u014d n\u0101 waimaka helele\u02bbi o Punia a me n\u0101 leo u\u0113 pa\u02bbi\u0101uma, a i k\u014dkua p\u016b \u02bbia mai ho\u02bbi e n\u0101 \u02bb\u014dlelo \u02bbuao a ke akua m\u0101kole, i mua e ho\u02bbohuli ai i ka mana\u02bbo o ke kini o ke akua, ka lehu o ke akua, a ho\u02bboholo ihola l\u0101kou e ho\u02bbolilo i\u0101 Punia i lawai\u02bba nui na l\u0101kou. I ka lohe \u02bbana o ke akua \u02bb\u014dhule i k\u0113ia \u02bb\u014dlelo ho\u02bboholo a kona po\u02bbe hoaakua, a laila, ua \u02bb\u014dlelo maila \u02bbo ia i k\u0101na mau hoaakua, \u201c \u02bbAuhea mai \u02bboukou, nani ia, ua ho\u02bbolohe akula n\u014d \u02bboukou i ko k\u0101kou hoa, a ua hilina\u02bbi ho\u02bbi i ke akua hana pa\u02bbakai a k\u0101kou, a i hihia \u02bboukou i ka lihi o ka \u02bbupena a k\u0113ia kanaka \u02bb\u014dhule, a laila, e pakele ana n\u014d au, \u02bboiai, \u02bba\u02bbole o\u02bbu lauoho e hihia ai i k\u0101na \u02bbupena, a ka wahahe\u02bbe.\u201d<\/p>\n<p>\u02bbO k\u0113ia mau \u02bb\u014dlelo na\u02bbe a ua akua \u02bb\u014dhule nei, \u02bba\u02bbole he ho\u02bbomaopopo \u02bbia aku, \u02bboiai, ua pa\u02bba ko l\u0101kou mana\u02bbo e ho\u02bbolilo i\u0101 Punia i alaka\u02bbi ku\u02bbu \u02bbupena na l\u0101kou. A e \u02bbike aku n\u014d na\u02bbe k\u0101ua i n\u0101 mea e pili ana i n\u0101 ku\u02bbuna i\u02bba a ke keiki a Leimakani me Hina, k\u0101na wahine.<\/p>\n<p>I ka maopopo \u02bbana i\u0101 Punia ua palekana \u02bbo ia mai ka make mai, ua ho\u02bbopau a\u02bbela \u02bbo ia i kona u\u0113 pa\u02bbi\u0101uma \u02bbana. Ua ho\u02bbomaka ihola kona kama\u02bbilio \u02bbana me n\u0101 akua. Ua n\u012bnau maila ke akua m\u0101kole i\u0101 ia, \u201cUa maopopo \u02bbi\u02bbo n\u014d i\u0101 \u02bboe n\u0101 ku\u02bbuna i\u02bba o k\u0113ia mau wahi?\u201d<\/p>\n<p>\u201c \u02bbAe, ua maopopo n\u014d ia\u02bbu, \u02bboiai, ke kaha k\u0113ia na m\u0101ua i noho me ko\u02bbu l\u016bau\u02bbi makuak\u0101ne i hala aku i ka make.\u201d<\/p>\n<p>\u201cHe aha n\u0101 \u02bbano i\u02bba nui o k\u0113ia mau ku\u02bbuna a \u02bbolua e lawai\u02bba ai?\u201d wahi hou a ke akua m\u0101kole i n\u012bnau aku ai.<\/p>\n<p>\u201cHe nui n\u014d n\u0101 \u02bbano i\u02bba o k\u0113ia mau ku\u02bbuna. \u02bbO ka palani ua i\u02bba, \u02bbo ke ananue ua i\u02bba, \u02bbo ka uhu ua i\u02bba, \u02bbo ke kala ua i\u02bba, \u02bbo ka uouoa ua i\u02bba, a \u02bbo ka weke\u02bbula ua i\u02bba. Eia na\u02bbe, he \u02bbano kapu n\u014d ka lawai\u02bba \u02bbana o k\u0113ia mau ku\u02bbuna i\u02bba.\u201d<\/p>\n<p>\u201cHe aha ho\u02bbi ka mea e kapu ai ke ku\u02bbuna o k\u0113ia mau wahi?\u201d wahi a ke akua m\u0101kole i n\u012bnau mai ai.<\/p>\n<p>\u201cHe akahele loa ke ku\u02bbu \u02bbana o ka \u02bbupena, a he akahele loa a m\u0101lie loa n\u014d ho\u02bbi ka lu\u02bbu \u02bbana i ka i\u02bba. \u02bbA\u02bbole e wala\u02bbau, \u02bba\u02bbole n\u014d ho\u02bbi e ho\u02bbi koke i uka a hiki i ka w\u0101 e lawe p\u016b ai i ka \u02bbupena i uka o ka \u02bb\u0101ina. A \u02bbo ke kumu, \u02bbo ia n\u014d ke \u02bbano pili loa o kahi ku\u02bbuna i kahi ku\u02bbuna, a i mea e p\u016b\u02bbiwa \u02bbole ai ka i\u02bba o ke ku\u02bbuna hou aku. A \u02bbo ia ka mea e lawelawe m\u0101lie ai ka hana a ka po\u02bbe lawai\u02bba. \u02bbO kekahi n\u014d ho\u02bbi, in\u0101 e hei iho ka i\u02bba o k\u0113ia mau ku\u02bbuna, \u02bba\u02bbole i kana mai ka i\u02bba a me ka hana nui no ka \u02bb\u014dwili \u02bbana i ka i\u02bba i ka \u02bbupena. A ma kahi a\u02bbu e \u02bb\u014dwili ai, e maka\u02bbala loa n\u014d ho\u02bbi \u02bboe o hemo hou ka i\u02bba mai ka \u02bbupena aku. I kahi manawa n\u014d a m\u0101ua e ku\u02bbu ai a ulia iho n\u014d ho\u02bbi ke ku\u02bbu \u02bbana, ho\u02bbokahi n\u014d ku\u02bbu \u02bbana, \u02bbai ka pua\u02bba, \u02bbai ke kanaka, a \u02bbai n\u014d ho\u02bbi ke akua i ka i\u02bba o k\u0113ia wahi.\u201d<\/p>\n<p>Ua lilo k\u0113ia mau \u02bb\u014dlelo wahawai a Punia i mea makahehi loa \u02bbia e ka nui o ke akua, a koe wale n\u014d ke akua \u02bb\u014dhule. Ua ho\u02bb\u0101\u02bbo maila n\u014d ua akua \u02bb\u014dhule nei e alaka\u02bbi k\u016b\u02bb\u0113 i n\u0101 \u02bb\u014dlelo a Punia, eia na\u02bbe, \u02bba\u02bbole ho\u02bbolohe \u02bbia aku o ia mau \u02bb\u014dlelo e n\u0101 akua \u02bb\u0113 a\u02bbe.<\/p>\n<p>Ua h\u014d\u02bbike\u02bbike maila ke akua i ka \u02bbupena a l\u0101kou e nakinaki ana i ka \u02bbalihi p\u014dhaku o lalo, a ua \u02bb\u014dlelo koke akula n\u014d \u02bbo Punia i\u0101 l\u0101kou, \u02bba\u02bbole e pono k\u0113ia p\u014dhaku o ka \u02bbalihi o lalo. \u02bbA\u02bbole e pa\u02bba ka i\u02bba, a helu auane\u02bbi i ka i\u02bba hemo wale. Ua k\u0113n\u0101 aku- la \u02bbo ia i ka nui o ke akua e hele e \u02bbimi p\u014dhaku hou no ka \u02bbalihi p\u014dhaku o lalo o ka \u02bbupena, a ua kuhikuhi akula \u02bbo ia i ke \u02bbano o ka p\u014dhaku e lawe mai ai. A he manawa pokole wale n\u014d, ua k\u016b ke \u02bb\u0101hua o ka p\u014dhaku.<\/p>\n<p>I ka \u02bbike \u02bbana o ke akua \u02bb\u014dhule i k\u0113ia pu\u02bbu p\u014dhaku, a laila, ho\u02bbomaka maila n\u014d \u02bbo ia e kama\u02bbilio hou, \u201c \u02bbAuhea mai \u02bboukou e o\u02bbu mau hoaakua. E like n\u014d ho\u02bbi me ka nui o k\u0113ia mau p\u014dhaku, p\u0113l\u0101 n\u014d ka nui o ko \u02bboukou puni wale i k\u0113ia kanaka \u02bb\u014dhule wahahe\u02bbe.\u201d<\/p>\n<p>Ma muli o ko Punia ho\u02bbomaopopo iho, in\u0101 p\u0113l\u0101 ihola\u00a0 k\u0113ia\u00a0 akua \u02bb\u014dhule e ho\u02bb\u0101\u02bbo mau ai e ho\u02bbop\u016bhili i k\u0101na mau ho\u02bbol\u0101l\u0101 \u02bbana, a mea paha o lilo n\u0101 kama\u02bbilio mau \u02bbana a k\u0113ia akua \u02bb\u014dhule i mea e ho\u02bbohuli aku ai i ka mana\u02bbo hilina\u02bbi o n\u0101 akua \u02bb\u0113 a\u02bbe, a \u02bbo ka hope, \u02bbo ka pilikia n\u014d ia ona a holopono \u02bbole k\u0101na mau ho\u02bbol\u0101l\u0101 \u02bbana.\u00a0 No laila, ua no\u02bbono\u02bbo ihola \u02bbo ia i mea e ho\u02bbop\u016bhili ai i n\u0101 alaka\u02bbi a ke akua \u02bb\u014dhule.<\/p>\n<p>\u201c \u02bbAuhea mai \u02bboukou, e ka nui o ke akua. I n\u0101 w\u0101 a m\u0101ua e lawelawe ana i k\u0113ia hana lawai\u02bba ma k\u0113ia kaha, ua a\u02bbo ikaika mai ko\u02bbu makuak\u0101ne ia\u02bbu i kekahi mau loina k\u016bpono no ka lawai\u02bba \u02bbana. A he mea pono n\u014d ho\u02bbi e pono i\u0101 k\u0101kou e ho\u02bbok\u014d aku i ia mau loina.\u201d<\/p>\n<p>\u201cHe aha ia mau loina, e ka lawai\u02bba nui a m\u0101kou? In\u0101 he mau loina k\u016bpono ia e pono ai k\u0101 k\u0101kou \u02bboihana lawai\u02bba, a laila, he mea pono n\u014d e ho\u02bbok\u014d \u02bbia, \u02bboiai, \u02bbo ka loa\u02bba o ka i\u02bba k\u0101 k\u0101kou mea e \u02bbimi nei, a e \u02bbolu\u02bbolu \u02bboe e h\u014d\u02bbike mai i ka mea pili i ia mau loina.\u201d<\/p>\n<p>Ua \u02bb\u014dlelo \u02bbia \u02bbo k\u0113ia mau loina a k\u0101ua, e ka mea heluhelu \u0113, e \u02bbike iho ai, a i kama\u02bbilio \u02bbia ma ke \u02bbano \u02bbapuhi\u00a0 e Punia, ua lilo ia mau loina i mea m\u0101lama \u02bbia e\u00a0\u00a0\u00a0\u00a0\u00a0\u00a0 ka po\u02bbe lawai\u02bba ma hope mai. A ua m\u0101lama \u02bbia ho\u02bbi e ka po\u02bbe lawai\u02bba kahiko o k\u0113ia \u02bb\u0101ina a h\u014d\u02bbea wale n\u014d i k\u0113ia manawa.<\/p>\n<p>\u201cEia ua mau loina nei,\u201d wahi a Punia me ke \u02bbano ho\u02bbokohukohu.\u00a0 \u201cI ka w\u0101 e hana ai ka \u02bbupena a k\u0101kou, \u02bba\u02bbole e pono kahi mea e wala\u02bbau, \u02bba\u02bbole n\u014d ho\u02bbi e k\u016b a ki\u02bbi mai. A\u02bbole n\u014d ho\u02bbi e pe\u02bba ka lima i ke kua. \u02bbA\u02bbole n\u014d ho\u02bbi e ho\u02bbohuahua ka lima.<\/p>\n<p>\u02bbA\u02bbole e p\u016bliki ka lima ma ka umauma, \u02bbA\u02bbole n\u014d ho\u02bbi e nema wale mai i ka hana \u02bbana a ka po\u02bbe e hana ana i ka \u02bbupena. A i ka w\u0101 e ku\u02bbu ai ka \u02bbupena i ke kai, \u02bba\u02bbole e ho\u02bbokuli i ka leo kauoha a ka lawai\u02bba. E palanehe ka lawelawe \u02bbana o n\u0101 mea a pau. A he ho\u02bbokahi n\u014d mea ho\u02bbolohe, \u02bbo ia n\u014d ka leo kauoha o ka lawai\u02bba. A wahi a ko\u02bbu makuak\u0101ne ia\u02bbu, \u02bbo ka m\u0101lama \u02bbia o k\u0113ia mau loina o ka lawai\u02bba \u02bbana, \u02bbo ka mea ihola n\u014d ia e ho\u02bbi nele \u02bbole ai ka lawai\u02bba me ka paoa. A in\u0101 he makemake ko \u02bboukou e loa\u02bba ka i\u02bba, a laila, e noi ana au i\u0101 \u02bboukou e ho\u02bbolohe \u02bbia k\u0113ia mau loina a\u02bbu e h\u014d\u02bbike aku nei i\u0101 \u02bboukou.\u201d<\/p>\n<p>Ma ka lohe \u02bbana o ka hapanui o ke akua, ua mahalo maila n\u014d l\u0101kou, a ua ho\u02bbopa\u02bba maila n\u014d ho\u02bbi e ho\u02bbolohe i ua mau loina nei a k\u0101 l\u0101kou lawai\u02bba i h\u014d\u02bbike\u02bbike aku ai i\u0101 l\u0101kou. A \u02bbo ke akua wale n\u014d i namunamu a\u02bbe no k\u0113ia mau loina lawai\u02bba a Punia, \u02bbo ia n\u014d ke akua po\u02bbo nemonemo. A ua hiki \u02bbole n\u014d na\u02bbe ke lanakila kona mau mana\u02bbo k\u016b\u02bb\u0113. Ma k\u0113ia mau loina a Punia i h\u014d\u02bbike aku ai i kona po\u02bbe haku lawai\u02bba, \u02bba\u02bbole \u02bbo ia i mana\u02bbo, \u02bbo ia maoli n\u014d ke \u02bbano o ka loina lawai\u02bba, ak\u0101, ua mana\u02bbo \u02bbo ia \u02bbo ka mea wale n\u014d paha ia e k\u014d ai k\u0101na mau ho\u02bbol\u0101l\u0101 \u02bbana no kona palekana a e k\u016b ai ho\u02bbi k\u0101na m\u0101kaia ma luna o k\u0113ia po\u02bbe akua ho\u02bbop\u016bnini i kona alahele no ka ho\u02bbi\u00a0 i kona makuahine.<\/p>\n<p>Ua k\u0113n\u0101 koke akula n\u014d \u02bbo Punia i ka lehulehu o n\u0101 akua, e nakinaki i ka \u02bbalihi p\u014dhaku o k\u0101 l\u0101kou \u02bbupena, a e nakinaki n\u014d ho\u02bbi a pa\u02bba pono loa. A e \u02bbike p\u016b ana n\u014d\u00a0 k\u0101ua i ka mana\u02bbo o k\u0113ia hana nakinaki a pa\u02bba loa ka p\u014dhaku o lalo o ka \u02bbupena. He \u02bboko\u02bba n\u014d ho\u02bbi k\u0101 Kaulul\u0101\u02bbau o L\u0101na\u02bbi i hana ai no ke kini akua a lehu o ke akua, a he \u02bboko\u02bba n\u014d ho\u02bbi k\u0101 Punia i hana ai i n\u0101 akua ho\u02bbop\u016bhili o n\u0101 Kaha Wai \u02bbOle o n\u0101 Kona. A e \u02bbole \u02bbo Punia i k\u0113l\u0101 au kahiko o ka \u02bb\u0101ina, lanakila ai n\u0101 k\u0101naka lawai\u02bba i k\u0113ia mau l\u0101 e ne\u02bbe nei. Ma k\u0113ia mokuna a\u02bbe e \u02bbike ai k\u0101ua, e ka mea heluhelu no ka\u00a0 hana a ke keiki \u02bbeu a Hina.<\/p>\n<\/div>\n<\/div>\n<\/div>\n<\/div>\n<\/div>\n<\/div>\n<\/div>\n\n","protected":false},"excerpt":{"rendered":"","protected":false},"author":1,"featured_media":0,"parent":69,"menu_order":0,"comment_status":"closed","ping_status":"closed","template":"","meta":[],"_links":{"self":[{"href":"https:\/\/ehooululahui.maui.hawaii.edu\/index.php?rest_route=\/wp\/v2\/pages\/780"}],"collection":[{"href":"https:\/\/ehooululahui.maui.hawaii.edu\/index.php?rest_route=\/wp\/v2\/pages"}],"about":[{"href":"https:\/\/ehooululahui.maui.hawaii.edu\/index.php?rest_route=\/wp\/v2\/types\/page"}],"author":[{"embeddable":true,"href":"https:\/\/ehooululahui.maui.hawaii.edu\/index.php?rest_route=\/wp\/v2\/users\/1"}],"replies":[{"embeddable":true,"href":"https:\/\/ehooululahui.maui.hawaii.edu\/index.php?rest_route=%2Fwp%2Fv2%2Fcomments&post=780"}],"version-history":[{"count":3,"href":"https:\/\/ehooululahui.maui.hawaii.edu\/index.php?rest_route=\/wp\/v2\/pages\/780\/revisions"}],"predecessor-version":[{"id":1324,"href":"https:\/\/ehooululahui.maui.hawaii.edu\/index.php?rest_route=\/wp\/v2\/pages\/780\/revisions\/1324"}],"up":[{"embeddable":true,"href":"https:\/\/ehooululahui.maui.hawaii.edu\/index.php?rest_route=\/wp\/v2\/pages\/69"}],"wp:attachment":[{"href":"https:\/\/ehooululahui.maui.hawaii.edu\/index.php?rest_route=%2Fwp%2Fv2%2Fmedia&parent=780"}],"curies":[{"name":"wp","href":"https:\/\/api.w.org\/{rel}","templated":true}]}}