{"id":782,"date":"2019-01-03T09:56:39","date_gmt":"2019-01-03T19:56:39","guid":{"rendered":"http:\/\/ehooululahui.maui.hawaii.edu\/?page_id=782"},"modified":"2019-05-10T13:11:59","modified_gmt":"2019-05-10T23:11:59","slug":"punia-mokuna-%ca%bbumi","status":"publish","type":"page","link":"https:\/\/ehooululahui.maui.hawaii.edu\/?page_id=782","title":{"rendered":"Punia: Mokuna \u02bbUmi"},"content":{"rendered":"<style type=\"text\/css\"> \n#cmsmasters_row_69f3aabfda22e { \n\tbackground-color:#f8ecc2;\n} \n\n#cmsmasters_row_69f3aabfda22e .cmsmasters_row_outer_parent { \n\tpadding-top: 50px; \n} \n\n#cmsmasters_row_69f3aabfda22e .cmsmasters_row_outer_parent { \n\tpadding-bottom: 50px; \n} \n\n \n#cmsmasters_divider_69f3aabfda5d4 { \n\tborder-bottom-width:1px; \n\tborder-bottom-style:solid; \n\tpadding-top:5px; \n\tmargin-bottom:30px; \n\tborder-bottom-color:rgba(0,0,0,0.5);\n} \n<\/style><div id=\"cmsmasters_row_69f3aabfda22e\" class=\"cmsmasters_row cmsmasters_color_scheme_default cmsmasters_row_top_default cmsmasters_row_bot_default cmsmasters_row_boxed\">\n<div class=\"cmsmasters_row_outer_parent\">\n<div class=\"cmsmasters_row_outer\">\n<div class=\"cmsmasters_row_inner\">\n<div class=\"cmsmasters_row_margin\">\n<div class=\"cmsmasters_column one_first\">\n<div class=\"custom_html\">\n<iframe width=\"100%\" height=\"20\" scrolling=\"no\" frameborder=\"no\" allow=\"autoplay\" src=\"https:\/\/w.soundcloud.com\/player\/?url=https%3A\/\/api.soundcloud.com\/tracks\/586640976&color=%23ff5500&inverse=false&auto_play=false&show_user=true\"><\/iframe>\n<\/div>\n\n<div id=\"cmsmasters_divider_69f3aabfda5d4\" class=\"cmsmasters_divider cmsmasters_divider_width_long cmsmasters_divider_pos_center\"><\/div>\n<div class=\"cmsmasters_text\">\n<p>I ka \u02bbike \u02bbana o Punia ua pa\u02bba\u00a0 ka \u02bbalihi p\u014dhaku o ka \u02bbupena lawai\u02bba a l\u0101kou, ua k\u0113n\u0101 a\u02bbela \u02bbo ia i kekahi mau akua ma k\u0113l\u0101 \u02bbao\u02bbao o ka \u02bbupena, a ua a\u02bbo ikaika hou akula n\u014d \u02bbo ia i ka lehulehu o n\u0101 akua, e ho\u02bbolohe loa l\u0101kou i n\u0101 \u02bb\u014dlelo a\u02bbo \u0101na e kauoha aku ai. I\u0101 l\u0101kou e \u02bbike ai paha i kahi mea \u02bbano \u02bb\u0113, \u02bba\u02bbole pono e wala\u02bbau. E pono n\u014d l\u0101kou e ho\u02bbomana\u02bbo no kekahi ku\u02bbuna hou aku. Ua lilo n\u014d k\u0113ia mau a\u02bbo \u02bbana a Punia i mea maika\u02bbi wale n\u014d i ka mana\u02bbo o ka lehulehu o n\u0101 akua, a koe wale\u00a0\u00a0\u00a0 n\u014d paha ke akua \u02bb\u014dhule. Ua lilo \u02bbo Punia i mea ho\u02bbowah\u0101wah\u0101 loa \u02bbia e k\u0113ia akua po\u02bbo nemonemo.<\/p>\n<p>Ua h\u014d\u02bbau akula \u02bbo Punia me kona mau hoa i ka \u02bbupena, a i ka \u02bbike \u02bbana o Pu- nia, \u02bbo kahi k\u016bpono loa ia e ku\u02bbu ai ka \u02bbupena a l\u0101kou, ua k\u0101hea m\u0101lie akula \u02bbo ia i kona mau hoalawai\u02bba, e ku\u02bbu ka \u02bbupena. Ua h\u014d\u02bbau akula \u02bbo Punia a pau pono ka loa o ka \u02bbupena, a laila, huli maila \u02bbo ia ma waho a\u02bbe o ka \u02bbupena no kahi a kona mau hoalawai\u02bba e pa\u02bba ana i kahi kihi o ka \u02bbupena, I kona h\u014d\u02bbea \u02bbana i ko l\u0101ua wahi e pa\u02bba ana, ua \u02bb\u014dlelo akula \u02bbo Punia i\u0101 l\u0101ua,<\/p>\n<p>\u201c \u02bbAuhea mai \u02bbolua. Ua i\u02bba ke ku\u02bbuna a k\u0101kou. Eia ka i\u02bba l\u0101 ke ho\u02bbok\u0113 nei i ka \u02bbupena. A he w\u0101 k\u0113ia e lu\u02bbu ai k\u0101kou e \u02bb\u014dwili i ka \u02bbupena o p\u0101 \u02bbupena mai auane\u02bbi ka i\u02bba a ho\u02bbi ka i\u02bba i uka. Ma ke \u02bbano o ka \u02bboni \u02bbana o ka \u02bbupena ke ho\u02bbomaopopo nei au he palani ka i\u02bba, he kala ka i\u02bba, e hei nei i ka \u02bbupena a k\u0101kou. A in\u0101 e ho\u02bbolohe pono \u02bbia ka\u02bbu mau kauoha, a laila, i k\u0113ia ku\u02bbuna n\u014d a k\u0101kou, lawa ka \u02bbono i\u02bba. \u02bbA\u02bbole ho\u02bbi e anuanu hou aku i ka hele hou \u02bbana aku i kahi ku\u02bbuna hou aku. E lu\u02bbu p\u016b mai \u02bbolua me a\u02bbu e \u02bb\u014dwili i ka i\u02bba ma mua o ka ho\u02bbi hou \u02bbana o ka i\u02bba i uka?\u201d<\/p>\n<p>Me k\u0113ia mau \u02bbolelo, ua lu\u02bbu like \u02bbi\u02bbo akula n\u014d l\u0101kou. Aia na\u02bbe n\u0101 akua ma ka \u02bbao\u02bbao ma loko o ka \u02bbupena. A \u02bbo Punia ho\u02bbi, aia n\u014d \u02bbo ia ma ka \u02bbao\u02bbao ma uka o ka \u02bbupena. A ua ho\u02bbomaopopo \u02bbi\u02bbo akula n\u014d \u02bbo Punia, ua hei \u02bbi\u02bbo n\u014d k\u0113l\u0101 mau \u02bbano i\u02bba i h\u014d\u02bbike \u02bbia a\u02bbela. A i n\u0101 wahi akua e ho\u02bb\u0101\u02bbo ana e \u02bb\u014dwili i kekahi mau i\u02bba kala i ka \u02bbupena, ua \u02bb\u014dwili p\u016b \u02bbia akula ua mau wahi akua nei e Punia a pa\u02bba p\u016b me n\u0101 i\u02bba a l\u0101ua e \u02bb\u014dwili ana. A i ka \u02bbike \u02bbana o Punia ua hei k\u0113l\u0101 mau akua i ka \u02bbupena a ka la- wakua, ua ea a\u02bbela \u02bbo ia i luna a k\u0101hea akula i n\u0101 akua e kuk\u016b mai ana ma kahakai, \u201c \u02bbAuhea mai \u02bboukou, ua hei ka i\u02bba a k\u0101kou. \u02bbO ke kala ua i\u02bba, \u02bbo ka palani ua i\u02bba, e \u02bbau p\u0101kahi mai \u02bboukou e k\u014dkua i ka \u02bb\u014dwili \u02bbana i ka i\u02bba i ka \u02bbupena. A e akahele loa na\u02bbe. Mai wala\u02bbau iki o pilikia auane\u02bbi ka \u02bboihana lawai\u02bba a k\u0101kou.\u201d<\/p>\n<p>Ua ho\u02bbolohe maila n\u0101 akua o uka i k\u0113ia leo k\u0101hea o Punia. A i ka h\u014d\u02bbea \u02bbana\u00a0\u00a0 mai n\u014d o ia akua i kahi a Punia e lana aku ana, ua k\u0113n\u0101 akula n\u014d \u02bbo Punia i ia akua e lu\u02bbu m\u0101lie aku e \u02bb\u014dwili i ka \u02bbupena. A i kona lu\u02bbu \u02bbana aku n\u014d ma ka \u02bbao\u02bbao ma loko o ka \u02bbupena, ua lu\u02bbu p\u016b akula n\u014d \u02bbo Punia a \u02bb\u014dwili \u02bbia akula ia akua i ka \u02bbupena. A \u02bbo n\u0101 akua mua a Punia i \u02bb\u014dwili mua ai me n\u0101 i\u02bba, \u201cua pau k\u0101 \u02bboe hana; ua pio k\u0101 \u02bboe ahi\u201d, a ua helu \u02bbia akula l\u0101ua me n\u0101 i\u02bba hei o ka \u02bbupena lawai\u02bba a ke keiki a Hina me Leimakani.<\/p>\n<p>Ea hou a\u02bbela n\u014d \u02bbo Punia i luna, a k\u0101hea hou akula n\u014d me kona akena p\u016b aku n\u014d i ka hei o ka i\u02bba a l\u0101kou. \u201c \u02bbAuhea mai \u02bboukou. \u02bbA\u02bbole i kana mai ka i\u02bba e ho\u02bbon\u0101\u00a0 nei i ka \u02bbupena. \u02bbA\u02bbole na\u02bbe i p\u016b\u02bbiwa nui ka i\u02bba, no laila, e \u02bbau m\u0101lie mai n\u014d kahi o \u02bboukou ma ke \u02bbano p\u0101kahi. A i kona lu\u02bbu \u02bbana a \u02bb\u014dwili i k\u0101na i\u02bba ma kona wahi, a pa\u02bba k\u0101na i\u02bba i ka \u02bbupena, e ea m\u0101lia a\u02bbe n\u014d \u02bbo ia a kia\u02bbi n\u014d ma kahi i pa\u02bba ai k\u0101na i\u02bba,\u00a0 a i m\u0101m\u0101 ai ka hana a k\u0101kou i ka h\u014d\u02bbau \u02bbana aku i ka \u02bbupena i uka o ka \u02bb\u0101ina, \u02bba\u02bbole k\u0113ia he i\u02bba a k\u0101kou, he ola no k\u0113ia mau l\u0101 l\u014d\u02bbihi.\u201d<\/p>\n<p>I ka lohe \u02bbana n\u014d o ko uka mau akua, ua \u02bbau p\u0101kahi maila n\u014d l\u0101kou. A i ka h\u014d\u02bbea \u02bbana n\u014d i kahi a Punia e lana ana, ua \u02bb\u014dlelo koke akula n\u014d \u02bbo Punia i\u0101 ia, \u201cIn\u0101 \u02bboe e lu\u02bbu p\u016b me a\u02bbu a \u02bb\u014dwili i ka \u02bbupena me ka i\u02bba, e ho\u02bbomanawanui iki \u02bboe i lalo a hiki i ka w\u0101 e hiki \u02bbole ai ke ho\u02bbomanawanui no ka pau o ke aho. A laila, ea a\u02bbe\u00a0 \u00a0 \u00a0\u02bboe i luna. Aia kou mau hoa ma k\u0113l\u0101 \u02bbao\u02bbao o ka \u02bbupena, kahi i pa\u02bba ai ia kuku o ka \u02bbupena a k\u0101kou.\u201d<\/p>\n<p>Me k\u0113ia mau \u02bb\u014dlelo, ua lu\u02bbu like akula \u02bbo Punia me k\u0113ia akua hou, a e like n\u014d ho\u02bbi me k\u0101 Punia hana \u02bb\u0101piki i h\u014d\u02bbike mua \u02bbia a\u02bbe nei, p\u0113l\u0101 n\u014d k\u0101 ia nei hana no k\u0113ia akua. A i ka pa\u02bba \u02bbana n\u014d o k\u0113ia akua i ka \u02bbupena, ua ea a\u02bbela ua keiki \u02bbeu\u02bbeu nei a Hina, a k\u0101hea hou akula n\u014d i kahi akua e \u02bbau hou mai. A \u02bbo ka hana n\u014d a ke akua,\u00a0\u00a0\u00a0 \u02bbo ka \u02bbau mai n\u014d. A \u02bbo k\u0101 Punia hana n\u014d ka \u02bb\u014dwili i ke akua i ka \u02bbupena. A p\u0113l\u0101 n\u014d \u02bbo Punia i ho\u02bbohei ai a i \u02bb\u014dwili ai i ke kini o ke akua i ka lehu o ke akua a hiki i ka w\u0101 i pau loa ai n\u0101 akua i ka make i ka \u02bbupena, a koe ke akua \u02bb\u014dhule i uka o ka \u02bb\u0101ina.<\/p>\n<p>A i\u0101 Punia i k\u0101hea aku ai i ua akua po\u02bbo \u02bb\u014dhule nei, ua ulu maila i loko o k\u0113l\u0101 akua ka mana\u02bbo ho\u02bbohuoi no kona po\u02bbe hoaakua, a ua k\u0101hea maila \u02bbo ia me ka leo nui i\u0101 Punia, \u201c \u02bbAuhea \u02bboe e ka lawai\u02bba a m\u0101kou. \u02bbAuhea ihola ka lehulehu o m\u0101kou \u0101u i k\u0101hea mai nei? \u02bbA\u02bbole o\u02bbu lohe aku i ko l\u0101kou leo i ke kama\u02bbilio mai.\u201d<\/p>\n<p>\u201cEia n\u014d l\u0101kou ke \u02bb\u014dwili nei i ka nui o ka i\u02bba. \u02bbO ka palani ua i\u02bba, a \u02bbo ke kala\u00a0\u00a0\u00a0 ua i\u02bba. A eia m\u0101kou ke na\u02bbi aku nei i ka \u02bbupena me ka i\u02bba no uka o ka \u02bb\u0101ina. E pono\u00a0\u00a0 \u02bboe e \u02bbau mai ho\u02bbi e k\u014dkua p\u016b aku i ka huki \u02bbana i ka \u02bbupena i uka o ka \u02bb\u0101ina. A mai wala\u02bbau nui na\u02bbe ho\u02bbi \u02bboe o p\u016b\u02bbiwa ho\u02bbi ka i\u02bba o ia ku\u02bbuna aku a k\u0101kou.\u201d<\/p>\n<p>\u201c \u02bbA\u02bbole au e \u02bbau aku ana. Na \u02bboukou n\u014d e h\u014d\u02bbau mai ka \u02bbupena a k\u0101kou i uka nei. Aia a kau mai ka \u02bbupena i uka nei, a laila, ma uka aku nei ho\u02bbi au e k\u014dkua aku ai. A \u02bbo kekahi n\u014d ho\u02bbi, e ka lawai\u02bba nui a m\u0101kou, he maka\u02bbu au i ke anuanu o ko\u02bbu po\u02bbo. No laila, h\u014d\u02bbau \u02bbia mai n\u014d ka \u02bbupena i\u02bba a k\u0101kou.\u201d<\/p>\n<p>Ua ho\u02bbomaopopo ihola \u02bbo Punia, \u02bba\u02bbole e puni ana k\u0113l\u0101 akua i\u0101 ia. A i ia w\u0101 i ha\u02bbalele iho ai \u02bbo ia i ka \u02bbupena, a \u02bbau akula i uka o ka \u02bb\u0101ina me ka mana\u02bbo e pepehi i ke akua \u02bb\u014dhule. A ua \u02bbike \u02bb\u0113 maila n\u014d ua akua \u02bb\u014dhule nei i ko ia nei \u02bbau ho\u02bbokahi aku i uka o ka \u02bb\u0101ina. A ua h\u0101\u02bbupu \u02bb\u0113 maila n\u014d \u02bbo ia no kona make i k\u0113ia kanaka po\u02bbo \u02bb\u014dhule. A \u02bbo kona holo ihola n\u014d ia ma mua o ka pae \u02bbana o Punia i uka o ka \u02bb\u0101ina, a \u02bbo ia wale n\u014d ke akua i pakele i\u0101 Punia. A \u02bbo ka hapanui o n\u0101 akua, ua pau i ka make.\u00a0\u00a0 A ua \u02bb\u014dlelo \u02bbia ma k\u0113ia mo\u02bbolelo o Punia, \u02bbo k\u0113l\u0101 weli o ke kai i kahi manawa, \u02bbo ke kino wailua n\u014d ia o ke kini o ke akua a me ka lehu o ke akua a Punia i \u02bb\u014dwili ai i ka \u02bbupena. A ua \u02bb\u014dlelo p\u016b \u02bbia n\u014d ho\u02bbi, \u02bbo ke kumu i \u02bbano hohono ai ka i\u02bba kala a me ka palani, no ka make \u02bbana o n\u0101 akua me ia \u02bbano i\u02bba ma k\u0113l\u0101 wahi \u02bbo Kekaha.<\/p>\n<p>Ma hope iho o ka lanakila \u02bbana o Punia ma luna o n\u0101 akua o n\u0101 Kekaha Wai\u00a0 \u00a0\u02bbOle o n\u0101 Kona, ua ho\u02bbi maila \u02bbo Punia no kahi o kona makua-hine aloha e noho\u00a0\u00a0\u00a0\u00a0\u00a0\u00a0\u00a0\u00a0 aku ana a kali no ka mea aloha, he keiki. A i ko l\u0101ua hui hou \u02bbana, ua ho\u02bbopiha \u02bbia \u02bbo Hina i ka hau\u02bboli no ka ho\u02bbi ola \u02bbana mai o k\u0101na keiki. Ua noho ihola \u02bbo Punia a lawelawe i n\u0101 hana a kona makuak\u0101ne\u00a0 i a\u02bbo ai i\u0101 ia, \u02bbo ia ho\u02bbi, ka mahi\u02bbai\u00a0 ma uka o ka \u02bb\u0101ina. A i ka nele \u02bbana n\u014d i ke k\u014dko\u02bbolua o ka \u02bbai e pono ai, ua iho akula n\u014d \u02bbo ia i ka lua ula a l\u0101ua me kona makuak\u0101ne. A \u02bba\u02bbole ho\u02bbi \u02bbo Kai\u02bbale\u02bbale i laila e kali mai ana no ka ho\u02bbop\u014d\u02bbino i kona ola.<\/p>\n<\/div>\n<\/div>\n<\/div>\n<\/div>\n<\/div>\n<\/div>\n<\/div>\n\n","protected":false},"excerpt":{"rendered":"","protected":false},"author":1,"featured_media":0,"parent":69,"menu_order":0,"comment_status":"closed","ping_status":"closed","template":"","meta":[],"_links":{"self":[{"href":"https:\/\/ehooululahui.maui.hawaii.edu\/index.php?rest_route=\/wp\/v2\/pages\/782"}],"collection":[{"href":"https:\/\/ehooululahui.maui.hawaii.edu\/index.php?rest_route=\/wp\/v2\/pages"}],"about":[{"href":"https:\/\/ehooululahui.maui.hawaii.edu\/index.php?rest_route=\/wp\/v2\/types\/page"}],"author":[{"embeddable":true,"href":"https:\/\/ehooululahui.maui.hawaii.edu\/index.php?rest_route=\/wp\/v2\/users\/1"}],"replies":[{"embeddable":true,"href":"https:\/\/ehooululahui.maui.hawaii.edu\/index.php?rest_route=%2Fwp%2Fv2%2Fcomments&post=782"}],"version-history":[{"count":3,"href":"https:\/\/ehooululahui.maui.hawaii.edu\/index.php?rest_route=\/wp\/v2\/pages\/782\/revisions"}],"predecessor-version":[{"id":1326,"href":"https:\/\/ehooululahui.maui.hawaii.edu\/index.php?rest_route=\/wp\/v2\/pages\/782\/revisions\/1326"}],"up":[{"embeddable":true,"href":"https:\/\/ehooululahui.maui.hawaii.edu\/index.php?rest_route=\/wp\/v2\/pages\/69"}],"wp:attachment":[{"href":"https:\/\/ehooululahui.maui.hawaii.edu\/index.php?rest_route=%2Fwp%2Fv2%2Fmedia&parent=782"}],"curies":[{"name":"wp","href":"https:\/\/api.w.org\/{rel}","templated":true}]}}